{"id":1163,"date":"2013-10-29T00:04:12","date_gmt":"2013-10-29T00:04:12","guid":{"rendered":"http:\/\/crystalralaksmi.com\/eesti\/?page_id=1163"},"modified":"2019-07-30T13:12:37","modified_gmt":"2019-07-30T10:12:37","slug":"era-voi-grupiseansid-vees","status":"publish","type":"page","link":"https:\/\/crystalralaksmi.com\/eesti\/teenused\/era-voi-grupiseansid-vees\/","title":{"rendered":"Era v\u00f5i grupiseansid Vees"},"content":{"rendered":"<p>[et_pb_section fb_built=&#8221;1&#8243; admin_label=&#8221;Section&#8221; _builder_version=&#8221;3.22.3&#8243; saved_tabs=&#8221;all&#8221; global_module=&#8221;225116&#8243;][et_pb_row _builder_version=&#8221;3.25&#8243; background_size=&#8221;initial&#8221; background_position=&#8221;top_left&#8221; background_repeat=&#8221;repeat&#8221;][et_pb_column type=&#8221;4_4&#8243; _builder_version=&#8221;3.25.3&#8243;][et_pb_post_title meta=&#8221;off&#8221; featured_image=&#8221;off&#8221; _builder_version=&#8221;3.25.3&#8243; title_font=&#8221;Poppins|600|||||||&#8221; custom_margin=&#8221;||0px|||&#8221;][\/et_pb_post_title][et_pb_divider color=&#8221;#57ca85&#8243; divider_weight=&#8221;5px&#8221; _builder_version=&#8221;3.25.3&#8243; width=&#8221;14%&#8221;][\/et_pb_divider][\/et_pb_column][\/et_pb_row][\/et_pb_section][et_pb_section fb_built=&#8221;1&#8243; _builder_version=&#8221;3.22&#8243;][et_pb_row _builder_version=&#8221;3.25&#8243; background_size=&#8221;initial&#8221; background_position=&#8221;top_left&#8221; background_repeat=&#8221;repeat&#8221;][et_pb_column type=&#8221;4_4&#8243; _builder_version=&#8221;3.25&#8243; custom_padding=&#8221;|||&#8221; custom_padding__hover=&#8221;|||&#8221;][et_pb_text _builder_version=&#8221;3.0.74&#8243; background_size=&#8221;initial&#8221; background_position=&#8221;top_left&#8221; background_repeat=&#8221;repeat&#8221;]<\/p>\n<p style=\"text-align: justify;\"><a href=\"https:\/\/crystalralaksmi.com\/eesti\/wp-content\/uploads\/2013\/09\/picasasailonthenose.jpg\"><img loading=\"lazy\" decoding=\"async\" class=\"size-thumbnail wp-image-928 alignleft\" src=\"https:\/\/crystalralaksmi.com\/eesti\/wp-content\/uploads\/2013\/09\/picasasailonthenose-150x150.jpg\" alt=\"picasasailonthenose\" width=\"150\" height=\"150\" \/><\/a>Crystalil on olnud suurem kontakt veega tegelikult juba v\u00e4iksest peale, kuna purjetas isaga igal suvel P\u00e4rnu lahel. J\u00f5udes Hawaiile 2009 aasta kevadel, oli veel vaja seljatada iseenda s\u00fcgavuse hirm. See muundus kiiresti koost\u00f6\u00f6s metsikute delfiinidega.<\/p>\n<p style=\"text-align: justify;\">2009 aasta kevadel sain teha l\u00e4bi Hawaii minikoolituse watsust v\u00e4ljakujundatud veetehnikaga. Peale seda sain \u00fchendust koheselt inimestega Eestis, kes olid valmis andma oma erabasseinid kasutusse seansside tegemiseks.<\/p>\n<p style=\"text-align: justify;\">Huvitav oli kogeda, et inimesed, kes tegid l\u00e4bi mitmeid seansse, said ka koheseid tulemu<img loading=\"lazy\" decoding=\"async\" class=\"size-thumbnail wp-image-619 alignleft\" src=\"https:\/\/crystalralaksmi.com\/eesti\/wp-content\/uploads\/2013\/08\/stretchs3-of-them-out-and-call-for-action-150x150.jpg\" alt=\"stretchs3 of them out and call for action\" width=\"150\" height=\"150\" \/>si. Ning l\u00f5puks aastate jooksul t\u00f6\u00f6tasin samm sammult v\u00e4lja oma uue vee tervendustehnika, mis n\u00fc\u00fcd on vormumas oma stiiliks &#8211; s\u00fcsteemituks s\u00fcsteemiks. Alates Augustist 2013 alustasin grupiklasside tegemisega Mehhikos, ookeanis. Sellega seoses tuli ka v\u00e4ga palju head tagasisidet.<\/p>\n<p style=\"text-align: justify;\"><strong><a href=\"https:\/\/crystalralaksmi.com\/eesti\/wp-content\/uploads\/2013\/08\/stretchdanceinvitation.jpg\"><img loading=\"lazy\" decoding=\"async\" class=\"size-thumbnail wp-image-617 alignright\" src=\"https:\/\/crystalralaksmi.com\/eesti\/wp-content\/uploads\/2013\/08\/stretchdanceinvitation-150x150.jpg\" alt=\"stretchdanceinvitation\" width=\"150\" height=\"150\" \/><\/a>Veeseanss v\u00f5ib panustada sulle:<\/strong><\/p>\n<p style=\"text-align: justify;\">* Kui sul on veehirm (kardad vette minna, pead vette panna)<\/p>\n<p style=\"text-align: justify;\">* Kardad s\u00fcgavust<\/p>\n<p style=\"text-align: justify;\">* Ei oska ujuda (olen v\u00e4lja t\u00f6\u00f6tanud tehnika kuidas see muuta)<\/p>\n<p style=\"text-align: justify;\">* Soovid l\u00f5dvestust soojas vees<\/p>\n<p style=\"text-align: justify;\">* Sul on \u00fclimalt stressirohke elu<\/p>\n<p style=\"text-align: justify;\">* Soovid k\u00e4ivitada oma vee elementi seestpoolt v\u00e4ljapoole (lood rohkem voolamist)<\/p>\n<p style=\"text-align: justify;\">* Soovid puhastada ja lahustada oma emotsioone<\/p>\n<p style=\"text-align: justify;\">* Soovid puhastada oma sisemist vee elementi<\/p>\n<p style=\"text-align: justify;\">* Sulatada oma sisemist k\u00fclmunud vett<\/p>\n<p style=\"text-align: justify;\">* Soovid ennast rohkem iseenda kehateadvuse tasemele tuua<\/p>\n<p style=\"text-align: justify;\">* Sinu isiklikud p\u00f5hjused<\/p>\n<p style=\"text-align: justify;\"><a href=\"https:\/\/crystalralaksmi.com\/eesti\/wp-content\/uploads\/2013\/10\/MEX-mermaid-grouphug.jpg\"><img loading=\"lazy\" decoding=\"async\" class=\"alignleft size-thumbnail wp-image-1109\" src=\"https:\/\/crystalralaksmi.com\/eesti\/wp-content\/uploads\/2013\/10\/MEX-mermaid-grouphug-150x150.jpg\" alt=\"MEX mermaid grouphug\" width=\"150\" height=\"150\" \/><\/a>Parim on seansse teha muidugi seal, kus ma f\u00fc\u00fcsiliselt asun. Uuri mu viimastest uudistest, kus ma praegu parajasti asun ning v\u00f5ta kontakti.<\/p>\n<p style=\"text-align: justify;\">Hiljuti just k\u00e4is grupp imelisi eestlasi Mehhikos minu juures veeseansse tegemas nii individuaalseid kui ka grupiviisilisi seansse. Tagasisidemed olid v\u00e4ga head. Ookeaniseansid on eriti v\u00f5imsad, kuna ookeanivesi oli 34 kraadi.<\/p>\n<p>[\/et_pb_text][\/et_pb_column][\/et_pb_row][\/et_pb_section]<\/p>\n<span class=\"et_bloom_bottom_trigger\"><\/span>","protected":false},"excerpt":{"rendered":"<p>Crystalil on olnud suurem kontakt veega tegelikult juba v\u00e4iksest peale, kuna purjetas isaga igal suvel P\u00e4rnu lahel. J\u00f5udes Hawaiile 2009 aasta kevadel, oli veel vaja seljatada iseenda s\u00fcgavuse hirm. See [&hellip;]<\/p>\n","protected":false},"author":1,"featured_media":224815,"parent":215,"menu_order":0,"comment_status":"closed","ping_status":"closed","template":"","meta":{"_acf_changed":false,"_et_pb_use_builder":"on","_et_pb_old_content":"<p style=\"text-align: justify;\"><a href=\"https:\/\/crystalralaksmi.com\/eesti\/wp-content\/uploads\/2013\/09\/picasasailonthenose.jpg\"><img class=\"size-thumbnail wp-image-928 alignleft\" src=\"https:\/\/crystalralaksmi.com\/eesti\/wp-content\/uploads\/2013\/09\/picasasailonthenose-150x150.jpg\" alt=\"picasasailonthenose\" width=\"150\" height=\"150\" \/><\/a>Crystalil on olnud suurem kontakt veega tegelikult juba v\u00e4iksest peale, kuna purjetas isaga igal suvel P\u00e4rnu lahel. J\u00f5udes Hawaiile 2009 aasta kevadel, oli veel vaja seljatada iseenda s\u00fcgavuse hirm. See muundus kiiresti koost\u00f6\u00f6s metsikute delfiinidega.<\/p><p style=\"text-align: justify;\">2009 aasta kevadel sain teha l\u00e4bi Hawaii minikoolituse watsust v\u00e4ljakujundatud veetehnikaga. Peale seda sain \u00fchendust koheselt inimestega Eestis, kes olid valmis andma oma erabasseinid kasutusse seansside tegemiseks.<\/p><p style=\"text-align: justify;\">Huvitav oli kogeda, et inimesed, kes tegid l\u00e4bi mitmeid seansse, said ka koheseid tulemu<img class=\"size-thumbnail wp-image-619 alignleft\" src=\"https:\/\/crystalralaksmi.com\/eesti\/wp-content\/uploads\/2013\/08\/stretchs3-of-them-out-and-call-for-action-150x150.jpg\" alt=\"stretchs3 of them out and call for action\" width=\"150\" height=\"150\" \/>si. Ning l\u00f5puks aastate jooksul t\u00f6\u00f6tasin samm sammult v\u00e4lja oma uue vee tervendustehnika, mis n\u00fc\u00fcd on vormumas oma stiiliks - s\u00fcsteemituks s\u00fcsteemiks. Alates Augustist 2013 alustasin grupiklasside tegemisega Mehhikos, ookeanis. Sellega seoses tuli ka v\u00e4ga palju head tagasisidet.<\/p><p style=\"text-align: justify;\"><strong><a href=\"https:\/\/crystalralaksmi.com\/eesti\/wp-content\/uploads\/2013\/08\/stretchdanceinvitation.jpg\"><img class=\"size-thumbnail wp-image-617 alignright\" src=\"https:\/\/crystalralaksmi.com\/eesti\/wp-content\/uploads\/2013\/08\/stretchdanceinvitation-150x150.jpg\" alt=\"stretchdanceinvitation\" width=\"150\" height=\"150\" \/><\/a>Veeseanss v\u00f5ib panustada sulle:<\/strong><\/p><p style=\"text-align: justify;\">* Kui sul on veehirm (kardad vette minna, pead vette panna)<\/p><p style=\"text-align: justify;\">* Kardad s\u00fcgavust<\/p><p style=\"text-align: justify;\">* Ei oska ujuda (olen v\u00e4lja t\u00f6\u00f6tanud tehnika kuidas see muuta)<\/p><p style=\"text-align: justify;\">* Soovid l\u00f5dvestust soojas vees<\/p><p style=\"text-align: justify;\">* Sul on \u00fclimalt stressirohke elu<\/p><p style=\"text-align: justify;\">* Soovid k\u00e4ivitada oma vee elementi seestpoolt v\u00e4ljapoole (lood rohkem voolamist)<\/p><p style=\"text-align: justify;\">* Soovid puhastada ja lahustada oma emotsioone<\/p><p style=\"text-align: justify;\">* Soovid puhastada oma sisemist vee elementi<\/p><p style=\"text-align: justify;\">* Sulatada oma sisemist k\u00fclmunud vett<\/p><p style=\"text-align: justify;\">* Soovid ennast rohkem iseenda kehateadvuse tasemele tuua<\/p><p style=\"text-align: justify;\">* Sinu isiklikud p\u00f5hjused<\/p><p style=\"text-align: justify;\"><a href=\"https:\/\/crystalralaksmi.com\/eesti\/wp-content\/uploads\/2013\/10\/MEX-mermaid-grouphug.jpg\"><img class=\"alignleft size-thumbnail wp-image-1109\" src=\"https:\/\/crystalralaksmi.com\/eesti\/wp-content\/uploads\/2013\/10\/MEX-mermaid-grouphug-150x150.jpg\" alt=\"MEX mermaid grouphug\" width=\"150\" height=\"150\" \/><\/a>Parim on seansse teha muidugi seal, kus ma f\u00fc\u00fcsiliselt asun. Uuri mu viimastest uudistest, kus ma praegu parajasti asun ning v\u00f5ta kontakti.<\/p><p style=\"text-align: justify;\">Hiljuti just k\u00e4is grupp imelisi eestlasi Mehhikos minu juures veeseansse tegemas nii individuaalseid kui ka grupiviisilisi seansse. Tagasisidemed olid v\u00e4ga head. Ookeaniseansid on eriti v\u00f5imsad, kuna ookeanivesi oli 34 kraadi.<\/p>","_et_gb_content_width":"","footnotes":""},"class_list":["post-1163","page","type-page","status-publish","has-post-thumbnail","hentry"],"acf":[],"_links":{"self":[{"href":"https:\/\/crystalralaksmi.com\/eesti\/wp-json\/wp\/v2\/pages\/1163","targetHints":{"allow":["GET"]}}],"collection":[{"href":"https:\/\/crystalralaksmi.com\/eesti\/wp-json\/wp\/v2\/pages"}],"about":[{"href":"https:\/\/crystalralaksmi.com\/eesti\/wp-json\/wp\/v2\/types\/page"}],"author":[{"embeddable":true,"href":"https:\/\/crystalralaksmi.com\/eesti\/wp-json\/wp\/v2\/users\/1"}],"replies":[{"embeddable":true,"href":"https:\/\/crystalralaksmi.com\/eesti\/wp-json\/wp\/v2\/comments?post=1163"}],"version-history":[{"count":2,"href":"https:\/\/crystalralaksmi.com\/eesti\/wp-json\/wp\/v2\/pages\/1163\/revisions"}],"predecessor-version":[{"id":225279,"href":"https:\/\/crystalralaksmi.com\/eesti\/wp-json\/wp\/v2\/pages\/1163\/revisions\/225279"}],"up":[{"embeddable":true,"href":"https:\/\/crystalralaksmi.com\/eesti\/wp-json\/wp\/v2\/pages\/215"}],"wp:featuredmedia":[{"embeddable":true,"href":"https:\/\/crystalralaksmi.com\/eesti\/wp-json\/wp\/v2\/media\/224815"}],"wp:attachment":[{"href":"https:\/\/crystalralaksmi.com\/eesti\/wp-json\/wp\/v2\/media?parent=1163"}],"curies":[{"name":"wp","href":"https:\/\/api.w.org\/{rel}","templated":true}]}}