{"id":1166,"date":"2013-10-29T00:31:24","date_gmt":"2013-10-29T00:31:24","guid":{"rendered":"http:\/\/crystalralaksmi.com\/eesti\/?page_id=1166"},"modified":"2013-10-29T00:31:24","modified_gmt":"2013-10-29T00:31:24","slug":"crystali-kalendriarhiiv","status":"publish","type":"page","link":"https:\/\/crystalralaksmi.com\/eesti\/crystali-kalendriarhiiv\/","title":{"rendered":"Crystali Kalendri Arhiiv"},"content":{"rendered":"<p><strong><a href=\"https:\/\/crystalralaksmi.com\/eesti\/wp-content\/uploads\/2014\/07\/crystalflower.jpg\"><img loading=\"lazy\" decoding=\"async\" class=\"alignleft size-thumbnail wp-image-1801\" alt=\"crystalflower\" src=\"https:\/\/crystalralaksmi.com\/eesti\/wp-content\/uploads\/2014\/07\/crystalflower-150x150.jpg\" width=\"150\" height=\"150\" \/><\/a>Viimaste uudiste ja plaanide kohta keri kogu kalender alla, kus on viimaste kuude tegemised kirjas.\u00a0<\/strong><br \/>\n<strong>2013<\/strong><br \/>\n<strong>Jaanuar \u00a0<\/strong><br \/>\n<strong><\/strong><strong>LONDON<\/strong><br \/>\nSisseelamine Londonisse. M\u00f5ningad minu vahendatud Access ConsciousnessiTM kursused.<br \/>\n<strong>Veebruar\u00a0<\/strong><br \/>\nOnline kursus eestlastega 4 n\u00e4dalat<br \/>\n5 p\u00e4evane AccessiTM kursus Londonis<br \/>\n<strong>M\u00e4rts<\/strong><br \/>\nM\u00f5ningad kursused AccessigaTM Londonis<br \/>\nM\u00e4rtsi keskel kolisin CANCUNI, Mehhikosse<br \/>\nParandasin tervist, t\u00f6\u00f6tasin Ettev\u00f5tlusjooga online programmiga<br \/>\n<strong>Aprill<\/strong><br \/>\n<strong>CANCUN<\/strong><br \/>\nParandasin tervist ja t\u00f6\u00f6tasin intensiivselt Ettev\u00f5tlusjooga materjalidega<br \/>\nLiitusin Empower Networkiga<br \/>\nTegin seiklused Cancuni rannikul (Tulum, Akumal)<br \/>\n<strong>Mai<\/strong><br \/>\n<strong>EESTI<\/strong><br \/>\nTerve kuu Eestis, kursused ja koolitused \u00fcle terve Eesti<br \/>\n<strong>Juuni\u00a0<\/strong><br \/>\n1-16 s\u00fcndmused Eestis<br \/>\nJuuni l\u00f5pp sai valmis Ettev\u00f5tlusjooga \u00a0online programm<br \/>\nJuuni keskelt s\u00f5itsin\u00a0<strong>La Cruzi, MEHHIKOs<\/strong><br \/>\nOrganic Stretching TM \u00f5petajate koolitus 1 n\u00e4dal<br \/>\nEJ online k\u00f5ne<br \/>\n<strong>Juuli<\/strong><br \/>\nL\u00f5dvestumiskuu ookeanis ja looduses<br \/>\nOrganic StretchingTM \u00d5petajate koolituse isiklik programm + eraklassid Patiga<br \/>\nEJ online chat<br \/>\n<strong>August<\/strong><br \/>\nDokumentaalfilmi projektitaotluse kirjutamine<br \/>\nEttevalmistus dokumentaalfilmi m\u00fc\u00fcgitreilerite tegemiseks<br \/>\nAvaldasin oma kaks uut kodulehte www.crystalralaksmi.com ja www.crystalralaksmi.com\/eesti<br \/>\nOrganic Stretching TM \u00f5petajate koolituse individuaalprogramm<br \/>\nStretchdance in the Sea ookeani programmi tundide juhendamine kaks korda n\u00e4dalas<br \/>\nKIS online k\u00f5ne<br \/>\nLahkusin Empower Networkist<br \/>\n<strong>September<\/strong><br \/>\nOrganic StretchingTM \u00f5petajate koolituse individuaalprogramm<br \/>\nDokumentaalfilmi m\u00fc\u00fcgitreilerite tegemine (L\u00fchem 3 minutit, pikem 11 minutit)<br \/>\nVIP KIS online k\u00f5ne<br \/>\n<strong>Oktoober<\/strong><br \/>\nEesti valimistel osalemine &#8211; kallistuss\u00fcndmuste korraldamine Mehhikost Eestisse (2)<br \/>\nEestlaste seiklusgrupiga seiklemine ja nende juhendamine ja seansid 7 &#8211; 11 oktoober<br \/>\nTeisip\u00e4ev, Reede &#8211; StretchDance Ookeanis \u00a0La Cruzis gruppidele<br \/>\nTeisip\u00e4ev, Kolmap\u00e4ev, Reede, Laup\u00e4ev &#8211; Organic StretchingTM vabatahtlike tunnid La Cruz ja Bucerias<br \/>\n3 p\u00fchap\u00e4ev &#8211; KIS online chat<br \/>\n4 p\u00fchap\u00e4ev Organic Stretching TM \u00d5petajate Koolituse kohtumine<br \/>\nVIP KIS online k\u00f5ne<br \/>\n<strong>November<\/strong><br \/>\nEsmasp\u00e4ev ja Neljap\u00e4ev &#8211; Sayulita Organic StretchingTM vabatahtlike grupp<br \/>\nTeisip\u00e4ev, Kolmap\u00e4ev ja Reede &#8211; Organic StretchingTM \u00a0vabatahtlike grupp Bucerias, La Cruz<br \/>\n3 p\u00fchap\u00e4ev KIS online chat<br \/>\n4 p\u00fchap\u00e4ev Organic Stretching Teacher&#8217;s training kohtumine<br \/>\nSpetsiaalne detox programm m\u00e4gedes magnetteraapia ja muude tehnikatega<br \/>\nVIP KIS online k\u00f5ne<br \/>\n<strong>Detsember\u00a0<\/strong><br \/>\nWatsu Sayulita keskuse promomine ja t\u00f6\u00f6tamine<br \/>\nOrganic Stretching Teachers Training eksam<br \/>\nOrganic Stretching vabatahtliku tunnid Buceriases kord n\u00e4dalas<br \/>\nVIP KIS online k\u00f5ne<br \/>\n<strong>Jaanuar 2014<\/strong><br \/>\n<strong>Guatemala<\/strong><br \/>\nEsimene Wantra p\u00e4evane koolitus \u00a0minu juhendamisel Watsu Sayulita keskuses<br \/>\nSeiklus Guatemalasse ja uute networkide ja t\u00f6\u00f6suhete loomine<br \/>\nTagasi La Cruzis, Mehhikos<br \/>\nMiljon\u00e4rist kliendiga seansside tegemine tema basseinis Puerto Vallartas<br \/>\nVIP KIS online k\u00f5ne<br \/>\nBlogis alustasin igan\u00e4dalaste v\u00f5tmete kirjutamist<br \/>\n<strong>Veebruar<\/strong><br \/>\nBlogi igan\u00e4dalaste v\u00f5tmete j\u00e4tkumine<br \/>\nWantra arendamine ja eraseansid vees<br \/>\nV\u00e4ikeste mini nipiraamatute loomine ja nende m\u00fc\u00fcmine ja arendamine online<br \/>\n<strong>M\u00e4rts<\/strong><br \/>\nBlogi igan\u00e4dalaste v\u00f5tmete j\u00e4tkumine<br \/>\nKIS kursuse kogu koondmaterjaliga tegelemine<br \/>\nKaks kohtumist 4 seasons hotellis<br \/>\nWantra \u00fchep\u00e4evane kursus Watsu Sayulitas<br \/>\nSkype online erak\u00f5ned<br \/>\nTeraapia seansid eraklientidega erinevates piirkondades &#8211; Nuevo Vallarta, Sayulita, Bucerias, La Cruz, Puerto Vallarta<br \/>\nMitmete suuremate majade ja korterite puhastus vaimudest ja vanadest emotsioonidest<br \/>\nVIP KIS online k\u00f5ne<br \/>\nKiirtee Iseendasse Koolitusmaterjali valmimine \u00fchte suurde faili (ca 200 lk)<br \/>\n<strong>Aprill &amp; Mai\u00a0<\/strong><br \/>\n<strong>New York<\/strong><br \/>\nBlogi igan\u00e4dalaste v\u00f5tmete j\u00e4tkumine<br \/>\nMiljon\u00e4r kliendiga t\u00f6\u00f6 Puerto Vallartas<br \/>\nNew Yorki k\u00fclastus ja uute kontaktide loomine nii isiklikul kui ka \u00e4ri tasandil<br \/>\n<strong>Juuni<\/strong><br \/>\nBlogi igan\u00e4dalaste v\u00f5tmete j\u00e4tkumine<br \/>\nKayaking La Cruzis regulaarselt<br \/>\nWantra erasessioonid Sayulitas, La Cruzis<br \/>\nHigitelk Puerto Vallarta&#8217;s<br \/>\nOma elu \u00fcmberh\u00e4\u00e4lestamine ja \u00fcmberehitamine igal tasandil, oma v\u00e4esse astumine<br \/>\nUue miljon\u00e4r kliendi k\u00fclastus Mazatlanis<br \/>\n<strong>Juuli<\/strong><br \/>\nBlogi igan\u00e4dalaste v\u00f5tmete j\u00e4tkumine<br \/>\nT\u00f6\u00f6 miljon\u00e4ri kliendiga Mazatlanis (seansid ja muu praktiline), p\u00f5hja Mehhikos<br \/>\nUus e-raamat &#8211; Miljon\u00e4ri 20 V\u00f5tit Edule<br \/>\nUus algus 12 Kuu Online KIS programmiga alustajatele. Alustas 9. liikmeline grupp.<br \/>\n<strong>August<\/strong><br \/>\nBlogi igan\u00e4dalaste v\u00f5tmete j\u00e4tkumine<br \/>\nKlientidega t\u00f6\u00f6 Puerto Vallartas, La Cruzis<br \/>\nT\u00f6\u00f6tamine multimiljon\u00e4riga Mazatlanis<br \/>\nWantra edasiarendamine<br \/>\n<strong>September<\/strong><br \/>\nBlogi j\u00e4tkumine<br \/>\nUue \u00e4riplaani kirjutamine<br \/>\nNYC uus k\u00fclastus<br \/>\nUtah ja Salt Lake k\u00fclastus ja t\u00f6\u00f6tamine seal<br \/>\n<strong>Oktoober<\/strong><br \/>\nBlogi j\u00e4tkumine<br \/>\nUtahs t\u00f6\u00f6tamine USAs<br \/>\n<strong>November<\/strong><br \/>\nBlogi j\u00e4tkumine<br \/>\nInglisekeelse blogi j\u00e4tkumine<br \/>\nMaanteeseiklus Utahst Grand Canyonisse ja tagasi Mazatlani<br \/>\nUus e-raamat maanteeseiklusest<br \/>\nKolimine La Cruzi, Puerto Vallartasse<br \/>\n<strong>Detsember<\/strong><br \/>\nUue Online kursuse promomine ja uute online osalejate vastuv\u00f5tt<br \/>\nT\u00e4ielik \u00fcmberh\u00e4\u00e4lestumine ja uue elu alustamine ning vana tervendamine<br \/>\n<strong>2015<\/strong><br \/>\n<strong>Jaanuar<\/strong><br \/>\nOctopus Gardeni keskuses vabatahtlikuna t\u00f6\u00f6tamine (veeteraapia, sotsiaalmeedia, s\u00fcndmuste koordinaator jne)<br \/>\nBlogi j\u00e4tkamine nii inglise kui eesti keeles<br \/>\nKohalike klientidega t\u00f6\u00f6<br \/>\nUue jumaliku partneriga kohtumine<br \/>\nUus katusekorter La Cruzis<br \/>\nRegulaarne kayakiga s\u00f5itmine ja ujumine ookeanis<br \/>\nAlanoni grupis osalemine<br \/>\n<strong>Veebruar<\/strong><br \/>\nOctopus Gardenis vabatahtlikuna t\u00f6\u00f6tamine<br \/>\n<strong>M\u00e4rts<\/strong><br \/>\nOctopus Gardenis vabatahtlikuna t\u00f6\u00f6tamine<br \/>\n<strong>Aprill<\/strong><br \/>\nOctopus Gardenis vabatahtlikuna t\u00f6\u00f6tamine<strong><\/strong><br \/>\n<strong>Mai<\/strong><br \/>\n<strong>Juuni<\/strong><br \/>\n<strong>Juuli<\/strong><br \/>\n<strong>Juuli\u00a0<\/strong><br \/>\n<strong>Saabumine Eestisse juuli alguses\u00a0<\/strong><br \/>\n<strong>8 juuli Tallinnas s\u00fcndmus\u00a0<a href=\"https:\/\/crystalralaksmi.com\/eesti\/wp-content\/uploads\/2015\/05\/K\u00fclluse-Taask\u00e4ivitus-F.pdf\">K\u00fclluse Taask\u00e4ivitus\u00a0<\/a><\/strong><br \/>\n<strong>8 juuli &#8211; 13 juuli Tallinna eraseansid<\/strong><br \/>\n<strong>11 juuli Tallinnas kursus\u00a0<a href=\"https:\/\/crystalralaksmi.com\/eesti\/wp-content\/uploads\/2015\/05\/Access-Barsi-Kursus-F.pdf\">Access Barsi Kursus\u00a0<\/a><a href=\"https:\/\/crystalralaksmi.com\/eesti\/wp-content\/uploads\/2015\/05\/Access-Barsi-Kursus-.pdf\"><br \/>\n<\/a><\/strong><br \/>\n<strong>14 juuli Tartu s\u00fcndmus &#8211;\u00a0<a href=\"https:\/\/crystalralaksmi.com\/eesti\/wp-content\/uploads\/2015\/05\/Suudlemine-tundmatusegaFF.pdf\">Suudlemine tundmatusega<\/a><a href=\"https:\/\/crystalralaksmi.com\/eesti\/wp-content\/uploads\/2015\/05\/Suudlemine-Tundmatusega-F.pdf\"><br \/>\n<\/a><\/strong><br \/>\n<strong>15 Juuli Tartu eraseansid<\/strong><br \/>\n<strong>16 Juuli Viljandi s\u00fcndmus &#8211;<strong>\u00a0<a href=\"https:\/\/crystalralaksmi.com\/eesti\/wp-content\/uploads\/2015\/05\/Suudlemine-tundmatusegaFF.pdf\">Suudlemine tundmatusega<\/a><a href=\"https:\/\/crystalralaksmi.com\/eesti\/wp-content\/uploads\/2015\/05\/Suudlemine-Tundmatusega.pdf\"><br \/>\n<\/a><\/strong><\/strong><br \/>\n<strong><\/strong><strong>18 juuli Joogafestival Haapsalus &#8211;\u00a0<a href=\"https:\/\/crystalralaksmi.com\/eesti\/wp-content\/uploads\/2015\/05\/Suhtejooga-FFF.pdf\">Suhtejooga<\/a><\/strong><br \/>\n<strong>19 juuli eraseansid Haapsalus\u00a0<\/strong><br \/>\n<strong>21 juuli P\u00e4rnu s\u00fcndmus &#8211;\u00a0<strong>\u00a0<strong>\u00a0<a href=\"https:\/\/crystalralaksmi.com\/eesti\/wp-content\/uploads\/2015\/05\/Suudlemine-tundmatusegaFF.pdf\">Suudlemine tundmatusega<\/a><\/strong><a href=\"https:\/\/crystalralaksmi.com\/eesti\/wp-content\/uploads\/2015\/05\/Suudlemine-Tundmatusega.pdf\"><br \/>\n<\/a><\/strong><\/strong><br \/>\n<strong>22 juuli P\u00e4rnu eraseansid<\/strong><br \/>\n<strong>24 &#8211; 26\u00a0<a href=\"https:\/\/crystalralaksmi.com\/eesti\/wp-content\/uploads\/2015\/05\/Matsalu-Suvelaager-Taask\u00e4ivita-oma-Elu.pdf\">Matsalu Suvelaager Taask\u00e4ivita oma Elu<\/a><a href=\"https:\/\/crystalralaksmi.com\/eesti\/wp-content\/uploads\/2015\/05\/12-KIS-suvelaagri-kutse-Eesti-final-mai.pdf\"><br \/>\n<\/a><\/strong><br \/>\n<strong>23 ja 28 juuli &#8211; Tallinna privaatseansid<\/strong><br \/>\n<strong>30 juuli algab K\u00fclluse Taask\u00e4ivitamise<\/strong>\u00a0kursus l\u00e4bi julguse aktiveerimise ja tundmatusega suudlemise kuni 30 augustini. Kogunemine Pelgulinnas. \u00dclej\u00e4\u00e4nud t\u00f6\u00f6 enamasti online, lisaks veel \u00fcks koolituse \u00f5htu\u00a0<strong>17ndal augustil<\/strong>\u00a0kell 18 Tallinnas. V\u00e4ike grupp, kuna soovin anda maksimaalse t\u00e4helepanu ka teie maksimaalsete tulemuste saavutamiseks.<\/p>\n<div id=\"__if72ru4sdfsdfrkjahiuyi_once\" style=\"display: none;\"><\/div>\n<div id=\"__hggasdgjhsagd_once\" style=\"display: none;\"><\/div>\n<span class=\"et_bloom_bottom_trigger\"><\/span>","protected":false},"excerpt":{"rendered":"<p>Viimaste uudiste ja plaanide kohta keri kogu kalender alla, kus on viimaste kuude tegemised kirjas.\u00a0 2013 Jaanuar \u00a0 LONDON Sisseelamine Londonisse. M\u00f5ningad minu vahendatud Access ConsciousnessiTM kursused. Veebruar\u00a0 Online kursus [&hellip;]<\/p>\n","protected":false},"author":1,"featured_media":224816,"parent":0,"menu_order":0,"comment_status":"open","ping_status":"open","template":"","meta":{"_acf_changed":false,"_et_pb_use_builder":"","_et_pb_old_content":"","_et_gb_content_width":"","footnotes":""},"class_list":["post-1166","page","type-page","status-publish","has-post-thumbnail","hentry"],"acf":[],"_links":{"self":[{"href":"https:\/\/crystalralaksmi.com\/eesti\/wp-json\/wp\/v2\/pages\/1166","targetHints":{"allow":["GET"]}}],"collection":[{"href":"https:\/\/crystalralaksmi.com\/eesti\/wp-json\/wp\/v2\/pages"}],"about":[{"href":"https:\/\/crystalralaksmi.com\/eesti\/wp-json\/wp\/v2\/types\/page"}],"author":[{"embeddable":true,"href":"https:\/\/crystalralaksmi.com\/eesti\/wp-json\/wp\/v2\/users\/1"}],"replies":[{"embeddable":true,"href":"https:\/\/crystalralaksmi.com\/eesti\/wp-json\/wp\/v2\/comments?post=1166"}],"version-history":[{"count":0,"href":"https:\/\/crystalralaksmi.com\/eesti\/wp-json\/wp\/v2\/pages\/1166\/revisions"}],"wp:featuredmedia":[{"embeddable":true,"href":"https:\/\/crystalralaksmi.com\/eesti\/wp-json\/wp\/v2\/media\/224816"}],"wp:attachment":[{"href":"https:\/\/crystalralaksmi.com\/eesti\/wp-json\/wp\/v2\/media?parent=1166"}],"curies":[{"name":"wp","href":"https:\/\/api.w.org\/{rel}","templated":true}]}}