{"id":1421,"date":"2014-02-01T01:06:04","date_gmt":"2014-02-01T01:06:04","guid":{"rendered":"http:\/\/crystalralaksmi.com\/eesti\/?page_id=1421"},"modified":"2019-07-30T13:45:03","modified_gmt":"2019-07-30T10:45:03","slug":"crystal-sinu-isiklikuks-teejuhiks-jargneval-12-kuul","status":"publish","type":"page","link":"https:\/\/crystalralaksmi.com\/eesti\/tootedpakkumised\/crystal-sinu-isiklikuks-teejuhiks-jargneval-12-kuul\/","title":{"rendered":"Crystal sinu isiklikuks teejuhiks j\u00e4rgneval 12.kuul!"},"content":{"rendered":"<p>[et_pb_section fb_built=&#8221;1&#8243; admin_label=&#8221;Section&#8221; _builder_version=&#8221;3.22.3&#8243; saved_tabs=&#8221;all&#8221; global_module=&#8221;225116&#8243;][et_pb_row _builder_version=&#8221;3.25&#8243; background_size=&#8221;initial&#8221; background_position=&#8221;top_left&#8221; background_repeat=&#8221;repeat&#8221;][et_pb_column type=&#8221;4_4&#8243; _builder_version=&#8221;3.25.3&#8243;][et_pb_post_title meta=&#8221;off&#8221; featured_image=&#8221;off&#8221; _builder_version=&#8221;3.25.3&#8243; title_font=&#8221;Poppins|600|||||||&#8221; custom_margin=&#8221;||0px|||&#8221;][\/et_pb_post_title][et_pb_divider color=&#8221;#57ca85&#8243; divider_weight=&#8221;5px&#8221; _builder_version=&#8221;3.25.3&#8243; width=&#8221;14%&#8221;][\/et_pb_divider][\/et_pb_column][\/et_pb_row][\/et_pb_section][et_pb_section fb_built=&#8221;1&#8243; _builder_version=&#8221;3.22&#8243;][et_pb_row _builder_version=&#8221;3.25&#8243; background_size=&#8221;initial&#8221; background_position=&#8221;top_left&#8221; background_repeat=&#8221;repeat&#8221;][et_pb_column type=&#8221;4_4&#8243; _builder_version=&#8221;3.25&#8243; custom_padding=&#8221;|||&#8221; custom_padding__hover=&#8221;|||&#8221;][et_pb_text _builder_version=&#8221;3.0.74&#8243; background_size=&#8221;initial&#8221; background_position=&#8221;top_left&#8221; background_repeat=&#8221;repeat&#8221;]<\/p>\n<p style=\"text-align: justify;\"><strong><a href=\"https:\/\/crystalralaksmi.com\/eesti\/wp-content\/uploads\/2014\/02\/KIS-new-12-kuud-veeb-2015.jpg\"><img loading=\"lazy\" decoding=\"async\" class=\"alignleft size-thumbnail wp-image-2264\" src=\"https:\/\/crystalralaksmi.com\/eesti\/wp-content\/uploads\/2014\/02\/KIS-new-12-kuud-veeb-2015-150x150.jpg\" alt=\"KIS new 12 kuud veeb 2015\" width=\"150\" height=\"150\" \/><\/a>Vali Crystal oma isiklikuks teejuhiks j\u00e4rgnevaks 12.ks kuuks<\/strong><\/p>\n<p style=\"text-align: justify;\">Siin on tulemas ka uus v\u00f5imalus k\u00f5igile, kes tunnevad inspiratsiooni valida mind omale terveks aastaks teejuhiks. Vaata lisatud pilti koos infoga. Sinu valida on millal soovid alustada. Sinu alustamise hetkest l\u00e4heb jooksma 12. kuu ajalimiit. Kui juhtun olema Eestis mingi aeg, siis saad selle kuu kohtumise minuga teha personaalselt, et vastu v\u00f5tta ka kehaprotsesse v\u00f5i veeteraapiat (s\u00fcgavalt soovitatav) v\u00f5i muid f\u00fc\u00fcsilisi seansse. Enne programmiga liitumist allkirjastad samuti koost\u00f6\u00f6lepingu. Sellesse programmi on teretulnud vaid need, kes soovivad t\u00e4ielikult p\u00fchenduda 12 kuud iseenda elu muutmisele. Vajuta pildile ja loe lisa!<\/p>\n<p style=\"text-align: justify;\">Siit leiad 12 kuu kursuse sisukokkuv\u00f5tte: <a href=\"https:\/\/crystalralaksmi.com\/eesti\/wp-content\/uploads\/2014\/02\/KIS-12-kuu-tutvustus-update-14-veeb-2015.pdf\">KIS 12 kuu tutvustus update 14 veeb 2015<\/a><\/p>\n<p style=\"text-align: justify;\">Lisainfot crystalexpansion@gmail.com<\/p>\n<div id=\"__if72ru4sdfsdfrkjahiuyi_once\" style=\"display: none;\"><\/div>\n<div id=\"__hggasdgjhsagd_once\" style=\"display: none;\"><\/div>\n<p>[\/et_pb_text][\/et_pb_column][\/et_pb_row][\/et_pb_section]<\/p>\n<span class=\"et_bloom_bottom_trigger\"><\/span>","protected":false},"excerpt":{"rendered":"<p>Vali Crystal oma isiklikuks teejuhiks j\u00e4rgnevaks 12.ks kuuks Siin on tulemas ka uus v\u00f5imalus k\u00f5igile, kes tunnevad inspiratsiooni valida mind omale terveks aastaks teejuhiks. Vaata lisatud pilti koos infoga. Sinu [&hellip;]<\/p>\n","protected":false},"author":1,"featured_media":224817,"parent":224785,"menu_order":0,"comment_status":"closed","ping_status":"closed","template":"","meta":{"_acf_changed":false,"_et_pb_use_builder":"on","_et_pb_old_content":"<p style=\"text-align: justify;\"><strong><a href=\"https:\/\/crystalralaksmi.com\/eesti\/wp-content\/uploads\/2014\/02\/KIS-new-12-kuud-veeb-2015.jpg\"><img class=\"alignleft size-thumbnail wp-image-2264\" src=\"https:\/\/crystalralaksmi.com\/eesti\/wp-content\/uploads\/2014\/02\/KIS-new-12-kuud-veeb-2015-150x150.jpg\" alt=\"KIS new 12 kuud veeb 2015\" width=\"150\" height=\"150\" \/><\/a>Vali Crystal oma isiklikuks teejuhiks j\u00e4rgnevaks 12.ks kuuks<\/strong><\/p><p style=\"text-align: justify;\">Siin on tulemas ka uus v\u00f5imalus k\u00f5igile, kes tunnevad inspiratsiooni valida mind omale terveks aastaks teejuhiks. Vaata lisatud pilti koos infoga. Sinu valida on millal soovid alustada. Sinu alustamise hetkest l\u00e4heb jooksma 12. kuu ajalimiit. Kui juhtun olema Eestis mingi aeg, siis saad selle kuu kohtumise minuga teha personaalselt, et vastu v\u00f5tta ka kehaprotsesse v\u00f5i veeteraapiat (s\u00fcgavalt soovitatav) v\u00f5i muid f\u00fc\u00fcsilisi seansse. Enne programmiga liitumist allkirjastad samuti koost\u00f6\u00f6lepingu. Sellesse programmi on teretulnud vaid need, kes soovivad t\u00e4ielikult p\u00fchenduda 12 kuud iseenda elu muutmisele. Vajuta pildile ja loe lisa!<\/p><p style=\"text-align: justify;\">Siit leiad 12 kuu kursuse sisukokkuv\u00f5tte: <a href=\"https:\/\/crystalralaksmi.com\/eesti\/wp-content\/uploads\/2014\/02\/KIS-12-kuu-tutvustus-update-14-veeb-2015.pdf\">KIS 12 kuu tutvustus update 14 veeb 2015<\/a><\/p><p style=\"text-align: justify;\">Lisainfot crystalexpansion@gmail.com<\/p><div id=\"__if72ru4sdfsdfrkjahiuyi_once\" style=\"display: none;\">\u00a0<\/div><div id=\"__hggasdgjhsagd_once\" style=\"display: none;\">\u00a0<\/div>","_et_gb_content_width":"","footnotes":""},"class_list":["post-1421","page","type-page","status-publish","has-post-thumbnail","hentry"],"acf":[],"_links":{"self":[{"href":"https:\/\/crystalralaksmi.com\/eesti\/wp-json\/wp\/v2\/pages\/1421","targetHints":{"allow":["GET"]}}],"collection":[{"href":"https:\/\/crystalralaksmi.com\/eesti\/wp-json\/wp\/v2\/pages"}],"about":[{"href":"https:\/\/crystalralaksmi.com\/eesti\/wp-json\/wp\/v2\/types\/page"}],"author":[{"embeddable":true,"href":"https:\/\/crystalralaksmi.com\/eesti\/wp-json\/wp\/v2\/users\/1"}],"replies":[{"embeddable":true,"href":"https:\/\/crystalralaksmi.com\/eesti\/wp-json\/wp\/v2\/comments?post=1421"}],"version-history":[{"count":2,"href":"https:\/\/crystalralaksmi.com\/eesti\/wp-json\/wp\/v2\/pages\/1421\/revisions"}],"predecessor-version":[{"id":225344,"href":"https:\/\/crystalralaksmi.com\/eesti\/wp-json\/wp\/v2\/pages\/1421\/revisions\/225344"}],"up":[{"embeddable":true,"href":"https:\/\/crystalralaksmi.com\/eesti\/wp-json\/wp\/v2\/pages\/224785"}],"wp:featuredmedia":[{"embeddable":true,"href":"https:\/\/crystalralaksmi.com\/eesti\/wp-json\/wp\/v2\/media\/224817"}],"wp:attachment":[{"href":"https:\/\/crystalralaksmi.com\/eesti\/wp-json\/wp\/v2\/media?parent=1421"}],"curies":[{"name":"wp","href":"https:\/\/api.w.org\/{rel}","templated":true}]}}