{"id":2,"date":"2018-11-28T21:33:25","date_gmt":"2018-11-28T19:33:25","guid":{"rendered":"https:\/\/crystalralaksmi.com\/eesti\/?page_id=2"},"modified":"2021-10-27T14:00:22","modified_gmt":"2021-10-27T11:00:22","slug":"pealeht","status":"publish","type":"page","link":"https:\/\/crystalralaksmi.com\/eesti\/","title":{"rendered":"Pealeht"},"content":{"rendered":"<p>[et_pb_section fb_built=&#8221;1&#8243; _builder_version=&#8221;3.22.3&#8243; custom_margin=&#8221;-20px||&#8221; custom_padding=&#8221;0|0px|30px|0px|false|false&#8221;][et_pb_row _builder_version=&#8221;3.25&#8243; custom_margin=&#8221;-120px||&#8221; custom_padding=&#8221;0|0px|27px|0px|false|false&#8221;][et_pb_column type=&#8221;4_4&#8243; _builder_version=&#8221;3.25&#8243; custom_padding=&#8221;|||&#8221; custom_padding__hover=&#8221;|||&#8221;][et_pb_code][rev_slider alias=&#8221;website-intro&#8221;][\/et_pb_code][\/et_pb_column][\/et_pb_row][\/et_pb_section][et_pb_section fb_built=&#8221;1&#8243; fullwidth=&#8221;on&#8221; _builder_version=&#8221;4.9.0&#8243; _module_preset=&#8221;default&#8221; use_background_color_gradient=&#8221;on&#8221; background_color_gradient_start=&#8221;rgba(255,255,255,0.25)&#8221; background_color_gradient_end=&#8221;rgba(255,255,255,0.7)&#8221; background_color_gradient_overlays_image=&#8221;on&#8221; background_image=&#8221;https:\/\/crystalralaksmi.com\/eesti\/wp-content\/uploads\/2021\/09\/open-for-life.jpg&#8221; custom_padding=&#8221;300px||300px||true|false&#8221;][et_pb_fullwidth_header _builder_version=&#8221;4.9.0&#8243; _module_preset=&#8221;default&#8221; title_font=&#8221;Aguafina Script||||||||&#8221; title_text_align=&#8221;center&#8221; title_text_color=&#8221;#0F74C1&#8243; title_font_size=&#8221;55px&#8221; content_font=&#8221;Engagement||||||||&#8221; content_text_align=&#8221;center&#8221; content_text_color=&#8221;#0F74C1&#8243; content_font_size=&#8221;60px&#8221; content_line_height=&#8221;1.2em&#8221; subhead_font=&#8221;Engagement||||||||&#8221; subhead_text_align=&#8221;center&#8221; subhead_text_color=&#8221;#0F74C1&#8243; subhead_font_size=&#8221;80px&#8221; background_enable_color=&#8221;off&#8221; custom_margin=&#8221;-166px|||-50px|false|false&#8221; custom_padding=&#8221;0px|||||&#8221;]<\/p>\n<p>Sillutades teed sinu \u00f5nneliku<\/p>\n<p>keha-, meele- ja vaimuni!<\/p>\n<p>[\/et_pb_fullwidth_header][\/et_pb_section][et_pb_section fb_built=&#8221;1&#8243; _builder_version=&#8221;3.22.3&#8243; custom_padding=&#8221;30px|0px|30px|0px|true|false&#8221;][et_pb_row column_structure=&#8221;2_5,3_5&#8243; use_custom_gutter=&#8221;on&#8221; module_class=&#8221; et_pb_row_fullwidth&#8221; _builder_version=&#8221;3.25&#8243; width=&#8221;89%&#8221; width_tablet=&#8221;80%&#8221; width_phone=&#8221;&#8221; width_last_edited=&#8221;on|desktop&#8221; max_width=&#8221;89%&#8221; max_width_tablet=&#8221;80%&#8221; max_width_phone=&#8221;&#8221; max_width_last_edited=&#8221;on|desktop&#8221; custom_padding=&#8221;27px|0px|61px|0px|false|false&#8221; make_fullwidth=&#8221;on&#8221;][et_pb_column type=&#8221;2_5&#8243; _builder_version=&#8221;3.25&#8243; custom_padding=&#8221;|||&#8221; custom_padding__hover=&#8221;|||&#8221;][et_pb_image src=&#8221;https:\/\/crystalralaksmi.com\/eesti\/wp-content\/uploads\/2021\/09\/Love-Crystal.jpg&#8221; title_text=&#8221;Love Crystal&#8221; align=&#8221;center&#8221; align_tablet=&#8221;center&#8221; align_phone=&#8221;&#8221; align_last_edited=&#8221;on|desktop&#8221; _builder_version=&#8221;4.9.0&#8243; max_width=&#8221;85%&#8221; custom_margin_tablet=&#8221;&#8221; custom_margin_phone=&#8221;&#8221; custom_margin_last_edited=&#8221;on|phone&#8221; custom_padding=&#8221;0px|||10px&#8221; animation_style=&#8221;slide&#8221; box_shadow_style=&#8221;preset4&#8243; box_shadow_blur=&#8221;37px&#8221; box_shadow_spread=&#8221;3px&#8221; box_shadow_color=&#8221;rgba(0,0,0,0.18)&#8221;][\/et_pb_image][\/et_pb_column][et_pb_column type=&#8221;3_5&#8243; _builder_version=&#8221;3.25&#8243; custom_padding=&#8221;|||&#8221; custom_padding__hover=&#8221;|||&#8221;][et_pb_text module_id=&#8221;alusta&#8221; _builder_version=&#8221;3.27.4&#8243; header_font=&#8221;Montserrat|800|||||||&#8221; animation_style=&#8221;slide&#8221;]<\/p>\n<h1><strong>Tere tulemast Crystal Ra Laksmi-Dittoni isiklikule kodulehele!<\/strong><\/h1>\n<p>[\/et_pb_text][et_pb_divider color=&#8221;#0f74c1&#8243; divider_weight=&#8221;4px&#8221; _builder_version=&#8221;3.26.3&#8243; max_width=&#8221;20%&#8221; custom_margin=&#8221;-30px||0px|||&#8221; max_width__hover_enabled=&#8221;on&#8221; max_width__hover=&#8221;35%&#8221;][\/et_pb_divider][et_pb_text _builder_version=&#8221;3.27.4&#8243;]<\/p>\n<p>Pakun erinevaid tooteid, teenuseid ja koolitusi ning seikluseid globaalselt, mille keskmes on l\u00e4bi transformeerivate keha-meele ja vaimu tehnikate anda inimestele v\u00f5imalus luua iseendale uus j\u00e4tkusuutlik reaalsus, sealhulgas koos harmoonia, tasakaalu ja holistilise k\u00fcllusega.<\/p>\n<p>Sul on v\u00f5imalus osta endale <em>online<\/em> koolituse materjal, mille nimi on<strong>\u00a0&#8220;K\u00fclluse Seikluskoolitus Unistuste Ellu&#8221;<\/strong> (nii iseseisvaks l\u00e4bit\u00f6\u00f6tlemiseks kui ka koos minu juhendamisega versiooni).<strong><span>\u00a0<br \/><\/span><\/strong><\/p>\n<p>&nbsp;<\/p>\n<p>[\/et_pb_text][et_pb_text module_id=&#8221;alusta&#8221; _builder_version=&#8221;3.27.4&#8243; header_font=&#8221;Montserrat|800|||||||&#8221; animation_style=&#8221;slide&#8221;]<\/p>\n<h1>Mida sa siin teha saad?<\/h1>\n<p>[\/et_pb_text][et_pb_divider color=&#8221;#0f74c1&#8243; divider_weight=&#8221;4px&#8221; _builder_version=&#8221;3.26.3&#8243; max_width=&#8221;20%&#8221; custom_margin=&#8221;-30px||-1px|||&#8221; max_width__hover_enabled=&#8221;on&#8221; max_width__hover=&#8221;35%&#8221;][\/et_pb_divider][et_pb_text _builder_version=&#8221;3.27.4&#8243;]<\/p>\n<p><span>Saad siin lugeda blogipostitusi, kus on palju inspiratsiooni ja ideid ning n\u00e4pun\u00e4iteid kuidas iseendaga ja maailmaga paremaks s\u00f5braks saada. Blogi sai siinsel platvormil alguse 2013. aastal ja see h\u00f5lmab endas palju seikluseid ja eneseavastusi. <\/p>\n<p>Jagan oma kogemusi ja m\u00f5tteid, kogu maailmast. Olen k\u00f5ike seda praktiseerinud alates 1999ndast aastast, ning kui see on toiminud minu elus, siis \u00fcsna t\u00f5en\u00e4oliselt teeb seda ka sinu elus kui seda vastavalt oma tingimustele \u00fcmber kohandad ja j\u00e4rele proovid.<\/span><\/p>\n<p>[\/et_pb_text][\/et_pb_column][\/et_pb_row][et_pb_row _builder_version=&#8221;3.25.3&#8243;][et_pb_column type=&#8221;4_4&#8243; _builder_version=&#8221;3.25.3&#8243;][et_pb_text _builder_version=&#8221;4.9.0&#8243; link_font=&#8221;||||on||||&#8221; link_text_color=&#8221;#0f74c1&#8243;]<\/p>\n<p>Saad minna\u00a0<a href=\"httpss:\/\/www.facebook.com\/crystalralaksmiditton\"><strong>Crystal Ra Laksmi-Dittoni Facebooki<\/strong><\/a>\u00a0isiklikule kui ka<span>\u00a0<\/span><a href=\"https:\/\/www.facebook.com\/aaretekatalysaator\"><strong>Crystal Ra Laksmi Coachi F\u00e4nnilehele<\/strong><\/a><span>\u00a0<\/span>ja ennast kurssi viia kus parajasti s\u00fcndmused ja toimetamine aset leiab. Seal toimub praegu isegi rohkem kui siinsel lehel. Samuti saad uurida mu<span>\u00a0<\/span><strong><a href=\"https:\/\/www.instagram.com\/coachcrystalra\/\">Instagrami lehte siin.<\/a><\/strong><\/p>\n<p>Facebookis asub ka\u00a0<strong>Rahamagnetite klubi<\/strong>\u00a0(see on vaid rahamagneti toote ostnud liikmetele). Rahamagnetid on hea algus rohkema k\u00fclluse loomiseks. See on n\u00fc\u00fcd \u00fcleval Kajabi lehel ja sa saad vajadusel osta k\u00f5ik<span>\u00a0<\/span><strong><a href=\"https:\/\/crystalralaksmi.com\/eesti\/product\/kulluse-taaskaivitus-8-rahamagnetiga\/\">8 rahamagnetit korraga siit<\/a><\/strong><\/p>\n<p>Saad osta tooteid ja teenuseid, nii online kui offline, mis v\u00f5ivad rikastada sinu t\u00f6\u00f6riistakasti iseenda harmoonilise ja j\u00e4tkusuutliku elu loomisel uutes energiates Veevalaja ajastul.<\/p>\n<p>T\u00e4iendamisel\u00a0on minu isiklik vee tervendusmeetod<span>\u00a0<\/span><a href=\"https:\/\/crystalralaksmi.com\/eesti\/teenused\/wantra\/\"><strong>Wantra<\/strong><\/a><span>\u00a0<\/span>ja k\u00f5igil huvilistel on v\u00f5imalus ka osaleda nendel kursustel ja samas ka ennast tulevikus\u00a0<strong>Wantra Veejuhiks<\/strong><span>\u00a0<\/span>koolitada.<\/p>\n<p>V\u00f5in sulle korraldada eraviisilise koolituse v\u00f5i koolitusseikluse iseendale v\u00f5i oma s\u00f5pradele, t\u00f6\u00f6kollektiivile v\u00f5i sugulastele kus iganes maailmas koos minuga kui su seiklusjuhiga. Minu lemmikkohad \u2013 Hawaii, Big Island, l\u00e4\u00e4ne Mehhiko Puerto Vallarta \u00fcmbrus, aga ka Cancuni \u00fcmbrus, Eesti, Norra jne.<\/p>\n<p>Ajapikku lisanduvad veel m\u00f5ned tehnilised abilisad, mis teevad sinu kogemuse siinsel lehel veelgi v\u00e4rvik\u00fcllasemaks ja p\u00f5nevamaks.<\/p>\n<p>[\/et_pb_text][et_pb_text module_id=&#8221;alusta&#8221; _builder_version=&#8221;3.27.4&#8243; header_font=&#8221;Montserrat|800|||||||&#8221; animation_style=&#8221;slide&#8221;]<\/p>\n<h1>Kuidas see sulle kasulik on?<\/h1>\n<p>[\/et_pb_text][et_pb_divider color=&#8221;#0f74c1&#8243; divider_weight=&#8221;4px&#8221; _builder_version=&#8221;3.26.3&#8243; max_width=&#8221;20%&#8221; custom_margin=&#8221;-30px||-1px|||&#8221; max_width__hover_enabled=&#8221;on&#8221; max_width__hover=&#8221;35%&#8221;][\/et_pb_divider][et_pb_text _builder_version=&#8221;4.9.0&#8243; link_font=&#8221;||||on|||#0F74C1|&#8221; link_text_color=&#8221;#0F74C1&#8243;]<\/p>\n<p>Saad terve hulga t\u00f6\u00f6riistu ja vahendeid iseenda \u00a0j\u00e4tkusuutliku harmoonilise elu panustamiseks.<\/p>\n<p>Tegu on viimase aja uudsemaite tervendusmeetoditega\u00a0<strong><em><a href=\"https:\/\/www.auratransformation.eu\/\">(AuratransformatsioonTM<\/a>, kogemusp\u00f5hised tantra-tehnikad,\u00a0Veeteraapia,<span>\u00a0<\/span><a href=\"https:\/\/crystalralaksmi.com\/eesti\/teenused\/wantra\/\">Wantra,<\/a> VenitusTants Vees jpt),<\/em>\u00a0<\/strong>mis on kaasajastatud t\u00e4nap\u00e4eva inimeste vajadustega ning energiatega. Vajalik on holistiline keha-meele-vaimu l\u00e4henemine, mida ohtralt pakun.<\/p>\n<p>Siinse blogi kannetest saad pidevalt inspiratsiooni minu erinevatest lugudest ja seiklustest ning ka n\u00e4pun\u00e4iteid kuidas midagi kergemini oma elus luua. Praegu kirjutan v\u00e4hemalt kuus korra ja vahest tuleb ka tihedamaid postitusi.<\/p>\n<p>Kuna viibin enamus aja v\u00e4lismaal, l\u00e4heb Eestiga t\u00f6\u00f6 enamasti online p\u00f5hiseks. Kui peaksin plaanima Eesti k\u00fclastust, saad sellest teada siit kodulehelt viimastest uudistest ja kalendrist ning seej\u00e4rel tuleb \u00fclesse ka s\u00fcndmuste kalender. Edaspidi v\u00f5ib Eestisse tulek toimuda vaid tellimuste alusel.<\/p>\n<p><strong>See on sulle kasulik, kuna l\u00e4bi selle programmi hakkad elama oma elu nii nagu sina seda valid ja k\u00fclluslikult igal tasandil, nii, et ei pea enam muretsema kas ots otsaga kokku tuled<\/strong>. L\u00e4bi teadliku holistilise k\u00fcllusliku elu lood uut v\u00e4\u00e4rtust nii iseendale kui ka maailmale ning saad olla inspiratsiooniks ka teistele sinu \u00fcmber ning hakkad elama oma elu julgusest ja avardumisest l\u00e4htuvalt!<\/p>\n<p>[\/et_pb_text][\/et_pb_column][\/et_pb_row][\/et_pb_section][et_pb_section fb_built=&#8221;1&#8243; admin_label=&#8221;Blog Section&#8221; _builder_version=&#8221;3.22.3&#8243; background_color=&#8221;#fafbfc&#8221; custom_padding=&#8221;60px|0px|60px|0px|false|false&#8221;][et_pb_row _builder_version=&#8221;3.25&#8243; locked=&#8221;off&#8221;][et_pb_column type=&#8221;4_4&#8243; _builder_version=&#8221;3.25&#8243; custom_padding=&#8221;|||&#8221; custom_padding__hover=&#8221;|||&#8221;][et_pb_text _builder_version=&#8221;3.27.4&#8243; text_font=&#8221;||||||||&#8221; header_font=&#8221;||||||||&#8221; header_2_font=&#8221;Poppins|500||on|||||&#8221; header_2_text_color=&#8221;#000000&#8243; header_2_font_size=&#8221;16px&#8221; header_2_letter_spacing=&#8221;1px&#8221; header_2_line_height=&#8221;1.3em&#8221; text_orientation=&#8221;center&#8221; custom_margin=&#8221;||20px|&#8221; saved_tabs=&#8221;all&#8221; locked=&#8221;off&#8221;]<\/p>\n<h2>Minu blogi<\/h2>\n<p>[\/et_pb_text][et_pb_text _builder_version=&#8221;4.9.0&#8243; text_font=&#8221;||||||||&#8221; header_font=&#8221;||||||||&#8221; header_text_align=&#8221;center&#8221; header_text_color=&#8221;#0f74c1&#8243; header_3_font=&#8221;Poppins|600|||||||&#8221; header_3_text_color=&#8221;#0F74C1&#8243; header_3_font_size=&#8221;36px&#8221; header_3_line_height=&#8221;1.4em&#8221; text_orientation=&#8221;center&#8221;]<\/p>\n<h3>Viimased postitused blogis<\/h3>\n<p>[\/et_pb_text][\/et_pb_column][\/et_pb_row][et_pb_row use_custom_gutter=&#8221;on&#8221; gutter_width=&#8221;2&#8243; _builder_version=&#8221;3.25&#8243;][et_pb_column type=&#8221;4_4&#8243; _builder_version=&#8221;3.25&#8243; custom_padding=&#8221;|||&#8221; custom_padding__hover=&#8221;|||&#8221;][et_pb_blog fullwidth=&#8221;off&#8221; posts_number=&#8221;3&#8243; include_categories=&#8221;956,942,58,60,908,628,945,948,804,962,811,111,17,738,958,949,814,838,59,859,781,806,62,820,57,851,861,664,668,19,625,862,724,786,433,653,937,864,301,588,568,570,865,717,344,881,228&#8243; show_author=&#8221;off&#8221; show_date=&#8221;off&#8221; show_categories=&#8221;off&#8221; show_pagination=&#8221;off&#8221; _builder_version=&#8221;3.26.3&#8243; header_font=&#8221;Poppins|500|||||||&#8221; header_text_color=&#8221;#486066&#8243; header_line_height=&#8221;1.3em&#8221; body_font=&#8221;Open Sans||||||||&#8221; body_text_color=&#8221;#486066&#8243; body_font_size=&#8221;15px&#8221; body_line_height=&#8221;1.8em&#8221; meta_font=&#8221;Poppins|||on|||||&#8221; meta_text_color=&#8221;rgba(0,0,0,0.21)&#8221; meta_line_height=&#8221;1.8em&#8221; animation_style=&#8221;fade&#8221; border_radii=&#8221;on|6px|6px|6px|6px&#8221; border_width_all=&#8221;0px&#8221; box_shadow_style=&#8221;preset1&#8243; box_shadow_vertical=&#8221;10px&#8221; box_shadow_blur=&#8221;24px&#8221; box_shadow_spread=&#8221;6px&#8221; box_shadow_color=&#8221;rgba(0,0,0,0.06)&#8221;][\/et_pb_blog][\/et_pb_column][\/et_pb_row][et_pb_row _builder_version=&#8221;3.25&#8243; locked=&#8221;off&#8221;][et_pb_column type=&#8221;4_4&#8243; _builder_version=&#8221;3.25&#8243; custom_padding=&#8221;|||&#8221; custom_padding__hover=&#8221;|||&#8221;][et_pb_button button_text=&#8221;Loe blogi&#8221; button_alignment=&#8221;center&#8221; _builder_version=&#8221;4.9.0&#8243; custom_button=&#8221;on&#8221; button_text_size=&#8221;14px&#8221; button_text_color=&#8221;#0f74c1&#8243; button_border_width=&#8221;2px&#8221; button_border_color=&#8221;#0f74c1&#8243; button_border_radius=&#8221;100px&#8221; button_font=&#8221;Poppins|600||on|||||&#8221; button_use_icon=&#8221;off&#8221; background_layout=&#8221;dark&#8221; custom_margin=&#8221;|||&#8221; custom_padding=&#8221;12px|36px|12px|36px&#8221; hover_enabled=&#8221;0&#8243; button_letter_spacing_hover=&#8221;0&#8243; button_text_size__hover_enabled=&#8221;off&#8221; button_text_size__hover=&#8221;null&#8221; button_one_text_size__hover_enabled=&#8221;off&#8221; button_one_text_size__hover=&#8221;null&#8221; button_two_text_size__hover_enabled=&#8221;off&#8221; button_two_text_size__hover=&#8221;null&#8221; button_text_color__hover_enabled=&#8221;off&#8221; button_text_color__hover=&#8221;null&#8221; button_one_text_color__hover_enabled=&#8221;off&#8221; button_one_text_color__hover=&#8221;null&#8221; button_two_text_color__hover_enabled=&#8221;off&#8221; button_two_text_color__hover=&#8221;null&#8221; button_border_width__hover_enabled=&#8221;off&#8221; button_border_width__hover=&#8221;null&#8221; button_one_border_width__hover_enabled=&#8221;off&#8221; button_one_border_width__hover=&#8221;null&#8221; button_two_border_width__hover_enabled=&#8221;off&#8221; button_two_border_width__hover=&#8221;null&#8221; button_border_color__hover_enabled=&#8221;off&#8221; button_border_color__hover=&#8221;null&#8221; button_one_border_color__hover_enabled=&#8221;off&#8221; button_one_border_color__hover=&#8221;null&#8221; button_two_border_color__hover_enabled=&#8221;off&#8221; button_two_border_color__hover=&#8221;null&#8221; button_border_radius__hover_enabled=&#8221;off&#8221; button_border_radius__hover=&#8221;null&#8221; button_one_border_radius__hover_enabled=&#8221;off&#8221; button_one_border_radius__hover=&#8221;null&#8221; button_two_border_radius__hover_enabled=&#8221;off&#8221; button_two_border_radius__hover=&#8221;null&#8221; button_letter_spacing__hover_enabled=&#8221;on&#8221; button_letter_spacing__hover=&#8221;0&#8243; button_one_letter_spacing__hover_enabled=&#8221;off&#8221; button_one_letter_spacing__hover=&#8221;null&#8221; button_two_letter_spacing__hover_enabled=&#8221;off&#8221; button_two_letter_spacing__hover=&#8221;null&#8221; button_bg_color__hover_enabled=&#8221;off&#8221; button_bg_color__hover=&#8221;null&#8221; button_one_bg_color__hover_enabled=&#8221;off&#8221; button_one_bg_color__hover=&#8221;null&#8221; button_two_bg_color__hover_enabled=&#8221;off&#8221; button_two_bg_color__hover=&#8221;null&#8221; button_url=&#8221;@ET-DC@eyJkeW5hbWljIjp0cnVlLCJjb250ZW50IjoicG9zdF9saW5rX3VybF9wYWdlIiwic2V0dGluZ3MiOnsicG9zdF9pZCI6Ijc3In19@&#8221; _dynamic_attributes=&#8221;button_url&#8221; sticky_enabled=&#8221;0&#8243;][\/et_pb_button][\/et_pb_column][\/et_pb_row][\/et_pb_section][et_pb_section fb_built=&#8221;1&#8243; prev_background_color=&#8221;#fafbfc&#8221; next_background_color=&#8221;#ffffff&#8221; _builder_version=&#8221;3.26.3&#8243; background_color=&#8221;#0f74c1&#8243; custom_padding=&#8221;133px|0px|133px|0px|true|false&#8221; top_divider_style=&#8221;wave2&#8243; bottom_divider_style=&#8221;wave2&#8243; bottom_divider_height=&#8221;92px&#8221;][et_pb_row _builder_version=&#8221;3.25&#8243; locked=&#8221;off&#8221;][et_pb_column type=&#8221;4_4&#8243; _builder_version=&#8221;3.25&#8243; custom_padding=&#8221;|||&#8221; custom_padding__hover=&#8221;|||&#8221;][et_pb_text _builder_version=&#8221;3.27.4&#8243; text_font=&#8221;||||||||&#8221; header_font=&#8221;||||||||&#8221; header_2_font=&#8221;Poppins|500||on|||||&#8221; header_2_text_color=&#8221;#ffffff&#8221; header_2_font_size=&#8221;16px&#8221; header_2_letter_spacing=&#8221;1px&#8221; header_2_line_height=&#8221;1.3em&#8221; text_orientation=&#8221;center&#8221; custom_margin=&#8221;||20px|&#8221; saved_tabs=&#8221;all&#8221; locked=&#8221;off&#8221;]<\/p>\n<h2>Tagasiside<\/h2>\n<p>[\/et_pb_text][et_pb_text _builder_version=&#8221;3.27.4&#8243; text_font=&#8221;||||||||&#8221; text_text_color=&#8221;#ffffff&#8221; header_font=&#8221;||||||||&#8221; header_text_align=&#8221;center&#8221; header_text_color=&#8221;#ffffff&#8221; header_3_font=&#8221;Poppins|600|||||||&#8221; header_3_font_size=&#8221;36px&#8221; header_3_line_height=&#8221;1.4em&#8221; text_orientation=&#8221;center&#8221; background_layout=&#8221;dark&#8221;]<\/p>\n<h3>Mida inimesed r\u00e4\u00e4givad\u00a0<\/h3>\n<p>[\/et_pb_text][\/et_pb_column][\/et_pb_row][et_pb_row use_custom_gutter=&#8221;on&#8221; gutter_width=&#8221;2&#8243; _builder_version=&#8221;3.25&#8243;][et_pb_column type=&#8221;4_4&#8243; _builder_version=&#8221;3.25&#8243; custom_padding=&#8221;|||&#8221; custom_padding__hover=&#8221;|||&#8221;][et_pb_blog fullwidth=&#8221;off&#8221; posts_number=&#8221;3&#8243; include_categories=&#8221;997&#8243; show_author=&#8221;off&#8221; show_date=&#8221;off&#8221; show_categories=&#8221;off&#8221; show_pagination=&#8221;off&#8221; _builder_version=&#8221;4.9.0&#8243; header_font=&#8221;Poppins|500|||||||&#8221; header_text_color=&#8221;#486066&#8243; header_line_height=&#8221;1.3em&#8221; body_font=&#8221;Open Sans||||||||&#8221; body_text_color=&#8221;#486066&#8243; body_font_size=&#8221;15px&#8221; body_line_height=&#8221;1.8em&#8221; meta_font=&#8221;Poppins|||on|||||&#8221; meta_text_color=&#8221;rgba(0,0,0,0.21)&#8221; meta_line_height=&#8221;1.8em&#8221; animation_style=&#8221;fade&#8221; border_radii=&#8221;on|6px|6px|6px|6px&#8221; border_width_all=&#8221;0px&#8221; box_shadow_style=&#8221;preset1&#8243; box_shadow_vertical=&#8221;10px&#8221; box_shadow_blur=&#8221;24px&#8221; box_shadow_spread=&#8221;6px&#8221; box_shadow_color=&#8221;rgba(0,0,0,0.06)&#8221;][\/et_pb_blog][\/et_pb_column][\/et_pb_row][et_pb_row use_custom_gutter=&#8221;on&#8221; gutter_width=&#8221;2&#8243; column_padding_mobile=&#8221;on&#8221; custom_padding_last_edited=&#8221;on|phone&#8221; _builder_version=&#8221;3.25&#8243; background_size=&#8221;initial&#8221; background_position=&#8221;top_left&#8221; background_repeat=&#8221;repeat&#8221; custom_padding=&#8221;|||&#8221; custom_padding_tablet=&#8221;49px|||&#8221; custom_padding_phone=&#8221;19px|||&#8221;][et_pb_column type=&#8221;4_4&#8243; _builder_version=&#8221;3.25&#8243; custom_padding=&#8221;|||&#8221; custom_padding__hover=&#8221;|||&#8221;][et_pb_button button_text=&#8221;Loe rohkem&#8230;&#8221; button_alignment=&#8221;center&#8221; _builder_version=&#8221;3.18.9&#8243; custom_button=&#8221;on&#8221; button_text_size=&#8221;14px&#8221; button_text_color=&#8221;#ffffff&#8221; button_border_width=&#8221;2px&#8221; button_border_color=&#8221;#ffffff&#8221; button_border_radius=&#8221;100px&#8221; button_font=&#8221;Poppins|600||on|||||&#8221; button_use_icon=&#8221;off&#8221; background_layout=&#8221;dark&#8221; custom_margin=&#8221;|||&#8221; custom_padding=&#8221;12px|36px|12px|36px&#8221; button_letter_spacing_hover=&#8221;0&#8243; button_text_size__hover_enabled=&#8221;off&#8221; button_text_size__hover=&#8221;null&#8221; button_one_text_size__hover_enabled=&#8221;off&#8221; button_one_text_size__hover=&#8221;null&#8221; button_two_text_size__hover_enabled=&#8221;off&#8221; button_two_text_size__hover=&#8221;null&#8221; button_text_color__hover_enabled=&#8221;off&#8221; button_text_color__hover=&#8221;null&#8221; button_one_text_color__hover_enabled=&#8221;off&#8221; button_one_text_color__hover=&#8221;null&#8221; button_two_text_color__hover_enabled=&#8221;off&#8221; button_two_text_color__hover=&#8221;null&#8221; button_border_width__hover_enabled=&#8221;off&#8221; button_border_width__hover=&#8221;null&#8221; button_one_border_width__hover_enabled=&#8221;off&#8221; button_one_border_width__hover=&#8221;null&#8221; button_two_border_width__hover_enabled=&#8221;off&#8221; button_two_border_width__hover=&#8221;null&#8221; button_border_color__hover_enabled=&#8221;off&#8221; button_border_color__hover=&#8221;null&#8221; button_one_border_color__hover_enabled=&#8221;off&#8221; button_one_border_color__hover=&#8221;null&#8221; button_two_border_color__hover_enabled=&#8221;off&#8221; button_two_border_color__hover=&#8221;null&#8221; button_border_radius__hover_enabled=&#8221;off&#8221; button_border_radius__hover=&#8221;null&#8221; button_one_border_radius__hover_enabled=&#8221;off&#8221; button_one_border_radius__hover=&#8221;null&#8221; button_two_border_radius__hover_enabled=&#8221;off&#8221; button_two_border_radius__hover=&#8221;null&#8221; button_letter_spacing__hover_enabled=&#8221;on&#8221; button_letter_spacing__hover=&#8221;0&#8243; button_one_letter_spacing__hover_enabled=&#8221;off&#8221; button_one_letter_spacing__hover=&#8221;null&#8221; button_two_letter_spacing__hover_enabled=&#8221;off&#8221; button_two_letter_spacing__hover=&#8221;null&#8221; button_bg_color__hover_enabled=&#8221;off&#8221; button_bg_color__hover=&#8221;null&#8221; button_one_bg_color__hover_enabled=&#8221;off&#8221; button_one_bg_color__hover=&#8221;null&#8221; button_two_bg_color__hover_enabled=&#8221;off&#8221; button_two_bg_color__hover=&#8221;null&#8221;][\/et_pb_button][\/et_pb_column][\/et_pb_row][\/et_pb_section]<\/p>\n<span class=\"et_bloom_bottom_trigger\"><\/span>","protected":false},"excerpt":{"rendered":"<p>[rev_slider alias=&#8221;website-intro&#8221;]Sillutades teed sinu \u00f5nneliku keha-, meele- ja vaimuni!Tere tulemast Crystal Ra Laksmi-Dittoni isiklikule kodulehele!Pakun erinevaid tooteid, teenuseid ja koolitusi ning seikluseid globaalselt, mille keskmes on l\u00e4bi transformeerivate keha-meele ja [&hellip;]<\/p>\n","protected":false},"author":1,"featured_media":0,"parent":0,"menu_order":0,"comment_status":"closed","ping_status":"closed","template":"","meta":{"_acf_changed":false,"_et_pb_use_builder":"on","_et_pb_old_content":"<p>This is an example of a WordPress page, you could edit this to put information about yourself or your site so readers know where you are coming from. You can create as many pages like this one or sub-pages as you like and manage all of your content inside of WordPress.<\/p>","_et_gb_content_width":"","footnotes":""},"class_list":["post-2","page","type-page","status-publish","hentry"],"acf":[],"_links":{"self":[{"href":"https:\/\/crystalralaksmi.com\/eesti\/wp-json\/wp\/v2\/pages\/2","targetHints":{"allow":["GET"]}}],"collection":[{"href":"https:\/\/crystalralaksmi.com\/eesti\/wp-json\/wp\/v2\/pages"}],"about":[{"href":"https:\/\/crystalralaksmi.com\/eesti\/wp-json\/wp\/v2\/types\/page"}],"author":[{"embeddable":true,"href":"https:\/\/crystalralaksmi.com\/eesti\/wp-json\/wp\/v2\/users\/1"}],"replies":[{"embeddable":true,"href":"https:\/\/crystalralaksmi.com\/eesti\/wp-json\/wp\/v2\/comments?post=2"}],"version-history":[{"count":102,"href":"https:\/\/crystalralaksmi.com\/eesti\/wp-json\/wp\/v2\/pages\/2\/revisions"}],"predecessor-version":[{"id":225974,"href":"https:\/\/crystalralaksmi.com\/eesti\/wp-json\/wp\/v2\/pages\/2\/revisions\/225974"}],"wp:attachment":[{"href":"https:\/\/crystalralaksmi.com\/eesti\/wp-json\/wp\/v2\/media?parent=2"}],"curies":[{"name":"wp","href":"https:\/\/api.w.org\/{rel}","templated":true}]}}