{"id":215,"date":"2013-08-12T02:40:32","date_gmt":"2013-08-12T02:40:32","guid":{"rendered":"http:\/\/crystalralaksmi.com\/eesti\/?page_id=215"},"modified":"2021-09-08T12:00:26","modified_gmt":"2021-09-08T09:00:26","slug":"teenused","status":"publish","type":"page","link":"https:\/\/crystalralaksmi.com\/eesti\/teenused\/","title":{"rendered":"Teenused"},"content":{"rendered":"<p>[et_pb_section fb_built=&#8221;1&#8243; admin_label=&#8221;Section&#8221; _builder_version=&#8221;4.9.0&#8243; custom_padding=&#8221;||0px|||&#8221; saved_tabs=&#8221;all&#8221;][et_pb_row _builder_version=&#8221;3.25&#8243; background_size=&#8221;initial&#8221; background_position=&#8221;top_left&#8221; background_repeat=&#8221;repeat&#8221; custom_padding=&#8221;||0px|||&#8221;][et_pb_column type=&#8221;4_4&#8243; _builder_version=&#8221;3.25.3&#8243;][et_pb_post_title meta=&#8221;off&#8221; featured_image=&#8221;off&#8221; _builder_version=&#8221;3.25.3&#8243; title_font=&#8221;Poppins|600|||||||&#8221; custom_margin=&#8221;||0px|||&#8221;][\/et_pb_post_title][et_pb_divider color=&#8221;#1074C1&#8243; divider_weight=&#8221;5px&#8221; _builder_version=&#8221;4.9.0&#8243; width=&#8221;14%&#8221; hover_enabled=&#8221;0&#8243; sticky_enabled=&#8221;0&#8243;][\/et_pb_divider][\/et_pb_column][\/et_pb_row][\/et_pb_section][et_pb_section fb_built=&#8221;1&#8243; _builder_version=&#8221;3.22&#8243; custom_padding=&#8221;0px|||||&#8221;][et_pb_row _builder_version=&#8221;3.25&#8243; background_size=&#8221;initial&#8221; background_position=&#8221;top_left&#8221; background_repeat=&#8221;repeat&#8221;][et_pb_column type=&#8221;4_4&#8243; _builder_version=&#8221;3.25&#8243; custom_padding=&#8221;|||&#8221; custom_padding__hover=&#8221;|||&#8221;][et_pb_text _builder_version=&#8221;3.27.4&#8243; background_size=&#8221;initial&#8221; background_position=&#8221;top_left&#8221; background_repeat=&#8221;repeat&#8221;]<a href=\"https:\/\/crystalralaksmi.com\/eesti\/wp-content\/uploads\/2018\/02\/wantrakutse.jpg\"><img loading=\"lazy\" decoding=\"async\" class=\"alignleft size-medium wp-image-4730\" src=\"https:\/\/crystalralaksmi.com\/eesti\/wp-content\/uploads\/2018\/02\/wantrakutse-300x172.jpg\" alt=\"\" width=\"300\" height=\"172\" \/><\/a>Siit selle lingi rippmen\u00fc\u00fc alt leiad k\u00f5ikv\u00f5imalikud teenused, mis v\u00f5ivad panustada sinu j\u00e4tkusuutliku harmoonia ja tasakaalu loomisele, nii et lahkud seansilt koos t\u00f6\u00f6riistadega kuidas endaga ka p\u00e4rast ise edasi toetada ja avardada nii, et saad luua t\u00e4ielikult iseseisva unistuste elu.<\/p>\n<p align=\"JUSTIFY\">K\u00f5ik teenused on kokku pandud maailmakogemuse baasil aastast 2000, ning v\u00f5ivad p\u00f5hineda erinevatel keha-meele-vaimu tehnikatel, mis sinul parajasti vaja l\u00e4heb.<\/p>\n<p align=\"JUSTIFY\">Tutvu teenuste nimekirjaga, et saada parem \u00fclevaade mida t\u00e4psemalt pakun.<\/p>\n<p align=\"JUSTIFY\">Kohtuda on v\u00f5imalik nii offline kui online. Osad seansid on v\u00f5imalikud vaid l\u00e4bi isikliku kontakti samas f\u00fc\u00fcsilises asukohas.<\/p>\n<p align=\"JUSTIFY\">Vajuta teenuste lingi peale ja seej\u00e4rel avaneb rippmen\u00fc\u00fc kust saad lugeda rohkem infot erinevate teenuste kohta.<\/p>\n<p align=\"JUSTIFY\">N\u00fc\u00fcdsest viibib Crystal Ra Eestis vaid suviti v\u00f5i kui tulevad tellimust\u00f6\u00f6d ja koolitused, seiklused vms. Kui ta viibib Eestis, siis on tema baas Tallinnas ja ta v\u00f5tab vastu erakliente ja teeb ka grupikoolitusi.<\/p>\n<p align=\"JUSTIFY\">Teistes linnades vaid siis kui registreerub v\u00e4hemalt 10 klienti.<\/p>\n<p align=\"JUSTIFY\">Eriti populaarsed teenused on eelkonsultatsioon, Auratransformatsioon\u2122\u00a0 \u00a0Aura Tasakaalustus peale transformatsiooni ja Wantra vee seansid. Wantra veeteraapia seansse teeb ta n\u00fc\u00fcd ka vaid Tallinnas, kuna siin on selleks k\u00f5ige sobivam bassein.<\/p>\n<p align=\"JUSTIFY\">2018 aasta suvest on Crystal Ral kaasas ka oma abikaasa Michael, kellega koos ka seansse pakutakse. Selle kohta tuleb teenuste alla ka eraldi link.<\/p>\n<p align=\"JUSTIFY\">Teenuste huvi korral v\u00f5ta Crystaliga \u00fchendust helistades 55924831 (sisse l\u00fclitatud vaid suviti) v\u00f5i emailides crystalralaksmi @ gmail.com. Kursuste kohta vaata s\u00fcndmuste lingi alt, mis muutub ja mida t\u00e4iendatakse pidevalt.<\/p>\n<div id=\"__if72ru4sdfsdfrkjahiuyi_once\" style=\"display: none;\"><\/div>\n<div id=\"__hggasdgjhsagd_once\" style=\"display: none;\"><\/div>\n<p>[\/et_pb_text][\/et_pb_column][\/et_pb_row][\/et_pb_section]<\/p>\n<span class=\"et_bloom_bottom_trigger\"><\/span>","protected":false},"excerpt":{"rendered":"<p>Siit selle lingi rippmen\u00fc\u00fc alt leiad k\u00f5ikv\u00f5imalikud teenused, mis v\u00f5ivad panustada sinu j\u00e4tkusuutliku harmoonia ja tasakaalu loomisele, nii et lahkud seansilt koos t\u00f6\u00f6riistadega kuidas endaga ka p\u00e4rast ise edasi toetada [&hellip;]<\/p>\n","protected":false},"author":1,"featured_media":224792,"parent":0,"menu_order":0,"comment_status":"closed","ping_status":"closed","template":"","meta":{"_acf_changed":false,"_et_pb_use_builder":"on","_et_pb_old_content":"<p><a href=\"https:\/\/crystalralaksmi.com\/eesti\/wp-content\/uploads\/2018\/02\/wantrakutse.jpg\"><img class=\"alignleft size-medium wp-image-4730\" src=\"https:\/\/crystalralaksmi.com\/eesti\/wp-content\/uploads\/2018\/02\/wantrakutse-300x172.jpg\" alt=\"\" width=\"300\" height=\"172\" \/><\/a>Siit selle lingi rippmen\u00fc\u00fc alt leiad k\u00f5ikv\u00f5imalikud teenused, mis v\u00f5ivad panustada sinu j\u00e4tkusuutliku harmoonia ja tasakaalu loomisele, nii et lahkud seansilt koos t\u00f6\u00f6riistadega kuidas endaga ka p\u00e4rast ise edasi toetada ja avardada nii, et saad luua t\u00e4ielikult iseseisva unistuste elu.<\/p><p align=\"JUSTIFY\">K\u00f5ik teenused on kokku pandud maailmakogemuse baasil aastast 2000, ning v\u00f5ivad p\u00f5hineda erinevatel keha-meele-vaimu tehnikatel, mis sinul parajasti vaja l\u00e4heb.<\/p><p align=\"JUSTIFY\">Tutvu teenuste nimekirjaga, et saada parem \u00fclevaade mida t\u00e4psemalt pakun.<\/p><p align=\"JUSTIFY\">Kohtuda on v\u00f5imalik nii offline kui online. Osad seansid on v\u00f5imalikud vaid l\u00e4bi isikliku kontakti samas f\u00fc\u00fcsilises asukohas.<\/p><p align=\"JUSTIFY\">Vajuta teenuste lingi peale ja seej\u00e4rel avaneb rippmen\u00fc\u00fc kust saad lugeda rohkem infot erinevate teenuste kohta.<\/p><p align=\"JUSTIFY\">N\u00fc\u00fcdsest viibib Crystal Ra Eestis vaid suviti v\u00f5i kui tulevad tellimust\u00f6\u00f6d ja koolitused, seiklused vms. Kui ta viibib Eestis, siis on tema baas Tallinnas ja ta v\u00f5tab vastu erakliente ja teeb ka grupikoolitusi.<\/p><p align=\"JUSTIFY\">Teistes linnades vaid siis kui registreerub v\u00e4hemalt 10 klienti.<\/p><p align=\"JUSTIFY\">Eriti populaarsed teenused on eelkonsultatsioon, Auratransformatsioon\u2122\u00a0 \u00a0Aura Tasakaalustus peale transformatsiooni ja Wantra vee seansid. Wantra veeteraapia seansse teeb ta n\u00fc\u00fcd ka vaid Tallinnas, kuna siin on selleks k\u00f5ige sobivam bassein.<\/p><p align=\"JUSTIFY\">2018 aasta suvest on Crystal Ral kaasas ka oma abikaasa Michael, kellega koos ka seansse pakutakse. Selle kohta tuleb teenuste alla ka eraldi link.<\/p><p align=\"JUSTIFY\">Teenuste huvi korral v\u00f5ta Crystaliga \u00fchendust helistades 55924831 (sisse l\u00fclitatud vaid suviti) v\u00f5i emailides crystalralaksmi @ gmail.com. Kursuste kohta vaata s\u00fcndmuste lingi alt, mis muutub ja mida t\u00e4iendatakse pidevalt.<\/p><div id=\"__if72ru4sdfsdfrkjahiuyi_once\" style=\"display: none;\">\u00a0<\/div><div id=\"__hggasdgjhsagd_once\" style=\"display: none;\">\u00a0<\/div>","_et_gb_content_width":"","footnotes":""},"class_list":["post-215","page","type-page","status-publish","has-post-thumbnail","hentry"],"acf":[],"_links":{"self":[{"href":"https:\/\/crystalralaksmi.com\/eesti\/wp-json\/wp\/v2\/pages\/215","targetHints":{"allow":["GET"]}}],"collection":[{"href":"https:\/\/crystalralaksmi.com\/eesti\/wp-json\/wp\/v2\/pages"}],"about":[{"href":"https:\/\/crystalralaksmi.com\/eesti\/wp-json\/wp\/v2\/types\/page"}],"author":[{"embeddable":true,"href":"https:\/\/crystalralaksmi.com\/eesti\/wp-json\/wp\/v2\/users\/1"}],"replies":[{"embeddable":true,"href":"https:\/\/crystalralaksmi.com\/eesti\/wp-json\/wp\/v2\/comments?post=215"}],"version-history":[{"count":3,"href":"https:\/\/crystalralaksmi.com\/eesti\/wp-json\/wp\/v2\/pages\/215\/revisions"}],"predecessor-version":[{"id":225716,"href":"https:\/\/crystalralaksmi.com\/eesti\/wp-json\/wp\/v2\/pages\/215\/revisions\/225716"}],"wp:featuredmedia":[{"embeddable":true,"href":"https:\/\/crystalralaksmi.com\/eesti\/wp-json\/wp\/v2\/media\/224792"}],"wp:attachment":[{"href":"https:\/\/crystalralaksmi.com\/eesti\/wp-json\/wp\/v2\/media?parent=215"}],"curies":[{"name":"wp","href":"https:\/\/api.w.org\/{rel}","templated":true}]}}