{"id":224623,"date":"2019-01-03T14:26:47","date_gmt":"2019-01-03T12:26:47","guid":{"rendered":"https:\/\/crystalralaksmi.com\/eesti\/?page_id=224623"},"modified":"2023-02-14T05:57:34","modified_gmt":"2023-02-14T03:57:34","slug":"bio","status":"publish","type":"page","link":"https:\/\/crystalralaksmi.com\/eesti\/minust\/bio\/","title":{"rendered":"Bio"},"content":{"rendered":"<p><span style=\"color: #333333; font-size: 30px;\"><a href=\"https:\/\/crystalralaksmi.com\/eesti\/wp-content\/uploads\/2021\/09\/Love-Crystal.jpg\"><img loading=\"lazy\" decoding=\"async\" class=\"alignnone size-medium wp-image-225667\" src=\"https:\/\/crystalralaksmi.com\/eesti\/wp-content\/uploads\/2021\/09\/Love-Crystal-200x300.jpg\" alt=\"\" width=\"200\" height=\"300\" \/><\/a>Crystal Ra Laksmi-Dittoni Bio<\/span><\/p>\n<p align=\"JUSTIFY\">Crystal Ra on p\u00e4rit keskklassi perekonnast v\u00e4ikesest S\u00e4revere k\u00fclast Eestis ja tema seiklused maailmas on temast vaikselt teinud maailmakodaniku.<\/p>\n<p align=\"JUSTIFY\">T\u00e4nasel p\u00e4eval elab ta oma unistust koos oma kuningast abikaasa Michaeliga Daytona Beachil, Floridas, USA-s. Nad leidsid teineteist aastal 2014 Mehhikos ja abiellusid Havail 2017 aastal.<\/p>\n<p align=\"JUSTIFY\">Praeguseks on ta elanud kolmel erineval kontinendil, teinud l\u00e4bi kuue maa immigratsiooni protsessid \u2013 \u00f5ppinud, t\u00f6\u00f6tanud, seigelnud ja sisse t\u00f6\u00f6tanud erinevaid tervendus-meetodeid alates Taanist kuni Hawaiini v\u00e4lja.<\/p>\n<p align=\"JUSTIFY\">Seiklused \u00fcmber maailma on kestnud aastast 1995 ja k\u00fclastatud on pea 30 erinevat maad ja seiklemine pole kaugeltki veel l\u00f5ppenud. Crystal Ra pole m\u00f5jutanud kui mitte alati kogukondi, siis v\u00e4hemalt indiviide, kes ehitavad uut tulevikku oma kodumaadel.<\/p>\n<p class=\"p1\">Seiklusrohke uudishimu ja avastajahing, mille ta on p\u00e4rinud oma purjetajast isalt juhtis ta antropoloogia \u00f5pinguteni Oslos, Troms\u00f8s ja Kaplinnas, mille tulemusteks oli kaks dokumentaalfilmi. Seiklused viisid teda Austraaliasse (Sydney, Ayers Rock, Uluru), Uus-Meremaale, Namiibiasse, Lesothosse, Egiptusesse, Portugali, Tenerifele, Norra, USAsse (Hawaii, Kauai, Maui, NYC, Chicago), Costa Ricasse, Mehhikosse (Cancun, Puerto Vallarta, La Cruz, Sayulita), Soome, Austriasse, Saksamaale jne.<\/p>\n<p align=\"JUSTIFY\">Crystal on k\u00f5ige efektiivsem kui mitu palli on korraga \u00f5hus \u2013 olles siis kas vabatahtlik kohalikus kogukonnas v\u00f5i uute \u00e4riettev\u00f5tmiste alustamise v\u00f5i siis uute tervendustehnikate juuruta-misega \u2013 <strong>see k\u00f5ik p\u00f5imub kokku globaalseks m\u00f5juks, et inspireerida inimesi looma oma unistuste elu kui nende s\u00fcnni\u00f5igust.<\/strong><\/p>\n<p align=\"JUSTIFY\">Teekond selle hetkeni on olnud kirju alates sekret\u00e4rit\u00f6\u00f6st kuni vaba-kutselise kirjaniku- ja jutusaate juhi-, juustuleti t\u00f6\u00f6taja ja viie aastase koristajat\u00f6\u00f6ni Oslos, mis aitas \u00f5pinguid finantseerida ning n\u00fc\u00fcdseks siis oma \u00e4ri\u00a0<strong>O\u00fc New Flow<\/strong> omanikuni aastast 2007. Alates 2011 aastast on firma toimetanud asukohavabalt. Lisandusid firma USA-s ja Mehhikos.<\/p>\n<p class=\"p1\">Crystal Ra alustas iseenda arenguteed noorte grupiteraapias\u00a0<strong>\u2018Noored Noortele\u2019<\/strong>\u00a0Tallinnas \u00a0aastal 1994. Alates 2000. aastast juhtis Crystal Ra vabatahtlikult vaimseid gruppe Oslos ja seda koguni norra keeles. Seal t\u00f6\u00f6tati l\u00e4bi\u00a0<a href=\"httpss:\/\/www.amazon.com\/Celestine-Prophecy-Adventure-James-Redfield\/dp\/0446671002\"><strong>James Redfieldi<\/strong><\/a>\u00a0raamat\u00a0<strong>\u2018Celestine Prophecy\u2019.<\/strong>\u00a0Peale mitu aastat kogemuste kogumist, hakkas ta vaikselt korraldama v\u00e4ikseid koolitusi nii nagu ka eraseansse andma.<\/p>\n<p align=\"JUSTIFY\">K\u00f5ik sai alguse inglitest ning\u00a0<strong>ingliteraapiast<\/strong>\u00a0<strong>L\u00f5una \u2013 Aafrikas<\/strong>, kus Crystal Ra elas kokku pea aasta. Ingliteraapiat harrastas Crystal Ra mitu aastat kuni hakkas tegelema Auratransformatsiooniga\u2122. Esimesed avalikud s\u00fcndmused nii L\u00f5una-Aafrikas, Norras kui ka Eestis olid inglite teemal ja see oli ka teema, mis t\u00f5i Crystal Ra suuremalt avaliku meedia ette Eestis aastatel 2005 \u2013 2007.<\/p>\n<p align=\"JUSTIFY\">Crystal Ra t\u00f5i\u00a0<strong>Auratransformatsiooni\u2122 Eestisse<\/strong>\u00a0aastal 2007, aitas seda juurutada ja ka v\u00e4lja \u00f5petada koost\u00f6\u00f6s Berit Hickmaniga (endine Reaver) esimesed Auratransformaatorid\u2122 Eestis aastatel 2008 kuni 2009. Esimesed aastad m\u00f6\u00f6dusid t\u00e4ielikult Auratransformatsiooni\u2122 promomise t\u00e4he all. Crystal Ra transformeeris sadu inimesi selle ajal jooksul. See andis v\u00e4ga suure kogemustepagasi inimestega energeetiliselt tegeledes ja seda ka rahvusvaheliselt.<\/p>\n<p align=\"JUSTIFY\">Crystal Ra m\u00f5istis, et selleks et inimesi t\u00f5eliselt aidata, ei saa seda teha ainult energeetiliselt, tuleb lisada ka kehaga tegelemine ning ka meele puhastamine ette v\u00f5tta. Seej\u00e4rel viiski teekond\u00a0<strong>Hawaiile, Big Islandile<\/strong>, kus algasid veeteraapia seiklused ning seikluskoolituste tegemine aastast 2009 \u2013 2012. Hawaii seikluskoolitused j\u00e4tkusid aastal 2016 ja edaspidi on kavas neid teha v\u00e4hemalt aastas korra kui mitte rohkem olenevalt maailma \u00fcldisest olukorrast. Loe t\u00e4psemaid toimumisaegu s\u00fcndmuse lingilt.<\/p>\n<p align=\"JUSTIFY\">2009. aastal alustas Crystal Ra ka maailmatasemel<strong>\u00a0tantra\u00f5petajate<\/strong>\u00a0maale-toomist nagu<strong>\u00a0Lokiano<\/strong>(Saksamaa),\u00a0<strong>Niten<\/strong>\u00a0(Prantsusmaa) ja\u00a0<strong>Santoshi<\/strong>\u00a0(Hispaania), kelledega sai koost\u00f6\u00f6d tehtud kokku 2,5 aastat nii gruppe organiseerides, assisteerides kui ka kokku pannes ja eelt\u00f6\u00f6d ning j\u00e4relt\u00f6\u00f6d tehes. Lisaks paljud erinevad kursused nagu\u00a0<strong>vabastav hingamine maa peal ja vees, Organic Stretching, Body Dearmouring, Gaia Education modules, EFT<\/strong>\u00a0jpt. M\u00f5ne aja p\u00e4rast j\u00f5udis Crystal Ra\u00a0<b>ka meelt avardavate\u00a0<\/b>tehnikateni ja moodulini, mis andis palju avastamisr\u00f5\u00f5mu vanade meele koodide lahustamisel. Aja m\u00f6\u00f6dudes selgus aga, et see tehnika ei toeta ja ei sobi talle, ning seej\u00e4rel ta lahkus antud s\u00fcsteemist t\u00e4ielikult.<\/p>\n<p align=\"JUSTIFY\">Aastatel 2009 \u2013 kuni praeguseni on Crystal Ra kogu oma energia pannud\u00a0<strong>Wantra veeteraapia <\/strong>arendamisele ja v\u00e4ljat\u00f6\u00f6tamisele ning seda rahvusvaheliselt. 2016 \u2013 2017 oli Wantra pakkumisel mitmes k\u00f5rgklassi hotellis Mehhikos\u00a0<strong>(St Regis, Four Seasons, Villa Ananda Boutique Spa) ja nendega koost\u00f6\u00f6 j\u00e4tkub ka edaspidi.\u00a0\u00a0<\/strong><\/p>\n<p align=\"JUSTIFY\">Aastal 2013 s\u00fcndis esimene 6-kuuline online kursus\u00a0<strong>\u2018Ettev\u00f5tlusjooga\u2019<\/strong>\u00a0koos koost\u00f6\u00f6partneriga. M\u00f5ne aja p\u00e4rast muutis Crystal Ra selle 12 \u2013 kuuliseks online koolituseks nimega\u00a0<a href=\"https:\/\/crystalralaksmi.com\/eesti\/tootedpakkumised\/kiirtee-iseendasse-online-koolituse-uued-pakkumised-detsembris-2014\/\"><strong>\u2018Kiirtee Iseendasse\u2019<\/strong><\/a>,\u00a0 kus k\u00f5ikide osalejate elud on v\u00e4ga k\u00f5vasti muutunud, kui nad on k\u00f5ik t\u00f6\u00f6riistad t\u00e4ielikult praktikasse pannud. See on v\u00e4ga hea s\u00fcgavam moodus Crystal Raga ka kaudselt koost\u00f6\u00f6d teha, isegi kui ta pole f\u00fc\u00fcsiliselt Eestis kohal.<\/p>\n<p align=\"JUSTIFY\">K\u00f5ik kokku on ehitanud vundamenti uuele \u00e4riprojektile ja paari uue kodulehe lanseerimisele, \u00e4ridele ja offline ning online projektidele ja samuti tema praeguseks paljudele e-raamatutele ning uuele isiklikule tervendusmeetodile vees nimega\u00a0<strong>Wantra.<\/strong><\/p>\n<p align=\"JUSTIFY\">Crystal on seilanud ja surfanud maailma erinevatel meredel, roninud seiklusgrupi juhina julgete inimestega m\u00e4gede tippudesse Norras ja seigelnud Hawaiil, et n\u00e4ha voolavat laavat ja vihmametsasid. Ta on s\u00fcgavsukeldunud ookeani koos delfiinidega.<\/p>\n<p align=\"JUSTIFY\">Seikluste voolus oleks tal nagu maagiline v\u00f5lukepp, mis panustab inimeste enseavardamisse, olgu siis tegu ujuma\u00f5ppimisega, et saada lahti veehirmust, saada parem t\u00f6\u00f6 v\u00f5i parem keha-meel-vaim, rohkem raha, v\u00f5i unistuste partner v\u00f5i saada t\u00f6\u00f6riistu, millega luua oma harmooniline ja k\u00fclluslik j\u00e4tkusuutlik tulevik iseendale. \u00dctle talle, et see pole v\u00f5imalik, ja ta n\u00e4itab sulle kuidas on.<\/p>\n<p align=\"JUSTIFY\"><strong>Crystali kliendid iseloomustavad teda kui r\u00f5\u00f5msat, hoogsat ja inspireerivat teejuhti, kel on alati v\u00e4ga innovatiivne l\u00e4henemine ja kes pigem k\u00fcsib k\u00fcsimusi ja suunab kui annab sulle oma men\u00fc\u00fc kas ja mida sa peaksid tegema. Sel juhul j\u00e4\u00e4b igale kliendile oma v\u00e4gi ja v\u00f5im, millega edasi toimetada ning iga klient peab ka v\u00f5tma vastutuse oma valikute eest t\u00e4ielikult iseenda peale. Klientide edulugudest v\u00f5iks kirjutada\u00a0<a href=\"https:\/\/crystalralaksmi.com\/eesti\/tagasiside\/\">raamatu,<\/a>\u00a0aga sagedasemad on \u2013 enda armastamise aktiveerimine, uue unistuste partneri leidmine, kaalu langetamine, parem tervis, vanast partnerist lahutamine, uue t\u00f6\u00f6 saamine, uue unistuse t\u00e4itumine, unistuste reisi vahendite leidmine, oma elu\u00fclesande aktiveerimine, rohkema k\u00fclluse vastuv\u00f5tmine, oma blokkidest ja hirmudest l\u00e4bi k\u00e4imise jne, jne.<\/strong><\/p>\n<p align=\"JUSTIFY\">Praegusel hetkel veebruaris 2023 elab ta enamus aja Ameerikas ja k\u00e4ib Eestis tavaliselt korra aastas &#8211; suviti. Siis toimuvad retriidid, osalused erinevatel festivalidel ja samuti ka paljud eraseansid. Kui Eestit ei k\u00fclastata on f\u00e4nnidel v\u00f5imalus talle Ameerikasse k\u00fclla tulla. M\u00f5nikord korraldatakse ka erinevaid retriite kus pikemalt iseendasse sukelduda.<\/p>\n<p align=\"JUSTIFY\">Crystal Ra elu\u00fclesanne on mitte ainult olla inspiratsiooniks k\u00f5igile kes soovivad ka hakata elama oma unistust iseenda tingimustel, vaid ka t\u00f5eliselt motiveerida inimesi tegema esimesi samme, et oma reaalsust muuta oma unistuseks. Muinasjutud saavad reaalsuseks kui neid ise reaalsuseks muuta! Crystal Ra teab millest r\u00e4\u00e4gib kuna on loonud v\u00e4ga paljud oma Muinasjutud Reaalsuseks ja tegelikult on see alles t\u00e4iesti algus.<\/p>\n<p align=\"JUSTIFY\"><strong>Ja pea meeles:\u00a0Seiklusrohkes ja p\u00f5nevas on rohkem turvalisust, sest liikumises on elu ja muutustes on v\u00e4gi ! (Alan Cohen).<\/strong><\/p>\n<p align=\"JUSTIFY\">Juhul kui see, mida lugesid tekitas sinus huvi ja sooviksid Crystaliga isiklikult \u00fchendust v\u00f5tta, siis tee seda\u00a0<a href=\"https:\/\/www.facebook.com\/crystalralaksmiditton\/\">siit:<\/a><\/p>\n<span class=\"et_bloom_bottom_trigger\"><\/span>","protected":false},"excerpt":{"rendered":"<p>Crystal Ra Laksmi-Dittoni Bio Crystal Ra on p\u00e4rit keskklassi perekonnast v\u00e4ikesest S\u00e4revere k\u00fclast Eestis ja tema seiklused maailmas on temast vaikselt teinud maailmakodaniku. T\u00e4nasel p\u00e4eval elab ta oma unistust koos [&hellip;]<\/p>\n","protected":false},"author":1,"featured_media":0,"parent":224698,"menu_order":0,"comment_status":"closed","ping_status":"closed","template":"","meta":{"_acf_changed":false,"_et_pb_use_builder":"off","_et_pb_old_content":"","_et_gb_content_width":"","footnotes":""},"class_list":["post-224623","page","type-page","status-publish","hentry"],"acf":[],"_links":{"self":[{"href":"https:\/\/crystalralaksmi.com\/eesti\/wp-json\/wp\/v2\/pages\/224623","targetHints":{"allow":["GET"]}}],"collection":[{"href":"https:\/\/crystalralaksmi.com\/eesti\/wp-json\/wp\/v2\/pages"}],"about":[{"href":"https:\/\/crystalralaksmi.com\/eesti\/wp-json\/wp\/v2\/types\/page"}],"author":[{"embeddable":true,"href":"https:\/\/crystalralaksmi.com\/eesti\/wp-json\/wp\/v2\/users\/1"}],"replies":[{"embeddable":true,"href":"https:\/\/crystalralaksmi.com\/eesti\/wp-json\/wp\/v2\/comments?post=224623"}],"version-history":[{"count":25,"href":"https:\/\/crystalralaksmi.com\/eesti\/wp-json\/wp\/v2\/pages\/224623\/revisions"}],"predecessor-version":[{"id":226610,"href":"https:\/\/crystalralaksmi.com\/eesti\/wp-json\/wp\/v2\/pages\/224623\/revisions\/226610"}],"up":[{"embeddable":true,"href":"https:\/\/crystalralaksmi.com\/eesti\/wp-json\/wp\/v2\/pages\/224698"}],"wp:attachment":[{"href":"https:\/\/crystalralaksmi.com\/eesti\/wp-json\/wp\/v2\/media?parent=224623"}],"curies":[{"name":"wp","href":"https:\/\/api.w.org\/{rel}","templated":true}]}}