{"id":224654,"date":"2019-01-03T15:08:43","date_gmt":"2019-01-03T13:08:43","guid":{"rendered":"https:\/\/crystalralaksmi.com\/eesti\/?page_id=224654"},"modified":"2021-10-27T13:45:39","modified_gmt":"2021-10-27T10:45:39","slug":"kkk","status":"publish","type":"page","link":"https:\/\/crystalralaksmi.com\/eesti\/minust\/kkk\/","title":{"rendered":"KKK"},"content":{"rendered":"<p>[et_pb_section fb_built=&#8221;1&#8243; admin_label=&#8221;Hero Section&#8221; _builder_version=&#8221;4.9.0&#8243; background_color_gradient_direction=&#8221;131deg&#8221; custom_padding=&#8221;50px|0px|0px|0px||&#8221; animation_style=&#8221;slide&#8221; animation_direction=&#8221;top&#8221; animation_intensity_slide=&#8221;2%&#8221; animation_starting_opacity=&#8221;100%&#8221; locked=&#8221;off&#8221;][et_pb_row _builder_version=&#8221;3.25&#8243; custom_padding=&#8221;0|0px|0|0px|false|false&#8221; custom_width_px=&#8221;1440px&#8221;][et_pb_column type=&#8221;4_4&#8243; _builder_version=&#8221;3.25&#8243; custom_padding=&#8221;|||&#8221; custom_padding__hover=&#8221;|||&#8221;][et_pb_text _builder_version=&#8221;4.9.0&#8243; text_font=&#8221;||||||||&#8221; header_font=&#8221;Montserrat|700|||||||&#8221; header_text_align=&#8221;center&#8221; header_text_color=&#8221;#000000&#8243; header_font_size=&#8221;60px&#8221; header_line_height=&#8221;1.5em&#8221; header_2_font=&#8221;||||||||&#8221; header_3_font=&#8221;||||||||&#8221; header_4_font=&#8221;||||||||&#8221; header_5_font=&#8221;||||||||&#8221; header_6_font=&#8221;||||||||&#8221; custom_margin=&#8221;||20px|&#8221; hover_enabled=&#8221;0&#8243; header_font_size_tablet=&#8221;45px&#8221; header_font_size_phone=&#8221;25px&#8221; header_font_size_last_edited=&#8221;on|phone&#8221; locked=&#8221;off&#8221; sticky_enabled=&#8221;0&#8243;]<\/p>\n<header class=\"entry-header\">\n<h1 class=\"entry-title\">KKK<\/h1>\n<\/header>\n<p>[\/et_pb_text][\/et_pb_column][\/et_pb_row][\/et_pb_section][et_pb_section fb_built=&#8221;1&#8243; specialty=&#8221;on&#8221; _builder_version=&#8221;3.22&#8243; custom_padding=&#8221;54px|0px|0|0px|false|false&#8221;][et_pb_column type=&#8221;1_2&#8243; _builder_version=&#8221;3.25&#8243; custom_padding=&#8221;|||&#8221; parallax__hover=&#8221;off&#8221; parallax_method__hover=&#8221;on&#8221; custom_padding__hover=&#8221;|||&#8221;][et_pb_image src=&#8221;https:\/\/crystalralaksmi.com\/eesti\/wp-content\/uploads\/2021\/09\/crystalqueenlaughter.jpeg&#8221; title_text=&#8221;crystalqueenlaughter&#8221; force_fullwidth=&#8221;on&#8221; _builder_version=&#8221;4.9.0&#8243; custom_margin=&#8221;|||&#8221; custom_margin_tablet=&#8221;0px|||&#8221; custom_margin_phone=&#8221;&#8221; custom_margin_last_edited=&#8221;on|tablet&#8221; animation_style=&#8221;slide&#8221; animation_direction=&#8221;top&#8221; animation_duration=&#8221;1500ms&#8221; animation_intensity_slide=&#8221;6%&#8221; animation_starting_opacity=&#8221;100%&#8221; box_shadow_style=&#8221;preset1&#8243; box_shadow_vertical=&#8221;10px&#8221; box_shadow_blur=&#8221;100px&#8221; box_shadow_color=&#8221;rgba(0,0,0,0.2)&#8221; always_center_on_mobile=&#8221;off&#8221; locked=&#8221;off&#8221;][\/et_pb_image][\/et_pb_column][et_pb_column type=&#8221;1_2&#8243; specialty_columns=&#8221;2&#8243; _builder_version=&#8221;3.25&#8243; custom_padding=&#8221;|||&#8221; parallax__hover=&#8221;off&#8221; parallax_method__hover=&#8221;on&#8221; custom_padding__hover=&#8221;|||&#8221;][et_pb_row_inner _builder_version=&#8221;3.25&#8243; custom_padding=&#8221;29.6875px|0px|0|0px|false|false&#8221;][et_pb_column_inner saved_specialty_column_type=&#8221;1_2&#8243; _builder_version=&#8221;3.25&#8243; custom_padding=&#8221;|||&#8221; parallax__hover=&#8221;off&#8221; parallax_method__hover=&#8221;on&#8221; custom_padding__hover=&#8221;|||&#8221;][et_pb_text _builder_version=&#8221;3.27.4&#8243; text_font=&#8221;Poppins||||||||&#8221; text_text_color=&#8221;rgba(0,0,0,0.4)&#8221; header_font=&#8221;||||||||&#8221; header_2_font=&#8221;||||||||&#8221; module_alignment=&#8221;center&#8221; custom_margin=&#8221;|||&#8221;]<\/p>\n<p>Siin saad vastused k\u00fcsimustele, mida Crystalilt v\u00e4ga sageli k\u00fcsitakse.<\/p>\n<p><strong>1. Mis su \u2018p\u00e4risnimi\u2019 ehk s\u00fcnninimi on?\u00a0<\/strong><\/p>\n<p>Minu s\u00fcnnitunnistuses on nimi<span>\u00a0<\/span><strong>K\u00e4tlin Roovik<\/strong><span>\u00a0<\/span>ja aastal<span>\u00a0<\/span><strong>2009<\/strong><span>\u00a0<\/span>sain ma oma passi uue nime<span>\u00a0<\/span><strong>Crystal Ra Laksmi<\/strong>, mis tuli minuni Norra m\u00e4gedes ja mis on ka minu peamine coachi ja br\u00e4ndi nimi.<span>\u00a0<\/span><strong>2017 aasta 11. augustist<\/strong><span>\u00a0<\/span>on minu ametlik nimi<span>\u00a0<\/span><strong>Crystal Ra Laksmi-Ditton.<\/strong><\/p>\n<p>[\/et_pb_text][\/et_pb_column_inner][\/et_pb_row_inner][\/et_pb_column][\/et_pb_section][et_pb_section fb_built=&#8221;1&#8243; _builder_version=&#8221;3.22&#8243; custom_padding=&#8221;0|0px|0|0px|false|false&#8221;][et_pb_row _builder_version=&#8221;3.25&#8243; custom_padding=&#8221;0|0px|27px|0px|false|false&#8221;][et_pb_column type=&#8221;4_4&#8243; _builder_version=&#8221;3.25&#8243; custom_padding=&#8221;|||&#8221; custom_padding__hover=&#8221;|||&#8221;][et_pb_text _builder_version=&#8221;3.27.4&#8243; text_font=&#8221;Poppins||||||||&#8221; text_text_color=&#8221;rgba(0,0,0,0.4)&#8221; header_font=&#8221;||||||||&#8221; header_2_font=&#8221;||||||||&#8221; module_alignment=&#8221;center&#8221; custom_margin=&#8221;|||&#8221;]<\/p>\n<p><strong>2. Kas ja mis haridustaust sul on?<\/strong><\/p>\n<ul>\n<li><strong>T\u00fcri 1. G\u00fcmnaasium<\/strong><span>\u00a0<\/span>(1994) Humanitaarkallakuga (inglise ja saksa ning vene keeled)<\/li>\n<li><strong>Tallinna Kerget\u00f6\u00f6stustehnikum<\/strong><span>\u00a0<\/span>(1996) Sekret\u00e4r-asjaajaja<\/li>\n<li><strong>Oslo \u00dclikool (Norra)<\/strong>\u00a0(2005) Bakalaureus sotsiaal-antropoloogias<\/li>\n<li><strong>Cape Town \u00dclikool (L\u00f5una-Aafrika)<\/strong>\u00a0(2005) V\u00e4lis\u00fcli\u00f5pilasvahetus, osa bakalaureuse kraadist<\/li>\n<li><strong>Troms\u00f6 \u00dclikool ( Norra)<span>\u00a0<\/span><\/strong>(2007) Visuaalse Kultuuri magister (antropoloogiline film)<\/li>\n<\/ul>\n<p><strong>Vaimsed koolitused:<\/strong><\/p>\n<ul>\n<li><strong>Ingliteraapia Aminoloogia Kursused<\/strong><span>\u00a0<\/span>2005 kevad Cape Town<\/li>\n<li><strong>Auratransformaatorite\u2122 kursus<\/strong><span>\u00a0<\/span>2007 august Norra<\/li>\n<li><strong>Veeteraapia kursus 2009<\/strong><span>\u00a0<\/span>Hawaii<\/li>\n<li><strong>Hawaii tervendusmeetodid 2011<\/strong><span>\u00a0<\/span>mai ja november Hawaiil<\/li>\n<li><strong>Meele Vabastamise Vahendajate koolituste kursused<\/strong><span>\u00a0<\/span>(mooduli nime ei maini)\u00a0 2012 (maailm)<\/li>\n<li><strong>Kehaseansside koolitajate kursus<\/strong><span>\u00a0<\/span>2012 dets London<\/li>\n<li><strong>Meele Vabastamise kursused<\/strong><span>\u00a0<\/span>2012 kevad (maailm)<\/li>\n<li><strong>Organic Stretching \u00d5petajate Koolitus<\/strong><span>\u00a0<\/span>2013 suvi \u2013 detsember(Mehhiko)<\/li>\n<li><strong>P\u00fcha Suhte Koolitus<\/strong><span>\u00a0<\/span>Nancy Lucina ja Brandon, 2017 kevad (Mehhiko)<\/li>\n<li><strong>Mini Tantrakoolitused<\/strong><span>\u00a0<\/span>\u2013 2017 Eesti (High on Life)<\/li>\n<li><strong>Loovuse kursus Vyana Reynoldsiga<\/strong><span>\u00a0<\/span>\u2013 2018 august (Hawaii)<\/li>\n<li><strong>Reclaim your Freedom Nigel B Pattersoniga<\/strong><span>\u00a0<\/span>\u2013 2018 september (Hawaii)<\/li>\n<\/ul>\n<p><strong>3. Sinu t\u00f6\u00f6kogemused?<\/strong><\/p>\n<ul>\n<li>Alustasin varakult igasuguste sekret\u00e4rit\u00f6\u00f6 t\u00f6\u00f6otsadega, kuni sain aru, et see pole \u00fcldse minu tee.<\/li>\n<li>Olen olnud au-pair (2 aastat Norras)<\/li>\n<li>Juustuleti m\u00fc\u00fcja (2 aastat Oslos \u00f5pingute ajal)<\/li>\n<li>Koristaja (5 aastat Oslos eramajad, korterid \u2013 tudengite taskuraha)<\/li>\n<li>Dokumentaalfilmide tegija (2005 \u2018Kodu on seal kus su s\u00fcda on\u2019) (2007 \u2018Kiirtee Taevasse\u2019)<\/li>\n<li>O\u00fc New Flow asutaja, juhataja alates 2007. aastast<\/li>\n<li>Gaia Hariduse projekti vabatahtlik (2008 \u2013 2011)<\/li>\n<li>Seikluskoolituste juht \u2013 2008, 2010 Norra m\u00e4ed, 2009 \u2013 2012, 2016 \u2013 kuni praeguseni Seikluskoolitused Hawaiil, 2013 Seikluskoolitus Mehhikos,<\/li>\n<li>Ingliterapeut (2005 \u2013 2007)<\/li>\n<li>Auratransformaator\u2122 (alates 2007)<\/li>\n<li>Auratransformaatorite\u2122 instruktorite koolitus (2007 s\u00fcgis kuni 2010 veebruar)<\/li>\n<li>Veeterapeut (2009 kevadest)<\/li>\n<li>Meele Vabastamise vahendaja (august 2012 \u2013 august 2013)<\/li>\n<li>Tantrakursuste organisaator ja korraldaja Lokianole (2009 \u2013 2011)<\/li>\n<li>Tantrakursuste oraganisaator Nitenile ja Santoshile (m\u00e4rts kuni november 2011)<\/li>\n<li>T\u00f6\u00f6tanud erinevate perede juures maailmas nagu Crystal Poppins<\/li>\n<li>Panustanud erinevatele indiviididele ja keskustele terves maailmas jne.<\/li>\n<\/ul>\n<p>[\/et_pb_text][\/et_pb_column][\/et_pb_row][\/et_pb_section][et_pb_section fb_built=&#8221;1&#8243; admin_label=&#8221;Stats&#8221; _builder_version=&#8221;3.22&#8243; custom_padding=&#8221;0|0px|50px|0px|false|false&#8221;][et_pb_row column_structure=&#8221;1_2,1_2&#8243; _builder_version=&#8221;3.25&#8243; width=&#8221;70%&#8221; max_width=&#8221;70%&#8221; module_alignment=&#8221;center&#8221; custom_margin=&#8221;|||&#8221; custom_padding=&#8221;0||0px||false|false&#8221; use_custom_width=&#8221;on&#8221; width_unit=&#8221;off&#8221; custom_width_percent=&#8221;70%&#8221;][et_pb_column type=&#8221;1_2&#8243; _builder_version=&#8221;3.25&#8243; custom_padding=&#8221;5%|5%||5%&#8221; custom_padding__hover=&#8221;|||&#8221;][et_pb_image src=&#8221;https:\/\/crystalralaksmi.com\/eesti\/wp-content\/uploads\/2021\/09\/minamichaelheartsbw.jpeg&#8221; title_text=&#8221;minamichaelheartsbw&#8221; force_fullwidth=&#8221;on&#8221; _builder_version=&#8221;4.9.0&#8243; custom_margin=&#8221;|||&#8221; custom_margin_tablet=&#8221;||0px|&#8221; custom_margin_phone=&#8221;&#8221; custom_margin_last_edited=&#8221;on|phone&#8221; custom_padding=&#8221;|||&#8221; animation_style=&#8221;slide&#8221; animation_direction=&#8221;bottom&#8221; animation_intensity_slide=&#8221;6%&#8221; animation_starting_opacity=&#8221;100%&#8221; box_shadow_style=&#8221;preset1&#8243; box_shadow_vertical=&#8221;10px&#8221; box_shadow_blur=&#8221;100px&#8221; box_shadow_color=&#8221;rgba(0,0,0,0.2)&#8221; always_center_on_mobile=&#8221;off&#8221;][\/et_pb_image][\/et_pb_column][et_pb_column type=&#8221;1_2&#8243; _builder_version=&#8221;3.25&#8243; custom_padding=&#8221;40px|40px|40px|40px&#8221; custom_padding__hover=&#8221;|||&#8221;][et_pb_text _builder_version=&#8221;4.9.0&#8243; text_font=&#8221;Poppins||||||||&#8221; text_text_color=&#8221;rgba(0,0,0,0.4)&#8221; header_font=&#8221;||||||||&#8221; header_2_font=&#8221;||||||||&#8221; max_width=&#8221;600px&#8221; module_alignment=&#8221;left&#8221; custom_margin=&#8221;||30px|&#8221;]<\/p>\n<p><strong>4. Sinu perekonnaseis?<\/strong><\/p>\n<p>Mul on 1 poeg Sander (s\u00fcnd 1997), kes elab Eestis.<\/p>\n<p>Olen abielus Michael Dittoniga. Me elame <span>San Diegos, Californias.<\/span><\/p>\n<p><strong>5. Miks sa kogu aeg ringi r\u00e4ndad?<\/strong><\/p>\n<p>Olen seigelnud n\u00fc\u00fcd alates aastast 2000 ja poolikuid ringe maailmale peale teinud korduvalt. Alustades Taanist, Norrast, Saksamaast siis Portugal, Hispaania, Itaalia, Inglismaa, Wales, Hawaii, USA, Mehhiko jne.<\/p>\n<p>[\/et_pb_text][\/et_pb_column][\/et_pb_row][\/et_pb_section][et_pb_section fb_built=&#8221;1&#8243; _builder_version=&#8221;3.22&#8243; custom_padding=&#8221;0|0px|0|0px|false|false&#8221;][et_pb_row _builder_version=&#8221;3.25&#8243; custom_padding=&#8221;0|0px|27px|0px|false|false&#8221;][et_pb_column type=&#8221;4_4&#8243; _builder_version=&#8221;3.25&#8243; custom_padding=&#8221;|||&#8221; custom_padding__hover=&#8221;|||&#8221;][et_pb_text _builder_version=&#8221;3.27.4&#8243; text_font=&#8221;Poppins||||||||&#8221; text_text_color=&#8221;rgba(0,0,0,0.4)&#8221; header_font=&#8221;||||||||&#8221; header_2_font=&#8221;||||||||&#8221; module_alignment=&#8221;center&#8221; custom_margin=&#8221;|||&#8221;]<\/p>\n<p>Alguses lihtsalt meeldis seigelda, kuid n\u00fc\u00fcd on asi l\u00e4inud t\u00f6isemaks ning arvan see on osa minu missioonist Maa peal selleks, et jagada uut teadlikkust ja vibratsiooni. Seiklemise peamiseks eesm\u00e4rgiks on alati midagi uut \u00f5ppida ja siis jagada nendega, kes selleks valmis on. Nii sai Eestisse toodud Auratransformatsioon\u2122, Veeteraapia, Meele Vabastamise Tehnikad\u2122, Tantrakursused ja n\u00fc\u00fcd tulekul Wantra \u2013 \u00a0minu enda loodud veemoodul.<\/p>\n<p>Minu jaoks on reisimine ELU, mahlakas elu, saan siis kontakti oma sisemusega k\u00f5ige paremini ja kohtun iseendaga l\u00e4bi tundmatuse. Samuti inspireerib see mind kirjutama, et ma saaksin siis jagada oma seikluseid erinevates kohtades maailmas. Olen mitmeid elusid olnud mustlane ja n\u00f5id.<\/p>\n<p>[\/et_pb_text][\/et_pb_column][\/et_pb_row][\/et_pb_section][et_pb_section fb_built=&#8221;1&#8243; admin_label=&#8221;Stats&#8221; _builder_version=&#8221;3.22&#8243; custom_padding=&#8221;0|0px|0|0px|false|false&#8221;][et_pb_row column_structure=&#8221;1_2,1_2&#8243; _builder_version=&#8221;3.25&#8243; width=&#8221;70%&#8221; max_width=&#8221;70%&#8221; module_alignment=&#8221;center&#8221; custom_margin=&#8221;|||&#8221; custom_padding=&#8221;0||0||false|false&#8221; use_custom_width=&#8221;on&#8221; width_unit=&#8221;off&#8221; custom_width_percent=&#8221;70%&#8221;][et_pb_column type=&#8221;1_2&#8243; _builder_version=&#8221;3.25&#8243; custom_padding=&#8221;5%|5%||5%&#8221; custom_padding__hover=&#8221;|||&#8221;][et_pb_image src=&#8221;https:\/\/crystalralaksmi.com\/eesti\/wp-content\/uploads\/2021\/09\/travel-the-world-suitcase.jpeg&#8221; title_text=&#8221;travel-the-world-suitcase&#8221; force_fullwidth=&#8221;on&#8221; _builder_version=&#8221;4.9.0&#8243; custom_margin=&#8221;|||&#8221; custom_margin_tablet=&#8221;||0px|&#8221; custom_margin_phone=&#8221;&#8221; custom_margin_last_edited=&#8221;on|phone&#8221; custom_padding=&#8221;|||&#8221; animation_style=&#8221;slide&#8221; animation_direction=&#8221;bottom&#8221; animation_intensity_slide=&#8221;6%&#8221; animation_starting_opacity=&#8221;100%&#8221; box_shadow_style=&#8221;preset1&#8243; box_shadow_vertical=&#8221;10px&#8221; box_shadow_blur=&#8221;100px&#8221; box_shadow_color=&#8221;rgba(0,0,0,0.2)&#8221; always_center_on_mobile=&#8221;off&#8221;][\/et_pb_image][\/et_pb_column][et_pb_column type=&#8221;1_2&#8243; _builder_version=&#8221;3.25&#8243; custom_padding=&#8221;40px|40px|40px|40px&#8221; custom_padding__hover=&#8221;|||&#8221;][et_pb_text _builder_version=&#8221;4.9.0&#8243; text_font=&#8221;Poppins||||||||&#8221; text_text_color=&#8221;rgba(0,0,0,0.4)&#8221; header_font=&#8221;||||||||&#8221; header_2_font=&#8221;||||||||&#8221; max_width=&#8221;600px&#8221; module_alignment=&#8221;left&#8221; custom_margin=&#8221;||30px|&#8221;]<\/p>\n<p><strong>5. Mis on su kodune aadress?<\/strong><\/p>\n<p>Firma aadress on mul Tallinna postkontoris. Muidu aga on aadress see, kus parajasti kott maas on. 2013 aastal olin Eestis vaid 1,5 kuud. 2014 aasta j\u00e4i vahele, 2015 aastal olin Eestis 4,5 kuud, 2016 aastal 3 kuud ja 2017 aastal samuti 3 kuud ja 2018 aastal tuleme koos Michaeliga vaid kaheks kuuks Eestisse, <span>2019 aastal olime Eestis paar kuud ja 2020 j\u00e4i vahele.<\/span>. Olen \u00f5ppinud t\u00f5eliselt j\u00e4rgnema energiatele ja s\u00fcdamele ning mis parajasti missioonitunne \u00fctleb.<\/p>\n<p>Elu on t\u00e4is seikluseid, p\u00f5nevust ja mahlakust.<\/p>\n<p><strong>On sul veel k\u00fcsimusi? Saada need<span>\u00a0<\/span><a href=\"httpss:\/\/www.facebook.com\/liquidheavenfacilitator\/\">SIIA!<\/a><\/strong><\/p>\n<p>[\/et_pb_text][\/et_pb_column][\/et_pb_row][\/et_pb_section]<\/p>\n<span class=\"et_bloom_bottom_trigger\"><\/span>","protected":false},"excerpt":{"rendered":"<p>KKK Siin saad vastused k\u00fcsimustele, mida Crystalilt v\u00e4ga sageli k\u00fcsitakse. 1. Mis su \u2018p\u00e4risnimi\u2019 ehk s\u00fcnninimi on?\u00a0 Minu s\u00fcnnitunnistuses on nimi\u00a0K\u00e4tlin Roovik\u00a0ja aastal\u00a02009\u00a0sain ma oma passi uue nime\u00a0Crystal Ra Laksmi, [&hellip;]<\/p>\n","protected":false},"author":1,"featured_media":0,"parent":224698,"menu_order":0,"comment_status":"closed","ping_status":"closed","template":"","meta":{"_acf_changed":false,"_et_pb_use_builder":"on","_et_pb_old_content":"","_et_gb_content_width":"","footnotes":""},"class_list":["post-224654","page","type-page","status-publish","hentry"],"acf":[],"_links":{"self":[{"href":"https:\/\/crystalralaksmi.com\/eesti\/wp-json\/wp\/v2\/pages\/224654","targetHints":{"allow":["GET"]}}],"collection":[{"href":"https:\/\/crystalralaksmi.com\/eesti\/wp-json\/wp\/v2\/pages"}],"about":[{"href":"https:\/\/crystalralaksmi.com\/eesti\/wp-json\/wp\/v2\/types\/page"}],"author":[{"embeddable":true,"href":"https:\/\/crystalralaksmi.com\/eesti\/wp-json\/wp\/v2\/users\/1"}],"replies":[{"embeddable":true,"href":"https:\/\/crystalralaksmi.com\/eesti\/wp-json\/wp\/v2\/comments?post=224654"}],"version-history":[{"count":10,"href":"https:\/\/crystalralaksmi.com\/eesti\/wp-json\/wp\/v2\/pages\/224654\/revisions"}],"predecessor-version":[{"id":225967,"href":"https:\/\/crystalralaksmi.com\/eesti\/wp-json\/wp\/v2\/pages\/224654\/revisions\/225967"}],"up":[{"embeddable":true,"href":"https:\/\/crystalralaksmi.com\/eesti\/wp-json\/wp\/v2\/pages\/224698"}],"wp:attachment":[{"href":"https:\/\/crystalralaksmi.com\/eesti\/wp-json\/wp\/v2\/media?parent=224654"}],"curies":[{"name":"wp","href":"https:\/\/api.w.org\/{rel}","templated":true}]}}