{"id":224783,"date":"2013-07-10T18:50:56","date_gmt":"2013-07-10T18:50:56","guid":{"rendered":"http:\/\/crystalralaksmi.com\/eesti\/?page_id=20"},"modified":"2019-07-23T10:49:16","modified_gmt":"2019-07-23T07:49:16","slug":"sundmused-maailmas","status":"publish","type":"page","link":"https:\/\/crystalralaksmi.com\/eesti\/sundmused-maailmas\/","title":{"rendered":"S\u00fcndmused"},"content":{"rendered":"<p>[et_pb_section fb_built=&#8221;1&#8243; admin_label=&#8221;Section&#8221; _builder_version=&#8221;3.22.3&#8243; global_module=&#8221;225116&#8243; saved_tabs=&#8221;all&#8221;][et_pb_row _builder_version=&#8221;3.25&#8243; background_size=&#8221;initial&#8221; background_position=&#8221;top_left&#8221; background_repeat=&#8221;repeat&#8221;][et_pb_column type=&#8221;4_4&#8243; _builder_version=&#8221;3.25.3&#8243;][et_pb_post_title meta=&#8221;off&#8221; featured_image=&#8221;off&#8221; _builder_version=&#8221;3.25.3&#8243; title_font=&#8221;Poppins|600|||||||&#8221; custom_margin=&#8221;||0px|||&#8221;][\/et_pb_post_title][et_pb_divider color=&#8221;#57ca85&#8243; divider_weight=&#8221;5px&#8221; _builder_version=&#8221;3.25.3&#8243; width=&#8221;14%&#8221;][\/et_pb_divider][\/et_pb_column][\/et_pb_row][\/et_pb_section][et_pb_section fb_built=&#8221;1&#8243; _builder_version=&#8221;3.22&#8243;][et_pb_row _builder_version=&#8221;3.25&#8243; background_size=&#8221;initial&#8221; background_position=&#8221;top_left&#8221; background_repeat=&#8221;repeat&#8221;][et_pb_column type=&#8221;4_4&#8243; _builder_version=&#8221;3.25&#8243; custom_padding=&#8221;|||&#8221; custom_padding__hover=&#8221;|||&#8221;][et_pb_text _builder_version=&#8221;3.0.74&#8243; background_size=&#8221;initial&#8221; background_position=&#8221;top_left&#8221; background_repeat=&#8221;repeat&#8221;]<a href=\"https:\/\/crystalralaksmi.com\/eesti\/wp-content\/uploads\/2016\/06\/crystalwhitepuntasmileyoung.jpg\"><img loading=\"lazy\" decoding=\"async\" class=\"alignleft size-medium wp-image-3718\" src=\"https:\/\/crystalralaksmi.com\/eesti\/wp-content\/uploads\/2016\/06\/crystalwhitepuntasmileyoung-245x300.jpg\" alt=\"\" width=\"245\" height=\"300\" \/><\/a>Aloha ja tere tulemast minu imelisele s\u00fcndmuste lehele!<br \/>\nMa toimetan aktiivselt s\u00fcndmuste loomisega aastaringselt &#8211; nii online kui ka offline.<br \/>\nVaata siinsete linkide alt k\u00f5ige viimaseid ja v\u00e4rskemaid s\u00fcndmuseid minuga kus iganes ma maailmas parajasti toimetan. Igal aastal panen \u00fclesse ka oma suvekalendri Eestis kui seal viibin sellel ajal v\u00f5i siis mujal.<br \/>\nKui sa ei saa liikuda sinna kus mina parajasti asun, siis on mul pakkuda mitmeid online v\u00f5imalusi minuga koost\u00f6\u00f6d teha. Seega anna vaid teada ja pakun sulle mis v\u00f5iks sulle sobiv olla. N\u00e4iteks<strong>:<\/strong><br \/>\n<a href=\"https:\/\/crystalralaksmi.com\/eesti\/teenused\/rahamagnetid-1-8\/\"><strong>&#8211; Rahamagnetite pakett<\/strong><\/a> (1-8) v\u00f5i siis<br \/>\n<a href=\"https:\/\/crystalralaksmi.com\/eesti\/tootedpakkumised\/kulluse-seikluskoolitus-unistuste-ellu-8-kuuga\/\"><strong>&#8211; K\u00fclluse Seikluskoolitus Unistuste Ellu<\/strong> <\/a>passiivne pakett (v\u00f5i aktiivne pakett &#8211; sellel on algusajaks septembri algus ja jaanuari algus).<br \/>\n<strong>&#8211; <a href=\"https:\/\/crystalralaksmi.com\/eesti\/tootedpakkumised\/hawaiiseikluskoolitused\/\">Hawaii Seikluskoolitused<\/a><\/strong> toimuvad ka tavaliselt kaks korda aastas. Loe nende kohta lisa <a href=\"https:\/\/crystalralaksmi.com\/eesti\/tootedpakkumised\/hawaiiseikluskoolitused\/\">siit:\u00a0<\/a><br \/>\nK\u00f5ige viimane kalendri update asub <a href=\"https:\/\/crystalralaksmi.com\/eesti\/sundmused-maailmas\/2018-eesti-suve-kalender-crystal-ra-ja-michaeliga\/\">siin:\u00a0<\/a><br \/>\nLoodan, et sa j\u00f5uad ka minuga f\u00fc\u00fcsilisele kohtumisele! Seniks palju alohat sulle ja su toimetamistele!<br \/>\nCrystal Ra<br \/>\n<a href=\"https:\/\/crystalralaksmi.com\/eesti\/wp-content\/uploads\/2015\/12\/patzcuarobeachjumpcrystal.jpg\"><img loading=\"lazy\" decoding=\"async\" class=\"size-medium wp-image-3176 aligncenter\" src=\"https:\/\/crystalralaksmi.com\/eesti\/wp-content\/uploads\/2015\/12\/patzcuarobeachjumpcrystal-300x203.jpg\" alt=\"\" width=\"300\" height=\"203\" \/><\/a><br \/>\n[\/et_pb_text][\/et_pb_column][\/et_pb_row][\/et_pb_section]<\/p>\n<span class=\"et_bloom_bottom_trigger\"><\/span>","protected":false},"excerpt":{"rendered":"<p>Aloha ja tere tulemast minu imelisele s\u00fcndmuste lehele! Ma toimetan aktiivselt s\u00fcndmuste loomisega aastaringselt &#8211; nii online kui ka offline. Vaata siinsete linkide alt k\u00f5ige viimaseid ja v\u00e4rskemaid s\u00fcndmuseid minuga [&hellip;]<\/p>\n","protected":false},"author":1,"featured_media":224784,"parent":0,"menu_order":0,"comment_status":"closed","ping_status":"closed","template":"","meta":{"_acf_changed":false,"_et_pb_use_builder":"on","_et_pb_old_content":"<p><a href=\"https:\/\/crystalralaksmi.com\/eesti\/wp-content\/uploads\/2016\/06\/crystalwhitepuntasmileyoung.jpg\"><img class=\"alignleft size-medium wp-image-3718\" src=\"https:\/\/crystalralaksmi.com\/eesti\/wp-content\/uploads\/2016\/06\/crystalwhitepuntasmileyoung-245x300.jpg\" alt=\"\" width=\"245\" height=\"300\" \/><\/a>Aloha ja tere tulemast minu imelisele s\u00fcndmuste lehele!<br \/>Ma toimetan aktiivselt s\u00fcndmuste loomisega aastaringselt - nii online kui ka offline.<br \/>Vaata siinsete linkide alt k\u00f5ige viimaseid ja v\u00e4rskemaid s\u00fcndmuseid minuga kus iganes ma maailmas parajasti toimetan. Igal aastal panen \u00fclesse ka oma suvekalendri Eestis kui seal viibin sellel ajal v\u00f5i siis mujal.<br \/>Kui sa ei saa liikuda sinna kus mina parajasti asun, siis on mul pakkuda mitmeid online v\u00f5imalusi minuga koost\u00f6\u00f6d teha. Seega anna vaid teada ja pakun sulle mis v\u00f5iks sulle sobiv olla. N\u00e4iteks<strong>:<\/strong><br \/><a href=\"https:\/\/crystalralaksmi.com\/eesti\/teenused\/rahamagnetid-1-8\/\"><strong>- Rahamagnetite pakett<\/strong><\/a> (1-8) v\u00f5i siis<br \/><a href=\"https:\/\/crystalralaksmi.com\/eesti\/tootedpakkumised\/kulluse-seikluskoolitus-unistuste-ellu-8-kuuga\/\"><strong>- K\u00fclluse Seikluskoolitus Unistuste Ellu<\/strong> <\/a>passiivne pakett (v\u00f5i aktiivne pakett - sellel on algusajaks septembri algus ja jaanuari algus).<br \/><strong>- <a href=\"https:\/\/crystalralaksmi.com\/eesti\/tootedpakkumised\/hawaiiseikluskoolitused\/\">Hawaii Seikluskoolitused<\/a><\/strong> toimuvad ka tavaliselt kaks korda aastas. Loe nende kohta lisa <a href=\"https:\/\/crystalralaksmi.com\/eesti\/tootedpakkumised\/hawaiiseikluskoolitused\/\">siit:\u00a0<\/a><br \/>K\u00f5ige viimane kalendri update asub <a href=\"https:\/\/crystalralaksmi.com\/eesti\/sundmused-maailmas\/2018-eesti-suve-kalender-crystal-ra-ja-michaeliga\/\">siin:\u00a0<\/a><br \/>Loodan, et sa j\u00f5uad ka minuga f\u00fc\u00fcsilisele kohtumisele! Seniks palju alohat sulle ja su toimetamistele!<br \/>Crystal Ra<br \/><a href=\"https:\/\/crystalralaksmi.com\/eesti\/wp-content\/uploads\/2015\/12\/patzcuarobeachjumpcrystal.jpg\"><img class=\"size-medium wp-image-3176 aligncenter\" src=\"https:\/\/crystalralaksmi.com\/eesti\/wp-content\/uploads\/2015\/12\/patzcuarobeachjumpcrystal-300x203.jpg\" alt=\"\" width=\"300\" height=\"203\" \/><\/a><\/p>","_et_gb_content_width":"","footnotes":""},"class_list":["post-224783","page","type-page","status-publish","has-post-thumbnail","hentry"],"acf":[],"_links":{"self":[{"href":"https:\/\/crystalralaksmi.com\/eesti\/wp-json\/wp\/v2\/pages\/224783","targetHints":{"allow":["GET"]}}],"collection":[{"href":"https:\/\/crystalralaksmi.com\/eesti\/wp-json\/wp\/v2\/pages"}],"about":[{"href":"https:\/\/crystalralaksmi.com\/eesti\/wp-json\/wp\/v2\/types\/page"}],"author":[{"embeddable":true,"href":"https:\/\/crystalralaksmi.com\/eesti\/wp-json\/wp\/v2\/users\/1"}],"replies":[{"embeddable":true,"href":"https:\/\/crystalralaksmi.com\/eesti\/wp-json\/wp\/v2\/comments?post=224783"}],"version-history":[{"count":3,"href":"https:\/\/crystalralaksmi.com\/eesti\/wp-json\/wp\/v2\/pages\/224783\/revisions"}],"predecessor-version":[{"id":225151,"href":"https:\/\/crystalralaksmi.com\/eesti\/wp-json\/wp\/v2\/pages\/224783\/revisions\/225151"}],"wp:featuredmedia":[{"embeddable":true,"href":"https:\/\/crystalralaksmi.com\/eesti\/wp-json\/wp\/v2\/media\/224784"}],"wp:attachment":[{"href":"https:\/\/crystalralaksmi.com\/eesti\/wp-json\/wp\/v2\/media?parent=224783"}],"curies":[{"name":"wp","href":"https:\/\/api.w.org\/{rel}","templated":true}]}}