{"id":225533,"date":"2021-02-18T19:15:28","date_gmt":"2021-02-18T17:15:28","guid":{"rendered":"https:\/\/crystalralaksmi.com\/eesti\/?page_id=225533"},"modified":"2021-02-18T19:16:25","modified_gmt":"2021-02-18T17:16:25","slug":"podcast","status":"publish","type":"page","link":"https:\/\/crystalralaksmi.com\/eesti\/podcast\/","title":{"rendered":"Podcast"},"content":{"rendered":"<p>[et_pb_section fb_built=&#8221;1&#8243; _builder_version=&#8221;4.9.0&#8243; _module_preset=&#8221;default&#8221;][et_pb_row _builder_version=&#8221;4.9.0&#8243; _module_preset=&#8221;default&#8221;][et_pb_column _builder_version=&#8221;4.9.0&#8243; _module_preset=&#8221;default&#8221; type=&#8221;4_4&#8243;][et_pb_text _builder_version=&#8221;4.9.0&#8243; _module_preset=&#8221;default&#8221; hover_enabled=&#8221;0&#8243; sticky_enabled=&#8221;0&#8243;]<\/p>\n<p><strong><a href=\"https:\/\/crystalralaksmi.com\/eesti\/wp-content\/uploads\/2020\/08\/headphones.jpg\"><img loading=\"lazy\" decoding=\"async\" class=\"alignleft wp-image-6255 size-medium\" src=\"https:\/\/crystalralaksmi.com\/eesti\/wp-content\/uploads\/2020\/08\/headphones-300x200.jpg\" sizes=\"auto, (max-width: 300px) 100vw, 300px\" srcset=\"https:\/\/crystalralaksmi.com\/eesti\/wp-content\/uploads\/2020\/08\/headphones-300x200.jpg 300w, https:\/\/crystalralaksmi.com\/eesti\/wp-content\/uploads\/2020\/08\/headphones-450x300.jpg 450w, https:\/\/crystalralaksmi.com\/eesti\/wp-content\/uploads\/2020\/08\/headphones.jpg 720w\" alt=\"\" width=\"300\" height=\"200\" \/><\/a>Aarete Seiklused Podcasti taustalugu<\/strong><\/p>\n<p>Crystal Ra on intervjuusid teinud juba aastast 1994. Esimesed katsed toimusid kahes raadiojaamas \u2013 N\u00f5mme Raadios ja Kuma Raadios kus ta juhtis oma isiklikku talk showd nimega Elu Lained. Loe edasi.<span id=\"more-6202\"><\/span><\/p>\n<p>Tookordse show eesm\u00e4rk oli tuua saatesse p\u00f5nevaid inimesi ja n\u00e4idata et ka \u201ctavalise rahva hulgas\u201d leidub \u00e4\u00e4retult huvitavaid inimesi ja selleks ei pea alati olema vaid kuulsus v\u00f5i prominent.<\/p>\n<p>Crystal Ra ei teadnud siis veel, et see oli soojendus ja vaimu poolne ettevalmistus kogu \u00fclej\u00e4\u00e4nud elu\u00fclesande seikluseks selle teemaga. Selleks aga et tekiks v\u00f5ime ja oskus inimesi k\u00fcsitleda s\u00fcgavamal moel viis Crystal Ra elutee teda otsapidi Norrasse, kus ta sukeldus antropoloogia \u00f5pingutesse. Pole paremat moodust aru saada kes me oleme inimestena, kust me tuleme ja kuhu liigume kui seda on antropoloogia suurendusklaas.<\/p>\n<p><a href=\"https:\/\/crystalralaksmi.com\/eesti\/wp-content\/uploads\/2020\/08\/film-camera-crystal-tromso%CC%88.jpg\"><img loading=\"lazy\" decoding=\"async\" class=\"alignleft size-full wp-image-6256\" src=\"https:\/\/crystalralaksmi.com\/eesti\/wp-content\/uploads\/2020\/08\/film-camera-crystal-tromso%CC%88.jpg\" sizes=\"auto, (max-width: 340px) 100vw, 340px\" srcset=\"https:\/\/crystalralaksmi.com\/eesti\/wp-content\/uploads\/2020\/08\/film-camera-crystal-tromso\u0308.jpg 340w, https:\/\/crystalralaksmi.com\/eesti\/wp-content\/uploads\/2020\/08\/film-camera-crystal-tromso\u0308-300x225.jpg 300w\" alt=\"\" width=\"340\" height=\"255\" \/><\/a>Aastatel 2002 \u2013 2007 \u00f5ppis Crystal Ra antropoloogiat Norras ja L\u00f5una-Aafrikas, mis aitas veelgi s\u00fcvendatumalt sukelduda intervjuude maailma, isegi kui teistmoodi antropoloogilise l\u00e4henemisega. Osad neist intervjuudest sai ka l\u00f5imitud Crystal Ra magistrikraadi dokumentaalfilmi L\u00f5una-Aafrikast Kiirtee Taevasse mis tuli v\u00e4lja aastal 2007.<\/p>\n<p>Suvel 2019 sai ta ka koos Michaeli, oma abikaasaga k\u00fclastada oma dokumentaalfilmi peategelast Giovannat, kes oli kolinud Inglismaale. See oli v\u00e4ga p\u00f5nev kohtumine. N\u00e4ha \u00fche inimese elu transformeerumas filmikaamera ees L\u00f5una-Aafrikas ja seej\u00e4rel selle j\u00e4tkupeat\u00fckke p\u00e4riselus Inglismaal \u2013 oli v\u00e4ga v\u00f5imas kogemus.<\/p>\n<p>Dokumentaalfilmid on kindlasti ka Crystal Ra tulevikumuusika. See v\u00f5lu kuidas on v\u00f5imalik filmilindile j\u00e4\u00e4dvustada elu ja lugusid on v\u00f5luv ja maagiline protsess. Podcasti tegemine on mingis m\u00f5ttes mini dokumentaal \u2013 kuna protsessis on k\u00f5ik sarnased elemendid. On vaja teha ettevlamistust, uurida mis ruumi luua ja siis lindistada ja siis see k\u00f5ik kokku l\u00f5igata sobivaks saateks ja teha k\u00f5ik j\u00e4relturundusega seonduv.<\/p>\n<p>Kirjutamine on olnud Crystal Ra \u00fcks lemmiktegevusi v\u00e4ikesest peale. Esimesed katsed avaldati ka tolleaegses noortelehes Eesti Meedias. Hiljem lisandus ka artikleid nii ajalehtedes kui ka ajakirjades vabakutselise ajakirjanikuna.<\/p>\n<p><a href=\"https:\/\/crystalralaksmi.com\/eesti\/wp-content\/uploads\/2014\/03\/crystalmexicowritersadventure.jpg\"><img loading=\"lazy\" decoding=\"async\" class=\"alignleft wp-image-1527 size-medium\" src=\"https:\/\/crystalralaksmi.com\/eesti\/wp-content\/uploads\/2014\/03\/crystalmexicowritersadventure-300x226.jpg\" sizes=\"auto, (max-width: 300px) 100vw, 300px\" srcset=\"https:\/\/crystalralaksmi.com\/eesti\/wp-content\/uploads\/2014\/03\/crystalmexicowritersadventure-300x226.jpg 300w, https:\/\/crystalralaksmi.com\/eesti\/wp-content\/uploads\/2014\/03\/crystalmexicowritersadventure-1024x771.jpg 1024w, https:\/\/crystalralaksmi.com\/eesti\/wp-content\/uploads\/2014\/03\/crystalmexicowritersadventure-397x300.jpg 397w\" alt=\"\" width=\"300\" height=\"226\" \/><\/a>Alates 2013 alustas Crystal Ra uuesti aktiivsema isikliku blogi pidamisega ja seal sai ka alustatud uut intervjuude seeriat, mille k\u00e4igus sai intervjueeritud rahvusvaheliselt 20 inimest. Osad said tehtud videointervjuud, osad vaid kirjalikud. Osad videod sai liidetud Crystal Ra VIP klubiga, millest sai 12-kuuline online klubi . Seej\u00e4rel said osad neist \u00fcle kantud Crystal Ra Meistriklubi programmi, mis kestab ka 12 kuud ja on praegu aktiivne. Eelmisel kevadel alustas Crystal Ra ka Havai kultuuri ja lugude kogumeisega alustades uut You Tube kanalit nimega<strong><a href=\"https:\/\/www.youtube.com\/channel\/UC07KjHA-TkVgxHf_Khdredg\">\u00a0Aloha Fairytales.<\/a><\/strong><\/p>\n<p align=\"JUSTIFY\">M\u00f5te oma Podcastist hakkas idanema juba aastal 2016, kuid alles 2020 aasta jaanuaris said esimesed konkreetsed sammud v\u00f5etud.<\/p>\n<p align=\"JUSTIFY\">Teekonnal alustamisega julgustas ka\u00a0<strong>Indrek P\u00f5ldvee<\/strong>, kes pakkus v\u00f5imalust katsetada tema\u00a0<strong>Hakkame Tegutsema Podcastis<\/strong>, mis on Eestis \u00fcks edukamaid Podcaste. Esimene episood sai lindistatud aprillis 2020 ja m\u00f5ne kuu jooksul l\u00e4ks \u00fclesse kolm episoodi \u2013\u00a0<strong>Mari Arnover<\/strong>\u00a0(11.05.2020),\u00a0<strong>Kaidi Kirss<\/strong>\u00a0(1.06.2020) ja<strong>\u00a0Heli K\u00fcnnapas<\/strong>\u00a0(14.06.2020).<\/p>\n<p align=\"JUSTIFY\"><strong>Vaata nende kohta\u00a0<a href=\"http:\/\/www.hakkametegutsema.ee\/podcast\/koik-lood\">lisa siit:<\/a><\/strong><\/p>\n<p align=\"JUSTIFY\">1 juulil avasime ka oma Podcasti eestikeelse platvormi Podbeanis. T\u00f6\u00f6 veel k\u00e4ib ka teiste platvormidega \u00fchendamisega. Plaanis on panna \u00fclesse \u00fcks episood n\u00e4dalas \u2013 keskn\u00e4dalal audio ja n\u00e4dala l\u00f5pus video. Vahelduvalt lindistan ka oma solo seansid k\u00fclalis intervjuude vahele parajasti aktuaalsetest teemadest.<\/p>\n<p align=\"JUSTIFY\">Podcastil on olemas ka oma<strong><a href=\"https:\/\/www.facebook.com\/aareteseiklusedpodcast\/?\">\u00a0FB leht<\/a><\/strong>, oma<strong><a href=\"http:\/\/www.aareteseiklused.podbean.com\/\">\u00a0leht Podbeanis<\/a><\/strong>\u00a0ja\u00a0<a href=\"https:\/\/www.youtube.com\/channel\/UCPZEsEzaPCTEoWxrhnOdKeQ\">You Tube kanal<\/a>.<\/p>\n<p align=\"JUSTIFY\"><strong>Mis on Aarete Seiklused Podcast Crystal Ra-ga eesm\u00e4rk?<\/strong><\/p>\n<p align=\"JUSTIFY\">Aarete Seiklused Crystal Ra-ga on Podcast, mille eesm\u00e4rk on jagada p\u00f5nevate inimeste lugusid kes armastavad elada kastist v\u00e4ljas ja on juba pikemat aega aru saanud et nad on iseendi suuremad aarete laekad. Nad on avastanud kuidas need sisemised aarded nii iseenda kui ka maailma jaoks t\u00f6\u00f6le panna, nii et see planeet muutuks paremaks kohaks.<\/p>\n<p align=\"JUSTIFY\">Kuna Crystal Ra on ise seigelnud 30-le maale, on tema huviorbiidis sageli just ka inimesed kes on palju reisinud ja palju n\u00e4inud, kuna iga kord kui lahkume oma kodumaalt \u2013 astume me j\u00e4llegi \u201c\u00e4\u00e4realale\u201d ja juba seet\u00f5ttu v\u00f5ime avada uusi aarete laekaid oma sisemuses. Need \u201c\u00e4\u00e4realad\u201d on hirmutavad, aga nende taga on alati peidus p\u00f5nevad aarded.<\/p>\n<p align=\"JUSTIFY\">M\u00f5nikord on k\u00fclalisteks ka inimesed kes pole k\u00fcll palju reisinud, kuid kes on l\u00e4bi teinud kas palju siseseikluseid v\u00f5i l\u00e4bi tulnud v\u00e4ga paljudest katsumustest mis on muutnud \u00e4\u00e4reala viljakaks aiaks mitte ainult endale vaid ka teistele. Sagedased on ettev\u00f5tjad, vabatahtlikud, suured aktivistid ja eesrindlikud kogukonna(dade) vedajad. Crystal Ra usub et igas inimeses on need aarded olemas, iseasi kas ja kes julgeb ja s\u00f6oandab neid v\u00e4lja kaevata ja nendega midagi peale hakata. \u00dche inimese lugu v\u00f5ib teisigi motiveerida rohkematele tegudele!<\/p>\n<p align=\"JUSTIFY\">Saatejuht Crystal Ra usub et iga\u00fcks on \u00fcks suur aare ja et meie sees on veel peidus palju sisemisi aardeid. Crystal Ra \u00fclesandeks on jagada maailmaga nende inimeste lugusid kes on juba \u00fclesse leidnud kas m\u00f5ned v\u00f5i paljud oma aaretest ja saavad oma looga inspireerida ja motiveerida ka teisi elama t\u00e4isv\u00e4\u00e4rtuslikumat elu julgedes valida t\u00f5eline \u201coma s\u00fcdame tee\u201d mis paneb nii s\u00fcdame kui ka m\u00f5istuse mitte ainult laulma vaid ka koost\u00f6\u00f6d tegema ja maailma muutma.<\/p>\n<p align=\"JUSTIFY\"><strong>Mis juhtub siis kui me paneme oma aarded nii iseenda jaoks t\u00f6\u00f6le kui ka teiste jaoks? Mis saab meist ja maailmast meie \u00fcmber?<\/strong><\/p>\n<p align=\"JUSTIFY\">Samuti on Crystal Ra \u00fclesandeks saate ajal tuua v\u00e4lja saatek\u00fclalise hiilgust, nii et need erinevad aarded mis on temas peidus \u2013 saavad ka maailmale suuremalt v\u00e4lja paista ja teha seda palju suurema hiilgusega ning teha v\u00f5imalikuks olla selle inimese aarete valjuh\u00e4\u00e4ldi.<\/p>\n<p align=\"JUSTIFY\"><strong>Saate l\u00e4bivateks teemadeks on sisekaemus, Holistiline K\u00fcllus, Siseaarete laekad nii nagu ka jagada nippe ning t\u00f6\u00f6riistu kuidas luua oma elust t\u00f5eliselt p\u00f5nev seiklus iseenda tingimustel siin ja praegu.<\/strong><\/p>\n<p align=\"JUSTIFY\">Kui sa soovid saadet toetada v\u00f5i hakata saate vabatahtlikuks, v\u00f5ta meiega \u00fchendust\u00a0aareteseiklusedpodcast@gmail.com\u00a0teel.<\/p>\n<div id=\"attachment_5904\" class=\"wp-caption alignleft\"><a href=\"https:\/\/crystalralaksmi.com\/eesti\/wp-content\/uploads\/2020\/02\/Crystal-happy-brings-the-joy.jpg\"><img loading=\"lazy\" decoding=\"async\" class=\"wp-image-5904 size-medium\" src=\"https:\/\/crystalralaksmi.com\/eesti\/wp-content\/uploads\/2020\/02\/Crystal-happy-brings-the-joy-188x300.jpg\" sizes=\"auto, (max-width: 188px) 100vw, 188px\" srcset=\"https:\/\/crystalralaksmi.com\/eesti\/wp-content\/uploads\/2020\/02\/Crystal-happy-brings-the-joy-188x300.jpg 188w, https:\/\/crystalralaksmi.com\/eesti\/wp-content\/uploads\/2020\/02\/Crystal-happy-brings-the-joy-768x1226.jpg 768w, https:\/\/crystalralaksmi.com\/eesti\/wp-content\/uploads\/2020\/02\/Crystal-happy-brings-the-joy-641x1024.jpg 641w\" alt=\"\" width=\"188\" height=\"300\" \/><\/a><\/p>\n<p class=\"wp-caption-text\">Aloha!<\/p>\n<\/div>\n<p align=\"JUSTIFY\">Imelist nautimist ja kasvamist koos meiega,<\/p>\n<p align=\"JUSTIFY\">Crystal Ra koos tiimiga;)<\/p>\n<p>[\/et_pb_text][\/et_pb_column][\/et_pb_row][\/et_pb_section]<\/p>\n<span class=\"et_bloom_bottom_trigger\"><\/span>","protected":false},"excerpt":{"rendered":"<p>Aarete Seiklused Podcasti taustalugu Crystal Ra on intervjuusid teinud juba aastast 1994. Esimesed katsed toimusid kahes raadiojaamas \u2013 N\u00f5mme Raadios ja Kuma Raadios kus ta juhtis oma isiklikku talk showd [&hellip;]<\/p>\n","protected":false},"author":2,"featured_media":225539,"parent":0,"menu_order":0,"comment_status":"closed","ping_status":"closed","template":"","meta":{"_acf_changed":false,"_et_pb_use_builder":"on","_et_pb_old_content":"","_et_gb_content_width":"","footnotes":""},"class_list":["post-225533","page","type-page","status-publish","has-post-thumbnail","hentry"],"acf":[],"_links":{"self":[{"href":"https:\/\/crystalralaksmi.com\/eesti\/wp-json\/wp\/v2\/pages\/225533","targetHints":{"allow":["GET"]}}],"collection":[{"href":"https:\/\/crystalralaksmi.com\/eesti\/wp-json\/wp\/v2\/pages"}],"about":[{"href":"https:\/\/crystalralaksmi.com\/eesti\/wp-json\/wp\/v2\/types\/page"}],"author":[{"embeddable":true,"href":"https:\/\/crystalralaksmi.com\/eesti\/wp-json\/wp\/v2\/users\/2"}],"replies":[{"embeddable":true,"href":"https:\/\/crystalralaksmi.com\/eesti\/wp-json\/wp\/v2\/comments?post=225533"}],"version-history":[{"count":2,"href":"https:\/\/crystalralaksmi.com\/eesti\/wp-json\/wp\/v2\/pages\/225533\/revisions"}],"predecessor-version":[{"id":225536,"href":"https:\/\/crystalralaksmi.com\/eesti\/wp-json\/wp\/v2\/pages\/225533\/revisions\/225536"}],"wp:featuredmedia":[{"embeddable":true,"href":"https:\/\/crystalralaksmi.com\/eesti\/wp-json\/wp\/v2\/media\/225539"}],"wp:attachment":[{"href":"https:\/\/crystalralaksmi.com\/eesti\/wp-json\/wp\/v2\/media?parent=225533"}],"curies":[{"name":"wp","href":"https:\/\/api.w.org\/{rel}","templated":true}]}}