{"id":225807,"date":"2021-09-16T07:42:19","date_gmt":"2021-09-16T04:42:19","guid":{"rendered":"https:\/\/crystalralaksmi.com\/eesti\/?page_id=225807"},"modified":"2021-09-16T07:42:19","modified_gmt":"2021-09-16T04:42:19","slug":"eelnevad-teenused","status":"publish","type":"page","link":"https:\/\/crystalralaksmi.com\/eesti\/teenused\/eelnevad-teenused\/","title":{"rendered":"Eelnevad Teenused"},"content":{"rendered":"<p>Need on teenused mida olen ka eelnevalt pakkunud. Praegusel hetkel v\u00f5ivad need olla k\u00f5rvalised, aga kui sa n\u00e4ed seda nimekirja ja siin on midagi mis sinuga heliseb, siis \u00e4ra kahtle ja v\u00f5ta minuga \u00fchendust ja toimetame!<\/p>\n<span class=\"et_bloom_bottom_trigger\"><\/span>","protected":false},"excerpt":{"rendered":"<p>Need on teenused mida olen ka eelnevalt pakkunud. Praegusel hetkel v\u00f5ivad need olla k\u00f5rvalised, aga kui sa n\u00e4ed seda nimekirja ja siin on midagi mis sinuga heliseb, siis \u00e4ra kahtle [&hellip;]<\/p>\n","protected":false},"author":5,"featured_media":0,"parent":215,"menu_order":0,"comment_status":"closed","ping_status":"closed","template":"","meta":{"_acf_changed":false,"_et_pb_use_builder":"","_et_pb_old_content":"","_et_gb_content_width":"","footnotes":""},"class_list":["post-225807","page","type-page","status-publish","hentry"],"acf":[],"_links":{"self":[{"href":"https:\/\/crystalralaksmi.com\/eesti\/wp-json\/wp\/v2\/pages\/225807","targetHints":{"allow":["GET"]}}],"collection":[{"href":"https:\/\/crystalralaksmi.com\/eesti\/wp-json\/wp\/v2\/pages"}],"about":[{"href":"https:\/\/crystalralaksmi.com\/eesti\/wp-json\/wp\/v2\/types\/page"}],"author":[{"embeddable":true,"href":"https:\/\/crystalralaksmi.com\/eesti\/wp-json\/wp\/v2\/users\/5"}],"replies":[{"embeddable":true,"href":"https:\/\/crystalralaksmi.com\/eesti\/wp-json\/wp\/v2\/comments?post=225807"}],"version-history":[{"count":1,"href":"https:\/\/crystalralaksmi.com\/eesti\/wp-json\/wp\/v2\/pages\/225807\/revisions"}],"predecessor-version":[{"id":225808,"href":"https:\/\/crystalralaksmi.com\/eesti\/wp-json\/wp\/v2\/pages\/225807\/revisions\/225808"}],"up":[{"embeddable":true,"href":"https:\/\/crystalralaksmi.com\/eesti\/wp-json\/wp\/v2\/pages\/215"}],"wp:attachment":[{"href":"https:\/\/crystalralaksmi.com\/eesti\/wp-json\/wp\/v2\/media?parent=225807"}],"curies":[{"name":"wp","href":"https:\/\/api.w.org\/{rel}","templated":true}]}}