{"id":226059,"date":"2021-12-31T07:37:18","date_gmt":"2021-12-31T05:37:18","guid":{"rendered":"https:\/\/crystalralaksmi.com\/eesti\/?page_id=226059"},"modified":"2021-12-31T07:37:18","modified_gmt":"2021-12-31T05:37:18","slug":"teenuste-arhiiv","status":"publish","type":"page","link":"https:\/\/crystalralaksmi.com\/eesti\/teenuste-arhiiv\/","title":{"rendered":"Teenuste arhiiv"},"content":{"rendered":"<p>Siit leiad m\u00f5ned teenused mis ei ole praegu enam v\u00e4ga aktiivsed aga kui need sulle huvi pakuvad v\u00f5id nende kohta ikkagi k\u00fcsida. Saada oma email crystalralaksmi@gmail.com aadressile.<\/p>\n<span class=\"et_bloom_bottom_trigger\"><\/span>","protected":false},"excerpt":{"rendered":"<p>Siit leiad m\u00f5ned teenused mis ei ole praegu enam v\u00e4ga aktiivsed aga kui need sulle huvi pakuvad v\u00f5id nende kohta ikkagi k\u00fcsida. Saada oma email crystalralaksmi@gmail.com aadressile.<\/p>\n","protected":false},"author":5,"featured_media":0,"parent":0,"menu_order":0,"comment_status":"closed","ping_status":"closed","template":"","meta":{"_acf_changed":false,"_et_pb_use_builder":"","_et_pb_old_content":"","_et_gb_content_width":"","footnotes":""},"class_list":["post-226059","page","type-page","status-publish","hentry"],"acf":[],"_links":{"self":[{"href":"https:\/\/crystalralaksmi.com\/eesti\/wp-json\/wp\/v2\/pages\/226059","targetHints":{"allow":["GET"]}}],"collection":[{"href":"https:\/\/crystalralaksmi.com\/eesti\/wp-json\/wp\/v2\/pages"}],"about":[{"href":"https:\/\/crystalralaksmi.com\/eesti\/wp-json\/wp\/v2\/types\/page"}],"author":[{"embeddable":true,"href":"https:\/\/crystalralaksmi.com\/eesti\/wp-json\/wp\/v2\/users\/5"}],"replies":[{"embeddable":true,"href":"https:\/\/crystalralaksmi.com\/eesti\/wp-json\/wp\/v2\/comments?post=226059"}],"version-history":[{"count":1,"href":"https:\/\/crystalralaksmi.com\/eesti\/wp-json\/wp\/v2\/pages\/226059\/revisions"}],"predecessor-version":[{"id":226060,"href":"https:\/\/crystalralaksmi.com\/eesti\/wp-json\/wp\/v2\/pages\/226059\/revisions\/226060"}],"wp:attachment":[{"href":"https:\/\/crystalralaksmi.com\/eesti\/wp-json\/wp\/v2\/media?parent=226059"}],"curies":[{"name":"wp","href":"https:\/\/api.w.org\/{rel}","templated":true}]}}