{"id":226078,"date":"2022-02-09T22:38:27","date_gmt":"2022-02-09T20:38:27","guid":{"rendered":"https:\/\/crystalralaksmi.com\/eesti\/?page_id=226078"},"modified":"2022-02-09T23:00:32","modified_gmt":"2022-02-09T21:00:32","slug":"wildfiti-valjakutsel-osalejate-video-tagasiside","status":"publish","type":"page","link":"https:\/\/crystalralaksmi.com\/eesti\/wildfiti-valjakutsel-osalejate-video-tagasiside\/","title":{"rendered":"WILDFITI-s osalenute videod"},"content":{"rendered":"<p>WILDFITi tervise v\u00e4ljakutse mille on v\u00e4lja t\u00f6\u00f6tanud<strong> Eric Edmeades<\/strong> on maailma parimaid terviseprogramme, mis annab sulle v\u00f5imaluse saada toiduvabadus ning hakata tegema teadlikumaid valikuid oma tervise heaks. Sellel on v\u00e4ga palju boonuseid mitte ainult v\u00e4ljakutse ajaks vaid ka hilisemaks. Mis saab parem olla kui kuulda osalejatelt endilt missugune oli see kogemus neile ja kas nad soovitaksid seda ka teistele? Oma silm on kuningas!!<\/p>\n<p><strong>Regulaarsed grupid toimuvad 3 korda aastas algusega: Jaanuar; m\u00e4rts v\u00f5i aprill; september<\/strong><\/p>\n<p>Crystal Ra on olnud sertifitseeritud WILDFITI coach alates oktoobrist 2021 kuigi Life Coachina on tegelenud 20+ aastat.<\/p>\n<p style=\"text-align: center;\"><img loading=\"lazy\" decoding=\"async\" class=\"aligncenter wp-image-226079 size-large\" src=\"https:\/\/crystalralaksmi.com\/eesti\/wp-content\/uploads\/2022\/02\/happy-group-wildfitters-1024x624.jpg\" alt=\"\" width=\"1024\" height=\"624\" srcset=\"https:\/\/crystalralaksmi.com\/eesti\/wp-content\/uploads\/2022\/02\/happy-group-wildfitters-1024x624.jpg 1024w, https:\/\/crystalralaksmi.com\/eesti\/wp-content\/uploads\/2022\/02\/happy-group-wildfitters-980x597.jpg 980w, https:\/\/crystalralaksmi.com\/eesti\/wp-content\/uploads\/2022\/02\/happy-group-wildfitters-480x293.jpg 480w\" sizes=\"auto, (min-width: 0px) and (max-width: 480px) 480px, (min-width: 481px) and (max-width: 980px) 980px, (min-width: 981px) 1024px, 100vw\" \/><strong>Pilootgrupi osalejad oktoobris 2021<\/strong><\/p>\n<p><strong>WILDFIT pilootgrupp &#8211; Juuli 2021 &#8211; Oktoober 2021<\/strong><\/p>\n<p>Laura tagasiside<a href=\"https:\/\/youtu.be\/esThTufacmM\"> siin:\u00a0<\/a><\/p>\n<p>Aive tagasiside <a href=\"https:\/\/youtu.be\/sx5OVZoH2Nw\">siin:\u00a0<\/a><\/p>\n<p>Heli tagasiside<a href=\"https:\/\/youtu.be\/f5uvjdzTNEs\"> siin:\u00a0<\/a><\/p>\n<p>Heleri tagasiside <a href=\"https:\/\/youtu.be\/kptdaBSyqWI\">siin:\u00a0<\/a><\/p>\n<p>Birgiti tagasiside <a href=\"https:\/\/youtu.be\/zJbPqwRYxmY\">siin:\u00a0<\/a><\/p>\n<p>K\u00e4rdi tagasiside<a href=\"https:\/\/youtu.be\/Gv5wK3sheo8\"> siin:\u00a0<\/a><\/p>\n<p>Siiri tagasiside <a href=\"https:\/\/youtu.be\/lf8lOa4Sv6g\">siin:<\/a><\/p>\n<p><strong>WILDFIT EST 2 &#8211; Oktoober &#8211; Detsember\u00a0<\/strong><\/p>\n<p>Riti tagasiside<a href=\"https:\/\/youtu.be\/58XlRYNIuXU\"> siin:\u00a0<\/a><\/p>\n<p>Kaili tagasiside<a href=\"https:\/\/youtu.be\/A6LRt6c4tWw\"> siin:\u00a0<\/a><\/p>\n<p>Pireti tagasiside <a href=\"https:\/\/youtu.be\/XkzrMedvVyI\">siin:\u00a0<\/a><\/p>\n<p>Lisa tagasiside videod tulekul.<\/p>\n<p>Loe lisa WILDFITI kohta<a href=\"https:\/\/infinite-activation.mykajabi.com\/get-wildfit-est\"> siit:\u00a0<\/a><\/p>\n<p>Tahad natuke rohkem teemaga tutvuda?<\/p>\n<p>Vaata minu tutvustavat meistriklassi videot <a href=\"https:\/\/youtu.be\/Jxd0wQ66SdY\">siit:<\/a> &#8211; 6 viga mida saad v\u00e4ltida kui soovid \u00f5nneliku ja tervet keha!<\/p>\n<p>Osta ka sooduspakkumisega iseseisev 5-p\u00e4evane Tervise Taask\u00e4ivituse V\u00e4ljakutse (20 eurot)<a href=\"https:\/\/crystalralaksmi.com\/eesti\/product\/tervise-taaskaivituse-valjakutse-videod\/\"> siit:\u00a0<\/a><\/p>\n<p><strong>Soovid programmiga liituda? Emaili kohe wildfitcrystalra@gmail.com aadressile et edasi tegutseda!<\/strong><\/p>\n<span class=\"et_bloom_bottom_trigger\"><\/span>","protected":false},"excerpt":{"rendered":"<p>V\u00f5imalus l\u00e4bi vaadata erinevate WILDFITi v\u00e4ljakutsel osalenute tagasiside videod. <\/p>\n","protected":false},"author":5,"featured_media":226079,"parent":0,"menu_order":0,"comment_status":"closed","ping_status":"closed","template":"","meta":{"_acf_changed":false,"_et_pb_use_builder":"","_et_pb_old_content":"","_et_gb_content_width":"","footnotes":""},"class_list":["post-226078","page","type-page","status-publish","has-post-thumbnail","hentry"],"acf":[],"_links":{"self":[{"href":"https:\/\/crystalralaksmi.com\/eesti\/wp-json\/wp\/v2\/pages\/226078","targetHints":{"allow":["GET"]}}],"collection":[{"href":"https:\/\/crystalralaksmi.com\/eesti\/wp-json\/wp\/v2\/pages"}],"about":[{"href":"https:\/\/crystalralaksmi.com\/eesti\/wp-json\/wp\/v2\/types\/page"}],"author":[{"embeddable":true,"href":"https:\/\/crystalralaksmi.com\/eesti\/wp-json\/wp\/v2\/users\/5"}],"replies":[{"embeddable":true,"href":"https:\/\/crystalralaksmi.com\/eesti\/wp-json\/wp\/v2\/comments?post=226078"}],"version-history":[{"count":4,"href":"https:\/\/crystalralaksmi.com\/eesti\/wp-json\/wp\/v2\/pages\/226078\/revisions"}],"predecessor-version":[{"id":226084,"href":"https:\/\/crystalralaksmi.com\/eesti\/wp-json\/wp\/v2\/pages\/226078\/revisions\/226084"}],"wp:featuredmedia":[{"embeddable":true,"href":"https:\/\/crystalralaksmi.com\/eesti\/wp-json\/wp\/v2\/media\/226079"}],"wp:attachment":[{"href":"https:\/\/crystalralaksmi.com\/eesti\/wp-json\/wp\/v2\/media?parent=226078"}],"curies":[{"name":"wp","href":"https:\/\/api.w.org\/{rel}","templated":true}]}}