{"id":226295,"date":"2022-09-24T05:59:25","date_gmt":"2022-09-24T02:59:25","guid":{"rendered":"https:\/\/crystalralaksmi.com\/eesti\/?page_id=226295"},"modified":"2023-02-23T06:46:02","modified_gmt":"2023-02-23T04:46:02","slug":"elukunstnikuks-taaskaivitumise-votmete-valjakutse-3-kuud","status":"publish","type":"page","link":"https:\/\/crystalralaksmi.com\/eesti\/elukunstnikuks-taaskaivitumise-votmete-valjakutse-3-kuud\/","title":{"rendered":"Elukunstnikuks Taask\u00e4ivitumise V\u00f5tmete V\u00e4ljakutse &#8211; 3 kuud"},"content":{"rendered":"","protected":false},"excerpt":{"rendered":"","protected":false},"author":5,"featured_media":226294,"parent":0,"menu_order":0,"comment_status":"closed","ping_status":"closed","template":"","meta":{"_acf_changed":false,"_et_pb_use_builder":"","_et_pb_old_content":"","_et_gb_content_width":"","footnotes":""},"class_list":["post-226295","page","type-page","status-publish","post-password-required","hentry"],"acf":[],"_links":{"self":[{"href":"https:\/\/crystalralaksmi.com\/eesti\/wp-json\/wp\/v2\/pages\/226295","targetHints":{"allow":["GET"]}}],"collection":[{"href":"https:\/\/crystalralaksmi.com\/eesti\/wp-json\/wp\/v2\/pages"}],"about":[{"href":"https:\/\/crystalralaksmi.com\/eesti\/wp-json\/wp\/v2\/types\/page"}],"author":[{"embeddable":true,"href":"https:\/\/crystalralaksmi.com\/eesti\/wp-json\/wp\/v2\/users\/5"}],"replies":[{"embeddable":true,"href":"https:\/\/crystalralaksmi.com\/eesti\/wp-json\/wp\/v2\/comments?post=226295"}],"version-history":[{"count":75,"href":"https:\/\/crystalralaksmi.com\/eesti\/wp-json\/wp\/v2\/pages\/226295\/revisions"}],"predecessor-version":[{"id":226652,"href":"https:\/\/crystalralaksmi.com\/eesti\/wp-json\/wp\/v2\/pages\/226295\/revisions\/226652"}],"wp:featuredmedia":[{"embeddable":true,"href":"https:\/\/crystalralaksmi.com\/eesti\/wp-json\/wp\/v2\/media\/226294"}],"wp:attachment":[{"href":"https:\/\/crystalralaksmi.com\/eesti\/wp-json\/wp\/v2\/media?parent=226295"}],"curies":[{"name":"wp","href":"https:\/\/api.w.org\/{rel}","templated":true}]}}