{"id":226904,"date":"2024-09-04T05:06:36","date_gmt":"2024-09-04T02:06:36","guid":{"rendered":"https:\/\/crystalralaksmi.com\/eesti\/?page_id=226904"},"modified":"2024-09-04T05:06:36","modified_gmt":"2024-09-04T02:06:36","slug":"kvantum-huppe-1-1le-seanss","status":"publish","type":"page","link":"https:\/\/crystalralaksmi.com\/eesti\/kvantum-huppe-1-1le-seanss\/","title":{"rendered":"Kvantum H\u00fcppe 1-1le seanss"},"content":{"rendered":"<h1 style=\"text-align: center;\"><a href=\"https:\/\/crystalralaksmi.com\/eesti\/wp-content\/uploads\/2024\/09\/crystalmandala-scaled.jpg\"><img loading=\"lazy\" decoding=\"async\" class=\"size-medium wp-image-226905 alignleft\" src=\"https:\/\/crystalralaksmi.com\/eesti\/wp-content\/uploads\/2024\/09\/crystalmandala-171x300.jpg\" alt=\"\" width=\"171\" height=\"300\" \/><\/a><strong>1-1le Kvantum H\u00fcppe sessioonil (1,5 &#8211; 2 tundi) saad kogeda j\u00e4rgnevaid elemente:\u00a0<\/strong><\/h1>\n<ol>\n<li><strong>Tutvustus ja taotluse panemine (10-15 min)<\/strong><span style=\"color: #666666; font-size: 14px;\">\u00a0<\/span>\n<ul>\n<li><strong>Personaalne \u00dchendus<\/strong>: Selgitame v\u00e4lja kus sa praegusel hetkel asud ja kuhu sooviksid oma elus liikuda ning millist Kvantumh\u00fcpet sooritada.<\/li>\n<li><b>Taotluse panemine:\u00a0<\/b>Juhin sind leidma selge ja v\u00e4eka taotluse kogu sessiooni jaoks. See on sinu seansi fookuspunkt sinu Kvantum H\u00fcppeks.<\/li>\n<\/ul>\n<\/li>\n<li><strong>Kvantum Kiirpuhastus (10 &#8211; 15 min)\u00a0<\/strong>\n<ul>\n<li><b>P\u00f5hi uskumused mis sind tagasi hoiavad:<\/b> Selgitame v\u00e4lja mis on 2-3 peamist uskumust mis sind su unistuste elu loomisel praegusel hetkel pidurdavad<\/li>\n<li><b>Kvantum kiirpuhastus ja uute programmide allalaadimine: <\/b>Puhastame peamised uskumused ja laeme alla uued programmid mis valmistavad ette su Kvantum H\u00fcpet.<\/li>\n<li>NB! Kui sul on palju uskumusi mis takistavad, on soovitav teha s\u00fcgavam Kvantum puhastuse seanss enne seda seanssi.<\/li>\n<\/ul>\n<\/li>\n<li><strong>Kvantum H\u00e4\u00e4lestuse Meditatsioon (15-20 min)<\/strong>\n<ul>\n<li><strong>Maanduse Harjutus<\/strong>:\u00a0 Alustame maanduse meditatsiooniga, mis aitab sul \u00fchenduda oma sisemise mina ja maailmaga ja praeguse hetkega ning Emakese Maaga.<\/li>\n<li><strong>H\u00e4\u00e4lestuse Visualiseerimine<\/strong>: Juhin sind l\u00e4bi visualiseerimise kus sa h\u00e4\u00e4lestad oma energia oma soovitud Kvantum Reaalsusega aidates sul tunda, n\u00e4ha ja kehastada seda uut versiooni endast.<\/li>\n<\/ul>\n<\/li>\n<li><strong>Juhendatud Kvantum H\u00fcpe (20-30 min)<\/strong>\n<ul>\n<li><strong>Kvantum V\u00e4ljaga \u00dchendumine<\/strong>: Juhendan sind su Kvantum V\u00e4ljale, kus k\u00f5ik v\u00f5imalused eksisteerivad. Sul on v\u00f5imalus avastada erinevaid v\u00f5imalusi endast ja oma elust.<\/li>\n<li><strong>Kvantum H\u00fcppe protsess<\/strong>: Aitan sul energeetiliselt h\u00fcpata uude versiooni endast ja oma elust, mis \u00fchendub sinu taotlusega. Kasutame kinnitavaid taotlusi ja muid energia ja visualiseerimistehnikaid, mis aitavad kinnistada selle h\u00fcppe v\u00e4ge.<\/li>\n<\/ul>\n<\/li>\n<li><strong>Integratsioon ja tegutsemisplaan (15-20 min)<\/strong>\n<ul>\n<li><strong>Integratsiooni protsess<\/strong>: Aitan sul integreerida uut energiat ja identiteeti sinu uude reaalsusesse. See v\u00f5ib sisaldada hingamist\u00f6\u00f6d, energia tasakaalustamist ja kinnitavaid sisendusi keha-meele ja vaimu tasanditel.<\/li>\n<li><strong>Tegutsemisplaan<\/strong>: T\u00f6\u00f6tame koos v\u00e4lja sulle sobiva tegutsemisplaani, mis toetab su kvantum h\u00fcpet, pannes fookuse praktilistele sammudele, mis aitavad hakata looma seda uut reaalsust sinu tingimustel.<\/li>\n<\/ul>\n<\/li>\n<li><strong>Kokkuv\u00f5te ja tagasiside (5-10 min)<\/strong>\n<ul>\n<li><b>Peegeldus<\/b>: Annan sulle hetk aega et tagasi vaadata kuidas see kogemus sinu jaoks oli ja kas tuli mingeid taipamisi v\u00f5i avardumisi selle seansi jooksul.<\/li>\n<li><strong>Tagasiside:<\/strong> Saada tagasiside et olla kindel et sinu vajadused said rahuldatud ja infot et teha kohandamisi tuleviku seanssideks uute klientidega.<\/li>\n<\/ul>\n<\/li>\n<\/ol>\n<h3 style=\"text-align: center;\"><a href=\"https:\/\/crystalralaksmi.com\/eesti\/wp-content\/uploads\/2024\/09\/456572108_366873843145843_2853917656908574183_n.jpg\"><img loading=\"lazy\" decoding=\"async\" class=\"size-medium wp-image-226907 alignleft\" src=\"https:\/\/crystalralaksmi.com\/eesti\/wp-content\/uploads\/2024\/09\/456572108_366873843145843_2853917656908574183_n-225x300.jpg\" alt=\"\" width=\"225\" height=\"300\" \/><\/a><strong>Mida Crystal Ra pakub selle seansi ajal:<\/strong><\/h3>\n<ul>\n<li style=\"text-align: left;\"><strong>Personaalne Kvantum H\u00e4\u00e4lestus<\/strong>: Personaalne juhatus, mis p\u00f5hineb klientide unikaalsel ja individuaalsel energial ja eesm\u00e4rkidel.<\/li>\n<li style=\"text-align: left;\"><strong>Holistiline L\u00e4henemine<\/strong>: Kasutab erinevaid modaalsusi ja t\u00f6\u00f6riistu, nagu meditatsioon, visualiseerimine, energiat\u00f6\u00f6 ja intuitiivne juhatus.<\/li>\n<li style=\"text-align: left;\"><strong>T\u00e4ielik toetus<\/strong>: Eelnev eelt\u00f6\u00f6, ja peale seanssi antud tegutsemisplaan ja j\u00e4rel tugi kindlustavad selle, et klient j\u00e4\u00e4b oma uue Kvantum H\u00fcppega h\u00e4\u00e4lestatuks ka peale seansi l\u00f5ppu ja protsess j\u00e4tkub iseseisvalt.<\/li>\n<li style=\"text-align: left;\"><b>S\u00fcgav tarkus ja kogemused<\/b>: V\u00f5ttes kaasa oma t\u00f6\u00f6riistakasti aastatepikkustest eri rahvuste kogemustest nii nagu ka eri kultuuride kogemusest ja vaimsetest kogemustest, pakkudes rikkalikku ja vaheldusrikkaid perspektiive Kvantum H\u00fcppeks.<\/li>\n<li style=\"text-align: left;\"><strong>V\u00e4estamine ja Julgustamine<\/strong>: Fookus on kliendi v\u00e4estamisel, et nad saaksid oma reaalsuse loomise ohjad enda k\u00e4tte tagasi ja hakkaks manifesteerima oma s\u00fcgavamaid soove ja unistusi iseenda tingimustel.<\/li>\n<\/ul>\n<p><strong>Seansi tutvumishind on 222 eurot kuni 30.septembrini 2024. Seansi pikkus ca 1,5 &#8211; 2 tundi. Seanss toimub Zoomi vahendusel ja see lindistatakse. Seansi makselink tulekul. Huvi korral emaili crystalralaksmi@gmail.com\u00a0<\/strong><\/p>\n<p style=\"text-align: left;\">\n<span class=\"et_bloom_bottom_trigger\"><\/span>","protected":false},"excerpt":{"rendered":"<p>1-1le Kvantum H\u00fcppe sessioonil (1,5 &#8211; 2 tundi) saad kogeda j\u00e4rgnevaid elemente:\u00a0 Tutvustus ja taotluse panemine (10-15 min)\u00a0 Personaalne \u00dchendus: Selgitame v\u00e4lja kus sa praegusel hetkel asud ja kuhu sooviksid [&hellip;]<\/p>\n","protected":false},"author":5,"featured_media":0,"parent":0,"menu_order":0,"comment_status":"closed","ping_status":"closed","template":"","meta":{"_acf_changed":false,"_et_pb_use_builder":"","_et_pb_old_content":"","_et_gb_content_width":"","footnotes":""},"class_list":["post-226904","page","type-page","status-publish","hentry"],"acf":[],"_links":{"self":[{"href":"https:\/\/crystalralaksmi.com\/eesti\/wp-json\/wp\/v2\/pages\/226904","targetHints":{"allow":["GET"]}}],"collection":[{"href":"https:\/\/crystalralaksmi.com\/eesti\/wp-json\/wp\/v2\/pages"}],"about":[{"href":"https:\/\/crystalralaksmi.com\/eesti\/wp-json\/wp\/v2\/types\/page"}],"author":[{"embeddable":true,"href":"https:\/\/crystalralaksmi.com\/eesti\/wp-json\/wp\/v2\/users\/5"}],"replies":[{"embeddable":true,"href":"https:\/\/crystalralaksmi.com\/eesti\/wp-json\/wp\/v2\/comments?post=226904"}],"version-history":[{"count":1,"href":"https:\/\/crystalralaksmi.com\/eesti\/wp-json\/wp\/v2\/pages\/226904\/revisions"}],"predecessor-version":[{"id":226908,"href":"https:\/\/crystalralaksmi.com\/eesti\/wp-json\/wp\/v2\/pages\/226904\/revisions\/226908"}],"wp:attachment":[{"href":"https:\/\/crystalralaksmi.com\/eesti\/wp-json\/wp\/v2\/media?parent=226904"}],"curies":[{"name":"wp","href":"https:\/\/api.w.org\/{rel}","templated":true}]}}