{"id":226910,"date":"2024-09-04T05:26:03","date_gmt":"2024-09-04T02:26:03","guid":{"rendered":"https:\/\/crystalralaksmi.com\/eesti\/?page_id=226910"},"modified":"2024-09-04T05:46:00","modified_gmt":"2024-09-04T02:46:00","slug":"mini-meistriklass-kvantum-hupe","status":"publish","type":"page","link":"https:\/\/crystalralaksmi.com\/eesti\/mini-meistriklass-kvantum-hupe\/","title":{"rendered":"Mini meistriklass: &#8220;Kvantum H\u00fcpe&#8221;"},"content":{"rendered":"<p style=\"text-align: center;\"><a href=\"https:\/\/crystalralaksmi.com\/eesti\/wp-content\/uploads\/2024\/09\/quantumhealth.webp\"><img loading=\"lazy\" decoding=\"async\" class=\"size-medium wp-image-226911 alignleft\" src=\"https:\/\/crystalralaksmi.com\/eesti\/wp-content\/uploads\/2024\/09\/quantumhealth-300x155.webp\" alt=\"\" width=\"300\" height=\"155\" \/><\/a>Mini meistriklass Kvantum H\u00fcppest Crystal Ra Laksmi-Dittoniga on v\u00e4ga imeline s\u00fcgav kogemuslik m\u00e4ngutuba loodud selleks et tutvustada osalejaid Kvantum H\u00fcppe maailmaga, juhtida neid erinevate praktiliste teemakohaste harjutuste tegemisega ja v\u00e4estada neid loomaks uusi muutusi oma eludes.<\/p>\n<h3><strong>Mini Meistriklass: Kvanth\u00fcpe Crystal Ra Laksmi-Dittoniga<\/strong><\/h3>\n<h4><strong>1.Tutvustus Kvanth\u00fcppele (15 min)<\/strong><\/h4>\n<ul>\n<li><strong>Kvanth\u00fcppe m\u00f5istmine: <\/strong>Crystal Ra selgitab mida endast Kvanth\u00fcpe kujutab, kuidas see toimub ja mis m\u00f5ju v\u00f5ib sel olla personaalsele arengule ja transformatsioonile<\/li>\n<li><strong>Teaduse ja Vaimsuse \u00dchendus<\/strong>: V\u00e4ike arutelu kuidas kvantum f\u00fc\u00fcsika ja metaf\u00fc\u00fcsika on omavahel \u00fchendatud ja kuidas nad loovad vundamendi Kvanth\u00fcppeks<\/li>\n<\/ul>\n<h4><strong>2. Taotluse valik (15 min)<\/strong><\/h4>\n<ul>\n<li><strong>Taotluse v\u00e4gi<\/strong>: Crystal juhendab osalejaid kuidas leida \u00f5ige taotlus ja selle s\u00f5nastus et seada selge siht mis oleks \u00fchenduses nende k\u00f5rgeima potentsiaaliga.<\/li>\n<li><b>Identifitseeri oma Kvantum Sina<\/b>: Osalejad avastavad oma ideaalset Mina ja reaalsust, kasutades visualiseerimist ja sisevaatluse harjutusi.<\/li>\n<\/ul>\n<h4><strong>3. Kvantum Kiirpuhastus (20 min)<\/strong><\/h4>\n<ul>\n<li><strong>Uskumuste kiirpuhastus: <\/strong> Crystal Ra\u00a0 k\u00fcsib m\u00f5ningaid k\u00fcsimused ja \u00f5petab kuidas ise kiiresti ja kergelt teha s\u00fcgavaid kvantumpuhastusi<\/li>\n<li><b>NB! Kui sul on vaja s\u00fcgavamat t\u00f6\u00f6d sellega, telli\u00a0 eraldi Kvantum S\u00fcgavpuhastuse eriprogramm (2 kuud) v\u00f5i teemakohane eraseanss (miinimum 1,5 tundi)<\/b><\/li>\n<\/ul>\n<h4><strong>3. Kvantumh\u00e4\u00e4lestuse tehnikad (20 min)<\/strong><\/h4>\n<ul>\n<li><strong>Energiate H\u00e4\u00e4lestus<\/strong> Crystal Ra\u00a0 tutvustab tehnikaid, mis aitavad h\u00e4\u00e4lestada oma energiaid soovitud kvantum reaalsusega, sealjuures hingamist\u00f6\u00f6, maandus ja energiate harmoniseerimine<\/li>\n<li><strong>Visualiseerimise harjutus<\/strong>: Juhitud visualiseerimine mis \u00fchendab energiad meie tuleviku minaga ja aitab hakata kehastama uut reaalsust.<\/li>\n<\/ul>\n<h4><strong>4. Juhendatud Kvanth\u00fcpe (20 min)<\/strong><\/h4>\n<ul>\n<li><strong>Kvantumv\u00e4lja sisenemine<\/strong>: Crystal Ra\u00a0 juhib osalejaid l\u00e4bi s\u00fcgava meditatsiooni transi laadsesse seisundisse et siseneda kvantum v\u00e4lja kus nende v\u00f5imalused eksisteerivad.<\/li>\n<li><b>Kvanth\u00fcppe kogemus<\/b>: Osalejad saavad kogemuse kuidas tunduks Kvanth\u00fcpe ja nende soovitud reaalsus, muutes seda reaalsemaks energeetiliselt ja mentaalselt.<\/li>\n<\/ul>\n<h4><strong>5. Integratsioon ja praktiline kasutus (20 min)<\/strong><\/h4>\n<ul>\n<li><strong>Integreerime Uue Reaalsuse<\/strong>: Tehnikad mis toovad energia ja meelestatuse uuest reaalsusest tagasi praegusesse igap\u00e4evaellu kindlustades pideva muuutuse.<\/li>\n<li><b>Tegutsemisplaani loomine<\/b>: Crystal aitab osalejatel luua praktiline tegutsemisplaan et toetada nende Kvanth\u00fcpet, sealhulgas igap\u00e4evased praktikad, teadlikud sisendused ja meelestatuse muudatused.<\/li>\n<\/ul>\n<h4><strong>6. K\u00fcsimused ja vastused ning taipamiste jagamised (15 min)<\/strong><\/h4>\n<ul>\n<li><strong>Avatud Arutelu<\/strong>: Osalejad saavad k\u00fcsida k\u00fcsimusi, jagada kogemusi ja arutada erinevaid katsumusi mida nad kogesid Kvanth\u00fcppe kogemuse ajal.<\/li>\n<li><strong>Grupi tagasiside:<\/strong> Ruum kollektiivseks peegelduseks, lubades osalejatel \u00f5ppida \u00fcksteiselt ja m\u00f5ista arusaamist Kvanth\u00fcppest.<\/li>\n<\/ul>\n<h4><strong>7. L\u00f5pu tseremoonia (10 min)<\/strong><\/h4>\n<ul>\n<li><strong>T\u00e4nulikkuse praktika<\/strong>: Crystal Ra v\u00e4ljendab oma t\u00e4nu selle kogemuse eest, muudatuste eest mis sai tehtud, ja tuleviku eest kuhu nad astuvad.<\/li>\n<li><strong>L\u00f5pu \u00f5nnistused ja sisendused:<\/strong> L\u00f5petame meistriklassi v\u00f5imsate sisendustega v\u00f5i \u00f5nnistustega et kinnitada Kvanth\u00fcpe ja ankurdada uus reaalsus.<\/li>\n<\/ul>\n<h3><strong><a href=\"https:\/\/crystalralaksmi.com\/eesti\/wp-content\/uploads\/2024\/09\/3db9b1ad30ea4484a9eb55d04e292995.png\"><img loading=\"lazy\" decoding=\"async\" class=\"size-medium wp-image-226914 alignleft\" src=\"https:\/\/crystalralaksmi.com\/eesti\/wp-content\/uploads\/2024\/09\/3db9b1ad30ea4484a9eb55d04e292995-226x300.png\" alt=\"\" width=\"226\" height=\"300\" srcset=\"https:\/\/crystalralaksmi.com\/eesti\/wp-content\/uploads\/2024\/09\/3db9b1ad30ea4484a9eb55d04e292995-226x300.png 226w, https:\/\/crystalralaksmi.com\/eesti\/wp-content\/uploads\/2024\/09\/3db9b1ad30ea4484a9eb55d04e292995-300x398.png 300w, https:\/\/crystalralaksmi.com\/eesti\/wp-content\/uploads\/2024\/09\/3db9b1ad30ea4484a9eb55d04e292995.png 444w\" sizes=\"auto, (max-width: 226px) 100vw, 226px\" \/><\/a>Mida osalejad veel saavad:<\/strong><\/h3>\n<ul>\n<li><strong>Kvanth\u00fcppe M\u00e4nguvihik<\/strong>: Digitaalne m\u00e4nguvihik kus on harjutused, sisendused, ja m\u00e4rkmed teekonna alguseks ja konteinerite loomiseks.<\/li>\n<li><b>Juhendatud Kvanth\u00fcppe lindistus<\/b>.<\/li>\n<li><strong>Grupi meistriklassi lindistus<\/strong><\/li>\n<li><strong>J\u00e4reltoetuse v\u00f5imalus<\/strong>: Telli eraldi eritasu eest 1-1le kvanth\u00fcppe integreerimise k\u00f5ne et aidata oma kogemust integreerida<\/li>\n<li><strong>Kvantum Kogukond:<\/strong> V\u00f5imalus liituda Kvanth\u00fcppe Kogukonnaga ja jagada oma kogemusi ja toetada \u00fcksteist kvanth\u00fcppe maailmas<\/li>\n<\/ul>\n<p>See mini meistriklass pakub p\u00f5hjalikku tutvustust Kvanth\u00fcppele ja teoreetilisi teadmisi ning praktilisi t\u00f6\u00f6riistu mida osalejad saavad kasutada ka oma edasises enesearengus.<\/p>\n<p><strong>Kvanth\u00fcppe Mini Meistriklass (2h) maksab 30 eurot. Meistriklassi toimumiseks on vaja minimaalselt 5 osalejat. Kui esimene meistriklass on toimunud on v\u00f5imalik kogu protsess l\u00e4bida iseseisvalt. Seej\u00e4rel iseseisva \u00f5ppe toote hind muutub. Huvi korral \u00fchendu crystalralaksmi@gmail.com\u00a0<\/strong><\/p>\n<span class=\"et_bloom_bottom_trigger\"><\/span>","protected":false},"excerpt":{"rendered":"<p>Mini meistriklass Kvantum H\u00fcppest Crystal Ra Laksmi-Dittoniga on v\u00e4ga imeline s\u00fcgav kogemuslik m\u00e4ngutuba loodud selleks et tutvustada osalejaid Kvantum H\u00fcppe maailmaga, juhtida neid erinevate praktiliste teemakohaste harjutuste tegemisega ja v\u00e4estada [&hellip;]<\/p>\n","protected":false},"author":5,"featured_media":0,"parent":0,"menu_order":0,"comment_status":"closed","ping_status":"closed","template":"","meta":{"_acf_changed":false,"_et_pb_use_builder":"","_et_pb_old_content":"","_et_gb_content_width":"","footnotes":""},"class_list":["post-226910","page","type-page","status-publish","hentry"],"acf":[],"_links":{"self":[{"href":"https:\/\/crystalralaksmi.com\/eesti\/wp-json\/wp\/v2\/pages\/226910","targetHints":{"allow":["GET"]}}],"collection":[{"href":"https:\/\/crystalralaksmi.com\/eesti\/wp-json\/wp\/v2\/pages"}],"about":[{"href":"https:\/\/crystalralaksmi.com\/eesti\/wp-json\/wp\/v2\/types\/page"}],"author":[{"embeddable":true,"href":"https:\/\/crystalralaksmi.com\/eesti\/wp-json\/wp\/v2\/users\/5"}],"replies":[{"embeddable":true,"href":"https:\/\/crystalralaksmi.com\/eesti\/wp-json\/wp\/v2\/comments?post=226910"}],"version-history":[{"count":3,"href":"https:\/\/crystalralaksmi.com\/eesti\/wp-json\/wp\/v2\/pages\/226910\/revisions"}],"predecessor-version":[{"id":226915,"href":"https:\/\/crystalralaksmi.com\/eesti\/wp-json\/wp\/v2\/pages\/226910\/revisions\/226915"}],"wp:attachment":[{"href":"https:\/\/crystalralaksmi.com\/eesti\/wp-json\/wp\/v2\/media?parent=226910"}],"curies":[{"name":"wp","href":"https:\/\/api.w.org\/{rel}","templated":true}]}}