{"id":231,"date":"2013-08-12T04:36:12","date_gmt":"2013-08-12T04:36:12","guid":{"rendered":"http:\/\/crystalralaksmi.com\/eesti\/?page_id=231"},"modified":"2019-07-30T13:11:24","modified_gmt":"2019-07-30T10:11:24","slug":"aura-tasakaalustus-peale-auratransformatsiooni","status":"publish","type":"page","link":"https:\/\/crystalralaksmi.com\/eesti\/teenused\/aura-tasakaalustus-peale-auratransformatsiooni\/","title":{"rendered":"Aura Tasakaalustus peale AuraTransformatsiooni\u2122"},"content":{"rendered":"<p>[et_pb_section fb_built=&#8221;1&#8243; admin_label=&#8221;Section&#8221; _builder_version=&#8221;3.22.3&#8243; saved_tabs=&#8221;all&#8221; global_module=&#8221;225116&#8243;][et_pb_row _builder_version=&#8221;3.25&#8243; background_size=&#8221;initial&#8221; background_position=&#8221;top_left&#8221; background_repeat=&#8221;repeat&#8221;][et_pb_column type=&#8221;4_4&#8243; _builder_version=&#8221;3.25.3&#8243;][et_pb_post_title meta=&#8221;off&#8221; featured_image=&#8221;off&#8221; _builder_version=&#8221;3.25.3&#8243; title_font=&#8221;Poppins|600|||||||&#8221; custom_margin=&#8221;||0px|||&#8221;][\/et_pb_post_title][et_pb_divider color=&#8221;#57ca85&#8243; divider_weight=&#8221;5px&#8221; _builder_version=&#8221;3.25.3&#8243; width=&#8221;14%&#8221;][\/et_pb_divider][\/et_pb_column][\/et_pb_row][\/et_pb_section][et_pb_section fb_built=&#8221;1&#8243; _builder_version=&#8221;3.22&#8243;][et_pb_row _builder_version=&#8221;3.25&#8243; background_size=&#8221;initial&#8221; background_position=&#8221;top_left&#8221; background_repeat=&#8221;repeat&#8221;][et_pb_column type=&#8221;4_4&#8243; _builder_version=&#8221;3.25&#8243; custom_padding=&#8221;|||&#8221; custom_padding__hover=&#8221;|||&#8221;][et_pb_text _builder_version=&#8221;3.0.74&#8243; background_size=&#8221;initial&#8221; background_position=&#8221;top_left&#8221; background_repeat=&#8221;repeat&#8221;]<\/p>\n<p style=\"text-align: justify;\">Inimene v\u00f5ib vajada seda teenust vastavalt enesetundele ja vajadustele kas mitmeid n\u00e4dalaid v\u00f5i kuid peale AurTransformatsiooni<a href=\"https:\/\/www.newflow.ee\/index.php?pid=66&amp;lang=1\">\u2122<\/a>. Tavaliselt kestab see tund aega. Crystal Ra kontrollib, kuidas on l\u00e4inud uute energiatega sulandumine ning kas midagi on vaja tasakaalustada. Tasakaalustamine t\u00e4idab ka inimese energeetilised t\u00fchikohad.<\/p>\n<p style=\"text-align: justify;\">See omakorda aitab integreerida indigoenergiaid ja ka \u00fcleminekut kristallfaasi v\u00f5i kuldenergiatesse. Kui inimene on indigofaasis, siis tal endal on raske saada \u00fclevaadet sellest, mis temaga energeetiliselt toimub, sest sageli tundub k\u00f5ik olevat pea peale p\u00f6\u00f6ratud ning valitseda kaos. Aura tasakaalustamine aitab\u00a0 saada selgemat pilti sellest, milline on hetkesituatsioon. Samuti saab vaadata kas kuidas on olukord 4 elemendiga ning mees ja naisenergiatega ning muude teemadega mis aktuaalsed on.<\/p>\n<p style=\"text-align: justify;\"><strong>Kuidas antud seanss v\u00e4lja n\u00e4eb?<\/strong><\/p>\n<p style=\"text-align: justify;\">Inimene lamab selili nagu ka <a href=\"www.auratransformatsioon.co.ee\">AuraTransformatsiooni\u2122.<\/a> ajal. AuraTransformaator t\u00f6\u00f6tab, hoides jalataldadest kinni ja andes tagasisidet mis kus t\u00e4helepanu on vaja. Seanss kestab kas 1 tund v\u00f5i rohkem. Seda seanssi v\u00f5ib ka teha online l\u00e4bi skype-i.<\/p>\n<p>[\/et_pb_text][\/et_pb_column][\/et_pb_row][\/et_pb_section]<\/p>\n<span class=\"et_bloom_bottom_trigger\"><\/span>","protected":false},"excerpt":{"rendered":"<p>Inimene v\u00f5ib vajada seda teenust vastavalt enesetundele ja vajadustele kas mitmeid n\u00e4dalaid v\u00f5i kuid peale AurTransformatsiooni\u2122. Tavaliselt kestab see tund aega. Crystal Ra kontrollib, kuidas on l\u00e4inud uute energiatega sulandumine [&hellip;]<\/p>\n","protected":false},"author":1,"featured_media":0,"parent":215,"menu_order":0,"comment_status":"closed","ping_status":"closed","template":"","meta":{"_acf_changed":false,"_et_pb_use_builder":"on","_et_pb_old_content":"<p style=\"text-align: justify;\">Inimene v\u00f5ib vajada seda teenust vastavalt enesetundele ja vajadustele kas mitmeid n\u00e4dalaid v\u00f5i kuid peale AurTransformatsiooni<a href=\"https:\/\/www.newflow.ee\/index.php?pid=66&lang=1\">\u2122<\/a>. Tavaliselt kestab see tund aega. Crystal Ra kontrollib, kuidas on l\u00e4inud uute energiatega sulandumine ning kas midagi on vaja tasakaalustada. Tasakaalustamine t\u00e4idab ka inimese energeetilised t\u00fchikohad.<\/p><p style=\"text-align: justify;\">See omakorda aitab integreerida indigoenergiaid ja ka \u00fcleminekut kristallfaasi v\u00f5i kuldenergiatesse. Kui inimene on indigofaasis, siis tal endal on raske saada \u00fclevaadet sellest, mis temaga energeetiliselt toimub, sest sageli tundub k\u00f5ik olevat pea peale p\u00f6\u00f6ratud ning valitseda kaos. Aura tasakaalustamine aitab\u00a0 saada selgemat pilti sellest, milline on hetkesituatsioon. Samuti saab vaadata kas kuidas on olukord 4 elemendiga ning mees ja naisenergiatega ning muude teemadega mis aktuaalsed on.<\/p><p style=\"text-align: justify;\"><strong>Kuidas antud seanss v\u00e4lja n\u00e4eb?<\/strong><\/p><p style=\"text-align: justify;\">Inimene lamab selili nagu ka <a href=\"www.auratransformatsioon.co.ee\">AuraTransformatsiooni\u2122.<\/a> ajal. AuraTransformaator t\u00f6\u00f6tab, hoides jalataldadest kinni ja andes tagasisidet mis kus t\u00e4helepanu on vaja. Seanss kestab kas 1 tund v\u00f5i rohkem. Seda seanssi v\u00f5ib ka teha online l\u00e4bi skype-i.<\/p>","_et_gb_content_width":"","footnotes":""},"class_list":["post-231","page","type-page","status-publish","hentry"],"acf":[],"_links":{"self":[{"href":"https:\/\/crystalralaksmi.com\/eesti\/wp-json\/wp\/v2\/pages\/231","targetHints":{"allow":["GET"]}}],"collection":[{"href":"https:\/\/crystalralaksmi.com\/eesti\/wp-json\/wp\/v2\/pages"}],"about":[{"href":"https:\/\/crystalralaksmi.com\/eesti\/wp-json\/wp\/v2\/types\/page"}],"author":[{"embeddable":true,"href":"https:\/\/crystalralaksmi.com\/eesti\/wp-json\/wp\/v2\/users\/1"}],"replies":[{"embeddable":true,"href":"https:\/\/crystalralaksmi.com\/eesti\/wp-json\/wp\/v2\/comments?post=231"}],"version-history":[{"count":2,"href":"https:\/\/crystalralaksmi.com\/eesti\/wp-json\/wp\/v2\/pages\/231\/revisions"}],"predecessor-version":[{"id":225268,"href":"https:\/\/crystalralaksmi.com\/eesti\/wp-json\/wp\/v2\/pages\/231\/revisions\/225268"}],"up":[{"embeddable":true,"href":"https:\/\/crystalralaksmi.com\/eesti\/wp-json\/wp\/v2\/pages\/215"}],"wp:attachment":[{"href":"https:\/\/crystalralaksmi.com\/eesti\/wp-json\/wp\/v2\/media?parent=231"}],"curies":[{"name":"wp","href":"https:\/\/api.w.org\/{rel}","templated":true}]}}