{"id":235,"date":"2013-08-12T04:55:19","date_gmt":"2013-08-12T04:55:19","guid":{"rendered":"http:\/\/crystalralaksmi.com\/eesti\/?page_id=235"},"modified":"2019-07-30T13:13:07","modified_gmt":"2019-07-30T10:13:07","slug":"access-consciousnessi-konsultatsioon","status":"publish","type":"page","link":"https:\/\/crystalralaksmi.com\/eesti\/teenused\/access-consciousnessi-konsultatsioon\/","title":{"rendered":"Kohalolu Konsultatsioon"},"content":{"rendered":"<p>[et_pb_section fb_built=&#8221;1&#8243; admin_label=&#8221;Section&#8221; _builder_version=&#8221;3.22.3&#8243; saved_tabs=&#8221;all&#8221; global_module=&#8221;225116&#8243;][et_pb_row _builder_version=&#8221;3.25&#8243; background_size=&#8221;initial&#8221; background_position=&#8221;top_left&#8221; background_repeat=&#8221;repeat&#8221;][et_pb_column type=&#8221;4_4&#8243; _builder_version=&#8221;3.25.3&#8243;][et_pb_post_title meta=&#8221;off&#8221; featured_image=&#8221;off&#8221; _builder_version=&#8221;3.25.3&#8243; title_font=&#8221;Poppins|600|||||||&#8221; custom_margin=&#8221;||0px|||&#8221;][\/et_pb_post_title][et_pb_divider color=&#8221;#57ca85&#8243; divider_weight=&#8221;5px&#8221; _builder_version=&#8221;3.25.3&#8243; width=&#8221;14%&#8221;][\/et_pb_divider][\/et_pb_column][\/et_pb_row][\/et_pb_section][et_pb_section fb_built=&#8221;1&#8243; _builder_version=&#8221;3.22&#8243;][et_pb_row _builder_version=&#8221;3.25&#8243; background_size=&#8221;initial&#8221; background_position=&#8221;top_left&#8221; background_repeat=&#8221;repeat&#8221;][et_pb_column type=&#8221;4_4&#8243; _builder_version=&#8221;3.25&#8243; custom_padding=&#8221;|||&#8221; custom_padding__hover=&#8221;|||&#8221;][et_pb_text _builder_version=&#8221;3.0.74&#8243; background_size=&#8221;initial&#8221; background_position=&#8221;top_left&#8221; background_repeat=&#8221;repeat&#8221;]<\/p>\n<p align=\"JUSTIFY\">Teadlikkus on v\u00f5ime olla kohal oma elus igal hetkel, ilma hukkam\u00f5istuta iseenda v\u00f5i teiste suhtes. See on vastu v\u00f5tta k\u00f5ike ning mitte midagi \u00e4ra l\u00fckata ja luua k\u00f5ike mida soovid oma elus &#8211; suuremalt kui sa seda siiani oled teinud, ja rohkem kui oskad ette kujutada. \u00a0Kohalolu konsultatsioonid pakuvad sulle verbaalseid protsesse, mida sinu vaim juhatab ja lihtsaid t\u00f6\u00f6riistu muutusteks, mis lubavad sul just nii palju v\u00f5i v\u00e4he muutusi vastu v\u00f5tta nagu sina valid!<\/p>\n<p style=\"text-align: center;\" align=\"JUSTIFY\"><strong>Mis siis kui keegi ei pea sulle vastust andma&#8230; vaid m\u00f5ned k\u00fcsimused, mis lubaksid sul teada mida sa tead?\u00a0<\/strong><\/p>\n<p style=\"text-align: center;\" align=\"JUSTIFY\"><strong>Kas see looks rohkem v\u00f5imalusi sinu ellu?\u00a0<\/strong><\/p>\n<p style=\"text-align: center;\" align=\"JUSTIFY\"><strong>\u00a0<\/strong><\/p>\n<p>[\/et_pb_text][\/et_pb_column][\/et_pb_row][\/et_pb_section]<\/p>\n<span class=\"et_bloom_bottom_trigger\"><\/span>","protected":false},"excerpt":{"rendered":"<p>Teadlikkus on v\u00f5ime olla kohal oma elus igal hetkel, ilma hukkam\u00f5istuta iseenda v\u00f5i teiste suhtes. See on vastu v\u00f5tta k\u00f5ike ning mitte midagi \u00e4ra l\u00fckata ja luua k\u00f5ike mida soovid [&hellip;]<\/p>\n","protected":false},"author":1,"featured_media":0,"parent":215,"menu_order":0,"comment_status":"closed","ping_status":"closed","template":"","meta":{"_acf_changed":false,"_et_pb_use_builder":"on","_et_pb_old_content":"<p align=\"JUSTIFY\">Teadlikkus on v\u00f5ime olla kohal oma elus igal hetkel, ilma hukkam\u00f5istuta iseenda v\u00f5i teiste suhtes. See on vastu v\u00f5tta k\u00f5ike ning mitte midagi \u00e4ra l\u00fckata ja luua k\u00f5ike mida soovid oma elus - suuremalt kui sa seda siiani oled teinud, ja rohkem kui oskad ette kujutada. \u00a0Kohalolu konsultatsioonid pakuvad sulle verbaalseid protsesse, mida sinu vaim juhatab ja lihtsaid t\u00f6\u00f6riistu muutusteks, mis lubavad sul just nii palju v\u00f5i v\u00e4he muutusi vastu v\u00f5tta nagu sina valid!<\/p><p style=\"text-align: center;\" align=\"JUSTIFY\"><strong>Mis siis kui keegi ei pea sulle vastust andma... vaid m\u00f5ned k\u00fcsimused, mis lubaksid sul teada mida sa tead?\u00a0<\/strong><\/p><p style=\"text-align: center;\" align=\"JUSTIFY\"><strong>Kas see looks rohkem v\u00f5imalusi sinu ellu?\u00a0<\/strong><\/p><p style=\"text-align: center;\" align=\"JUSTIFY\"><strong>\u00a0<\/strong><\/p>","_et_gb_content_width":"","footnotes":""},"class_list":["post-235","page","type-page","status-publish","hentry"],"acf":[],"_links":{"self":[{"href":"https:\/\/crystalralaksmi.com\/eesti\/wp-json\/wp\/v2\/pages\/235","targetHints":{"allow":["GET"]}}],"collection":[{"href":"https:\/\/crystalralaksmi.com\/eesti\/wp-json\/wp\/v2\/pages"}],"about":[{"href":"https:\/\/crystalralaksmi.com\/eesti\/wp-json\/wp\/v2\/types\/page"}],"author":[{"embeddable":true,"href":"https:\/\/crystalralaksmi.com\/eesti\/wp-json\/wp\/v2\/users\/1"}],"replies":[{"embeddable":true,"href":"https:\/\/crystalralaksmi.com\/eesti\/wp-json\/wp\/v2\/comments?post=235"}],"version-history":[{"count":2,"href":"https:\/\/crystalralaksmi.com\/eesti\/wp-json\/wp\/v2\/pages\/235\/revisions"}],"predecessor-version":[{"id":225283,"href":"https:\/\/crystalralaksmi.com\/eesti\/wp-json\/wp\/v2\/pages\/235\/revisions\/225283"}],"up":[{"embeddable":true,"href":"https:\/\/crystalralaksmi.com\/eesti\/wp-json\/wp\/v2\/pages\/215"}],"wp:attachment":[{"href":"https:\/\/crystalralaksmi.com\/eesti\/wp-json\/wp\/v2\/media?parent=235"}],"curies":[{"name":"wp","href":"https:\/\/api.w.org\/{rel}","templated":true}]}}