{"id":2497,"date":"2015-05-11T20:25:22","date_gmt":"2015-05-11T20:25:22","guid":{"rendered":"http:\/\/crystalralaksmi.com\/eesti\/?page_id=2497"},"modified":"2019-07-23T10:41:27","modified_gmt":"2019-07-23T07:41:27","slug":"crystal-ra-sulest-e-raamatud","status":"publish","type":"page","link":"https:\/\/crystalralaksmi.com\/eesti\/crystal-ra-sulest-e-raamatud\/","title":{"rendered":"Crystal Ra Sulest E-Raamatud"},"content":{"rendered":"<p>[et_pb_section fb_built=&#8221;1&#8243; _builder_version=&#8221;3.22.3&#8243; global_module=&#8221;225116&#8243; saved_tabs=&#8221;all&#8221;][et_pb_row _builder_version=&#8221;3.25&#8243; background_size=&#8221;initial&#8221; background_position=&#8221;top_left&#8221; background_repeat=&#8221;repeat&#8221;][et_pb_column type=&#8221;4_4&#8243; _builder_version=&#8221;3.25.3&#8243;][et_pb_post_title meta=&#8221;off&#8221; featured_image=&#8221;off&#8221; _builder_version=&#8221;3.25.3&#8243; title_font=&#8221;Poppins|600|||||||&#8221; custom_margin=&#8221;||0px|||&#8221;][\/et_pb_post_title][et_pb_divider color=&#8221;#57ca85&#8243; divider_weight=&#8221;5px&#8221; _builder_version=&#8221;3.25.3&#8243; width=&#8221;14%&#8221;][\/et_pb_divider][\/et_pb_column][\/et_pb_row][\/et_pb_section][et_pb_section fb_built=&#8221;1&#8243; _builder_version=&#8221;3.22&#8243;][et_pb_row _builder_version=&#8221;3.25&#8243; background_size=&#8221;initial&#8221; background_position=&#8221;top_left&#8221; background_repeat=&#8221;repeat&#8221;][et_pb_column type=&#8221;4_4&#8243; _builder_version=&#8221;3.25&#8243; custom_padding=&#8221;|||&#8221; custom_padding__hover=&#8221;|||&#8221;][et_pb_text _builder_version=&#8221;3.0.74&#8243; background_size=&#8221;initial&#8221; background_position=&#8221;top_left&#8221; background_repeat=&#8221;repeat&#8221;]<\/p>\n<p style=\"text-align: justify;\"><strong><a href=\"https:\/\/crystalralaksmi.com\/eesti\/wp-content\/uploads\/2015\/05\/4vsysteemeestikslaid.jpg\"><img loading=\"lazy\" decoding=\"async\" class=\"alignleft size-thumbnail wp-image-2498\" src=\"https:\/\/crystalralaksmi.com\/eesti\/wp-content\/uploads\/2015\/05\/4vsysteemeestikslaid-150x150.jpg\" alt=\"4vsysteemeestikslaid\" width=\"150\" height=\"150\" \/><\/a>1. 4 V s\u00fcsteem\u00a0<\/strong><\/p>\n<p style=\"text-align: justify;\"><em>Crystal annab \u00fclevaate kuidas V\u00e4\u00e4rtused, Vajadused, Vaatenurgad ja Varjud saavad teadvustamisel olla meie kaaslased harmoonilise suhtlemise ja elu loomisel. Lisatud on ka praktilised harjutused.<\/em><\/p>\n<p style=\"text-align: justify;\"><strong>2. Uue Ajastu V\u00f5lurite Kursus\u00a0<\/strong><\/p>\n<p style=\"text-align: justify;\"><em>See kursus v\u00f5tab l\u00e4bi peamised uue ajastu p\u00f5him\u00f5tted oma reaalsuse loomisel, samuti k\u00e4ib l\u00e4bi kuidas kasutada James Redfieldi inspiratsiooni ja mida sina saad teha, et oma v\u00f5luri oskused t\u00e4ielikult aktiveerida ja luua oma unistust!<\/em><\/p>\n<p style=\"text-align: justify;\"><strong>3. 20 saladuslikku v\u00f5tit uues ajastus liikumiseks ja liiklemiseks\u00a0<\/strong><\/p>\n<p style=\"text-align: justify;\"><em>Crystal Ra isiklikel elukogemustel p\u00f5hinev raamat, kus kirjas palju n\u00e4iteid elust, mis saavad sulle anda kogemuslikke v\u00f5imalusi ja suundi kuidas luua oma elu teadlikult ja uue ajastu energiatega kontaktis.\u00a0<\/em><\/p>\n<p><strong>4. Sinu uue ajastu surfilaud &#8211; 4 elementi<\/strong><br \/>\nSee on eriti hea raamat neile, kes on l\u00e4bi teinud Auratransformatsiooni ja soovivad lisainfot kuidas oma elementidega hakkama saada, toime tulla ja neid integreerida. Crystal Ra jagab paljusid oma isikliku elu kogemusi ja annab n\u00e4pun\u00e4iteid kuidas kitsaskohtadest l\u00e4bi liikuda.<br \/>\n<strong>5. Kuidas suhelda asjade, vaimude ja energiatega ning kuidas see v\u00f5ib muuta su elu<\/strong><\/p>\n<p style=\"text-align: justify;\"><em>V\u00e4ga p\u00f5nevaid seikluseid ja kogemusi t\u00e4is raamat, mis r\u00e4\u00e4gib mitmetest juhtumistest kuidas t\u00f6\u00f6 l\u00e4bi teadlikkuse v\u00f5ib anda sulle k\u00f5ik ja rohkemgi veel mida sa oma elult soovid!<\/em><\/p>\n<p><strong>6. Suhte ja energiap\u00f5hine marketing &#8211; kuidas teadlikult l\u00e4bi s\u00fcdame ja inimeste luua oma unistust maapealseks paradiisiks<\/strong><\/p>\n<p style=\"text-align: justify;\"><em>Mitmeid n\u00e4pun\u00e4iteid ja soovitusi kuidas l\u00e4bi suhtlemise ja inimeste esilet\u00f5stmise saab luua oma reaalsust.<\/em><\/p>\n<p><strong>7. Miljon\u00e4ri 20 v\u00f5tit edule\u00a0<\/strong><\/p>\n<p style=\"text-align: justify;\"><em>Crystal Ra elas koos mitme miljon\u00e4riga aastal 2014. Sellest kogemusest pani ta kokku v\u00e4ikse nipivihiku, kus peamised killud on kokku pandud. Kui sa neid praktiseerid, oled kindlasti edusammude looja oma elus!<\/em><\/p>\n<p><strong>8. Seiklus\u00f5ppetunnid Miljon\u00e4riga<\/strong><br \/>\n<em>Kuidas Crystal Ra ja miljon\u00e4r seiklesid autoga Utahst Mazatlani l\u00e4bi Suure Kanjoni ja mis l\u00e4bi selle \u00f5ppida sai ja mida sina kui lugeja \u00f5ppida saaksid.\u00a0<\/em><br \/>\n<strong>Tulekul\u00a0<\/strong><br \/>\n<strong>* Nipid peale Auratransformatsiooni &#8211; kaasajastatud info<\/strong><br \/>\n<strong>* Mustritest vabaks!<\/strong><br \/>\n<strong>* Uue ajastu suhted<\/strong><br \/>\n<strong>* Enesetapu ringteelt v\u00e4lja!<\/strong><br \/>\n<strong>* Kuidas teadlikult luua<\/strong><br \/>\nErinevatel raamatutel on erinevad hinnad. K\u00fcsi hinda <a href=\"https:\/\/crystalralaksmi.com\/about-me\/contact-me\/\">siit:\u00a0<\/a><\/p>\n<p style=\"text-align: justify;\"><strong>Kui ostad e-raamatu, hoiad kokku paberit ja s\u00e4\u00e4stad loodust. Kui sa oled hinnap\u00e4ringule vastuse saanud, saad Crystalilt info kuidas raamatu eest maksta ja peale maksekoopia laekumist saad e-raamatu oma emailile. T\u00e4nud sinu toetuse eest!<\/strong><\/p>\n<p style=\"text-align: justify;\"><a href=\"https:\/\/crystalralaksmi.com\/eesti\/wp-content\/uploads\/2015\/05\/motisklevcrystal.jpg\"><img loading=\"lazy\" decoding=\"async\" class=\"alignleft size-thumbnail wp-image-2471\" src=\"https:\/\/crystalralaksmi.com\/eesti\/wp-content\/uploads\/2015\/05\/motisklevcrystal-150x150.jpg\" alt=\"motisklevcrystal\" width=\"150\" height=\"150\" \/><\/a>J\u00e4rgnevatel aastatel t\u00f6\u00f6tan ka sellega, et kokku panna ja kaante vahele saada erinevad raamatud, mis on mul t\u00fckk aega sahtlis seisnud (aastast 2008). Samuti on m\u00f5te kokku panna v\u00e4gev ja tore raamat mu blogi kirjutistest. Seikluslood Hawaiist, Mehhikost on samuti k\u00fcpsetamisel.<\/p>\n<p style=\"text-align: justify;\">Tervitustega, Crystal Ra<\/p>\n<p style=\"text-align: justify;\">\n<p>[\/et_pb_text][\/et_pb_column][\/et_pb_row][\/et_pb_section]<\/p>\n<span class=\"et_bloom_bottom_trigger\"><\/span>","protected":false},"excerpt":{"rendered":"<p>1. 4 V s\u00fcsteem\u00a0 Crystal annab \u00fclevaate kuidas V\u00e4\u00e4rtused, Vajadused, Vaatenurgad ja Varjud saavad teadvustamisel olla meie kaaslased harmoonilise suhtlemise ja elu loomisel. Lisatud on ka praktilised harjutused. 2. Uue [&hellip;]<\/p>\n","protected":false},"author":1,"featured_media":224823,"parent":0,"menu_order":0,"comment_status":"closed","ping_status":"closed","template":"","meta":{"_acf_changed":false,"_et_pb_use_builder":"on","_et_pb_old_content":"<p style=\"text-align: justify;\"><strong><a href=\"https:\/\/crystalralaksmi.com\/eesti\/wp-content\/uploads\/2015\/05\/4vsysteemeestikslaid.jpg\"><img class=\"alignleft size-thumbnail wp-image-2498\" src=\"https:\/\/crystalralaksmi.com\/eesti\/wp-content\/uploads\/2015\/05\/4vsysteemeestikslaid-150x150.jpg\" alt=\"4vsysteemeestikslaid\" width=\"150\" height=\"150\" \/><\/a>1. 4 V s\u00fcsteem\u00a0<\/strong><\/p><p style=\"text-align: justify;\"><em>Crystal annab \u00fclevaate kuidas V\u00e4\u00e4rtused, Vajadused, Vaatenurgad ja Varjud saavad teadvustamisel olla meie kaaslased harmoonilise suhtlemise ja elu loomisel. Lisatud on ka praktilised harjutused.<\/em><\/p><p style=\"text-align: justify;\"><strong>2. Uue Ajastu V\u00f5lurite Kursus\u00a0<\/strong><\/p><p style=\"text-align: justify;\"><em>See kursus v\u00f5tab l\u00e4bi peamised uue ajastu p\u00f5him\u00f5tted oma reaalsuse loomisel, samuti k\u00e4ib l\u00e4bi kuidas kasutada James Redfieldi inspiratsiooni ja mida sina saad teha, et oma v\u00f5luri oskused t\u00e4ielikult aktiveerida ja luua oma unistust!<\/em><\/p><p style=\"text-align: justify;\"><strong>3. 20 saladuslikku v\u00f5tit uues ajastus liikumiseks ja liiklemiseks\u00a0<\/strong><\/p><p style=\"text-align: justify;\"><em>Crystal Ra isiklikel elukogemustel p\u00f5hinev raamat, kus kirjas palju n\u00e4iteid elust, mis saavad sulle anda kogemuslikke v\u00f5imalusi ja suundi kuidas luua oma elu teadlikult ja uue ajastu energiatega kontaktis.\u00a0<\/em><\/p><p><strong>4. Sinu uue ajastu surfilaud - 4 elementi<\/strong><br \/>See on eriti hea raamat neile, kes on l\u00e4bi teinud Auratransformatsiooni ja soovivad lisainfot kuidas oma elementidega hakkama saada, toime tulla ja neid integreerida. Crystal Ra jagab paljusid oma isikliku elu kogemusi ja annab n\u00e4pun\u00e4iteid kuidas kitsaskohtadest l\u00e4bi liikuda.<br \/><strong>5. Kuidas suhelda asjade, vaimude ja energiatega ning kuidas see v\u00f5ib muuta su elu<\/strong><\/p><p style=\"text-align: justify;\"><em>V\u00e4ga p\u00f5nevaid seikluseid ja kogemusi t\u00e4is raamat, mis r\u00e4\u00e4gib mitmetest juhtumistest kuidas t\u00f6\u00f6 l\u00e4bi teadlikkuse v\u00f5ib anda sulle k\u00f5ik ja rohkemgi veel mida sa oma elult soovid!<\/em><\/p><p><strong>6. Suhte ja energiap\u00f5hine marketing - kuidas teadlikult l\u00e4bi s\u00fcdame ja inimeste luua oma unistust maapealseks paradiisiks<\/strong><\/p><p style=\"text-align: justify;\"><em>Mitmeid n\u00e4pun\u00e4iteid ja soovitusi kuidas l\u00e4bi suhtlemise ja inimeste esilet\u00f5stmise saab luua oma reaalsust.<\/em><\/p><p><strong>7. Miljon\u00e4ri 20 v\u00f5tit edule\u00a0<\/strong><\/p><p style=\"text-align: justify;\"><em>Crystal Ra elas koos mitme miljon\u00e4riga aastal 2014. Sellest kogemusest pani ta kokku v\u00e4ikse nipivihiku, kus peamised killud on kokku pandud. Kui sa neid praktiseerid, oled kindlasti edusammude looja oma elus!<\/em><\/p><p><strong>8. Seiklus\u00f5ppetunnid Miljon\u00e4riga<\/strong><br \/><em>Kuidas Crystal Ra ja miljon\u00e4r seiklesid autoga Utahst Mazatlani l\u00e4bi Suure Kanjoni ja mis l\u00e4bi selle \u00f5ppida sai ja mida sina kui lugeja \u00f5ppida saaksid.\u00a0<\/em><br \/><strong>Tulekul\u00a0<\/strong><br \/><strong>* Nipid peale Auratransformatsiooni - kaasajastatud info<\/strong><br \/><strong>* Mustritest vabaks!<\/strong><br \/><strong>* Uue ajastu suhted<\/strong><br \/><strong>* Enesetapu ringteelt v\u00e4lja!<\/strong><br \/><strong>* Kuidas teadlikult luua<\/strong><br \/>Erinevatel raamatutel on erinevad hinnad. K\u00fcsi hinda <a href=\"https:\/\/crystalralaksmi.com\/about-me\/contact-me\/\">siit:\u00a0<\/a><\/p><p style=\"text-align: justify;\"><strong>Kui ostad e-raamatu, hoiad kokku paberit ja s\u00e4\u00e4stad loodust. Kui sa oled hinnap\u00e4ringule vastuse saanud, saad Crystalilt info kuidas raamatu eest maksta ja peale maksekoopia laekumist saad e-raamatu oma emailile. T\u00e4nud sinu toetuse eest!<\/strong><\/p><p style=\"text-align: justify;\"><a href=\"https:\/\/crystalralaksmi.com\/eesti\/wp-content\/uploads\/2015\/05\/motisklevcrystal.jpg\"><img class=\"alignleft size-thumbnail wp-image-2471\" src=\"https:\/\/crystalralaksmi.com\/eesti\/wp-content\/uploads\/2015\/05\/motisklevcrystal-150x150.jpg\" alt=\"motisklevcrystal\" width=\"150\" height=\"150\" \/><\/a>J\u00e4rgnevatel aastatel t\u00f6\u00f6tan ka sellega, et kokku panna ja kaante vahele saada erinevad raamatud, mis on mul t\u00fckk aega sahtlis seisnud (aastast 2008). Samuti on m\u00f5te kokku panna v\u00e4gev ja tore raamat mu blogi kirjutistest. Seikluslood Hawaiist, Mehhikost on samuti k\u00fcpsetamisel.<\/p><p style=\"text-align: justify;\">Tervitustega, Crystal Ra<\/p><p style=\"text-align: justify;\">\u00a0<\/p>","_et_gb_content_width":"","footnotes":""},"class_list":["post-2497","page","type-page","status-publish","has-post-thumbnail","hentry"],"acf":[],"_links":{"self":[{"href":"https:\/\/crystalralaksmi.com\/eesti\/wp-json\/wp\/v2\/pages\/2497","targetHints":{"allow":["GET"]}}],"collection":[{"href":"https:\/\/crystalralaksmi.com\/eesti\/wp-json\/wp\/v2\/pages"}],"about":[{"href":"https:\/\/crystalralaksmi.com\/eesti\/wp-json\/wp\/v2\/types\/page"}],"author":[{"embeddable":true,"href":"https:\/\/crystalralaksmi.com\/eesti\/wp-json\/wp\/v2\/users\/1"}],"replies":[{"embeddable":true,"href":"https:\/\/crystalralaksmi.com\/eesti\/wp-json\/wp\/v2\/comments?post=2497"}],"version-history":[{"count":3,"href":"https:\/\/crystalralaksmi.com\/eesti\/wp-json\/wp\/v2\/pages\/2497\/revisions"}],"predecessor-version":[{"id":225118,"href":"https:\/\/crystalralaksmi.com\/eesti\/wp-json\/wp\/v2\/pages\/2497\/revisions\/225118"}],"wp:featuredmedia":[{"embeddable":true,"href":"https:\/\/crystalralaksmi.com\/eesti\/wp-json\/wp\/v2\/media\/224823"}],"wp:attachment":[{"href":"https:\/\/crystalralaksmi.com\/eesti\/wp-json\/wp\/v2\/media?parent=2497"}],"curies":[{"name":"wp","href":"https:\/\/api.w.org\/{rel}","templated":true}]}}