{"id":2506,"date":"2015-05-11T20:47:04","date_gmt":"2015-05-11T20:47:04","guid":{"rendered":"http:\/\/crystalralaksmi.com\/eesti\/?page_id=2506"},"modified":"2019-07-23T10:41:57","modified_gmt":"2019-07-23T07:41:57","slug":"crystali-suvekalender-2015","status":"publish","type":"page","link":"https:\/\/crystalralaksmi.com\/eesti\/crystali-suvekalender-2015\/","title":{"rendered":"Crystali Suvekalender &#8211; 2015"},"content":{"rendered":"<p>[et_pb_section fb_built=&#8221;1&#8243; _builder_version=&#8221;3.22.3&#8243; saved_tabs=&#8221;all&#8221; global_module=&#8221;225116&#8243;][et_pb_row _builder_version=&#8221;3.25&#8243; background_size=&#8221;initial&#8221; background_position=&#8221;top_left&#8221; background_repeat=&#8221;repeat&#8221;][et_pb_column type=&#8221;4_4&#8243; _builder_version=&#8221;3.25.3&#8243;][et_pb_post_title meta=&#8221;off&#8221; featured_image=&#8221;off&#8221; _builder_version=&#8221;3.25.3&#8243; title_font=&#8221;Poppins|600|||||||&#8221; custom_margin=&#8221;||0px|||&#8221;][\/et_pb_post_title][et_pb_divider color=&#8221;#57ca85&#8243; divider_weight=&#8221;5px&#8221; _builder_version=&#8221;3.25.3&#8243; width=&#8221;14%&#8221;][\/et_pb_divider][\/et_pb_column][\/et_pb_row][\/et_pb_section][et_pb_section fb_built=&#8221;1&#8243; _builder_version=&#8221;3.22&#8243;][et_pb_row _builder_version=&#8221;3.25&#8243; background_size=&#8221;initial&#8221; background_position=&#8221;top_left&#8221; background_repeat=&#8221;repeat&#8221;][et_pb_column type=&#8221;4_4&#8243; _builder_version=&#8221;3.25&#8243; custom_padding=&#8221;|||&#8221; custom_padding__hover=&#8221;|||&#8221;][et_pb_text _builder_version=&#8221;3.0.74&#8243; background_size=&#8221;initial&#8221; background_position=&#8221;top_left&#8221; background_repeat=&#8221;repeat&#8221;]<strong><a href=\"https:\/\/crystalralaksmi.com\/eesti\/wp-content\/uploads\/2015\/01\/wantra.jpg\"><img loading=\"lazy\" decoding=\"async\" class=\"alignleft size-thumbnail wp-image-2192\" src=\"https:\/\/crystalralaksmi.com\/eesti\/wp-content\/uploads\/2015\/01\/wantra-150x150.jpg\" alt=\"--wantra\" width=\"150\" height=\"150\" \/><\/a><\/strong><br \/>\n<strong>Liitumine KIS online koolitusega jooksvalt terve Crystali Eestis oleku ajal. Loe lisa <a href=\"https:\/\/crystalralaksmi.com\/eesti\/tootedpakkumised\/kiirtee-iseendasse-online-koolituse-uued-pakkumised-detsembris-2014\/\">siit:<\/a><\/strong><br \/>\n<strong>August<\/strong><br \/>\n<strong>5 August Tallinna privaatseansid<\/strong><br \/>\n<strong>6 August P\u00e4rnu<\/strong> (privaatseansid)<br \/>\n<strong>7 August Kuressaare<\/strong> (privaatseansid)<br \/>\n<strong>10 ja 11 August Kursus\u00a0<strong><a href=\"https:\/\/crystalralaksmi.com\/eesti\/wp-content\/uploads\/2015\/05\/Access-Barsi-Kursus-F.pdf\">Access Barsi Kursus\u00a0<\/a>\u00a0Tallinnas<\/strong><\/strong><br \/>\n<strong>10 August<\/strong> eraseansid <strong>Tallinnas (paar aega veel on)<\/strong><br \/>\n<strong>13 August<\/strong> eraseansid <strong>Tartus (paar aega veel on)<\/strong><br \/>\n<strong>14 august<\/strong> eraseansid <strong>Tallinnas<\/strong><br \/>\n<strong>17 august<\/strong> eraseansid <strong>Tallinnas<\/strong><br \/>\n<strong>18 August Tallinnas, Blissi Majas kl 19 &#8211; 21 s\u00fcndmus:<\/strong><br \/>\n<strong><a href=\"https:\/\/crystalralaksmi.com\/eesti\/uue-ajastu-suhted-ja-kulluse-taaskaivituse-abielu-sundmus\/\">&#8216;Uue ajastu suhted ja k\u00fclluse taask\u00e4ivituse abielu&#8217; <\/a>\u00a0Loe selle kohta lisa <a href=\"https:\/\/crystalralaksmi.com\/eesti\/uue-ajastu-suhted-ja-kulluse-taaskaivituse-abielu-sundmus\/\">siit:\u00a0<\/a><\/strong><br \/>\n<strong><a href=\"https:\/\/crystalralaksmi.com\/eesti\/wp-content\/uploads\/2015\/08\/mekaidipromo.jpg\"><img loading=\"lazy\" decoding=\"async\" class=\"alignleft size-thumbnail wp-image-2781\" src=\"https:\/\/crystalralaksmi.com\/eesti\/wp-content\/uploads\/2015\/08\/mekaidipromo-150x150.jpg\" alt=\"==mekaidipromo\" width=\"150\" height=\"150\" \/><\/a>22 ka 23 August \u00a0Ajuveerda Massaaz, Tantra Yoga, Wantra l\u00f5dvestuskursus Koost\u00f6\u00f6s Kaidi Kirsiga lisainfo siit:\u00a0<a href=\"https:\/\/crystalralaksmi.com\/eesti\/wp-content\/uploads\/2015\/08\/Sukeldumine-Endasse-F.pdf\">Sukeldumine Endasse\u00a0<\/a><\/strong><br \/>\n<strong>24 august<\/strong> <strong>&#8216;Saa S\u00f5braks Veega&#8217; loeng &#8211; Kalev Spa n\u00f5upidamisteruum<\/strong> kell 19 &#8211; 22<br \/>\n<strong>27 ja 31 august<\/strong> p\u00e4evased eraseansid <strong>Tallinnas<\/strong><br \/>\nAugustikuu jooksul v\u00f5imalikud vee grupi tunnid: Viljandis,Tartus, P\u00e4rnus ja Tallinnas.<br \/>\n<strong><a href=\"https:\/\/crystalralaksmi.com\/eesti\/wp-content\/uploads\/2015\/08\/Mwantrahandsup.jpg\"><img loading=\"lazy\" decoding=\"async\" class=\"alignleft size-thumbnail wp-image-2801\" src=\"https:\/\/crystalralaksmi.com\/eesti\/wp-content\/uploads\/2015\/08\/Mwantrahandsup-150x150.jpg\" alt=\"=Mwantrahandsup\" width=\"150\" height=\"150\" \/><\/a>Septembris\u00a0<\/strong><br \/>\n<strong>Saa s\u00f5braks Veega<\/strong> regulaarsed tunnid Kalev Spas neile, kes kardavad vett, ei oska ujuda v\u00f5i on uppumiskogemusega v\u00f5i ei saa oma pead vee alla panna (vajalik oma mask ja toru) v\u00f5i soovivad l\u00f5dvestuda v\u00f5i siis tervendada ka oma tasakaalust v\u00e4ljas keha. Kuu aja jooksul garanteeritud muutused julge veega s\u00f5braks olemise suunas! <strong>Vajalik p\u00fchendunud grupp 12 inimesega! Lisadetailid tulekul! Praegu on aeg pandud iga p\u00fchap\u00e4eva \u00f5htuks kella 19 &#8211; 21. Vajalik eelregistreerimine ja ka p\u00fchendunud osalemine terve septembrikuu jooksul.\u00a0<\/strong><br \/>\nCrystal Ra v\u00f5tab vastu<strong> erakliente<\/strong> terve siinoleku ajal. Populaarseim on praegu kaardistamise seanss nii nagu ka Auratransformatsioon, mis on \u00fcks k\u00f5ige v\u00f5imsamaid uue ajastu tehnikaid, mis aitab sul kohaneda uue ajastu energiatega ja uues ajastus voolata vastu punnimise asemel.<br \/>\n<strong>Kui vormub Hawaii grupp<\/strong> (v\u00e4hemalt 10 osalejat novembriks) toimuvad Hawaii grupi veetunnid v\u00e4hemalt korra n\u00e4dalas seni kuni Crystal on Eestis.<br \/>\n<a href=\"https:\/\/crystalralaksmi.com\/eesti\/wp-content\/uploads\/2015\/04\/crystal-dolphinsmile.jpg\"><img loading=\"lazy\" decoding=\"async\" class=\"alignleft size-thumbnail wp-image-2428\" src=\"https:\/\/crystalralaksmi.com\/eesti\/wp-content\/uploads\/2015\/04\/crystal-dolphinsmile-150x150.jpg\" alt=\"crystal dolphinsmile\" width=\"150\" height=\"150\" \/><\/a><strong>Lisainfot koolituste ja eraseansside kohta saad otse Crystalilt<\/strong> crystalexpansion @ gmail.com aadressilt v\u00f5i <a href=\"https:\/\/crystalralaksmi.com\/about-me\/contact-me\/\">siit lingilt:\u00a0<\/a><br \/>\n<strong>Kui sooviksid kutsuda Crystalit oma piirkonda esinema ja sul on v\u00e4hemalt 10 osalejat, siis anna teada ja vaatame kuhu seda graafikus paigutada!<\/strong><\/p>\n<p style=\"text-align: justify;\"><strong>Kui sa sooviksid Crystalit aidata nende s\u00fcndmuste promomisega, siis v\u00f5ta Crystaliga isiklikult \u00fchendust, et saaksime leida parimad koost\u00f6\u00f6kokkulepped <a href=\"https:\/\/crystalralaksmi.com\/eesti\/kontakt\/\">siit<\/a><\/strong><\/p>\n<p>[\/et_pb_text][\/et_pb_column][\/et_pb_row][\/et_pb_section]<\/p>\n<span class=\"et_bloom_bottom_trigger\"><\/span>","protected":false},"excerpt":{"rendered":"<p>Liitumine KIS online koolitusega jooksvalt terve Crystali Eestis oleku ajal. Loe lisa siit: August 5 August Tallinna privaatseansid 6 August P\u00e4rnu (privaatseansid) 7 August Kuressaare (privaatseansid) 10 ja 11 August [&hellip;]<\/p>\n","protected":false},"author":1,"featured_media":224824,"parent":0,"menu_order":0,"comment_status":"closed","ping_status":"closed","template":"","meta":{"_acf_changed":false,"_et_pb_use_builder":"on","_et_pb_old_content":"<p><strong><a href=\"https:\/\/crystalralaksmi.com\/eesti\/wp-content\/uploads\/2015\/01\/wantra.jpg\"><img class=\"alignleft size-thumbnail wp-image-2192\" src=\"https:\/\/crystalralaksmi.com\/eesti\/wp-content\/uploads\/2015\/01\/wantra-150x150.jpg\" alt=\"--wantra\" width=\"150\" height=\"150\" \/><\/a><\/strong><br \/><strong>Liitumine KIS online koolitusega jooksvalt terve Crystali Eestis oleku ajal. Loe lisa <a href=\"https:\/\/crystalralaksmi.com\/eesti\/tootedpakkumised\/kiirtee-iseendasse-online-koolituse-uued-pakkumised-detsembris-2014\/\">siit:<\/a><\/strong><br \/><strong>August<\/strong><br \/><strong>5 August Tallinna privaatseansid<\/strong><br \/><strong>6 August P\u00e4rnu<\/strong> (privaatseansid)<br \/><strong>7 August Kuressaare<\/strong> (privaatseansid)<br \/><strong>10 ja 11 August Kursus\u00a0<strong><a href=\"https:\/\/crystalralaksmi.com\/eesti\/wp-content\/uploads\/2015\/05\/Access-Barsi-Kursus-F.pdf\">Access Barsi Kursus\u00a0<\/a>\u00a0Tallinnas<\/strong><\/strong><br \/><strong>10 August<\/strong> eraseansid <strong>Tallinnas (paar aega veel on)<\/strong><br \/><strong>13 August<\/strong> eraseansid <strong>Tartus (paar aega veel on)<\/strong><br \/><strong>14 august<\/strong> eraseansid <strong>Tallinnas<\/strong><br \/><strong>17 august<\/strong> eraseansid <strong>Tallinnas<\/strong><br \/><strong>18 August Tallinnas, Blissi Majas kl 19 - 21 s\u00fcndmus:<\/strong><br \/><strong><a href=\"https:\/\/crystalralaksmi.com\/eesti\/uue-ajastu-suhted-ja-kulluse-taaskaivituse-abielu-sundmus\/\">'Uue ajastu suhted ja k\u00fclluse taask\u00e4ivituse abielu' <\/a>\u00a0Loe selle kohta lisa <a href=\"https:\/\/crystalralaksmi.com\/eesti\/uue-ajastu-suhted-ja-kulluse-taaskaivituse-abielu-sundmus\/\">siit:\u00a0<\/a><\/strong><br \/><strong><a href=\"https:\/\/crystalralaksmi.com\/eesti\/wp-content\/uploads\/2015\/08\/mekaidipromo.jpg\"><img class=\"alignleft size-thumbnail wp-image-2781\" src=\"https:\/\/crystalralaksmi.com\/eesti\/wp-content\/uploads\/2015\/08\/mekaidipromo-150x150.jpg\" alt=\"==mekaidipromo\" width=\"150\" height=\"150\" \/><\/a>22 ka 23 August \u00a0Ajuveerda Massaaz, Tantra Yoga, Wantra l\u00f5dvestuskursus Koost\u00f6\u00f6s Kaidi Kirsiga lisainfo siit:\u00a0<a href=\"https:\/\/crystalralaksmi.com\/eesti\/wp-content\/uploads\/2015\/08\/Sukeldumine-Endasse-F.pdf\">Sukeldumine Endasse\u00a0<\/a><\/strong><br \/><strong>24 august<\/strong> <strong>'Saa S\u00f5braks Veega' loeng - Kalev Spa n\u00f5upidamisteruum<\/strong> kell 19 - 22<br \/><strong>27 ja 31 august<\/strong> p\u00e4evased eraseansid <strong>Tallinnas<\/strong><br \/>Augustikuu jooksul v\u00f5imalikud vee grupi tunnid: Viljandis,Tartus, P\u00e4rnus ja Tallinnas.<br \/><strong><a href=\"https:\/\/crystalralaksmi.com\/eesti\/wp-content\/uploads\/2015\/08\/Mwantrahandsup.jpg\"><img class=\"alignleft size-thumbnail wp-image-2801\" src=\"https:\/\/crystalralaksmi.com\/eesti\/wp-content\/uploads\/2015\/08\/Mwantrahandsup-150x150.jpg\" alt=\"=Mwantrahandsup\" width=\"150\" height=\"150\" \/><\/a>Septembris\u00a0<\/strong><br \/><strong>Saa s\u00f5braks Veega<\/strong> regulaarsed tunnid Kalev Spas neile, kes kardavad vett, ei oska ujuda v\u00f5i on uppumiskogemusega v\u00f5i ei saa oma pead vee alla panna (vajalik oma mask ja toru) v\u00f5i soovivad l\u00f5dvestuda v\u00f5i siis tervendada ka oma tasakaalust v\u00e4ljas keha. Kuu aja jooksul garanteeritud muutused julge veega s\u00f5braks olemise suunas! <strong>Vajalik p\u00fchendunud grupp 12 inimesega! Lisadetailid tulekul! Praegu on aeg pandud iga p\u00fchap\u00e4eva \u00f5htuks kella 19 - 21. Vajalik eelregistreerimine ja ka p\u00fchendunud osalemine terve septembrikuu jooksul.\u00a0<\/strong><br \/>Crystal Ra v\u00f5tab vastu<strong> erakliente<\/strong> terve siinoleku ajal. Populaarseim on praegu kaardistamise seanss nii nagu ka Auratransformatsioon, mis on \u00fcks k\u00f5ige v\u00f5imsamaid uue ajastu tehnikaid, mis aitab sul kohaneda uue ajastu energiatega ja uues ajastus voolata vastu punnimise asemel.<br \/><strong>Kui vormub Hawaii grupp<\/strong> (v\u00e4hemalt 10 osalejat novembriks) toimuvad Hawaii grupi veetunnid v\u00e4hemalt korra n\u00e4dalas seni kuni Crystal on Eestis.<br \/><a href=\"https:\/\/crystalralaksmi.com\/eesti\/wp-content\/uploads\/2015\/04\/crystal-dolphinsmile.jpg\"><img class=\"alignleft size-thumbnail wp-image-2428\" src=\"https:\/\/crystalralaksmi.com\/eesti\/wp-content\/uploads\/2015\/04\/crystal-dolphinsmile-150x150.jpg\" alt=\"crystal dolphinsmile\" width=\"150\" height=\"150\" \/><\/a><strong>Lisainfot koolituste ja eraseansside kohta saad otse Crystalilt<\/strong> crystalexpansion @ gmail.com aadressilt v\u00f5i <a href=\"https:\/\/crystalralaksmi.com\/about-me\/contact-me\/\">siit lingilt:\u00a0<\/a><br \/><strong>Kui sooviksid kutsuda Crystalit oma piirkonda esinema ja sul on v\u00e4hemalt 10 osalejat, siis anna teada ja vaatame kuhu seda graafikus paigutada!<\/strong><\/p><p style=\"text-align: justify;\"><strong>Kui sa sooviksid Crystalit aidata nende s\u00fcndmuste promomisega, siis v\u00f5ta Crystaliga isiklikult \u00fchendust, et saaksime leida parimad koost\u00f6\u00f6kokkulepped <a href=\"https:\/\/crystalralaksmi.com\/eesti\/kontakt\/\">siit<\/a><\/strong><\/p>","_et_gb_content_width":"","footnotes":""},"class_list":["post-2506","page","type-page","status-publish","has-post-thumbnail","hentry"],"acf":[],"_links":{"self":[{"href":"https:\/\/crystalralaksmi.com\/eesti\/wp-json\/wp\/v2\/pages\/2506","targetHints":{"allow":["GET"]}}],"collection":[{"href":"https:\/\/crystalralaksmi.com\/eesti\/wp-json\/wp\/v2\/pages"}],"about":[{"href":"https:\/\/crystalralaksmi.com\/eesti\/wp-json\/wp\/v2\/types\/page"}],"author":[{"embeddable":true,"href":"https:\/\/crystalralaksmi.com\/eesti\/wp-json\/wp\/v2\/users\/1"}],"replies":[{"embeddable":true,"href":"https:\/\/crystalralaksmi.com\/eesti\/wp-json\/wp\/v2\/comments?post=2506"}],"version-history":[{"count":3,"href":"https:\/\/crystalralaksmi.com\/eesti\/wp-json\/wp\/v2\/pages\/2506\/revisions"}],"predecessor-version":[{"id":225123,"href":"https:\/\/crystalralaksmi.com\/eesti\/wp-json\/wp\/v2\/pages\/2506\/revisions\/225123"}],"wp:featuredmedia":[{"embeddable":true,"href":"https:\/\/crystalralaksmi.com\/eesti\/wp-json\/wp\/v2\/media\/224824"}],"wp:attachment":[{"href":"https:\/\/crystalralaksmi.com\/eesti\/wp-json\/wp\/v2\/media?parent=2506"}],"curies":[{"name":"wp","href":"https:\/\/api.w.org\/{rel}","templated":true}]}}