{"id":254,"date":"2013-08-12T07:37:29","date_gmt":"2013-08-12T07:37:29","guid":{"rendered":"http:\/\/crystalralaksmi.com\/eesti\/?page_id=254"},"modified":"2013-08-12T07:37:29","modified_gmt":"2013-08-12T07:37:29","slug":"rahamagnet-2","status":"publish","type":"page","link":"https:\/\/crystalralaksmi.com\/eesti\/tootedpakkumised\/rahamagnet-2\/","title":{"rendered":"Rahamagnet 2"},"content":{"rendered":"<p style=\"text-align: justify;\"><span style=\"color: #000000;\">See toode s\u00fcndis m\u00f5ned kuud peale <strong>Rahamagnet 1-te.<\/strong> Kuna inimesed hakkasid esimesest \u00e4ra v\u00e4sima (soovitus on seda kuulata v\u00e4hemalt kaks korda p\u00e4evas) siis hakati vaikselt k\u00fcsima, kas ma saan midagi uut v\u00e4lja pakkuda. Nii s\u00fcndiski Rahamagnet number 2, mis annab veelgi s\u00fcgavamalt n\u00e4pun\u00e4iteid mida teha ja kuidas oma igap\u00e4evas toimida, et rohkem k\u00fcllust ligi t\u00f5mmata.\u00a0<\/span><\/p>\n<p style=\"text-align: justify;\"><span style=\"color: #000000;\">Seda toodet soovitan osta kuskil ca 1 kuu p\u00e4rast peale esimest ostu, v\u00f5i siis k\u00f5ik kolm korraga.\u00a0<\/span><\/p>\n<p style=\"text-align: justify;\"><span style=\"color: #000000;\">Juhised toote soetamiseks leiad lisatud kaardilt.\u00a0<\/span><\/p>\n<p style=\"text-align: justify;\"><span style=\"color: #000000;\">Loe ka kuidas \u00fcks <strong><em><a href=\"https:\/\/crystalralaksmi.com\/eesti\/2013\/08\/kuidas-uks-5-eurone-toode-voib-muuta-maailma\/\"><span style=\"color: #000000;\">5 eurone toode v\u00f5ib muuta maailma?<\/span><\/a><\/em><\/strong><\/span><\/p>\n<p style=\"text-align: justify;\"><span style=\"color: #000000;\"><a href=\"https:\/\/crystalralaksmi.com\/eesti\/wp-content\/uploads\/2013\/08\/rahamagnet2.jpg\"><span style=\"color: #000000;\"><img loading=\"lazy\" decoding=\"async\" class=\"size-thumbnail wp-image-108\" alt=\"rahamagnet2\" src=\"https:\/\/crystalralaksmi.com\/eesti\/wp-content\/uploads\/2013\/08\/rahamagnet2-150x150.jpg\" width=\"150\" height=\"150\" \/><\/span><\/a><\/span><\/p>\n<span class=\"et_bloom_bottom_trigger\"><\/span>","protected":false},"excerpt":{"rendered":"<p>See toode s\u00fcndis m\u00f5ned kuud peale Rahamagnet 1-te. Kuna inimesed hakkasid esimesest \u00e4ra v\u00e4sima (soovitus on seda kuulata v\u00e4hemalt kaks korda p\u00e4evas) siis hakati vaikselt k\u00fcsima, kas ma saan midagi [&hellip;]<\/p>\n","protected":false},"author":1,"featured_media":224801,"parent":224785,"menu_order":0,"comment_status":"closed","ping_status":"closed","template":"","meta":{"_acf_changed":false,"_et_pb_use_builder":"","_et_pb_old_content":"","_et_gb_content_width":"","footnotes":""},"class_list":["post-254","page","type-page","status-publish","has-post-thumbnail","hentry"],"acf":[],"_links":{"self":[{"href":"https:\/\/crystalralaksmi.com\/eesti\/wp-json\/wp\/v2\/pages\/254","targetHints":{"allow":["GET"]}}],"collection":[{"href":"https:\/\/crystalralaksmi.com\/eesti\/wp-json\/wp\/v2\/pages"}],"about":[{"href":"https:\/\/crystalralaksmi.com\/eesti\/wp-json\/wp\/v2\/types\/page"}],"author":[{"embeddable":true,"href":"https:\/\/crystalralaksmi.com\/eesti\/wp-json\/wp\/v2\/users\/1"}],"replies":[{"embeddable":true,"href":"https:\/\/crystalralaksmi.com\/eesti\/wp-json\/wp\/v2\/comments?post=254"}],"version-history":[{"count":0,"href":"https:\/\/crystalralaksmi.com\/eesti\/wp-json\/wp\/v2\/pages\/254\/revisions"}],"up":[{"embeddable":true,"href":"https:\/\/crystalralaksmi.com\/eesti\/wp-json\/wp\/v2\/pages\/224785"}],"wp:featuredmedia":[{"embeddable":true,"href":"https:\/\/crystalralaksmi.com\/eesti\/wp-json\/wp\/v2\/media\/224801"}],"wp:attachment":[{"href":"https:\/\/crystalralaksmi.com\/eesti\/wp-json\/wp\/v2\/media?parent=254"}],"curies":[{"name":"wp","href":"https:\/\/api.w.org\/{rel}","templated":true}]}}