{"id":256,"date":"2013-08-12T07:49:46","date_gmt":"2013-08-12T07:49:46","guid":{"rendered":"http:\/\/crystalralaksmi.com\/eesti\/?page_id=256"},"modified":"2013-08-12T07:49:46","modified_gmt":"2013-08-12T07:49:46","slug":"256-2","status":"publish","type":"page","link":"https:\/\/crystalralaksmi.com\/eesti\/tootedpakkumised\/256-2\/","title":{"rendered":"Rahamagnet 3"},"content":{"rendered":"<p style=\"text-align: justify;\"><strong>Rahamagnet 3<\/strong> s\u00fcndis samal ajal kui t\u00f6\u00f6tlesime rahamagnet 2-te. \u00a0See s\u00fcndis magnetitega m\u00e4ngust ja oli v\u00e4ga p\u00f5nev, sest see oli niiv\u00f5rd imelihtne. Kui see filmitud sai, hakkasin seda siin Mehhikos olles taas kord proovile panema. 1,5 kuud hiljem on minu tulemused j\u00e4rgnevad:<\/p>\n<p>1. Sain siia tulekuks lisaraha piletitele, kuna m\u00fc\u00fcsin eripakkumisena Rahamagnet 2 ja 3 ning sain lisaks ca 200 eurot reisiraha.<br \/>\n2. Seej\u00e4rel sain v\u00e4ga hea soodsa pakkumisena elada kohas, kus \u00fcks \u00f6\u00f6 maksis vaid 10 dollarit. Sedasi elasin pea 1,5 kuud.<br \/>\n3. Kuna minu tuppa interneti levi ei ulatunud, sain v\u00f5imaluse minna omanike kontorisse ja seal piiramatult t\u00f6\u00f6tada (omanikud olid ise \u00e4ra).<br \/>\n4. Sain mitmeid \u00f5htus\u00f6\u00f6gikutseid.<br \/>\n5. Leidsin 4-5 uut s\u00fcdames\u00f5pra eluks.<br \/>\n6. Mind kutsuti kohalike kirjanike klubisse liikmeks.<br \/>\n7. Sain pakkumise valvata 3 maja \u00a0j\u00e4rgneva 3 kuu jooksul, ehk hoidsin kokku ca 1000 dollarit.<br \/>\n8. Sain mitmeid kliente kuna tegin \u00fchele inimesele siin AuraTransformatsiooni. Tema soovitas mind paljudele oma kontaktidele.<br \/>\n9. Minu kunagine \u00e4ripartner v\u00f5ib tulla uurima v\u00f5imalust siia teha uus \u00e4riprojekt koost\u00f6\u00f6s minuga.<br \/>\n10. Mind kutsuti laulma ja esinema.<br \/>\n11. Mangod sajavad lausa iga p\u00e4ev puu otsast alla mu toidulauale. Mahlased ja suured!<br \/>\n12. Saan iga p\u00e4ev k\u00e4ia ookeanis ja teha Organic Stretchingut.<br \/>\n13. Mulle tuli uus elumissiooni idee<br \/>\n14. Sain oma ideele koheselt kaks vabatahtlikku teksti redigeerijat<br \/>\n15. Sain tasuta purjetada<br \/>\n16. Sain n\u00e4ha delfiine ookeanis<br \/>\n17. Minu \u00fcks blogipostitus avaldati \u00fches Eesti online naisteajakirjas!<br \/>\n18. S\u00fcndis minu uus tervendusmooduli osa StretchDance in the Sea! (VenitusTants Meres)<br \/>\n19. Olen kaalus ca 10 kg alla v\u00f5tnud, mu keha on trimmis, pruun ja sale<br \/>\nTunnen, et olen t\u00e4iesti iseenda maagia ja elut\u00f6\u00f6ga kontaktis ja k\u00f5ik loob koost\u00f6\u00f6s minuga! Olen \u00fcmbritsetud lahketest inimestest igal sammul.<br \/>\n<strong>Ja nii edasi ja nii edasi. Tekkis huvi? Vaata kaarti ja telli!<\/strong><\/p>\n<p style=\"text-align: center;\"><a href=\"https:\/\/crystalralaksmi.com\/eesti\/wp-content\/uploads\/2013\/08\/Rahamagnet-3-kaart.jpg\"><img loading=\"lazy\" decoding=\"async\" class=\"size-thumbnail wp-image-109 aligncenter\" alt=\"Rahamagnet 3 kaart\" src=\"https:\/\/crystalralaksmi.com\/eesti\/wp-content\/uploads\/2013\/08\/Rahamagnet-3-kaart-150x150.jpg\" width=\"150\" height=\"150\" \/><\/a><\/p>\n<p>&nbsp;<br \/>\n&nbsp;<\/p>\n<span class=\"et_bloom_bottom_trigger\"><\/span>","protected":false},"excerpt":{"rendered":"<p>Rahamagnet 3 s\u00fcndis samal ajal kui t\u00f6\u00f6tlesime rahamagnet 2-te. \u00a0See s\u00fcndis magnetitega m\u00e4ngust ja oli v\u00e4ga p\u00f5nev, sest see oli niiv\u00f5rd imelihtne. Kui see filmitud sai, hakkasin seda siin Mehhikos [&hellip;]<\/p>\n","protected":false},"author":1,"featured_media":224802,"parent":224785,"menu_order":0,"comment_status":"closed","ping_status":"closed","template":"","meta":{"_acf_changed":false,"_et_pb_use_builder":"","_et_pb_old_content":"","_et_gb_content_width":"","footnotes":""},"class_list":["post-256","page","type-page","status-publish","has-post-thumbnail","hentry"],"acf":[],"_links":{"self":[{"href":"https:\/\/crystalralaksmi.com\/eesti\/wp-json\/wp\/v2\/pages\/256","targetHints":{"allow":["GET"]}}],"collection":[{"href":"https:\/\/crystalralaksmi.com\/eesti\/wp-json\/wp\/v2\/pages"}],"about":[{"href":"https:\/\/crystalralaksmi.com\/eesti\/wp-json\/wp\/v2\/types\/page"}],"author":[{"embeddable":true,"href":"https:\/\/crystalralaksmi.com\/eesti\/wp-json\/wp\/v2\/users\/1"}],"replies":[{"embeddable":true,"href":"https:\/\/crystalralaksmi.com\/eesti\/wp-json\/wp\/v2\/comments?post=256"}],"version-history":[{"count":0,"href":"https:\/\/crystalralaksmi.com\/eesti\/wp-json\/wp\/v2\/pages\/256\/revisions"}],"up":[{"embeddable":true,"href":"https:\/\/crystalralaksmi.com\/eesti\/wp-json\/wp\/v2\/pages\/224785"}],"wp:featuredmedia":[{"embeddable":true,"href":"https:\/\/crystalralaksmi.com\/eesti\/wp-json\/wp\/v2\/media\/224802"}],"wp:attachment":[{"href":"https:\/\/crystalralaksmi.com\/eesti\/wp-json\/wp\/v2\/media?parent=256"}],"curies":[{"name":"wp","href":"https:\/\/api.w.org\/{rel}","templated":true}]}}