{"id":2626,"date":"2015-06-18T07:30:10","date_gmt":"2015-06-18T07:30:10","guid":{"rendered":"http:\/\/crystalralaksmi.com\/eesti\/?page_id=2626"},"modified":"2019-07-30T13:16:21","modified_gmt":"2019-07-30T10:16:21","slug":"kristalne-taaskaivitus-ehk-crystal-reset","status":"publish","type":"page","link":"https:\/\/crystalralaksmi.com\/eesti\/teenused\/kristalne-taaskaivitus-ehk-crystal-reset\/","title":{"rendered":"Kristalne taask\u00e4ivitus ehk Crystal Reset"},"content":{"rendered":"<p>[et_pb_section fb_built=&#8221;1&#8243; admin_label=&#8221;Section&#8221; _builder_version=&#8221;3.22.3&#8243; saved_tabs=&#8221;all&#8221; global_module=&#8221;225116&#8243;][et_pb_row _builder_version=&#8221;3.25&#8243; background_size=&#8221;initial&#8221; background_position=&#8221;top_left&#8221; background_repeat=&#8221;repeat&#8221;][et_pb_column type=&#8221;4_4&#8243; _builder_version=&#8221;3.25.3&#8243;][et_pb_post_title meta=&#8221;off&#8221; featured_image=&#8221;off&#8221; _builder_version=&#8221;3.25.3&#8243; title_font=&#8221;Poppins|600|||||||&#8221; custom_margin=&#8221;||0px|||&#8221;][\/et_pb_post_title][et_pb_divider color=&#8221;#57ca85&#8243; divider_weight=&#8221;5px&#8221; _builder_version=&#8221;3.25.3&#8243; width=&#8221;14%&#8221;][\/et_pb_divider][\/et_pb_column][\/et_pb_row][\/et_pb_section][et_pb_section fb_built=&#8221;1&#8243; _builder_version=&#8221;3.22&#8243;][et_pb_row _builder_version=&#8221;3.25&#8243; background_size=&#8221;initial&#8221; background_position=&#8221;top_left&#8221; background_repeat=&#8221;repeat&#8221;][et_pb_column type=&#8221;4_4&#8243; _builder_version=&#8221;3.25&#8243; custom_padding=&#8221;|||&#8221; custom_padding__hover=&#8221;|||&#8221;][et_pb_text _builder_version=&#8221;3.0.74&#8243; background_size=&#8221;initial&#8221; background_position=&#8221;top_left&#8221; background_repeat=&#8221;repeat&#8221;]<\/p>\n<p style=\"text-align: justify;\"><a href=\"https:\/\/crystalralaksmi.com\/eesti\/wp-content\/uploads\/2015\/04\/crystal-dolphinsmile.jpg\"><img loading=\"lazy\" decoding=\"async\" class=\"alignleft size-thumbnail wp-image-2428\" src=\"https:\/\/crystalralaksmi.com\/eesti\/wp-content\/uploads\/2015\/04\/crystal-dolphinsmile-150x150.jpg\" alt=\"crystal dolphinsmile\" width=\"150\" height=\"150\" \/><\/a>Selle seansi ajal esitad sa Crystalile oma \u00fclevaate, mis su elus ei toimi ja mis vajaks muutmist. Crystal v\u00f5ib k\u00fcsida lisak\u00fcsimusi, et kogu olukorda kaardistada. Seej\u00e4rel esitab ta oletatava men\u00fc\u00fc, mis oleks v\u00f5imalik lahenduste pakett tema poolt ja kui pika aja peale.<\/p>\n<p>Eriti sobiv on see neile kes on juba uues ajas ja kelle aura on transformeeritud v\u00f5i justeeritud v\u00f5i kes juba s\u00fcndisid uue aja energiates, aga kelledel on mingid protsessid kinni jooksnud ja edasine protsess on kas peatunud v\u00f5i raskendatud.<\/p>\n<p style=\"text-align: justify;\">Kuna iga inimese olukord on erinev, siis tuleb ka selleks kasutada erinevaid t\u00f6\u00f6riistu ja v\u00f5imalikke lahendusi.<\/p>\n<p style=\"text-align: justify;\">Selle seansi ajal loeb Crystal Ra su energiaid ja juhendab seej\u00e4rel sind ennast tegema koost\u00f6\u00f6d iseendaga ja muutma oma reaalsust ja oma valikuid ning saama iseenda elu peremeheks v\u00f5i perenaiseks. See on nagu sinu enda isiksuse kristalli poleerimine. Iga nurga lihvimine on vaja teha \u00f5ige t\u00f6\u00f6riistaga ja siis kui selleks on aeg k\u00e4es.<\/p>\n<p style=\"text-align: justify;\">\u00dcks olulisemaid detaile praegusel ajal on ka kristallenergiatega l\u00f5imumine. Olenemata taustast toimub see meie k\u00f5igiga. Vahest on vaja v\u00e4liseid peegeldusi ja kohandamisi, et aru saada kuhu edasi.<\/p>\n<p style=\"text-align: justify;\">Kohati tundub see nagu kogu situatsiooni ja inimeste sk\u00e4nnimisena. N\u00e4iteks kui on maja, kus on paljudel inimestel probleeme, siis tuleks ka vaadata ka maja probleeme suuremalt. V\u00e4line peegeldab sisemist. Sel juhul v\u00f5ib pakkuda erinevaid lahendusi nagu maja energeetilist ja vaimude puhastamist ning seej\u00e4rel ka sealsete elanike puhastust l\u00e4bi energiaseansi v\u00f5i siis kehaseansi v\u00f5i siis hoopiski veeteraapia seansi.<\/p>\n<p style=\"text-align: justify;\">K\u00f5ikide tulemuste kinnistamiseks on soovitav valida v\u00e4hemalt 6. kuine online kursuse pakett Crystaliga, kus on v\u00f5imalik k\u00f5ik p\u00f5hi alad koos l\u00e4bi k\u00e4ia ja t\u00f5sta teadlikkust n\u00e4dalate kaupa, l\u00e4bi mille ei saa enam vanu mustreid korrata ja vanad \u00a0pahad harjumused surevad v\u00e4lja. Oluline on luua uus tulevik, kus on j\u00e4tkuteadlikud uued valikud, mis saavad luua uue ja harmoonilise elu vastavalt valikutele.<\/p>\n<p style=\"text-align: justify;\">Kuna Crystal elas Mehhikos aastatel 2013 &#8211; 2017 ja Havail 2017 &#8211; 2019\u00a0 kus on v\u00e4ga palju kristall ja kuldenergiaid, siis terve see aeg \u00f5petas talle kuidas integreerida t\u00e4ielikult kristall\u00a0 ja kuldenergiat igal tasandil oma elus. Ta v\u00f5ib jagada oma kogemusi ja n\u00e4pun\u00e4iteid, mis v\u00f5ivad toimida ka teistele.<\/p>\n<p style=\"text-align: justify;\">Kas ja kui kiireid tulemusi on v\u00f5imalik saada, see oleneb k\u00f5ik igast \u00fcksikisikust. Seansi hind s\u00f5ltub paketi suurusest ja t\u00f6\u00f6 mahust ning on kokkuleppeline.<\/p>\n<p style=\"text-align: justify;\">Kuna Crystal Ra reisib palju, siis on k\u00f5ige parem temaga kontakti v\u00f5tta l\u00e4bi\u00a0\u00a0<a href=\"https:\/\/www.facebook.com\/liquidheavenfacilitator\">Facebooki\u00a0<\/a><\/p>\n<p style=\"text-align: justify;\">Imelise kohtumiseni!<\/p>\n<p style=\"text-align: justify;\">\n<p>[\/et_pb_text][\/et_pb_column][\/et_pb_row][\/et_pb_section]<\/p>\n<span class=\"et_bloom_bottom_trigger\"><\/span>","protected":false},"excerpt":{"rendered":"<p>Selle seansi ajal esitad sa Crystalile oma \u00fclevaate, mis su elus ei toimi ja mis vajaks muutmist. Crystal v\u00f5ib k\u00fcsida lisak\u00fcsimusi, et kogu olukorda kaardistada. Seej\u00e4rel esitab ta oletatava men\u00fc\u00fc, [&hellip;]<\/p>\n","protected":false},"author":1,"featured_media":224826,"parent":215,"menu_order":0,"comment_status":"closed","ping_status":"closed","template":"","meta":{"_acf_changed":false,"_et_pb_use_builder":"on","_et_pb_old_content":"<p style=\"text-align: justify;\"><a href=\"https:\/\/crystalralaksmi.com\/eesti\/wp-content\/uploads\/2015\/04\/crystal-dolphinsmile.jpg\"><img class=\"alignleft size-thumbnail wp-image-2428\" src=\"https:\/\/crystalralaksmi.com\/eesti\/wp-content\/uploads\/2015\/04\/crystal-dolphinsmile-150x150.jpg\" alt=\"crystal dolphinsmile\" width=\"150\" height=\"150\" \/><\/a>Selle seansi ajal esitad sa Crystalile oma \u00fclevaate, mis su elus ei toimi ja mis vajaks muutmist. Crystal v\u00f5ib k\u00fcsida lisak\u00fcsimusi, et kogu olukorda kaardistada. Seej\u00e4rel esitab ta oletatava men\u00fc\u00fc, mis oleks v\u00f5imalik lahenduste pakett tema poolt ja kui pika aja peale.<\/p><p>Eriti sobiv on see neile kes on juba uues ajas ja kelle aura on transformeeritud v\u00f5i justeeritud v\u00f5i kes juba s\u00fcndisid uue aja energiates, aga kelledel on mingid protsessid kinni jooksnud ja edasine protsess on kas peatunud v\u00f5i raskendatud.<\/p><p style=\"text-align: justify;\">Kuna iga inimese olukord on erinev, siis tuleb ka selleks kasutada erinevaid t\u00f6\u00f6riistu ja v\u00f5imalikke lahendusi.<\/p><p style=\"text-align: justify;\">Selle seansi ajal loeb Crystal Ra su energiaid ja juhendab seej\u00e4rel sind ennast tegema koost\u00f6\u00f6d iseendaga ja muutma oma reaalsust ja oma valikuid ning saama iseenda elu peremeheks v\u00f5i perenaiseks. See on nagu sinu enda isiksuse kristalli poleerimine. Iga nurga lihvimine on vaja teha \u00f5ige t\u00f6\u00f6riistaga ja siis kui selleks on aeg k\u00e4es.<\/p><p style=\"text-align: justify;\">\u00dcks olulisemaid detaile praegusel ajal on ka kristallenergiatega l\u00f5imumine. Olenemata taustast toimub see meie k\u00f5igiga. Vahest on vaja v\u00e4liseid peegeldusi ja kohandamisi, et aru saada kuhu edasi.<\/p><p style=\"text-align: justify;\">Kohati tundub see nagu kogu situatsiooni ja inimeste sk\u00e4nnimisena. N\u00e4iteks kui on maja, kus on paljudel inimestel probleeme, siis tuleks ka vaadata ka maja probleeme suuremalt. V\u00e4line peegeldab sisemist. Sel juhul v\u00f5ib pakkuda erinevaid lahendusi nagu maja energeetilist ja vaimude puhastamist ning seej\u00e4rel ka sealsete elanike puhastust l\u00e4bi energiaseansi v\u00f5i siis kehaseansi v\u00f5i siis hoopiski veeteraapia seansi.<\/p><p style=\"text-align: justify;\">K\u00f5ikide tulemuste kinnistamiseks on soovitav valida v\u00e4hemalt 6. kuine online kursuse pakett Crystaliga, kus on v\u00f5imalik k\u00f5ik p\u00f5hi alad koos l\u00e4bi k\u00e4ia ja t\u00f5sta teadlikkust n\u00e4dalate kaupa, l\u00e4bi mille ei saa enam vanu mustreid korrata ja vanad \u00a0pahad harjumused surevad v\u00e4lja. Oluline on luua uus tulevik, kus on j\u00e4tkuteadlikud uued valikud, mis saavad luua uue ja harmoonilise elu vastavalt valikutele.<\/p><p style=\"text-align: justify;\">Kuna Crystal elas Mehhikos aastatel 2013 - 2017 ja Havail 2017 - 2019\u00a0 kus on v\u00e4ga palju kristall ja kuldenergiaid, siis terve see aeg \u00f5petas talle kuidas integreerida t\u00e4ielikult kristall\u00a0 ja kuldenergiat igal tasandil oma elus. Ta v\u00f5ib jagada oma kogemusi ja n\u00e4pun\u00e4iteid, mis v\u00f5ivad toimida ka teistele.<\/p><p style=\"text-align: justify;\">Kas ja kui kiireid tulemusi on v\u00f5imalik saada, see oleneb k\u00f5ik igast \u00fcksikisikust. Seansi hind s\u00f5ltub paketi suurusest ja t\u00f6\u00f6 mahust ning on kokkuleppeline.<\/p><p style=\"text-align: justify;\">Kuna Crystal Ra reisib palju, siis on k\u00f5ige parem temaga kontakti v\u00f5tta l\u00e4bi\u00a0\u00a0<a href=\"https:\/\/www.facebook.com\/liquidheavenfacilitator\">Facebooki\u00a0<\/a><\/p><p style=\"text-align: justify;\">Imelise kohtumiseni!<\/p><p style=\"text-align: justify;\">\u00a0<\/p>","_et_gb_content_width":"","footnotes":""},"class_list":["post-2626","page","type-page","status-publish","has-post-thumbnail","hentry"],"acf":[],"_links":{"self":[{"href":"https:\/\/crystalralaksmi.com\/eesti\/wp-json\/wp\/v2\/pages\/2626","targetHints":{"allow":["GET"]}}],"collection":[{"href":"https:\/\/crystalralaksmi.com\/eesti\/wp-json\/wp\/v2\/pages"}],"about":[{"href":"https:\/\/crystalralaksmi.com\/eesti\/wp-json\/wp\/v2\/types\/page"}],"author":[{"embeddable":true,"href":"https:\/\/crystalralaksmi.com\/eesti\/wp-json\/wp\/v2\/users\/1"}],"replies":[{"embeddable":true,"href":"https:\/\/crystalralaksmi.com\/eesti\/wp-json\/wp\/v2\/comments?post=2626"}],"version-history":[{"count":2,"href":"https:\/\/crystalralaksmi.com\/eesti\/wp-json\/wp\/v2\/pages\/2626\/revisions"}],"predecessor-version":[{"id":225286,"href":"https:\/\/crystalralaksmi.com\/eesti\/wp-json\/wp\/v2\/pages\/2626\/revisions\/225286"}],"up":[{"embeddable":true,"href":"https:\/\/crystalralaksmi.com\/eesti\/wp-json\/wp\/v2\/pages\/215"}],"wp:featuredmedia":[{"embeddable":true,"href":"https:\/\/crystalralaksmi.com\/eesti\/wp-json\/wp\/v2\/media\/224826"}],"wp:attachment":[{"href":"https:\/\/crystalralaksmi.com\/eesti\/wp-json\/wp\/v2\/media?parent=2626"}],"curies":[{"name":"wp","href":"https:\/\/api.w.org\/{rel}","templated":true}]}}