{"id":267,"date":"2013-08-12T23:20:55","date_gmt":"2013-08-12T23:20:55","guid":{"rendered":"http:\/\/crystalralaksmi.com\/eesti\/?page_id=267"},"modified":"2021-09-08T12:32:42","modified_gmt":"2021-09-08T09:32:42","slug":"online-kohtumised-crystaliga-gruppidele-voi-eraviisiliselt","status":"publish","type":"page","link":"https:\/\/crystalralaksmi.com\/eesti\/sundmused-maailmas\/online-kohtumised-crystaliga-gruppidele-voi-eraviisiliselt\/","title":{"rendered":"Online kohtumised Crystaliga gruppidele v\u00f5i eraviisiliselt"},"content":{"rendered":"<p>[et_pb_section fb_built=&#8221;1&#8243; _builder_version=&#8221;3.22&#8243;][et_pb_row _builder_version=&#8221;3.25&#8243; background_size=&#8221;initial&#8221; background_position=&#8221;top_left&#8221; background_repeat=&#8221;repeat&#8221;][et_pb_column type=&#8221;4_4&#8243; _builder_version=&#8221;3.25&#8243; custom_padding=&#8221;|||&#8221; custom_padding__hover=&#8221;|||&#8221;][et_pb_text _builder_version=&#8221;3.27.4&#8243; background_size=&#8221;initial&#8221; background_position=&#8221;top_left&#8221; background_repeat=&#8221;repeat&#8221;]<\/p>\n<p style=\"text-align: justify;\"><strong><a href=\"https:\/\/crystalralaksmi.com\/eesti\/wp-content\/uploads\/2013\/08\/IMGP6518.jpg\"><img loading=\"lazy\" decoding=\"async\" class=\"size-thumbnail wp-image-270 alignleft\" src=\"https:\/\/crystalralaksmi.com\/eesti\/wp-content\/uploads\/2013\/08\/IMGP6518-150x150.jpg\" alt=\"IMGP6518\" width=\"150\" height=\"150\" \/><\/a>Kui sinul endal v\u00f5i su tuttavatel on soovi minuga kohtuda online, siis on selleks mitmeid v\u00f5imalusi.<\/strong><\/p>\n<p style=\"text-align: justify;\"><strong>1. Kohtume skypis<\/strong><\/p>\n<p style=\"text-align: justify;\"><strong>2. Kohtume google hangoudis<\/strong><\/p>\n<p style=\"text-align: justify;\"><strong>3. Telekonverentsi k\u00f5ned<\/strong><\/p>\n<p style=\"text-align: justify;\"><strong>Teemad:\u00a0<\/strong><\/p>\n<p style=\"text-align: justify;\">1.<strong> Suhted<\/strong> &#8211; kuidas praeguses muudatuste tuultes hakkama saada sellega mis toimub sees ja v\u00e4ljas ja leida toetavad inimesed selleks? Kuidas iseendaga tasakaaluka suhte saab \u00a0luua?<\/p>\n<p style=\"text-align: justify;\">2.<strong> Tervis<\/strong> &#8211; liikumine, magamine, toitumine, energiate t\u00f6\u00f6, seksuaalsus, jne. Soovitused ja k\u00fcsimused ning t\u00f6\u00f6riistad sulle.<\/p>\n<p style=\"text-align: justify;\">3.<strong> Seksuaalsus<\/strong> &#8211; teema mis on \u00f5rn, aga v\u00e4ga oluline. Aitasin korraldada tantrakursuseid ca 2,5 aastat, ning olen j\u00e4tkuvalt elanud v\u00e4ga tantristlikku elu ning v\u00e4ga palju kogemusi saanud erinevate tantras\u00f5pradega maailmas.<\/p>\n<p style=\"text-align: justify;\">4. <strong>Sinu \u00e9lu missioon<\/strong>. Kuidas seda leida ja kas seda ongi vaja leida? Mis siis on kui selle \u00fcles leiab. Jagan oma kogemusi ja k\u00fcsin sinu teadmistelt mida sulle vaja.<\/p>\n<p style=\"text-align: justify;\">5. <strong>K\u00fcllus<\/strong> &#8211; igal tasandil &#8211; raha, aeg, t\u00e4helepanu, armastus, lahkus jne<\/p>\n<p style=\"text-align: justify;\">6.<strong> Uue aja energiad ja muudatused mida n\u00e4en tavaelus ja tulevikus.<\/strong> Mismoodi sellest kergelt l\u00e4bi surfata ja laineid taltsutada.<\/p>\n<p style=\"text-align: justify;\">8. <strong>Kuidas olla edukas \u00e4ris uue aja energiatele juhindudes?<\/strong><\/p>\n<p style=\"text-align: justify;\">7.<strong> \u00dctle mulle oma teemad ja k\u00fcsimused<\/strong>, teen kohtumise just sulle. Iga\u00fcks v\u00f5ib k\u00fcsimusi k\u00fcsida.<\/p>\n<p style=\"text-align: justify;\">Kui on soovi, siis v\u00f5ime teha ka erinevate teemadega k\u00f5nesid pikema aja peale, nagu n\u00e4dalas korra v\u00f5i rohkemgi. Privaatsessioonid on ka loomulikult saadaval.<\/p>\n<p style=\"text-align: justify;\"><strong>Miks mulle meeldib t\u00f6\u00f6tada gruppidega?\u00a0<\/strong><\/p>\n<p style=\"text-align: justify;\">Sest see on vahva ja grupid\u00fcnaamika on see, mis v\u00f5ib v\u00e4ga v\u00f5imsalt ja kiirelt tervendada. Olen tegelenud grupit\u00f6\u00f6ga alates 1994-st aastast. See alati h\u00e4mmastab mind ja kasvan ka ise l\u00e4bi selle v\u00f5rratult.<\/p>\n<p style=\"text-align: justify;\">V\u00f5ta \u00fchendust l\u00e4bi kodulehe kontaktvormi Minust lingi all. Hinnad kokkuleppelised.<\/p>\n<p style=\"text-align: justify;\">Imeliste kohtumisteni,<\/p>\n<p style=\"text-align: justify;\">Ole aloha mida soovid n\u00e4ha maailmas!<\/p>\n<p style=\"text-align: justify;\">Crystal Ra<\/p>\n<p>[\/et_pb_text][\/et_pb_column][\/et_pb_row][\/et_pb_section]<\/p>\n<span class=\"et_bloom_bottom_trigger\"><\/span>","protected":false},"excerpt":{"rendered":"<p>Kui sinul endal v\u00f5i su tuttavatel on soovi minuga kohtuda online, siis on selleks mitmeid v\u00f5imalusi. 1. Kohtume skypis 2. Kohtume google hangoudis 3. Telekonverentsi k\u00f5ned Teemad:\u00a0 1. Suhted &#8211; [&hellip;]<\/p>\n","protected":false},"author":1,"featured_media":224804,"parent":224783,"menu_order":0,"comment_status":"closed","ping_status":"closed","template":"","meta":{"_acf_changed":false,"_et_pb_use_builder":"on","_et_pb_old_content":"<p style=\"text-align: justify;\"><strong><a href=\"https:\/\/crystalralaksmi.com\/eesti\/wp-content\/uploads\/2013\/08\/IMGP6518.jpg\"><img class=\"size-thumbnail wp-image-270 alignleft\" src=\"https:\/\/crystalralaksmi.com\/eesti\/wp-content\/uploads\/2013\/08\/IMGP6518-150x150.jpg\" alt=\"IMGP6518\" width=\"150\" height=\"150\" \/><\/a>Kui sinul endal v\u00f5i su tuttavatel on soovi minuga kohtuda online, siis on selleks mitmeid v\u00f5imalusi.<\/strong><\/p><p style=\"text-align: justify;\"><strong>1. Kohtume skypis<\/strong><\/p><p style=\"text-align: justify;\"><strong>2. Kohtume google hangoudis<\/strong><\/p><p style=\"text-align: justify;\"><strong>3. Telekonverentsi k\u00f5ned<\/strong><\/p><p style=\"text-align: justify;\"><strong>Teemad:\u00a0<\/strong><\/p><p style=\"text-align: justify;\">1.<strong> Suhted<\/strong> - kuidas praeguses muudatuste tuultes hakkama saada sellega mis toimub sees ja v\u00e4ljas ja leida toetavad inimesed selleks? Kuidas iseendaga tasakaaluka suhte saab \u00a0luua?<\/p><p style=\"text-align: justify;\">2.<strong> Tervis<\/strong> - liikumine, magamine, toitumine, energiate t\u00f6\u00f6, seksuaalsus, jne. Soovitused ja k\u00fcsimused ning t\u00f6\u00f6riistad sulle.<\/p><p style=\"text-align: justify;\">3.<strong> Seksuaalsus<\/strong> - teema mis on \u00f5rn, aga v\u00e4ga oluline. Aitasin korraldada tantrakursuseid ca 2,5 aastat, ning olen j\u00e4tkuvalt elanud v\u00e4ga tantristlikku elu ning v\u00e4ga palju kogemusi saanud erinevate tantras\u00f5pradega maailmas.<\/p><p style=\"text-align: justify;\">4. <strong>Sinu \u00e9lu missioon<\/strong>. Kuidas seda leida ja kas seda ongi vaja leida? Mis siis on kui selle \u00fcles leiab. Jagan oma kogemusi ja k\u00fcsin sinu teadmistelt mida sulle vaja.<\/p><p style=\"text-align: justify;\">5. <strong>K\u00fcllus<\/strong> - igal tasandil - raha, aeg, t\u00e4helepanu, armastus, lahkus jne<\/p><p style=\"text-align: justify;\">6.<strong> Uue aja energiad ja muudatused mida n\u00e4en tavaelus ja tulevikus.<\/strong> Mismoodi sellest kergelt l\u00e4bi surfata ja laineid taltsutada.<\/p><p style=\"text-align: justify;\">8. <strong>Kuidas olla edukas \u00e4ris uue aja energiatele juhindudes?<\/strong><\/p><p style=\"text-align: justify;\">7.<strong> \u00dctle mulle oma teemad ja k\u00fcsimused<\/strong>, teen kohtumise just sulle. Iga\u00fcks v\u00f5ib k\u00fcsimusi k\u00fcsida.<\/p><p style=\"text-align: justify;\">Kui on soovi, siis v\u00f5ime teha ka erinevate teemadega k\u00f5nesid pikema aja peale, nagu n\u00e4dalas korra v\u00f5i rohkemgi. Privaatsessioonid on ka loomulikult saadaval.<\/p><p style=\"text-align: justify;\"><strong>Miks mulle meeldib t\u00f6\u00f6tada gruppidega?\u00a0<\/strong><\/p><p style=\"text-align: justify;\">Sest see on vahva ja grupid\u00fcnaamika on see, mis v\u00f5ib v\u00e4ga v\u00f5imsalt ja kiirelt tervendada. Olen tegelenud grupit\u00f6\u00f6ga alates 1994-st aastast. See alati h\u00e4mmastab mind ja kasvan ka ise l\u00e4bi selle v\u00f5rratult.<\/p><p style=\"text-align: justify;\">V\u00f5ta \u00fchendust l\u00e4bi kodulehe kontaktvormi Minust lingi all. Hinnad kokkuleppelised.<\/p><p style=\"text-align: justify;\">Imeliste kohtumisteni,<\/p><p style=\"text-align: justify;\">Ole aloha mida soovid n\u00e4ha maailmas!<\/p><p style=\"text-align: justify;\">Crystal Ra<\/p>","_et_gb_content_width":"","footnotes":""},"class_list":["post-267","page","type-page","status-publish","has-post-thumbnail","hentry"],"acf":[],"_links":{"self":[{"href":"https:\/\/crystalralaksmi.com\/eesti\/wp-json\/wp\/v2\/pages\/267","targetHints":{"allow":["GET"]}}],"collection":[{"href":"https:\/\/crystalralaksmi.com\/eesti\/wp-json\/wp\/v2\/pages"}],"about":[{"href":"https:\/\/crystalralaksmi.com\/eesti\/wp-json\/wp\/v2\/types\/page"}],"author":[{"embeddable":true,"href":"https:\/\/crystalralaksmi.com\/eesti\/wp-json\/wp\/v2\/users\/1"}],"replies":[{"embeddable":true,"href":"https:\/\/crystalralaksmi.com\/eesti\/wp-json\/wp\/v2\/comments?post=267"}],"version-history":[{"count":3,"href":"https:\/\/crystalralaksmi.com\/eesti\/wp-json\/wp\/v2\/pages\/267\/revisions"}],"predecessor-version":[{"id":225736,"href":"https:\/\/crystalralaksmi.com\/eesti\/wp-json\/wp\/v2\/pages\/267\/revisions\/225736"}],"up":[{"embeddable":true,"href":"https:\/\/crystalralaksmi.com\/eesti\/wp-json\/wp\/v2\/pages\/224783"}],"wp:featuredmedia":[{"embeddable":true,"href":"https:\/\/crystalralaksmi.com\/eesti\/wp-json\/wp\/v2\/media\/224804"}],"wp:attachment":[{"href":"https:\/\/crystalralaksmi.com\/eesti\/wp-json\/wp\/v2\/media?parent=267"}],"curies":[{"name":"wp","href":"https:\/\/api.w.org\/{rel}","templated":true}]}}