{"id":2704,"date":"2015-07-11T10:57:32","date_gmt":"2015-07-11T10:57:32","guid":{"rendered":"http:\/\/crystalralaksmi.com\/eesti\/?page_id=2704"},"modified":"2019-07-30T13:32:41","modified_gmt":"2019-07-30T10:32:41","slug":"teenuste-tingimused","status":"publish","type":"page","link":"https:\/\/crystalralaksmi.com\/eesti\/teenused\/teenuste-tingimused\/","title":{"rendered":"Teenuste tingimused"},"content":{"rendered":"<p>[et_pb_section fb_built=&#8221;1&#8243; admin_label=&#8221;Section&#8221; _builder_version=&#8221;3.22.3&#8243; saved_tabs=&#8221;all&#8221; global_module=&#8221;225116&#8243;][et_pb_row _builder_version=&#8221;3.25&#8243; background_size=&#8221;initial&#8221; background_position=&#8221;top_left&#8221; background_repeat=&#8221;repeat&#8221;][et_pb_column type=&#8221;4_4&#8243; _builder_version=&#8221;3.25.3&#8243;][et_pb_post_title meta=&#8221;off&#8221; featured_image=&#8221;off&#8221; _builder_version=&#8221;3.25.3&#8243; title_font=&#8221;Poppins|600|||||||&#8221; custom_margin=&#8221;||0px|||&#8221;][\/et_pb_post_title][et_pb_divider color=&#8221;#57ca85&#8243; divider_weight=&#8221;5px&#8221; _builder_version=&#8221;3.25.3&#8243; width=&#8221;14%&#8221;][\/et_pb_divider][\/et_pb_column][\/et_pb_row][\/et_pb_section][et_pb_section fb_built=&#8221;1&#8243; _builder_version=&#8221;3.22&#8243;][et_pb_row _builder_version=&#8221;3.25&#8243; background_size=&#8221;initial&#8221; background_position=&#8221;top_left&#8221; background_repeat=&#8221;repeat&#8221;][et_pb_column type=&#8221;4_4&#8243; _builder_version=&#8221;3.25&#8243; custom_padding=&#8221;|||&#8221; custom_padding__hover=&#8221;|||&#8221;][et_pb_text _builder_version=&#8221;3.0.74&#8243; background_size=&#8221;initial&#8221; background_position=&#8221;top_left&#8221; background_repeat=&#8221;repeat&#8221;]<\/p>\n<p style=\"text-align: justify;\"><strong><a href=\"https:\/\/crystalralaksmi.com\/eesti\/wp-content\/uploads\/2016\/05\/budhamatsalu.jpg\"><img loading=\"lazy\" decoding=\"async\" class=\"alignleft size-medium wp-image-3655\" src=\"https:\/\/crystalralaksmi.com\/eesti\/wp-content\/uploads\/2016\/05\/budhamatsalu-300x200.jpg\" alt=\"budhamatsalu\" width=\"300\" height=\"200\" \/><\/a>Personaalsed seansid<\/strong><\/p>\n<p style=\"text-align: justify;\">Kui sa oled pannud kirja aja Crystal Ra juurde personaalseks seansiks, siis kehtib <strong>24 tunni reegel.<\/strong> Kui sa teatad talle hiljem kui 24 tunni jooksul, et sul pole v\u00f5imalik seansile tulla, maksad kogu seansi t\u00e4issummas.<\/p>\n<p style=\"text-align: justify;\">Kui sa annad teada 24 tundi enne seanssi, siis saad Crystal Raga koost\u00f6\u00f6s leida uue aja, mis sobib m\u00f5lemale.<\/p>\n<p style=\"text-align: justify;\"><strong>Kui sa tuled personaalsele seansile, siis maksad sa teenuse eest enne seansi toimumist kohapeal v\u00f5i kui see pole v\u00f5imalik, teed \u00fclekande enne seansi toimumist, saates Crystalile seansi kohta maksekoopia meilile enne seansi toimumist. Kui sa tuled seansile ja sul pole sularaha, siis seanss ei toimu, v\u00f5i kui siis ainult kui teed koheselt online panga\u00fclekande Crystali juuresolekul.\u00a0<\/strong><\/p>\n<p style=\"text-align: justify;\"><strong>Skype seansid<\/strong><\/p>\n<p style=\"text-align: justify;\">Kui sa tellid Crystal Raga skype aja, siis kindlasti kontrolli ajatsoone ja ole kindel, et ajastatus on t\u00e4pne. Kasuta selleks vajalikke aplikatsioone internetis.<\/p>\n<p style=\"text-align: justify;\">Kui sa oled pannud kirja oma seansi Crystal Raga skypiks, siis sinu seansi maksumus peaks laekuma talle 24 tundi enne seansi toimumist ja samuti peaksid talle saatma ka emailile maksekoopia kinnituse. Kui seda pole juhtunud, siis seanss t\u00fchistatakse.<\/p>\n<p style=\"text-align: justify;\">Kui sa peaksid vajama uut aega skype sessiooniks, siis kehtib 48 tunni seadus. Kui sa ei anna teada oma skype sessiooni t\u00fchistusest 48 tundi enne seanssi, siis sinu skype seanss l\u00e4heb tasumisele t\u00e4issummas.<\/p>\n<p style=\"text-align: justify;\"><strong><a href=\"https:\/\/crystalralaksmi.com\/eesti\/wp-content\/uploads\/2015\/03\/1wantrababybebe4.jpg\"><img loading=\"lazy\" decoding=\"async\" class=\"alignleft size-thumbnail wp-image-2361\" src=\"https:\/\/crystalralaksmi.com\/eesti\/wp-content\/uploads\/2015\/03\/1wantrababybebe4-150x150.jpg\" alt=\"1wantrababybebe4\" width=\"150\" height=\"150\" \/><\/a>Vee seansid<\/strong><\/p>\n<p style=\"text-align: justify;\">Siin kehtib ka <strong>48 tunni seadus<\/strong> ja m\u00f5nikord ka isegi 1 n\u00e4dala seadus, kuna praegusel hetkel Crystal Ral puudub oma bassein, kus veeteraapiat teha, siis on t\u00fchistamised vajalikud teha varakult, nii et Crystal Ra ei peaks maksma t\u00fchistustrahvi basseinide aegadeks. Kuna vee temperatuuride t\u00f5stmine v\u00f5tab vahest p\u00e4evasid aega erinevatel basseinidel, siis palub Crystal Ra inimestel seda seanssi kirja pannes toimetada vastutustundlikult.<\/p>\n<p style=\"text-align: justify;\">Vee seansside hinnad s\u00f5ltuvad paljuski basseini rentimise hindadest, kus Crystal Ra lisab oma t\u00f6\u00f6hinnale basseini rendi hinna.<\/p>\n<p style=\"text-align: justify;\"><strong><a href=\"https:\/\/crystalralaksmi.com\/eesti\/wp-content\/uploads\/2015\/07\/pololuu-valley-group-photo.jpg\"><img loading=\"lazy\" decoding=\"async\" class=\"alignleft size-medium wp-image-4231\" src=\"https:\/\/crystalralaksmi.com\/eesti\/wp-content\/uploads\/2015\/07\/pololuu-valley-group-photo-300x242.jpg\" alt=\"OLYMPUS DIGITAL CAMERA\" width=\"300\" height=\"242\" \/><\/a>Grupiseiklustele registreerimine<\/strong><\/p>\n<p style=\"text-align: justify;\">Kui on tegu kaugema seikluskoolitusega nagu Hawaii v\u00f5i Mehhiko v\u00f5i ka Norra, siis need on kohad, kus on sageli vaja ka teha pikemaid ettemaksusid kohtade broneerimiseks ja muudeks kuludeks &#8211; siis sooviks Crystal Ra saada k\u00e4tte oma t\u00f6\u00f6tasu makse v\u00e4hemalt 3-6 kuud enne seikluse kuup\u00e4evasid.<\/p>\n<p style=\"text-align: justify;\">Seikluskoolituste rahad on tagastamatud. Hawaii ettevalmistusprotsess algab ca 12 kuud enne seiklust ja 6 kuud enne seiklust on eriti intensiivsed.<\/p>\n<p style=\"text-align: justify;\">Uuri t\u00e4psemaid detaile kodulehelt.<\/p>\n<p style=\"text-align: justify;\"><strong><a href=\"https:\/\/crystalralaksmi.com\/eesti\/wp-content\/uploads\/2015\/08\/summerKISgroup.jpg\"><img loading=\"lazy\" decoding=\"async\" class=\"alignleft size-medium wp-image-2799\" src=\"https:\/\/crystalralaksmi.com\/eesti\/wp-content\/uploads\/2015\/08\/summerKISgroup-300x200.jpg\" alt=\"=summerKISgroup\" width=\"300\" height=\"200\" \/><\/a>Suvelaagri registreerimine<\/strong><\/p>\n<p style=\"text-align: justify;\">Siinsed maksud on samuti tagastamatud, kuna sageli tuleb Crystal Ra teisest maailma otsast kohale, mis katab tema lennukulud ja muud organiseerimiskulud. <strong>Kui sa registreerid ennast sellesse laagrisse, palun v\u00f5ta seda arvesse.<\/strong><\/p>\n<p style=\"text-align: justify;\"><strong>KIS \u00a0ja KSUE online koolituste eest maksmine kuumaksetega<\/strong><\/p>\n<p style=\"text-align: justify;\">Senikaua kuni pole organiseeritud otsene O\u00dc New Flow pangalink otsesteks panga maksekorraldusteks, maksab iga osaleja oma osalustasu igakuiselt oma alguskuup\u00e4evaga O\u00fc New Flow arvele.<strong><br \/>\n<\/strong><\/p>\n<p style=\"text-align: justify;\"><strong>Austa Crystal Ra aega. Anna aegsasti teada muudatustest oma graafikus. See aitab luua austava t\u00f6\u00f6keskkonna k\u00f5igile osapooltele.\u00a0<\/strong><\/p>\n<p style=\"text-align: justify;\"><strong>Klientidega t\u00f6\u00f6tamine<\/strong><\/p>\n<p style=\"text-align: justify;\"><strong>Crystal Ral on \u00f5igus \u00fctelda ei klientidega tegelemisele. Crystal Ra ei tegele alkoholijoobes klientidega, nii nagu ka narkootikume tarbivate klientidega. Crystal Ra tegeleb vaid teda austavate ja usaldavate klientidega. See loob pinnase turvaliseks ja maksimaalseks panuseks m\u00f5lemale poolele.\u00a0<\/strong><\/p>\n<p style=\"text-align: justify;\"><strong>Muutuste eest vastutamine<\/strong><\/p>\n<p style=\"text-align: justify;\"><strong><a href=\"https:\/\/crystalralaksmi.com\/eesti\/wp-content\/uploads\/2015\/07\/heartkiss.jpg\"><img loading=\"lazy\" decoding=\"async\" class=\"alignleft size-medium wp-image-4232\" src=\"https:\/\/crystalralaksmi.com\/eesti\/wp-content\/uploads\/2015\/07\/heartkiss-300x200.jpg\" alt=\"OLYMPUS DIGITAL CAMERA\" width=\"300\" height=\"200\" \/><\/a>Kuna Crystal Ra on tugevalt integreerinud oma kristallenergiad ja t\u00f6\u00f6tleb oma kuldenergiaid, siis aktiveerib see k\u00f5ikides klientides v\u00e4ga suured muutused t\u00e4pselt nii suurelt kui nad on selleks valmis. <\/strong><\/p>\n<p style=\"text-align: justify;\">Crystal Ral on aktivaatori roll, aga edasine muutuste laines p\u00fcsimine on ikka iga kliendi enda teha. Crystal Ra pakub pidevalt toetavaid t\u00f6\u00f6riistu ja v\u00f5imalusi l\u00e4bi oma kodulehe &#8211; olgu selleks siis blogi, videod, tasuta koolitused online vormis v\u00f5i muud s\u00fcndmused ja kutsed ja ka tasulised online kursused.<\/p>\n<p style=\"text-align: justify;\"><strong>Seega tema vastutada ei ole sinu tulemused, aga ta on sulle toeks olemas kasv\u00f5i virutaalselt kui ta Eestis ei viibi. Sa elad oma elu t\u00e4pselt nii suurelt v\u00f5i v\u00e4ikselt kui sa seda valid.<\/strong><\/p>\n<p style=\"text-align: justify;\"><strong>Muutused toovad sageli kaasa vanast lahti kiskumise, kui seda ise ei tehta. Ja see on ainult hea kuna paneb aluse uuele elule, kus iga klient saab muunduda \u00a0oma t\u00f5eliseks minaks, aga see v\u00f5ib olla alguses ebamugav, eriti kui oled elanud v\u00e4ga mugavat ja turvalist elu.<\/strong><\/p>\n<p style=\"text-align: justify;\">Kui sul on lisak\u00fcsimusi kirjuta ja k\u00fcsi lisa crystalexpansion @ gmail.com<\/p>\n<p style=\"text-align: justify;\"><strong>Imelise kohtumiseni!<\/strong><\/p>\n<p style=\"text-align: center;\"><a href=\"https:\/\/crystalralaksmi.com\/eesti\/wp-content\/uploads\/2017\/05\/growingfern.jpg\"><img loading=\"lazy\" decoding=\"async\" class=\"size-medium wp-image-4221 aligncenter\" src=\"https:\/\/crystalralaksmi.com\/eesti\/wp-content\/uploads\/2017\/05\/growingfern-300x199.jpg\" alt=\"growingfern\" width=\"300\" height=\"199\" \/><\/a><\/p>\n<p>[\/et_pb_text][\/et_pb_column][\/et_pb_row][\/et_pb_section]<\/p>\n<span class=\"et_bloom_bottom_trigger\"><\/span>","protected":false},"excerpt":{"rendered":"<p>Personaalsed seansid Kui sa oled pannud kirja aja Crystal Ra juurde personaalseks seansiks, siis kehtib 24 tunni reegel. Kui sa teatad talle hiljem kui 24 tunni jooksul, et sul pole [&hellip;]<\/p>\n","protected":false},"author":1,"featured_media":224827,"parent":215,"menu_order":0,"comment_status":"closed","ping_status":"closed","template":"","meta":{"_acf_changed":false,"_et_pb_use_builder":"on","_et_pb_old_content":"<p style=\"text-align: justify;\"><strong><a href=\"https:\/\/crystalralaksmi.com\/eesti\/wp-content\/uploads\/2016\/05\/budhamatsalu.jpg\"><img class=\"alignleft size-medium wp-image-3655\" src=\"https:\/\/crystalralaksmi.com\/eesti\/wp-content\/uploads\/2016\/05\/budhamatsalu-300x200.jpg\" alt=\"budhamatsalu\" width=\"300\" height=\"200\" \/><\/a>Personaalsed seansid<\/strong><\/p><p style=\"text-align: justify;\">Kui sa oled pannud kirja aja Crystal Ra juurde personaalseks seansiks, siis kehtib <strong>24 tunni reegel.<\/strong> Kui sa teatad talle hiljem kui 24 tunni jooksul, et sul pole v\u00f5imalik seansile tulla, maksad kogu seansi t\u00e4issummas.<\/p><p style=\"text-align: justify;\">Kui sa annad teada 24 tundi enne seanssi, siis saad Crystal Raga koost\u00f6\u00f6s leida uue aja, mis sobib m\u00f5lemale.<\/p><p style=\"text-align: justify;\"><strong>Kui sa tuled personaalsele seansile, siis maksad sa teenuse eest enne seansi toimumist kohapeal v\u00f5i kui see pole v\u00f5imalik, teed \u00fclekande enne seansi toimumist, saates Crystalile seansi kohta maksekoopia meilile enne seansi toimumist. Kui sa tuled seansile ja sul pole sularaha, siis seanss ei toimu, v\u00f5i kui siis ainult kui teed koheselt online panga\u00fclekande Crystali juuresolekul.\u00a0<\/strong><\/p><p style=\"text-align: justify;\"><strong>Skype seansid<\/strong><\/p><p style=\"text-align: justify;\">Kui sa tellid Crystal Raga skype aja, siis kindlasti kontrolli ajatsoone ja ole kindel, et ajastatus on t\u00e4pne. Kasuta selleks vajalikke aplikatsioone internetis.<\/p><p style=\"text-align: justify;\">Kui sa oled pannud kirja oma seansi Crystal Raga skypiks, siis sinu seansi maksumus peaks laekuma talle 24 tundi enne seansi toimumist ja samuti peaksid talle saatma ka emailile maksekoopia kinnituse. Kui seda pole juhtunud, siis seanss t\u00fchistatakse.<\/p><p style=\"text-align: justify;\">Kui sa peaksid vajama uut aega skype sessiooniks, siis kehtib 48 tunni seadus. Kui sa ei anna teada oma skype sessiooni t\u00fchistusest 48 tundi enne seanssi, siis sinu skype seanss l\u00e4heb tasumisele t\u00e4issummas.<\/p><p style=\"text-align: justify;\"><strong><a href=\"https:\/\/crystalralaksmi.com\/eesti\/wp-content\/uploads\/2015\/03\/1wantrababybebe4.jpg\"><img class=\"alignleft size-thumbnail wp-image-2361\" src=\"https:\/\/crystalralaksmi.com\/eesti\/wp-content\/uploads\/2015\/03\/1wantrababybebe4-150x150.jpg\" alt=\"1wantrababybebe4\" width=\"150\" height=\"150\" \/><\/a>Vee seansid<\/strong><\/p><p style=\"text-align: justify;\">Siin kehtib ka <strong>48 tunni seadus<\/strong> ja m\u00f5nikord ka isegi 1 n\u00e4dala seadus, kuna praegusel hetkel Crystal Ral puudub oma bassein, kus veeteraapiat teha, siis on t\u00fchistamised vajalikud teha varakult, nii et Crystal Ra ei peaks maksma t\u00fchistustrahvi basseinide aegadeks. Kuna vee temperatuuride t\u00f5stmine v\u00f5tab vahest p\u00e4evasid aega erinevatel basseinidel, siis palub Crystal Ra inimestel seda seanssi kirja pannes toimetada vastutustundlikult.<\/p><p style=\"text-align: justify;\">Vee seansside hinnad s\u00f5ltuvad paljuski basseini rentimise hindadest, kus Crystal Ra lisab oma t\u00f6\u00f6hinnale basseini rendi hinna.<\/p><p style=\"text-align: justify;\"><strong><a href=\"https:\/\/crystalralaksmi.com\/eesti\/wp-content\/uploads\/2015\/07\/pololuu-valley-group-photo.jpg\"><img class=\"alignleft size-medium wp-image-4231\" src=\"https:\/\/crystalralaksmi.com\/eesti\/wp-content\/uploads\/2015\/07\/pololuu-valley-group-photo-300x242.jpg\" alt=\"OLYMPUS DIGITAL CAMERA\" width=\"300\" height=\"242\" \/><\/a>Grupiseiklustele registreerimine<\/strong><\/p><p style=\"text-align: justify;\">Kui on tegu kaugema seikluskoolitusega nagu Hawaii v\u00f5i Mehhiko v\u00f5i ka Norra, siis need on kohad, kus on sageli vaja ka teha pikemaid ettemaksusid kohtade broneerimiseks ja muudeks kuludeks - siis sooviks Crystal Ra saada k\u00e4tte oma t\u00f6\u00f6tasu makse v\u00e4hemalt 3-6 kuud enne seikluse kuup\u00e4evasid.<\/p><p style=\"text-align: justify;\">Seikluskoolituste rahad on tagastamatud. Hawaii ettevalmistusprotsess algab ca 12 kuud enne seiklust ja 6 kuud enne seiklust on eriti intensiivsed.<\/p><p style=\"text-align: justify;\">Uuri t\u00e4psemaid detaile kodulehelt.<\/p><p style=\"text-align: justify;\"><strong><a href=\"https:\/\/crystalralaksmi.com\/eesti\/wp-content\/uploads\/2015\/08\/summerKISgroup.jpg\"><img class=\"alignleft size-medium wp-image-2799\" src=\"https:\/\/crystalralaksmi.com\/eesti\/wp-content\/uploads\/2015\/08\/summerKISgroup-300x200.jpg\" alt=\"=summerKISgroup\" width=\"300\" height=\"200\" \/><\/a>Suvelaagri registreerimine<\/strong><\/p><p style=\"text-align: justify;\">Siinsed maksud on samuti tagastamatud, kuna sageli tuleb Crystal Ra teisest maailma otsast kohale, mis katab tema lennukulud ja muud organiseerimiskulud. <strong>Kui sa registreerid ennast sellesse laagrisse, palun v\u00f5ta seda arvesse.<\/strong><\/p><p style=\"text-align: justify;\"><strong>KIS \u00a0ja KSUE online koolituste eest maksmine kuumaksetega<\/strong><\/p><p style=\"text-align: justify;\">Senikaua kuni pole organiseeritud otsene O\u00dc New Flow pangalink otsesteks panga maksekorraldusteks, maksab iga osaleja oma osalustasu igakuiselt oma alguskuup\u00e4evaga O\u00fc New Flow arvele.<strong><br \/><\/strong><\/p><p style=\"text-align: justify;\"><strong>Austa Crystal Ra aega. Anna aegsasti teada muudatustest oma graafikus. See aitab luua austava t\u00f6\u00f6keskkonna k\u00f5igile osapooltele.\u00a0<\/strong><\/p><p style=\"text-align: justify;\"><strong>Klientidega t\u00f6\u00f6tamine<\/strong><\/p><p style=\"text-align: justify;\"><strong>Crystal Ral on \u00f5igus \u00fctelda ei klientidega tegelemisele. Crystal Ra ei tegele alkoholijoobes klientidega, nii nagu ka narkootikume tarbivate klientidega. Crystal Ra tegeleb vaid teda austavate ja usaldavate klientidega. See loob pinnase turvaliseks ja maksimaalseks panuseks m\u00f5lemale poolele.\u00a0<\/strong><\/p><p style=\"text-align: justify;\"><strong>Muutuste eest vastutamine<\/strong><\/p><p style=\"text-align: justify;\"><strong><a href=\"https:\/\/crystalralaksmi.com\/eesti\/wp-content\/uploads\/2015\/07\/heartkiss.jpg\"><img class=\"alignleft size-medium wp-image-4232\" src=\"https:\/\/crystalralaksmi.com\/eesti\/wp-content\/uploads\/2015\/07\/heartkiss-300x200.jpg\" alt=\"OLYMPUS DIGITAL CAMERA\" width=\"300\" height=\"200\" \/><\/a>Kuna Crystal Ra on tugevalt integreerinud oma kristallenergiad ja t\u00f6\u00f6tleb oma kuldenergiaid, siis aktiveerib see k\u00f5ikides klientides v\u00e4ga suured muutused t\u00e4pselt nii suurelt kui nad on selleks valmis. <\/strong><\/p><p style=\"text-align: justify;\">Crystal Ral on aktivaatori roll, aga edasine muutuste laines p\u00fcsimine on ikka iga kliendi enda teha. Crystal Ra pakub pidevalt toetavaid t\u00f6\u00f6riistu ja v\u00f5imalusi l\u00e4bi oma kodulehe - olgu selleks siis blogi, videod, tasuta koolitused online vormis v\u00f5i muud s\u00fcndmused ja kutsed ja ka tasulised online kursused.<\/p><p style=\"text-align: justify;\"><strong>Seega tema vastutada ei ole sinu tulemused, aga ta on sulle toeks olemas kasv\u00f5i virutaalselt kui ta Eestis ei viibi. Sa elad oma elu t\u00e4pselt nii suurelt v\u00f5i v\u00e4ikselt kui sa seda valid.<\/strong><\/p><p style=\"text-align: justify;\"><strong>Muutused toovad sageli kaasa vanast lahti kiskumise, kui seda ise ei tehta. Ja see on ainult hea kuna paneb aluse uuele elule, kus iga klient saab muunduda \u00a0oma t\u00f5eliseks minaks, aga see v\u00f5ib olla alguses ebamugav, eriti kui oled elanud v\u00e4ga mugavat ja turvalist elu.<\/strong><\/p><p style=\"text-align: justify;\">Kui sul on lisak\u00fcsimusi kirjuta ja k\u00fcsi lisa crystalexpansion @ gmail.com<\/p><p style=\"text-align: justify;\"><strong>Imelise kohtumiseni!<\/strong><\/p><p style=\"text-align: center;\"><a href=\"https:\/\/crystalralaksmi.com\/eesti\/wp-content\/uploads\/2017\/05\/growingfern.jpg\"><img class=\"size-medium wp-image-4221 aligncenter\" src=\"https:\/\/crystalralaksmi.com\/eesti\/wp-content\/uploads\/2017\/05\/growingfern-300x199.jpg\" alt=\"growingfern\" width=\"300\" height=\"199\" \/><\/a><\/p>","_et_gb_content_width":"","footnotes":""},"class_list":["post-2704","page","type-page","status-publish","has-post-thumbnail","hentry"],"acf":[],"_links":{"self":[{"href":"https:\/\/crystalralaksmi.com\/eesti\/wp-json\/wp\/v2\/pages\/2704","targetHints":{"allow":["GET"]}}],"collection":[{"href":"https:\/\/crystalralaksmi.com\/eesti\/wp-json\/wp\/v2\/pages"}],"about":[{"href":"https:\/\/crystalralaksmi.com\/eesti\/wp-json\/wp\/v2\/types\/page"}],"author":[{"embeddable":true,"href":"https:\/\/crystalralaksmi.com\/eesti\/wp-json\/wp\/v2\/users\/1"}],"replies":[{"embeddable":true,"href":"https:\/\/crystalralaksmi.com\/eesti\/wp-json\/wp\/v2\/comments?post=2704"}],"version-history":[{"count":2,"href":"https:\/\/crystalralaksmi.com\/eesti\/wp-json\/wp\/v2\/pages\/2704\/revisions"}],"predecessor-version":[{"id":225307,"href":"https:\/\/crystalralaksmi.com\/eesti\/wp-json\/wp\/v2\/pages\/2704\/revisions\/225307"}],"up":[{"embeddable":true,"href":"https:\/\/crystalralaksmi.com\/eesti\/wp-json\/wp\/v2\/pages\/215"}],"wp:featuredmedia":[{"embeddable":true,"href":"https:\/\/crystalralaksmi.com\/eesti\/wp-json\/wp\/v2\/media\/224827"}],"wp:attachment":[{"href":"https:\/\/crystalralaksmi.com\/eesti\/wp-json\/wp\/v2\/media?parent=2704"}],"curies":[{"name":"wp","href":"https:\/\/api.w.org\/{rel}","templated":true}]}}