{"id":2732,"date":"2015-07-17T22:19:52","date_gmt":"2015-07-17T22:19:52","guid":{"rendered":"http:\/\/crystalralaksmi.com\/eesti\/?page_id=2732"},"modified":"2015-07-17T22:19:52","modified_gmt":"2015-07-17T22:19:52","slug":"nele-auratransformatsiooni-kogemus","status":"publish","type":"page","link":"https:\/\/crystalralaksmi.com\/eesti\/nele-auratransformatsiooni-kogemus\/","title":{"rendered":"Nele Auratransformatsiooni kogemus"},"content":{"rendered":"<p style=\"text-align: justify;\">Jagan Nele v\u00e4rsket Auratransformatsiooni j\u00e4rgset kogemust juuli algusest 2015.<\/p>\n<p style=\"text-align: justify;\">&#8212;<\/p>\n<p style=\"text-align: justify;\">Tere Crystal,<\/p>\n<p style=\"text-align: justify;\">T\u00e4na olen v\u00e4ga m\u00f5nusas voolamises ja tuju \u00fclimalt hea. K\u00f5ik justkui sujub nii lihtsalt ja \u00f5iget rada.<\/p>\n<p style=\"text-align: justify;\">Tahan Sind v\u00e4ga t\u00e4nada ja natuke tagasisidet anda, lihtsalt s\u00fcdames on selline tunne:)!<\/p>\n<p style=\"text-align: justify;\">Sinuga kohtuda oli \u00fclim v\u00f5imalus. Kogeda midagi v\u00e4ga &#8220; erilist&#8220;, seda siis v\u00e4ga laheda inimese n\u00e4ol ja muidugi l\u00e4bi auratransformatsiooni, mis t\u00e4naseks on juba suuri muutusi minu ellu toonud. Hetkekski pole m\u00f5ttesse tulnud, et kahetsen. Hoopis vastupidi, ilma naljata!<\/p>\n<p style=\"text-align: justify;\">Elu kulgeb nii sujuvalt, pingevabalt, ilma \u00fcle m\u00f5tlemata ( mida ma varasemalt v\u00e4ga palju tegin ). V\u00f5in \u00f6elda, et l\u00f5puks ma naudin elu.<\/p>\n<p style=\"text-align: justify;\">Olen s\u00fcdames v\u00e4ga t\u00e4nulik oma heale s\u00f5brannale, kes minu sammud sinuni juhatas, et see k\u00f5ik sai toimuda.<\/p>\n<p style=\"text-align: justify;\">N\u00fc\u00fcd ikka asja juurde ka, mis siis muutunud on;<\/p>\n<p style=\"text-align: justify;\">See on nii lahe kuidas minu sisemine mina on kasvanud, milline julgus, enesekindlus ja tahe asju teha ja n\u00e4ha uues valguses. Eriti vinge on see, kuidas piisab vaid m\u00f5elda n\u00e4iteks m\u00f5ne tuttava, s\u00f5bra peale ja telefon hakkab helisema, v\u00f5i saan laheda pakkumise, kirja. Samuti hoiatavad m\u00e4rgid, mis on p\u00e4\u00e4ster\u00f5ngaks erinevates olukordades. \u00dcllatusi on igas p\u00e4evas.<\/p>\n<p style=\"text-align: justify;\">Mis ma sellega \u00f6elda tahan on see, et t\u00e4nu auratransformatsioonile olen saavutanud iseendas nii sisemise kui v\u00e4limise tasakaalu. Olen kontaktis oma intuitsiooni ja n\u00f6. vaimsete asjade tunnetamisega, kehaliste asjade tajumisega.<\/p>\n<p style=\"text-align: justify;\">Elu on muutunud minu jaoks lihtsamaks. Ma ei m\u00f5tle enam \u00fcle ja ei ole kimbatuses, mida, kuidas teha. Lihtsalt usaldan ennast! Kui aus olla, ma poleks osanud midagi sellist oodata ega ettegi kujutada, sest varasemalt olin mattunud kuhja murede, stressi, terviseprobleemide alla. Negatiivne leidis mind \u00fcles ja m\u00e4ssis endasse.<\/p>\n<p style=\"text-align: justify;\">T\u00e4naseks olen t\u00e4is energiat, tahet, julgust teha asju piiranguteta. Varem olin t\u00f5eline j\u00e4nkuke, kartsin ja ei julgenud tihti uute asjadega kaasa minna.<\/p>\n<p style=\"text-align: justify;\">T\u00e4na n\u00e4iteks sain hea s\u00f5braga kokku, kes viis mind motikaga s\u00f5itma &#8230;vot see oli tunne ja feeling. Mis peamine, ma usaldasin oma s\u00f5pra ja iseennast.Puudus igasugune hirm, kogesin midagi v\u00f5imsat ja nautisin, kuidas loodus silme ees virvendas, juuksed lehvisid ja k\u00e4\u00e4nulised kurvid meid teretasid.<\/p>\n<p style=\"text-align: justify;\">Ime on s\u00fcndinud ka kodus. Minu t\u00f5sine, vaikne mees on muutunud jutukamaks, otsides pidevat t\u00e4helepanu ja l\u00e4hedust. Sama on ka minu 7 aastase pojaga, kes kaisutab ja kallistab pidevalt ja ei taha minust lahti lasta. Vahepeal m\u00f5tlen ja raputan pead, et kas see on uni&#8230;..aga EI&#8230;.\u00d5NNEKS , see k\u00f5ik on reaalne ELU, mida elan.<\/p>\n<p style=\"text-align: justify;\">Olen t\u00e4nulik iseendale, et leidsin selle sisemise teadmise ja tee Sinuni. Veel t\u00e4nulikum aga Sulle!<\/p>\n<p style=\"text-align: justify;\"><strong>NB! N\u00fc\u00fcd tean, et k\u00f5igel toimuval on s\u00fcgav m\u00f5te, t\u00e4hendus. Inimestel ja olukordadel , mida keegi ligi t\u00f5mbab samuti eesm\u00e4rk. Hingep\u00f5hjas teame alati, mis on meile parim.<\/strong><\/p>\n<p style=\"text-align: justify;\"><strong>Olles avatud, siiras on nauding elus vabalt kulgeda, voolata!<\/strong><\/p>\n<p style=\"text-align: justify;\">Elu on Ilus,<\/p>\n<p style=\"text-align: justify;\">Nele<\/p>\n<span class=\"et_bloom_bottom_trigger\"><\/span>","protected":false},"excerpt":{"rendered":"<p>Jagan Nele v\u00e4rsket Auratransformatsiooni j\u00e4rgset kogemust juuli algusest 2015. &#8212; Tere Crystal, T\u00e4na olen v\u00e4ga m\u00f5nusas voolamises ja tuju \u00fclimalt hea. K\u00f5ik justkui sujub nii lihtsalt ja \u00f5iget rada. Tahan [&hellip;]<\/p>\n","protected":false},"author":1,"featured_media":0,"parent":0,"menu_order":0,"comment_status":"open","ping_status":"open","template":"","meta":{"_acf_changed":false,"_et_pb_use_builder":"","_et_pb_old_content":"","_et_gb_content_width":"","footnotes":""},"class_list":["post-2732","page","type-page","status-publish","hentry"],"acf":[],"_links":{"self":[{"href":"https:\/\/crystalralaksmi.com\/eesti\/wp-json\/wp\/v2\/pages\/2732","targetHints":{"allow":["GET"]}}],"collection":[{"href":"https:\/\/crystalralaksmi.com\/eesti\/wp-json\/wp\/v2\/pages"}],"about":[{"href":"https:\/\/crystalralaksmi.com\/eesti\/wp-json\/wp\/v2\/types\/page"}],"author":[{"embeddable":true,"href":"https:\/\/crystalralaksmi.com\/eesti\/wp-json\/wp\/v2\/users\/1"}],"replies":[{"embeddable":true,"href":"https:\/\/crystalralaksmi.com\/eesti\/wp-json\/wp\/v2\/comments?post=2732"}],"version-history":[{"count":0,"href":"https:\/\/crystalralaksmi.com\/eesti\/wp-json\/wp\/v2\/pages\/2732\/revisions"}],"wp:attachment":[{"href":"https:\/\/crystalralaksmi.com\/eesti\/wp-json\/wp\/v2\/media?parent=2732"}],"curies":[{"name":"wp","href":"https:\/\/api.w.org\/{rel}","templated":true}]}}