{"id":274,"date":"2013-08-13T00:54:42","date_gmt":"2013-08-13T00:54:42","guid":{"rendered":"http:\/\/crystalralaksmi.com\/eesti\/?page_id=274"},"modified":"2013-08-13T00:54:42","modified_gmt":"2013-08-13T00:54:42","slug":"anu-liisi-tagasiside-hawaii-access-consciousness","status":"publish","type":"page","link":"https:\/\/crystalralaksmi.com\/eesti\/anu-liisi-tagasiside-hawaii-access-consciousness\/","title":{"rendered":"Anu-Liisi tagasiside (Hawaii, jm)"},"content":{"rendered":"<h5 style=\"text-align: justify;\"><a href=\"https:\/\/crystalralaksmi.com\/eesti\/wp-content\/uploads\/2013\/08\/anuliistiina.jpg\"><img loading=\"lazy\" decoding=\"async\" class=\"alignleft size-thumbnail wp-image-275\" alt=\"anuliistiina\" src=\"https:\/\/crystalralaksmi.com\/eesti\/wp-content\/uploads\/2013\/08\/anuliistiina-150x150.jpg\" width=\"150\" height=\"150\" \/><\/a>Crystal, sa oled k\u00f5ige rohkem &#8220;ISE&#8221;-inimene (iseenesega kontaktis), keda ma olen n\u00e4inud, kellest olen kuulnud v\u00f5i kellest olen lugenud. See sinu &#8220;ise-olemine&#8221;on t\u00e4helepanu- ja austusv\u00e4\u00e4rne, inspireeriv, iseenesestkim\u00f5istetav, lummav, s\u00fcdantsoojendav, lootustandev ja julgustav ning parimas m\u00f5ttes pimestav, v\u00f5i siis hoopis VALGUSTAV!<\/h5>\n<h5 style=\"text-align: justify;\">Kui Sinu peale m\u00f5tlen, siis mul on s\u00fcdames soe tunne ja ma olen t\u00e4nulik, et sa oled olemas. See, kuidas sa oma emotsioone ja juhtumisi nii ausalt jagad&#8230; p\u00fcha m\u00fcristus, kes peale sinu veel sedasi teeb:)? Ja nii juhtub, et seda r\u00f5\u00f5mu ning imetlust ja osav\u00f5tlikkust ilmaelu suhtes, mida sa laiali pritsid, saab niipalju, et see kasvab ja paisub ja k\u00f5ik, kes vaid valivad, saavad sellest osa&#8230; \ud83d\ude42\u00a0Kuidas minul on vedanud, et teisiti ei saa ja seda kirja siin praegu kirjutan kell 0.27?<\/h5>\n<p style=\"text-align: justify;\">Anu-Liis Johannes, \u00fcks Hawaii seiklusgrupis osaleja (Mai 2012).<br \/>\nViljandi<\/p>\n<span class=\"et_bloom_bottom_trigger\"><\/span>","protected":false},"excerpt":{"rendered":"<p>Crystal, sa oled k\u00f5ige rohkem &#8220;ISE&#8221;-inimene (iseenesega kontaktis), keda ma olen n\u00e4inud, kellest olen kuulnud v\u00f5i kellest olen lugenud. See sinu &#8220;ise-olemine&#8221;on t\u00e4helepanu- ja austusv\u00e4\u00e4rne, inspireeriv, iseenesestkim\u00f5istetav, lummav, s\u00fcdantsoojendav, lootustandev [&hellip;]<\/p>\n","protected":false},"author":1,"featured_media":224805,"parent":0,"menu_order":0,"comment_status":"closed","ping_status":"closed","template":"","meta":{"_acf_changed":false,"_et_pb_use_builder":"","_et_pb_old_content":"","_et_gb_content_width":"","footnotes":""},"class_list":["post-274","page","type-page","status-publish","has-post-thumbnail","hentry"],"acf":[],"_links":{"self":[{"href":"https:\/\/crystalralaksmi.com\/eesti\/wp-json\/wp\/v2\/pages\/274","targetHints":{"allow":["GET"]}}],"collection":[{"href":"https:\/\/crystalralaksmi.com\/eesti\/wp-json\/wp\/v2\/pages"}],"about":[{"href":"https:\/\/crystalralaksmi.com\/eesti\/wp-json\/wp\/v2\/types\/page"}],"author":[{"embeddable":true,"href":"https:\/\/crystalralaksmi.com\/eesti\/wp-json\/wp\/v2\/users\/1"}],"replies":[{"embeddable":true,"href":"https:\/\/crystalralaksmi.com\/eesti\/wp-json\/wp\/v2\/comments?post=274"}],"version-history":[{"count":0,"href":"https:\/\/crystalralaksmi.com\/eesti\/wp-json\/wp\/v2\/pages\/274\/revisions"}],"wp:featuredmedia":[{"embeddable":true,"href":"https:\/\/crystalralaksmi.com\/eesti\/wp-json\/wp\/v2\/media\/224805"}],"wp:attachment":[{"href":"https:\/\/crystalralaksmi.com\/eesti\/wp-json\/wp\/v2\/media?parent=274"}],"curies":[{"name":"wp","href":"https:\/\/api.w.org\/{rel}","templated":true}]}}