{"id":279,"date":"2013-08-13T01:53:02","date_gmt":"2013-08-13T01:53:02","guid":{"rendered":"http:\/\/crystalralaksmi.com\/eesti\/?page_id=279"},"modified":"2013-08-13T01:53:02","modified_gmt":"2013-08-13T01:53:02","slug":"maria-access-consciousness-saa-sobraks-veega-rahamagnet","status":"publish","type":"page","link":"https:\/\/crystalralaksmi.com\/eesti\/maria-access-consciousness-saa-sobraks-veega-rahamagnet\/","title":{"rendered":"Maria ( Koolitused, Saa s\u00f5braks veega, rahamagnet)"},"content":{"rendered":"<p style=\"text-align: justify;\">Armas Crystal Ra<\/p>\n<p style=\"text-align: justify;\">Detsember 2012<\/p>\n<p style=\"text-align: justify;\">Ait\u00e4h selle vanade mustritest vabanemise v\u00f5imaluse eest 11. dets kehatehnikate\u00a0kursusel. Olemine on hoopis teise tunnetusega &#8211; sees on selline rahulolu ja muretu olemine. Selline tunne on, et \u00fcmbert on v\u00f5etud nagu mingi tihke, m\u00e4\u00e4rdunud\u00a0koorik, mis ei lasnud vabalt energial kulgeda. I ja II tsakra piirkond on soe ja pulseerib, pakitseb, on nagu elustunud.<\/p>\n<p style=\"text-align: justify;\">K\u00f5ige olulisem, et on vabanetud emotsioonaalsel tasandil inimeste vahelisel \u00a0suhtlemisel saadud emotsionaalsetest traumadest, m\u00e4lestuste valust. \u00dchine nimetaja ongi\u00a0 valu. \u00a0Uued energiad pulseerivad f\u00fc\u00fcsilises kehas leebelt, emotsionaalsel tasandil on ilmnenud kirg oma t\u00f6\u00f6 ja l\u00e4heneva l\u00e4hisuhte suhtes.<\/p>\n<p style=\"text-align: justify;\">J\u00e4lgin veel t\u00e4helepanelikumalt oma m\u00f5tteid oma t\u00f6\u00f6 ja inimeste kohta ja muudan neid kiirelt toetavateks ja harmoonilistemaks. Olen lasteaias abi\u00f5petaja &#8211; laste suul\u00e4bi on m\u00e4rke-lauseid, situatsioone elumuutuste kohta mis on mul ees. Tegelen, et mitte klammerduda oma l\u00e4hedal olevatesse abilistesse. Loen sinu loengu m\u00e4rkmeid. Teen enda uute tunnetuste kohta m\u00e4rkmeid ja pean unen\u00e4gude p\u00e4evikut lisaks.<\/p>\n<p style=\"text-align: justify;\">Mind huvitab info AuraTranformatsiooni l\u00e4bimise v\u00f5imalustest\u00a0ja \u00f5ppida seda, samuti teised kursused ning tantrakursused kas individuaalses v\u00f5i v\u00e4iksema grupi koosseisus, et olla teadlik ja valmis\u00a0 panustama algavale t\u00e4isv\u00e4\u00e4rtuslikusele l\u00e4hisuhtele uuelt tasandilt. Tantra teema on valge leht minu teadmistes selle kohta.<\/p>\n<p style=\"text-align: justify;\">Teise v\u00f5imalusena on paluda sinult individuaal konsultatsiooni ehk\u00a0 sobivaimat teraapia vormi. Tunnen et on vaja abi v\u00e4ljastpoolt, kuna \u00fcksnes reiki abist j\u00e4\u00e4b v\u00e4heks.<\/p>\n<div style=\"text-align: justify;\"><strong>Juuli 2013<\/strong><\/div>\n<div style=\"text-align: justify;\"><strong>(Osalesin m\u00f5nedel &#8216;saa veega s\u00f5braks&#8217; s\u00fcndmustel mais).<\/strong><\/div>\n<div style=\"text-align: justify;\"><\/div>\n<div style=\"text-align: justify;\">M\u00f5tlesin t\u00e4nus just eile sinu peale kui nautisin\u00a0 t\u00f5eliselt merelaineid.\u00a0Alles n\u00fc\u00fcd hakkab kohale j\u00f5udma vee kui elemendi ja stihhia t\u00f5eline &#8211; s\u00fcgav olemus minu jaoks.\u00a0Ait\u00e4h sulle.\u00a0Nagu ilmekalt n\u00e4ha oli ega ma pole eriti vette kunagi eriti kippunud.\u00a0P\u00fchap\u00e4eval tuli selge seesmine teadmine ja korraldus, et n\u00fc\u00fcd on vaja merre ujuma minna &#8230;..\u00a0See oli midagi \u00fcli teraapilist, mis kajastus hiljem unedes. N\u00fc\u00fcd pole ilmal t\u00e4htsust, silkan iga p\u00e4ev korra merelainetesse.\u00a0Kolisin mujale vahepeatusena. Tegin ennast vabaks k\u00f5igest sellest, mis ei olnud toetav ja hooliv.<\/div>\n<div style=\"text-align: justify;\"><\/div>\n<div style=\"text-align: justify;\"><strong>Rahamagnet &#8211;<\/strong> raha on tulnud\u00a0 m\u00f5nusate t\u00f6\u00f6otsadena ja lihtsalt inimesed on minusse panustanud. Palju toredaid inimesi on teel kohatud. Hoian tundlad p\u00fcsti uue ja\u00a0 k\u00fclluslikuma elu ja t\u00f6\u00f6koha suhtes, kus saan rakendada oma teadmisi ja oskusi.<\/div>\n<div style=\"text-align: justify;\"><\/div>\n<div style=\"text-align: justify;\">Puhkust ja imesid sinu ellu.<\/div>\n<p style=\"text-align: justify;\">\u00a0Ait\u00e4h. Ait\u00e4h. Ait\u00e4h sulle ja su inglitele<\/p>\n<p style=\"text-align: justify;\">Austuse ja armastusega,<\/p>\n<p style=\"text-align: justify;\">Maria<\/p>\n<span class=\"et_bloom_bottom_trigger\"><\/span>","protected":false},"excerpt":{"rendered":"<p>Armas Crystal Ra Detsember 2012 Ait\u00e4h selle vanade mustritest vabanemise v\u00f5imaluse eest 11. dets kehatehnikate\u00a0kursusel. Olemine on hoopis teise tunnetusega &#8211; sees on selline rahulolu ja muretu olemine. Selline tunne [&hellip;]<\/p>\n","protected":false},"author":1,"featured_media":0,"parent":0,"menu_order":0,"comment_status":"closed","ping_status":"closed","template":"","meta":{"_acf_changed":false,"_et_pb_use_builder":"","_et_pb_old_content":"","_et_gb_content_width":"","footnotes":""},"class_list":["post-279","page","type-page","status-publish","hentry"],"acf":[],"_links":{"self":[{"href":"https:\/\/crystalralaksmi.com\/eesti\/wp-json\/wp\/v2\/pages\/279","targetHints":{"allow":["GET"]}}],"collection":[{"href":"https:\/\/crystalralaksmi.com\/eesti\/wp-json\/wp\/v2\/pages"}],"about":[{"href":"https:\/\/crystalralaksmi.com\/eesti\/wp-json\/wp\/v2\/types\/page"}],"author":[{"embeddable":true,"href":"https:\/\/crystalralaksmi.com\/eesti\/wp-json\/wp\/v2\/users\/1"}],"replies":[{"embeddable":true,"href":"https:\/\/crystalralaksmi.com\/eesti\/wp-json\/wp\/v2\/comments?post=279"}],"version-history":[{"count":0,"href":"https:\/\/crystalralaksmi.com\/eesti\/wp-json\/wp\/v2\/pages\/279\/revisions"}],"wp:attachment":[{"href":"https:\/\/crystalralaksmi.com\/eesti\/wp-json\/wp\/v2\/media?parent=279"}],"curies":[{"name":"wp","href":"https:\/\/api.w.org\/{rel}","templated":true}]}}