{"id":2810,"date":"2015-08-03T23:42:08","date_gmt":"2015-08-03T23:42:08","guid":{"rendered":"http:\/\/crystalralaksmi.com\/eesti\/?page_id=2810"},"modified":"2015-08-03T23:42:08","modified_gmt":"2015-08-03T23:42:08","slug":"uue-ajastu-suhted-ja-kulluse-taaskaivituse-abielu-sundmus","status":"publish","type":"page","link":"https:\/\/crystalralaksmi.com\/eesti\/uue-ajastu-suhted-ja-kulluse-taaskaivituse-abielu-sundmus\/","title":{"rendered":"Uue Ajastu Suhted ja K\u00fclluse taask\u00e4ivituse abielu s\u00fcndmus"},"content":{"rendered":"<p><a href=\"https:\/\/crystalralaksmi.com\/eesti\/wp-content\/uploads\/2015\/08\/manwomanhug.jpg\"><img loading=\"lazy\" decoding=\"async\" class=\"alignleft size-thumbnail wp-image-2812\" alt=\"manwomanhug\" src=\"https:\/\/crystalralaksmi.com\/eesti\/wp-content\/uploads\/2015\/08\/manwomanhug-150x150.jpg\" width=\"150\" height=\"150\" \/><\/a><\/p>\n<p style=\"text-align: center;\"><strong>Uue ajastu suhted ja\u00a0k\u00fclluse taask\u00e4ivituse abielu<\/strong><\/p>\n<p style=\"text-align: center;\"><strong>Crystal Ra Laksmiga<\/strong><\/p>\n<p style=\"text-align: center;\"><strong>Blissi Majas, Tallinnas<\/strong><\/p>\n<p style=\"text-align: center;\"><strong>18 augustil kell 19 \u2013 21<\/strong><\/p>\n<p>Ava fail lisatud detailidega siit:\u00a0<a href=\"https:\/\/crystalralaksmi.com\/eesti\/wp-content\/uploads\/2015\/08\/suhtekoolitusF.pdf\">suhtekoolitus<\/a><\/p>\n<span class=\"et_bloom_bottom_trigger\"><\/span>","protected":false},"excerpt":{"rendered":"<p>Uue ajastu suhted ja\u00a0k\u00fclluse taask\u00e4ivituse abielu Crystal Ra Laksmiga Blissi Majas, Tallinnas 18 augustil kell 19 \u2013 21 Ava fail lisatud detailidega siit:\u00a0suhtekoolitus<\/p>\n","protected":false},"author":1,"featured_media":224829,"parent":0,"menu_order":0,"comment_status":"open","ping_status":"open","template":"","meta":{"_acf_changed":false,"_et_pb_use_builder":"","_et_pb_old_content":"","_et_gb_content_width":"","footnotes":""},"class_list":["post-2810","page","type-page","status-publish","has-post-thumbnail","hentry"],"acf":[],"_links":{"self":[{"href":"https:\/\/crystalralaksmi.com\/eesti\/wp-json\/wp\/v2\/pages\/2810","targetHints":{"allow":["GET"]}}],"collection":[{"href":"https:\/\/crystalralaksmi.com\/eesti\/wp-json\/wp\/v2\/pages"}],"about":[{"href":"https:\/\/crystalralaksmi.com\/eesti\/wp-json\/wp\/v2\/types\/page"}],"author":[{"embeddable":true,"href":"https:\/\/crystalralaksmi.com\/eesti\/wp-json\/wp\/v2\/users\/1"}],"replies":[{"embeddable":true,"href":"https:\/\/crystalralaksmi.com\/eesti\/wp-json\/wp\/v2\/comments?post=2810"}],"version-history":[{"count":0,"href":"https:\/\/crystalralaksmi.com\/eesti\/wp-json\/wp\/v2\/pages\/2810\/revisions"}],"wp:featuredmedia":[{"embeddable":true,"href":"https:\/\/crystalralaksmi.com\/eesti\/wp-json\/wp\/v2\/media\/224829"}],"wp:attachment":[{"href":"https:\/\/crystalralaksmi.com\/eesti\/wp-json\/wp\/v2\/media?parent=2810"}],"curies":[{"name":"wp","href":"https:\/\/api.w.org\/{rel}","templated":true}]}}