{"id":282,"date":"2013-08-13T03:07:29","date_gmt":"2013-08-13T03:07:29","guid":{"rendered":"http:\/\/crystalralaksmi.com\/eesti\/?page_id=282"},"modified":"2013-08-13T03:07:29","modified_gmt":"2013-08-13T03:07:29","slug":"tiina-liimandi-access-consciousness-5-paeva-muutuseid-kursus","status":"publish","type":"page","link":"https:\/\/crystalralaksmi.com\/eesti\/tiina-liimandi-access-consciousness-5-paeva-muutuseid-kursus\/","title":{"rendered":"Tiia (Muutuste kursus)"},"content":{"rendered":"<p style=\"text-align: justify;\"><strong>P\u00e4rnus<\/strong><\/p>\n<p style=\"text-align: justify;\"><strong>Oktoober 2012<\/strong><\/p>\n<p style=\"text-align: justify;\"><strong>Peale esimest p\u00e4eva<\/strong><\/p>\n<p style=\"text-align: justify;\">Olen ma elu n\u00e4inud ja enda arvates olnud\u00a0paljudel kursustel, ning arvata, et tean enamust, aga see mis juhtus t\u00e4na P\u00e4rnus on tippude tipp ja toppide topp!! Ma ei teadnud t\u00f5esti ei teadnud, et teadlikkus v\u00f5ib lasta lubada niimoodi naerda, et sa oled lihtsalt kummuli maas ja naerad minuteid jutti. Crystali poolt \u00f6eldu vallandas v\u00e4ga suure puhastuse, kontrolli t\u00e4ieliku kaotuse nii kehas kui vaimus k\u00f5igil kohalolijatel. Sry kui see lainetas \u00fcle P\u00e4rnu linna ja v\u00f5ibolla terve Eesti kuskil 21.30 ajal ja keegi teist m\u00f5ttetult naeris ja naerust p\u00fcksi pissis! Ei teagi kas raatsin praegu magama minna, ei j\u00f5ua \u00e4ra oodata mis siis homme tuleb. Milline uus algus seiklusele teadlikkuses!<\/p>\n<p style=\"text-align: justify;\"><strong>Kolmas p\u00e4ev<\/strong><\/p>\n<p style=\"text-align: justify;\">Nii. T\u00e4na siis asjalik m\u00f5nus t\u00f6\u00f6p\u00e4ev selja taga. Ausalt \u00f6eldes ma m\u00f5tlesin veel eile, et kui v\u00e4ga vajalik mulle see kursus on. Johhaidiii&#8230; T\u00e4na t\u00f5stan k\u00e4ed ja annan alla. Mul see lollakas kiiks, et mis iganes loengud on, siis ma lihtsalt magan. Seekord oli ikka asi t\u00e4iesti vastupidine. Aga kust ma v\u00f5isin teada, et iga kursus ei olegi tavaline kursus ja egas Crystal ka just v\u00e4ga tavaline ole&#8230;<\/p>\n<p style=\"text-align: justify;\">Hea on olla vastuv\u00f5tja ja \u00f5ppida, kui sulle on toodud k\u00e4tte nii palju naljakaid mahlaseid n\u00e4iteid ja nii palju elu ennast. Crystal &#8220;t\u00f5lkis&#8221; minu jaoks arusaamatu x-keele \u00fclilahedalt lihtsasse eesti keelde. Kuidas ma ka ei p\u00fc\u00fcdnud mugavleda, isegi pikutades, no ei saanud magada, niii huvitav ja p\u00f5nev oli! Selline lahe duraccelli j\u00e4nese tunne, ma pole seda ammu kogenud, kohe m\u00f5nus.<\/p>\n<p style=\"text-align: justify;\">\u00d5htu l\u00f5ppes kummalise uue kehatehnikaga, mis mu keha piirid lahustas. See tehnika l\u00f5i mingi uue m\u00fcstilise ruumi mu \u00fcmber. V\u00f5i siis polnud vanas ruumis ammu koristaja k\u00e4ind, maitea, ja mul jumala suva, maiviitsi vaagida kah. Igatahes olen ma oma uues ruumis ise ka uuem kui hommikul, ja see tunne on v\u00e4ga v\u00e4\u00e4rtuslik! Olen t\u00e4nulainel. Ma olen unine. Aga ma pole \u00fcldse v\u00e4sinud. Vaatamata intensiivsele p\u00e4evale, vaid pisikeste ampsupausidega, tunnen ma end veel s\u00fcda\u00f6\u00f6l energilise ja k\u00f5ikv\u00f5imsa olendina. Ja mis veel homme toimub? &#8230;&#8230;. :)))<\/p>\n<p style=\"text-align: justify;\"><strong>Tiia peale kursust<\/strong><\/p>\n<p style=\"text-align: justify;\">Sulle ikka ka ait\u00e4h, Crystal! Oli p\u00f5nev m\u00fctata ja kusjuures p\u00f5nev on siiani. Keha puhastub ikka p\u00e4ris vingelt. J\u00e4tkuvalt on elu lill ja loomine! Niisiis? Tead, ma tunnen, et ma ei ole enam Alice imedemaalt, mina ise olengi see IMEDEMAA ja absoluutselt K\u00d5IK ON V\u00d5IMALIK. Ait\u00e4h!<\/p>\n<p style=\"text-align: center;\">\n<p style=\"text-align: center;\">\n<span class=\"et_bloom_bottom_trigger\"><\/span>","protected":false},"excerpt":{"rendered":"<p>P\u00e4rnus Oktoober 2012 Peale esimest p\u00e4eva Olen ma elu n\u00e4inud ja enda arvates olnud\u00a0paljudel kursustel, ning arvata, et tean enamust, aga see mis juhtus t\u00e4na P\u00e4rnus on tippude tipp ja [&hellip;]<\/p>\n","protected":false},"author":1,"featured_media":0,"parent":0,"menu_order":0,"comment_status":"closed","ping_status":"closed","template":"","meta":{"_acf_changed":false,"_et_pb_use_builder":"","_et_pb_old_content":"","_et_gb_content_width":"","footnotes":""},"class_list":["post-282","page","type-page","status-publish","hentry"],"acf":[],"_links":{"self":[{"href":"https:\/\/crystalralaksmi.com\/eesti\/wp-json\/wp\/v2\/pages\/282","targetHints":{"allow":["GET"]}}],"collection":[{"href":"https:\/\/crystalralaksmi.com\/eesti\/wp-json\/wp\/v2\/pages"}],"about":[{"href":"https:\/\/crystalralaksmi.com\/eesti\/wp-json\/wp\/v2\/types\/page"}],"author":[{"embeddable":true,"href":"https:\/\/crystalralaksmi.com\/eesti\/wp-json\/wp\/v2\/users\/1"}],"replies":[{"embeddable":true,"href":"https:\/\/crystalralaksmi.com\/eesti\/wp-json\/wp\/v2\/comments?post=282"}],"version-history":[{"count":0,"href":"https:\/\/crystalralaksmi.com\/eesti\/wp-json\/wp\/v2\/pages\/282\/revisions"}],"wp:attachment":[{"href":"https:\/\/crystalralaksmi.com\/eesti\/wp-json\/wp\/v2\/media?parent=282"}],"curies":[{"name":"wp","href":"https:\/\/api.w.org\/{rel}","templated":true}]}}