{"id":2833,"date":"2015-08-11T12:19:17","date_gmt":"2015-08-11T12:19:17","guid":{"rendered":"http:\/\/crystalralaksmi.com\/eesti\/?page_id=2833"},"modified":"2019-07-23T10:48:26","modified_gmt":"2019-07-23T07:48:26","slug":"saa-sobraks-veega-koolitus-septembris","status":"publish","type":"page","link":"https:\/\/crystalralaksmi.com\/eesti\/saa-sobraks-veega-koolitus-septembris\/","title":{"rendered":"Saa S\u00f5braks Veega Koolitus Septembris"},"content":{"rendered":"<p>[et_pb_section fb_built=&#8221;1&#8243; admin_label=&#8221;Section&#8221; _builder_version=&#8221;3.22.3&#8243; saved_tabs=&#8221;all&#8221; global_module=&#8221;225116&#8243;][et_pb_row _builder_version=&#8221;3.25&#8243; background_size=&#8221;initial&#8221; background_position=&#8221;top_left&#8221; background_repeat=&#8221;repeat&#8221;][et_pb_column type=&#8221;4_4&#8243; _builder_version=&#8221;3.25.3&#8243;][et_pb_post_title meta=&#8221;off&#8221; featured_image=&#8221;off&#8221; _builder_version=&#8221;3.25.3&#8243; title_font=&#8221;Poppins|600|||||||&#8221; custom_margin=&#8221;||0px|||&#8221;][\/et_pb_post_title][et_pb_divider color=&#8221;#57ca85&#8243; divider_weight=&#8221;5px&#8221; _builder_version=&#8221;3.25.3&#8243; width=&#8221;14%&#8221;][\/et_pb_divider][\/et_pb_column][\/et_pb_row][\/et_pb_section][et_pb_section fb_built=&#8221;1&#8243; _builder_version=&#8221;3.22&#8243;][et_pb_row _builder_version=&#8221;3.25&#8243; background_size=&#8221;initial&#8221; background_position=&#8221;top_left&#8221; background_repeat=&#8221;repeat&#8221;][et_pb_column type=&#8221;4_4&#8243; _builder_version=&#8221;3.25&#8243; custom_padding=&#8221;|||&#8221; custom_padding__hover=&#8221;|||&#8221;][et_pb_text _builder_version=&#8221;3.0.74&#8243; background_size=&#8221;initial&#8221; background_position=&#8221;top_left&#8221; background_repeat=&#8221;repeat&#8221;]<\/p>\n<p style=\"text-align: justify;\"><a href=\"https:\/\/crystalralaksmi.com\/eesti\/wp-content\/uploads\/2015\/08\/KAlev-spa-sept-kursus-kollaaz.jpg\"><img loading=\"lazy\" decoding=\"async\" class=\"alignleft size-thumbnail wp-image-2834\" src=\"https:\/\/crystalralaksmi.com\/eesti\/wp-content\/uploads\/2015\/08\/KAlev-spa-sept-kursus-kollaaz-150x150.jpg\" alt=\"KAlev spa sept kursus kollaaz\" width=\"150\" height=\"150\" \/><\/a>Siin ta n\u00fc\u00fcd on!<\/p>\n<p style=\"text-align: justify;\">Kui sul on t\u00f5si taga oma vee hirmudega t\u00f6\u00f6tamiseks v\u00f5i soovid lihtsalt s\u00fcgavl\u00f5dvestuda ja veega s\u00f5braks saada, siis siin on sinu ainulaadne v\u00f5imalus!<\/p>\n<p style=\"text-align: justify;\"><strong>Kalev Spaga koost\u00f6\u00f6s pakun Wantra veekoolitust Septembrikuus igal p\u00fchap\u00e4eval kell 19 &#8211; 21 alumises v\u00e4ikses basseinis (eraldi klaasi taga) kus temeperatuur minu t\u00f6\u00f6 jaoks on +30C mis on miinimum temperatuur. Kohti on vaid 12, nii et kes ees, see mees\/naine.<\/strong><\/p>\n<p style=\"text-align: justify;\">Panin selle just ka p\u00fchap\u00e4eva p\u00e4evale selleks, et kui on inimesi, kas Tartust, P\u00e4rnust v\u00f5i mujalt Eestist, saavad nad tulla kasv\u00f5i bussiga Tallinna, nautida paar tundi vett ja siis tagasi s\u00f5ita. Enamus bussid peaksid tagasi s\u00f5itma kuni kella 23ni.<\/p>\n<p style=\"text-align: justify;\"><strong>See koolitus on ka Wantra Vee Juhtide koolituse esimene alustase. <span style=\"color: #3366ff;\">Kui sa tuled Vee Loengule 24ndal augustil siis sulle veel v\u00e4ike lisakingitus ja eripakkumine.\u00a0<\/span><\/strong>Vee Loengu kohta tuleb ka kohe kohe info \u00fclesse! Imelised merineitsid ja mehed \u00fchinegem!<\/p>\n<p style=\"text-align: justify;\"><strong>Registreerimine algab n\u00fc\u00fcd ja kohe. Registreerimine on siduv, seega kui sa paned ennast kirja, siis k\u00f5igile 8-le tunnile septembris ja sinu osalustasu on tagastamatu. Sedamoodi loome ka v\u00e4ga tugeva grupid\u00fcnaamika ning see teeb minule organiseerimise kergemaks. T\u00f5sta oma immuunsust tugevalt terve septembrikuu jooksul, nii et haigused sinu kohalolu ei kimbutaks!!!<\/strong><\/p>\n<p style=\"text-align: justify;\"><span style=\"color: #ff0000;\"><strong>Eelregistreerimine l\u00f5peb k\u00f5ige hiljemalt 28. augustil ja eelisj\u00e4rjekorras saab eelistatud neid, kes saavad maksta kogu koolituse tasu korraga. Kui neist tekib juba 12 inimest, sulgub kogu koolituse registreerimine automaatselt ja uusi inimesi lisada pole v\u00f5imalik.<\/strong><\/span><\/p>\n<p style=\"text-align: justify;\"><strong>Kursuse toimumise ajad &#8211; 6, 13, 20 ja 27 september kl 19-21.<\/strong><\/p>\n<p style=\"text-align: justify;\"><strong>Registreerimise info kaardil.<\/strong> Tule kohale v\u00e4hemalt 15 minutit varem, et saaksid ennast pesta. Peale koolitust on sul ka lisaaeg pesemiseks ja riietumiseks 15 minutit. Osaluseks on vaja trikood v\u00f5i vees ujumise riideid, ninakl\u00f5pse ja oma maski ning toru.<\/p>\n<p style=\"text-align: justify;\"><strong>Enne kursusega liitumist, tutvu palun ka\u00a0<a href=\"https:\/\/crystalralaksmi.com\/eesti\/wp-content\/uploads\/2015\/08\/basseini-kokkulepped.pdf\">basseini kokkulepped<\/a>\u00a0failiga.<\/strong><\/p>\n<p style=\"text-align: justify;\"><strong>Lisainfoks:<\/strong> Peale Veet\u00f6\u00f6d Crystaliga v\u00f5id ennast tunda eriti s\u00fcgavalt l\u00f5dvestuna just peale kursust. Seega oleks vajalik v\u00e4ga tugev maandus koheselt peale kursust, eriti kui sa koheselt pead istuma ka autorooli. Tegu on v\u00e4ga s\u00fcgavl\u00f5dvestavate tehnikatega, mis m\u00f5jutavad kogu su olemust rakkudeni v\u00e4lja!<\/p>\n<p style=\"text-align: justify;\"><strong>Lisainfo:<\/strong><\/p>\n<p style=\"text-align: justify;\">Telefon: 55924831<\/p>\n<p style=\"text-align: justify;\">Kontakteeru <a href=\"https:\/\/crystalralaksmi.com\/eesti\/kontakt\/\">siit:\u00a0<\/a><\/p>\n<p>[\/et_pb_text][\/et_pb_column][\/et_pb_row][\/et_pb_section]<\/p>\n<span class=\"et_bloom_bottom_trigger\"><\/span>","protected":false},"excerpt":{"rendered":"<p>Siin ta n\u00fc\u00fcd on! Kui sul on t\u00f5si taga oma vee hirmudega t\u00f6\u00f6tamiseks v\u00f5i soovid lihtsalt s\u00fcgavl\u00f5dvestuda ja veega s\u00f5braks saada, siis siin on sinu ainulaadne v\u00f5imalus! Kalev Spaga koost\u00f6\u00f6s [&hellip;]<\/p>\n","protected":false},"author":1,"featured_media":224830,"parent":0,"menu_order":0,"comment_status":"closed","ping_status":"closed","template":"","meta":{"_acf_changed":false,"_et_pb_use_builder":"on","_et_pb_old_content":"<p style=\"text-align: justify;\"><a href=\"https:\/\/crystalralaksmi.com\/eesti\/wp-content\/uploads\/2015\/08\/KAlev-spa-sept-kursus-kollaaz.jpg\"><img class=\"alignleft size-thumbnail wp-image-2834\" src=\"https:\/\/crystalralaksmi.com\/eesti\/wp-content\/uploads\/2015\/08\/KAlev-spa-sept-kursus-kollaaz-150x150.jpg\" alt=\"KAlev spa sept kursus kollaaz\" width=\"150\" height=\"150\" \/><\/a>Siin ta n\u00fc\u00fcd on!<\/p><p style=\"text-align: justify;\">Kui sul on t\u00f5si taga oma vee hirmudega t\u00f6\u00f6tamiseks v\u00f5i soovid lihtsalt s\u00fcgavl\u00f5dvestuda ja veega s\u00f5braks saada, siis siin on sinu ainulaadne v\u00f5imalus!<\/p><p style=\"text-align: justify;\"><strong>Kalev Spaga koost\u00f6\u00f6s pakun Wantra veekoolitust Septembrikuus igal p\u00fchap\u00e4eval kell 19 - 21 alumises v\u00e4ikses basseinis (eraldi klaasi taga) kus temeperatuur minu t\u00f6\u00f6 jaoks on +30C mis on miinimum temperatuur. Kohti on vaid 12, nii et kes ees, see mees\/naine.<\/strong><\/p><p style=\"text-align: justify;\">Panin selle just ka p\u00fchap\u00e4eva p\u00e4evale selleks, et kui on inimesi, kas Tartust, P\u00e4rnust v\u00f5i mujalt Eestist, saavad nad tulla kasv\u00f5i bussiga Tallinna, nautida paar tundi vett ja siis tagasi s\u00f5ita. Enamus bussid peaksid tagasi s\u00f5itma kuni kella 23ni.<\/p><p style=\"text-align: justify;\"><strong>See koolitus on ka Wantra Vee Juhtide koolituse esimene alustase. <span style=\"color: #3366ff;\">Kui sa tuled Vee Loengule 24ndal augustil siis sulle veel v\u00e4ike lisakingitus ja eripakkumine.\u00a0<\/span><\/strong>Vee Loengu kohta tuleb ka kohe kohe info \u00fclesse! Imelised merineitsid ja mehed \u00fchinegem!<\/p><p style=\"text-align: justify;\"><strong>Registreerimine algab n\u00fc\u00fcd ja kohe. Registreerimine on siduv, seega kui sa paned ennast kirja, siis k\u00f5igile 8-le tunnile septembris ja sinu osalustasu on tagastamatu. Sedamoodi loome ka v\u00e4ga tugeva grupid\u00fcnaamika ning see teeb minule organiseerimise kergemaks. T\u00f5sta oma immuunsust tugevalt terve septembrikuu jooksul, nii et haigused sinu kohalolu ei kimbutaks!!!<\/strong><\/p><p style=\"text-align: justify;\"><span style=\"color: #ff0000;\"><strong>Eelregistreerimine l\u00f5peb k\u00f5ige hiljemalt 28. augustil ja eelisj\u00e4rjekorras saab eelistatud neid, kes saavad maksta kogu koolituse tasu korraga. Kui neist tekib juba 12 inimest, sulgub kogu koolituse registreerimine automaatselt ja uusi inimesi lisada pole v\u00f5imalik.<\/strong><\/span><\/p><p style=\"text-align: justify;\"><strong>Kursuse toimumise ajad - 6, 13, 20 ja 27 september kl 19-21.<\/strong><\/p><p style=\"text-align: justify;\"><strong>Registreerimise info kaardil.<\/strong> Tule kohale v\u00e4hemalt 15 minutit varem, et saaksid ennast pesta. Peale koolitust on sul ka lisaaeg pesemiseks ja riietumiseks 15 minutit. Osaluseks on vaja trikood v\u00f5i vees ujumise riideid, ninakl\u00f5pse ja oma maski ning toru.<\/p><p style=\"text-align: justify;\"><strong>Enne kursusega liitumist, tutvu palun ka\u00a0<a href=\"https:\/\/crystalralaksmi.com\/eesti\/wp-content\/uploads\/2015\/08\/basseini-kokkulepped.pdf\">basseini kokkulepped<\/a>\u00a0failiga.<\/strong><\/p><p style=\"text-align: justify;\"><strong>Lisainfoks:<\/strong> Peale Veet\u00f6\u00f6d Crystaliga v\u00f5id ennast tunda eriti s\u00fcgavalt l\u00f5dvestuna just peale kursust. Seega oleks vajalik v\u00e4ga tugev maandus koheselt peale kursust, eriti kui sa koheselt pead istuma ka autorooli. Tegu on v\u00e4ga s\u00fcgavl\u00f5dvestavate tehnikatega, mis m\u00f5jutavad kogu su olemust rakkudeni v\u00e4lja!<\/p><p style=\"text-align: justify;\"><strong>Lisainfo:<\/strong><\/p><p style=\"text-align: justify;\">Telefon: 55924831<\/p><p style=\"text-align: justify;\">Kontakteeru <a href=\"https:\/\/crystalralaksmi.com\/eesti\/kontakt\/\">siit:\u00a0<\/a><\/p>","_et_gb_content_width":"","footnotes":""},"class_list":["post-2833","page","type-page","status-publish","has-post-thumbnail","hentry"],"acf":[],"_links":{"self":[{"href":"https:\/\/crystalralaksmi.com\/eesti\/wp-json\/wp\/v2\/pages\/2833","targetHints":{"allow":["GET"]}}],"collection":[{"href":"https:\/\/crystalralaksmi.com\/eesti\/wp-json\/wp\/v2\/pages"}],"about":[{"href":"https:\/\/crystalralaksmi.com\/eesti\/wp-json\/wp\/v2\/types\/page"}],"author":[{"embeddable":true,"href":"https:\/\/crystalralaksmi.com\/eesti\/wp-json\/wp\/v2\/users\/1"}],"replies":[{"embeddable":true,"href":"https:\/\/crystalralaksmi.com\/eesti\/wp-json\/wp\/v2\/comments?post=2833"}],"version-history":[{"count":2,"href":"https:\/\/crystalralaksmi.com\/eesti\/wp-json\/wp\/v2\/pages\/2833\/revisions"}],"predecessor-version":[{"id":225145,"href":"https:\/\/crystalralaksmi.com\/eesti\/wp-json\/wp\/v2\/pages\/2833\/revisions\/225145"}],"wp:featuredmedia":[{"embeddable":true,"href":"https:\/\/crystalralaksmi.com\/eesti\/wp-json\/wp\/v2\/media\/224830"}],"wp:attachment":[{"href":"https:\/\/crystalralaksmi.com\/eesti\/wp-json\/wp\/v2\/media?parent=2833"}],"curies":[{"name":"wp","href":"https:\/\/api.w.org\/{rel}","templated":true}]}}