{"id":287,"date":"2013-08-13T03:12:02","date_gmt":"2013-08-13T03:12:02","guid":{"rendered":"http:\/\/crystalralaksmi.com\/eesti\/?page_id=287"},"modified":"2013-08-13T03:12:02","modified_gmt":"2013-08-13T03:12:02","slug":"ehtel-auratransformatsioon-hawaii-seiklused","status":"publish","type":"page","link":"https:\/\/crystalralaksmi.com\/eesti\/ehtel-auratransformatsioon-hawaii-seiklused\/","title":{"rendered":"Ehtel (AuraTransformatsioon, Hawaii seiklused)"},"content":{"rendered":"<p><strong>Tere Crystal Ra,<\/strong><br \/>\nOlen Sulle igati t\u00e4nulik k\u00f5ige eest. Et tulid mu ellu ja keerasid selle heas m\u00f5ttes pea peale :). Ma olen \u00f5nnelik, et tulid mu ellu ja olen t\u00e4nulik Sulle k\u00f5igi saadud kogemuste eest.<br \/>\nK\u00f5iguta inimesi ikka edasi, seda on v\u00e4ga paljudele vaja ja seda sa oskad superh\u00e4sti.<br \/>\nArmastan sind sellisena nagu Sa oled.<br \/>\nSoovin sulle k\u00f5ike k\u00f5ige paremat ja surfa hoole ning m\u00f5nuga edasi!<br \/>\nT\u00e4nan Sind s\u00fcdamest,<br \/>\nEhtel<\/p>\n<span class=\"et_bloom_bottom_trigger\"><\/span>","protected":false},"excerpt":{"rendered":"<p>Tere Crystal Ra, Olen Sulle igati t\u00e4nulik k\u00f5ige eest. Et tulid mu ellu ja keerasid selle heas m\u00f5ttes pea peale :). Ma olen \u00f5nnelik, et tulid mu ellu ja olen [&hellip;]<\/p>\n","protected":false},"author":1,"featured_media":0,"parent":0,"menu_order":0,"comment_status":"closed","ping_status":"closed","template":"","meta":{"_acf_changed":false,"_et_pb_use_builder":"","_et_pb_old_content":"","_et_gb_content_width":"","footnotes":""},"class_list":["post-287","page","type-page","status-publish","hentry"],"acf":[],"_links":{"self":[{"href":"https:\/\/crystalralaksmi.com\/eesti\/wp-json\/wp\/v2\/pages\/287","targetHints":{"allow":["GET"]}}],"collection":[{"href":"https:\/\/crystalralaksmi.com\/eesti\/wp-json\/wp\/v2\/pages"}],"about":[{"href":"https:\/\/crystalralaksmi.com\/eesti\/wp-json\/wp\/v2\/types\/page"}],"author":[{"embeddable":true,"href":"https:\/\/crystalralaksmi.com\/eesti\/wp-json\/wp\/v2\/users\/1"}],"replies":[{"embeddable":true,"href":"https:\/\/crystalralaksmi.com\/eesti\/wp-json\/wp\/v2\/comments?post=287"}],"version-history":[{"count":0,"href":"https:\/\/crystalralaksmi.com\/eesti\/wp-json\/wp\/v2\/pages\/287\/revisions"}],"wp:attachment":[{"href":"https:\/\/crystalralaksmi.com\/eesti\/wp-json\/wp\/v2\/media?parent=287"}],"curies":[{"name":"wp","href":"https:\/\/api.w.org\/{rel}","templated":true}]}}