{"id":290,"date":"2013-08-13T03:16:04","date_gmt":"2013-08-13T03:16:04","guid":{"rendered":"http:\/\/crystalralaksmi.com\/eesti\/?page_id=290"},"modified":"2013-08-13T03:16:04","modified_gmt":"2013-08-13T03:16:04","slug":"veronika-osawe-ettevotlusjooga-koostoopartner","status":"publish","type":"page","link":"https:\/\/crystalralaksmi.com\/eesti\/veronika-osawe-ettevotlusjooga-koostoopartner\/","title":{"rendered":"Veronika"},"content":{"rendered":"<p style=\"text-align: justify;\">2001-l aastal toimus minu elus \u00fcks t\u00e4htis s\u00fcndmus &#8211; tutvusin meie kalli Crystal -iga. Elasin siis Norras Kongsbergi l\u00e4histel, kuid kuna Cystaliga Oslos j\u00e4rjest rohkem nalja sai, kolisin k\u00e4hku samuti sinna. Oi neid p\u00f5nevaid inimesi, keda seal koos kohtasime ja k\u00fclastasime, \u00f5htus\u00f6\u00f6gid Sierra Leonekatega, trummimised Zambia ja Norra rahvaga ning tants hommikuni aafrika klubides.<\/p>\n<p style=\"text-align: justify;\">Selle k\u00f5rvalt aga veetsime tunde kohvikus omale viisaastaku-plaane kirjutades ning Crystali m\u00f5tteterasid k\u00f5rvataha pannes. Sain sel ajal omale m\u00f5nusa suriseva tasakaalu hinge. Mul oli seal Oslos dramaatilisi suhteid, kuid ma ei l\u00e4inud sellega kaasa, vahel j\u00e4i m\u00f5ni kohtama kutsuja 2 tundi hiljaks, sest jalgpall viis m\u00f5tted mujale, ma lihtsalt noogutasin m\u00f5istvalt ja palusin j\u00e4rgmine kord sms saata &#8230;. K\u00f5ik see hetkes olek ja balanss oli Crystali poolt minusse istutatud taimeke, mis j\u00e4rjest kasvas. Vahepeal l\u00e4ksid meie teed erivatesse riikidesse kolides ja abielude tuultes jms lahku, kuid igal taaskohtumisel sain sellise motivatsiooni- ja energialataka ning usu k\u00f5ikv\u00f5imalikkusesse, et see k\u00f5ik on muutnud mu elu totaalselt.<\/p>\n<p style=\"text-align: justify;\">Ma siin ikka vaatan, et k\u00e4ivad Eestis toredad ja andekad inimesed mujalt maailmast seminare andmas eneseabi ning &#8211; leidmise teemadel &#8211; k\u00f5igile j\u00e4tkub publikut ja kuulajaid, mis on lihtsalt suurep\u00e4rane! <strong>Samal ajal on minul k\u00fcsimus, kuidas oleks, kui panustaks k\u00f5igepealt oma armsasse Crystalisse, kes emakeeles ja -meeles aitab meil end leida, oma tuleviku \u00fcle otsustada ning kasv\u00f5i v\u00f5idelda v\u00e4lja v\u00f5imaluse sellise v\u00e4iksena tunduva asja, nagu ise oma l\u00f5unapausi aja t\u00f6\u00f6 juures valida?<\/strong>\u00a0Telli Crystali teenuseid ja tooteid ning varsti ei tundu ka sulle, et minu moodi piiramata ajaks n\u00e4iteks Mehhiko rannikul pesitsema j\u00e4\u00e4da oleks mingi erakordne v\u00f5imalus, vaid on \u00fcks t\u00e4iesti tavaline valik! Ait\u00e4h armas Crystal,<\/p>\n<p style=\"text-align: justify;\">Parimate soovidega,<\/p>\n<p style=\"text-align: justify;\">Veronika Osawe<\/p>\n<p style=\"text-align: justify;\">\n<span class=\"et_bloom_bottom_trigger\"><\/span>","protected":false},"excerpt":{"rendered":"<p>2001-l aastal toimus minu elus \u00fcks t\u00e4htis s\u00fcndmus &#8211; tutvusin meie kalli Crystal -iga. Elasin siis Norras Kongsbergi l\u00e4histel, kuid kuna Cystaliga Oslos j\u00e4rjest rohkem nalja sai, kolisin k\u00e4hku samuti [&hellip;]<\/p>\n","protected":false},"author":1,"featured_media":0,"parent":0,"menu_order":0,"comment_status":"closed","ping_status":"closed","template":"","meta":{"_acf_changed":false,"_et_pb_use_builder":"","_et_pb_old_content":"","_et_gb_content_width":"","footnotes":""},"class_list":["post-290","page","type-page","status-publish","hentry"],"acf":[],"_links":{"self":[{"href":"https:\/\/crystalralaksmi.com\/eesti\/wp-json\/wp\/v2\/pages\/290","targetHints":{"allow":["GET"]}}],"collection":[{"href":"https:\/\/crystalralaksmi.com\/eesti\/wp-json\/wp\/v2\/pages"}],"about":[{"href":"https:\/\/crystalralaksmi.com\/eesti\/wp-json\/wp\/v2\/types\/page"}],"author":[{"embeddable":true,"href":"https:\/\/crystalralaksmi.com\/eesti\/wp-json\/wp\/v2\/users\/1"}],"replies":[{"embeddable":true,"href":"https:\/\/crystalralaksmi.com\/eesti\/wp-json\/wp\/v2\/comments?post=290"}],"version-history":[{"count":0,"href":"https:\/\/crystalralaksmi.com\/eesti\/wp-json\/wp\/v2\/pages\/290\/revisions"}],"wp:attachment":[{"href":"https:\/\/crystalralaksmi.com\/eesti\/wp-json\/wp\/v2\/media?parent=290"}],"curies":[{"name":"wp","href":"https:\/\/api.w.org\/{rel}","templated":true}]}}