{"id":2919,"date":"2015-09-10T20:37:12","date_gmt":"2015-09-10T20:37:12","guid":{"rendered":"http:\/\/crystalralaksmi.com\/eesti\/?page_id=2919"},"modified":"2015-09-10T20:37:12","modified_gmt":"2015-09-10T20:37:12","slug":"liine-auratransformatsioon","status":"publish","type":"page","link":"https:\/\/crystalralaksmi.com\/eesti\/liine-auratransformatsioon\/","title":{"rendered":"Liine Auratransformatsioon"},"content":{"rendered":"<p style=\"text-align: justify;\"><strong>Mis toimus sinu elus enne transformatsiooni?<\/strong><\/p>\n<p style=\"text-align: justify;\"><em>L\u00e4ksin AT (Auratransformatsiooni l\u00fchend) seansile, sest olin juba pikemat aega endaga ummikus. Ma ei suutnud \u00fchtegi valikut teha, sest teadsin,et ma suudan teha vaid neid asju, mis mulle meeldivad. \u00d5nneks teadsin, mis minuga enam ei resoneeru, nii et mingi hetk olingi t\u00e4iesti tegevusetu. K\u00f5ik ebasobiva olin elimineerinud, kuid ei teadnud kuhupoole edasi liikuda.<\/em><\/p>\n<p style=\"text-align: justify;\"><strong>Crystaliga kohtumine<\/strong><\/p>\n<p style=\"text-align: justify;\"><em>Olin AT-st varem lugenud, kuid sel ajal j\u00e4i see sinnapaika. Juhuslikult sattusin aga Crystali blogi lugema ning tuli v\u00e4lja ka, et ta on \u00fcle 2 aasta taas Eestis ning vaid suveks siin. Lugesin,et tema on ka AT maaletooja siin ning mul tekkis huvi Ta vastu. K\u00e4isin k\u00f5igepealt ka Tema loengul, mis mulle meeldis ning tundsin tugevat tunnet, et pean Ta juurde seansile minema. M\u00f5eldud-tehtud ja kusjuures loengu ja seansi vahelisel ajal oli k\u00f5ik kuidagi voolavuses ja kulges kergelt.<\/em><\/p>\n<p style=\"text-align: justify;\"><strong>P\u00e4rast transformatsiooni<\/strong><\/p>\n<p style=\"text-align: justify;\"><em>P\u00e4rast seanssi ma ei tundnud alguses midagi. Kuid mida aeg edasi, seda enam kasvas minus rahutus. Ma vajasin p\u00f5nevust ja vajasin v\u00e4ljakutseid oma hirmude \u00fcletamiseks. Mida rohkem ma oma hirme hakkasin \u00fcletama, seda julgemaks muutusin ja seda k\u00f5iges. <\/em><\/p>\n<p style=\"text-align: justify;\"><em>Teiseks, tundsin, et olen muutunud materiaalsemaks. Varem elasin vaid oma unistustes, n\u00fc\u00fcd tundsin, et pean midagi ka \u00e4ra tegema. N\u00fc\u00fcd, kui poolteist kuud on seansist m\u00f6\u00f6das, tunnen kuidas vaim annab endast j\u00e4rjest tugevamini m\u00e4rku ja seda on v\u00f5imatu eirata. Alguses m\u00f5tlesin lihtsalt elukohta vahetada ja kolida teise linna, kuid \u00e4kitselt tundsin, et sellest ei piisa. <\/em><\/p>\n<p style=\"text-align: justify;\"><em>N\u00fc\u00fcd on asjad nii kaugel, et olen paari n\u00e4dala p\u00e4rast minemas hoopiski Indiasse ja seda pooleks aastaks. Tunnen, et see on \u00f5ige valik ja just seda ma vajan praegu. <strong>Lisaks m\u00f5istan ma n\u00fc\u00fcd, mida Crystal \u00fche oma postitusega m\u00f5tles, kui \u00fctles,et uue aja energias universum testib sind ja saadab su teele takistusi, et n\u00e4ha, kas sa ikka t\u00f5eliselt soovid seda asja.<\/strong> <\/em><\/p>\n<p style=\"text-align: justify;\"><em>Nii juhtus ka minu plaaniga Indiasse minna. Kuid ma andsin ikkagi oma parima ega m\u00f5elnud kordagi allaandmisele ning l\u00f5puks asjad kulgesid h\u00e4sti . <strong>Ma pole siiamaani m\u00f5elnud v\u00e4lja, mis on mu elu\u00fclesanne, kuid \u00fcle pika aja tunnen kirge ja p\u00f5nevust millegi ees. Minu sisse on tekkinud tugev tahtmine areneda igal tasandil, ma muutun j\u00e4rejest autentsemaks, julgen olla mina ise ja kuulata oma sisetunnet.<\/strong><\/em><\/p>\n<p style=\"text-align: justify;\"><em><strong>Lisaks tunnen, et olen muutunud empaatilisemaks kaasinimeste suhtes. Naeratan ja olen rohkem t\u00e4nulik, v\u00e4ljendan oma tundeid. Ma usun,et k\u00f5ik l\u00e4heb nii nagu peab minema ja iga asi juhtub mingil kindlal p\u00f5hjusel. K\u00f5ige enam usun aga seda, et tasub usaldada oma sisetunnet!<\/strong><\/em><\/p>\n<p style=\"text-align: justify;\"><strong>Transformatsioon tehtud juulis 2015<\/strong><\/p>\n<span class=\"et_bloom_bottom_trigger\"><\/span>","protected":false},"excerpt":{"rendered":"<p>Mis toimus sinu elus enne transformatsiooni? L\u00e4ksin AT (Auratransformatsiooni l\u00fchend) seansile, sest olin juba pikemat aega endaga ummikus. Ma ei suutnud \u00fchtegi valikut teha, sest teadsin,et ma suudan teha vaid [&hellip;]<\/p>\n","protected":false},"author":1,"featured_media":0,"parent":0,"menu_order":0,"comment_status":"open","ping_status":"open","template":"","meta":{"_acf_changed":false,"_et_pb_use_builder":"","_et_pb_old_content":"","_et_gb_content_width":"","footnotes":""},"class_list":["post-2919","page","type-page","status-publish","hentry"],"acf":[],"_links":{"self":[{"href":"https:\/\/crystalralaksmi.com\/eesti\/wp-json\/wp\/v2\/pages\/2919","targetHints":{"allow":["GET"]}}],"collection":[{"href":"https:\/\/crystalralaksmi.com\/eesti\/wp-json\/wp\/v2\/pages"}],"about":[{"href":"https:\/\/crystalralaksmi.com\/eesti\/wp-json\/wp\/v2\/types\/page"}],"author":[{"embeddable":true,"href":"https:\/\/crystalralaksmi.com\/eesti\/wp-json\/wp\/v2\/users\/1"}],"replies":[{"embeddable":true,"href":"https:\/\/crystalralaksmi.com\/eesti\/wp-json\/wp\/v2\/comments?post=2919"}],"version-history":[{"count":0,"href":"https:\/\/crystalralaksmi.com\/eesti\/wp-json\/wp\/v2\/pages\/2919\/revisions"}],"wp:attachment":[{"href":"https:\/\/crystalralaksmi.com\/eesti\/wp-json\/wp\/v2\/media?parent=2919"}],"curies":[{"name":"wp","href":"https:\/\/api.w.org\/{rel}","templated":true}]}}