{"id":292,"date":"2013-08-13T03:20:12","date_gmt":"2013-08-13T03:20:12","guid":{"rendered":"http:\/\/crystalralaksmi.com\/eesti\/?page_id=292"},"modified":"2013-08-13T03:20:12","modified_gmt":"2013-08-13T03:20:12","slug":"liina-access-consciousness-4-muutuste-paeva","status":"publish","type":"page","link":"https:\/\/crystalralaksmi.com\/eesti\/liina-access-consciousness-4-muutuste-paeva\/","title":{"rendered":"Liina, muutuste koolitus"},"content":{"rendered":"<p style=\"text-align: justify;\">Osalesin detsembris 2012 elumuutvatel, isiksust arendavatel ja keha muutval seikluskoolitustel. Nendeks olid muutuse koolituse p\u00e4evad, mis\u00a0toimusid 26-29.12. 2012, vahendajana imeline Crystal Ra Laksmi, kes on oma ala t\u00e4ielik proffessionaal.<\/p>\n<p style=\"text-align: justify;\">S\u00f5nadesse on raske panna ja edasi anda, kui suure elamuse ja edasimineku ma sellelt koolituselt sain! 4 p\u00e4eva sisutihedat infot ja energeetilisi puhastusi. Keha tundis end vabalt ja r\u00f5\u00f5msalt, meel rahunes, k\u00f5ik negatiivne p\u00fchiti \u00e4ra. Energeetiliselt oli v\u00e4ga huvitav, kuna kursus sisaldab praktilisi vahetus seansse, ja \u00f5ppisime mitu energeetilist tervendamisviisi. Kehalised muutused olid nii tugevad &#8211; maagilised. Vahetasime kehakaalu langetavat energeetilist seanssi kursusekaaslase Tiinaga ja tulemusena n\u00e4gime m\u00f5lemad j\u00e4rgmise p\u00e4eva hommikul peeglisse vaadates, k\u00f5hnemaid n\u00e4gusid! Tiina (60a) unistus k\u00f5hnemast ja nooruslikust n\u00e4ost t\u00e4itus. Ainevahetus hakkas minu k\u00e4ima kiirelt peale seda seansi.<\/p>\n<p style=\"text-align: justify;\">Crystal l\u00f5i turvalise, usaldusliku, intiimse \u00f5hkkonna. K\u00f5ik meie k\u00fcsimused said vastused ja rohkemgi veel. Saime materjalid ka eestis keeles, mida varem polnud aga Crystali ergutamisel, ekstra selle kursuse tarbeks v\u00f5imaldati. Crystal v\u00f5ttis meie tarbeks kursuse ka linti, et saaksime seda uuesti ja uuesti p\u00e4rast kuulata \u00fcle.<\/p>\n<p style=\"text-align: justify;\">Kuna minu jaoks oli see juba teine selline\u00a0koolitus, siis teadsin ette maagiat, mis selle l\u00e4bimisega kaasneb ja praktiseerisin seda k\u00f5ike ka juba varem. Kursusekaaslane Tiina aga avanes mu silmade all m\u00fcstiliselt, sest tema jaoks olid k\u00f5ik tehnikad &#8211; mittetoimivate\u00a0 m\u00f5ttemustrite, ebavajalike emotsioonide, neg-lt m\u00f5juvate inimestega l\u00e4bisaamiseks ja lapsep\u00f5lve halbade m\u00e4lestuste j\u00e4tmisel, uued ja Tiina lausa lendab selle kursuse j\u00e4rel! \u00dchel \u00f5htul, peale koolitust, oli ta pea m\u00f5tetest nii puhas, et ei leidnud koduteed. Nalja sai palju.<\/p>\n<p style=\"text-align: justify;\">T\u00e4nan s\u00fcdamest imelist v\u00f5\u00f5rustajannat Crystal Ra Laksmit, keda me &#8220;pommitasime&#8221; ka k\u00fcsimustega, mis ei puutunud kursusesse &#8211;\u00a0 ta teab v\u00e4ga palju k\u00f5ikv\u00f5imalikke imelisi asju, inimesi, infot- ja jagas k\u00f5ike meiega. Sellist kohalolekut, enegiat, heas\u00fcdamlikkust, panustust &#8211; nii tark naine nagu raamat, omakasup\u00fc\u00fcdmatust ja toetust nagu tema\u00a0 pakkus- olen kohanud elus vaid &#8211; m\u00f5nel \u00fcksikul korral.<\/p>\n<p style=\"text-align: justify;\">Need kursused on h\u00fcppelavaks edasitele t\u00e4iesti elumuutvatele kursustele. T\u00e4nu sellele muutub maailm paremaks, rahulikumaks hinnangutevabaks paigaks. Kui ma varem kogusin raha soojamaa reiside jaoks siis &#8211; n\u00fc\u00fcd kogun selliste koolituste jaoks. Kingitus ja investeering iseendasse! Niipalju rohkem mind! Inimesed m\u00e4rkavad minus muutuseid, ja muutuvad selle l\u00e4bi ka ise tasapisi positiivsemaks ja rahulikumateks!<\/p>\n<p style=\"text-align: justify;\">Ait\u00e4h ingellikule Crystalile, kes see hetk oli ainuke sedasorti koolituste vahendaja Eestis, et t\u00e4nu temale on erakordne v\u00f5imalus omandada kursus emakeeles. Ait\u00e4h Crystalile selle suure t\u00f6\u00f6 eest, mis ta on \u00e4ra teinud, et koolitada end vahendajaks.<\/p>\n<p style=\"text-align: justify;\">Kursuse hinnad on Eesti m\u00f5istes natuke k\u00f5rged (need on USA-st ette antud) aga &#8211; t\u00f5esti- see on elumuutvate kogemuste, elamuste\u00a0 ja erakordse &#8211; v\u00e4ga sisutiheda ja\u00a0 praktilise informatsiooni eest v\u00e4ga ok. hind. Soovitan k\u00f5igile eriti soojalt!!!<\/p>\n<p style=\"text-align: justify;\">Tasakaaluga,<\/p>\n<p style=\"text-align: justify;\">Liina<\/p>\n<span class=\"et_bloom_bottom_trigger\"><\/span>","protected":false},"excerpt":{"rendered":"<p>Osalesin detsembris 2012 elumuutvatel, isiksust arendavatel ja keha muutval seikluskoolitustel. Nendeks olid muutuse koolituse p\u00e4evad, mis\u00a0toimusid 26-29.12. 2012, vahendajana imeline Crystal Ra Laksmi, kes on oma ala t\u00e4ielik proffessionaal. S\u00f5nadesse [&hellip;]<\/p>\n","protected":false},"author":1,"featured_media":0,"parent":0,"menu_order":0,"comment_status":"closed","ping_status":"closed","template":"","meta":{"_acf_changed":false,"_et_pb_use_builder":"","_et_pb_old_content":"","_et_gb_content_width":"","footnotes":""},"class_list":["post-292","page","type-page","status-publish","hentry"],"acf":[],"_links":{"self":[{"href":"https:\/\/crystalralaksmi.com\/eesti\/wp-json\/wp\/v2\/pages\/292","targetHints":{"allow":["GET"]}}],"collection":[{"href":"https:\/\/crystalralaksmi.com\/eesti\/wp-json\/wp\/v2\/pages"}],"about":[{"href":"https:\/\/crystalralaksmi.com\/eesti\/wp-json\/wp\/v2\/types\/page"}],"author":[{"embeddable":true,"href":"https:\/\/crystalralaksmi.com\/eesti\/wp-json\/wp\/v2\/users\/1"}],"replies":[{"embeddable":true,"href":"https:\/\/crystalralaksmi.com\/eesti\/wp-json\/wp\/v2\/comments?post=292"}],"version-history":[{"count":0,"href":"https:\/\/crystalralaksmi.com\/eesti\/wp-json\/wp\/v2\/pages\/292\/revisions"}],"wp:attachment":[{"href":"https:\/\/crystalralaksmi.com\/eesti\/wp-json\/wp\/v2\/media?parent=292"}],"curies":[{"name":"wp","href":"https:\/\/api.w.org\/{rel}","templated":true}]}}