{"id":2932,"date":"2015-09-11T10:59:59","date_gmt":"2015-09-11T10:59:59","guid":{"rendered":"http:\/\/crystalralaksmi.com\/eesti\/?page_id=2932"},"modified":"2019-07-23T10:51:36","modified_gmt":"2019-07-23T07:51:36","slug":"avameelselt-auratransformatsioonist-indigo-ja-kristalllastest-ning-uue-aja-taiskasvanutest","status":"publish","type":"page","link":"https:\/\/crystalralaksmi.com\/eesti\/sundmused-maailmas\/avameelselt-auratransformatsioonist-indigo-ja-kristalllastest-ning-uue-aja-taiskasvanutest\/","title":{"rendered":"Avameelselt Auratransformatsioonist, Indigo ja kristalllastest ning uue aja t\u00e4iskasvanutest"},"content":{"rendered":"<p>[et_pb_section fb_built=&#8221;1&#8243; admin_label=&#8221;Section&#8221; _builder_version=&#8221;3.22.3&#8243; saved_tabs=&#8221;all&#8221; global_module=&#8221;225116&#8243;][et_pb_row _builder_version=&#8221;3.25&#8243; background_size=&#8221;initial&#8221; background_position=&#8221;top_left&#8221; background_repeat=&#8221;repeat&#8221;][et_pb_column type=&#8221;4_4&#8243; _builder_version=&#8221;3.25.3&#8243;][et_pb_post_title meta=&#8221;off&#8221; featured_image=&#8221;off&#8221; _builder_version=&#8221;3.25.3&#8243; title_font=&#8221;Poppins|600|||||||&#8221; custom_margin=&#8221;||0px|||&#8221;][\/et_pb_post_title][et_pb_divider color=&#8221;#57ca85&#8243; divider_weight=&#8221;5px&#8221; _builder_version=&#8221;3.25.3&#8243; width=&#8221;14%&#8221;][\/et_pb_divider][\/et_pb_column][\/et_pb_row][\/et_pb_section][et_pb_section fb_built=&#8221;1&#8243; _builder_version=&#8221;3.22&#8243;][et_pb_row _builder_version=&#8221;3.25&#8243; background_size=&#8221;initial&#8221; background_position=&#8221;top_left&#8221; background_repeat=&#8221;repeat&#8221;][et_pb_column type=&#8221;4_4&#8243; _builder_version=&#8221;3.25&#8243; custom_padding=&#8221;|||&#8221; custom_padding__hover=&#8221;|||&#8221;][et_pb_text _builder_version=&#8221;3.0.74&#8243; background_size=&#8221;initial&#8221; background_position=&#8221;top_left&#8221; background_repeat=&#8221;repeat&#8221;]<a href=\"https:\/\/crystalralaksmi.com\/eesti\/wp-content\/uploads\/2015\/09\/crystalralaksmisexygoddess.jpg\"><img loading=\"lazy\" decoding=\"async\" class=\"alignleft size-thumbnail wp-image-2912\" src=\"https:\/\/crystalralaksmi.com\/eesti\/wp-content\/uploads\/2015\/09\/crystalralaksmisexygoddess-150x150.jpg\" alt=\"crystalralaksmisexygoddess\" width=\"150\" height=\"150\" \/><\/a>Olen<strong> Crystal Ra Laksmi<\/strong>, kes t\u00f5i aastal 2007 Auratransformatsiooni Eestisse.<br \/>\nAjast kui sain ise transformatsiooni kuni praeguseni on m\u00f6\u00f6dunud 8,5 aastat.<br \/>\n<strong>S\u00fcndmuse \u00fclesehitus on j\u00e4rgnev:<\/strong><br \/>\nK\u00f5igepealt tutvustan kogu tehnikat slaide n\u00e4idates.<br \/>\nSeej\u00e4rel jagaksin nendega, kes on sellest tehnikast huviatud v\u00e4ga isiklikke detaile oma elust ja tegemistest ja kuidas Auratransformatsioon sellele kaasa aitas v\u00f5i kus olid minu kitsaskohad.<br \/>\nV\u00f5imalikud fookuspunktid:<br \/>\n&#8211; R\u00e4\u00e4gin ka ohtudest, mis sellega kaasneda v\u00f5ivad ja mida n\u00e4en praegu Eestis toimetamas.<br \/>\n&#8211; R\u00e4\u00e4gin ka sellest kuidas oli olla osaline aurainstruktorite programmist<br \/>\n&#8211; R\u00e4\u00e4gin ka tutvustavalt kuidas protsess k\u00e4ib, n\u00e4idates slaide ja tutvustan ka detailsemalt kristalliseerumise protsessi.<br \/>\n&#8211; R\u00e4\u00e4gin ka uue ajastu kuldenergiatest ning selle uue tasandi katsumustest.Jagan ka oma lugusid kuidas 4 elementi selles protsessis t\u00e4itsid \u00fclit\u00e4htsat rolli ja kuidas ma hakkasin neid k\u00f5iki integreerima ise elementidega suheldes.<br \/>\n&#8211; R\u00e4\u00e4gin ka uue ajastu suhetest uue ajastu energiate kohaselt nii nagu ka teadlikkuse partneritest ja ka kaksikvaimude leidmisest. Mul on \u00fclipalju kogemusi teadlikkuse partneritest selle aja jooksul.<br \/>\n&#8211; Elulised nipid neile, kes on transformeeritud.<br \/>\n&#8211; Suunavad k\u00fcsimused k\u00fcsimustele, neile kes on kohapeal<br \/>\n<strong>K\u00f5igile neile, kes panevad aja kirja Auratransformatsioonile Crystal Ra juurde selle s\u00fcndmuse j\u00e4rel, nemad saavad ka kingituseks tema erilise Auratransformatsiooni j\u00e4rgse praktiliste nippide k\u00e4siraamatu.<\/strong><br \/>\nS\u00fcndmus on jagatud kaheks osaks &#8211; Esimesed kaks tundi k\u00e4ivad kokku ja viimane on eraldi.<br \/>\n<strong>Esimene osa on tutvustus kahes osas:<\/strong><br \/>\nkl 19 &#8211; 20 on osa kus k\u00e4in l\u00e4bi slaidide osad<br \/>\n20 &#8211; 21 r\u00e4\u00e4gin oma protsessist neid l\u00e4bides<br \/>\nja<br \/>\n21 &#8211; 22 on vaid transformeeritutele, kus r\u00e4\u00e4gin tasakaalustamisest ning teen ka grupi tasakaalustamise v\u00f5ttes fookusesse nii kristall kui kuldenergiad, kui ka mees ja naisenergiate tasakaalustuse kui ka 4 elemendi tasakaalustuse. Neile, kes siin osalevad, v\u00f5ta kaasa oma v\u00e4ike padi ja pleed!<br \/>\n<strong>Osalus kogu s\u00fcndmuse eest on 30 eurot kohapeal.<\/strong><br \/>\nKui soovid osaleda tervel s\u00fcndmusel, siis tehes ettemaksu O\u00fc New Flow arvele EE552200221039028272<br \/>\nhiljemalt 14ndaks septembriks on sulle osalus 25 eurot kogu s\u00fcndmusele. Peale seda 30 eurot.<br \/>\nKui tuled vaid tutvustavale s\u00fcndmusele (19 &#8211; 21) on sulle ettemaksu tehes hind 17 eurot kuni 14. septembrini, peale seda on see 20 eurot.<br \/>\nKui tuled tasakaalustusele, siis selle hind on 10 eurot kohapeal, ette makstes hiljemalt 14.ndaks septembriks on see 8 eurot.<br \/>\n<strong>V\u00f5imalus osta ka Crystali uus e-raamat:<\/strong><br \/>\n<em><strong>&#8216;Uue ajastu aura nipid taskus&#8217;<\/strong> <\/em>hinnaga muidu 15 eurot (kohapeal makstes aga 12 eurot ning Crystal saadab selle sulle emailiga meilile)<br \/>\nPalun kindlasti registreerida ennast ette, et saaksime ruumi ette valmistada vastavalt osalejate arvule: crystalexpansion@gmail.com<br \/>\nLisak\u00fcsimusi 55924831<br \/>\n<strong>Sellel s\u00fcndmusel osalejad, saavad Crystali auratasakaalustuse eripakkumise seansi hinna, mis kehtib vaid 2 n\u00e4dala jooksul peale s\u00fcndmuse toimumist (kuni 7 oktoober)\u00a0<\/strong><br \/>\nS\u00fcndmus toimub Kalev Spa konverentsiruumis (sissep\u00e4\u00e4s teiselt poolt maja, seal kus on Hotelli sissep\u00e4\u00e4s)<br \/>\nParkimine Europarklas teisel pool maja v\u00f5i siis vanalinna tsoonis.<br \/>\nVaata ka uut videot (inglise keeles), mis tutvustab miks oleks hea teha Auratransformatsiooni<a href=\"httpss:\/\/www.youtube.com\/watch?v=OOcuN4zVA1c\"> siit.\u00a0<\/a><br \/>\nV\u00f5i loe lisainfot minu <strong>Auratransformatsiooni<\/strong> lingilt <a href=\"https:\/\/crystalralaksmi.com\/eesti\/teenused\/auratransformatsioon\/\">siit:<\/a><br \/>\n[\/et_pb_text][\/et_pb_column][\/et_pb_row][\/et_pb_section]<\/p>\n<span class=\"et_bloom_bottom_trigger\"><\/span>","protected":false},"excerpt":{"rendered":"<p>Olen Crystal Ra Laksmi, kes t\u00f5i aastal 2007 Auratransformatsiooni Eestisse. Ajast kui sain ise transformatsiooni kuni praeguseni on m\u00f6\u00f6dunud 8,5 aastat. S\u00fcndmuse \u00fclesehitus on j\u00e4rgnev: K\u00f5igepealt tutvustan kogu tehnikat slaide [&hellip;]<\/p>\n","protected":false},"author":1,"featured_media":224834,"parent":224783,"menu_order":0,"comment_status":"closed","ping_status":"closed","template":"","meta":{"_acf_changed":false,"_et_pb_use_builder":"on","_et_pb_old_content":"<p><a href=\"https:\/\/crystalralaksmi.com\/eesti\/wp-content\/uploads\/2015\/09\/crystalralaksmisexygoddess.jpg\"><img class=\"alignleft size-thumbnail wp-image-2912\" src=\"https:\/\/crystalralaksmi.com\/eesti\/wp-content\/uploads\/2015\/09\/crystalralaksmisexygoddess-150x150.jpg\" alt=\"crystalralaksmisexygoddess\" width=\"150\" height=\"150\" \/><\/a>Olen<strong> Crystal Ra Laksmi<\/strong>, kes t\u00f5i aastal 2007 Auratransformatsiooni Eestisse.<br \/>Ajast kui sain ise transformatsiooni kuni praeguseni on m\u00f6\u00f6dunud 8,5 aastat.<br \/><strong>S\u00fcndmuse \u00fclesehitus on j\u00e4rgnev:<\/strong><br \/>K\u00f5igepealt tutvustan kogu tehnikat slaide n\u00e4idates.<br \/>Seej\u00e4rel jagaksin nendega, kes on sellest tehnikast huviatud v\u00e4ga isiklikke detaile oma elust ja tegemistest ja kuidas Auratransformatsioon sellele kaasa aitas v\u00f5i kus olid minu kitsaskohad.<br \/>V\u00f5imalikud fookuspunktid:<br \/>- R\u00e4\u00e4gin ka ohtudest, mis sellega kaasneda v\u00f5ivad ja mida n\u00e4en praegu Eestis toimetamas.<br \/>- R\u00e4\u00e4gin ka sellest kuidas oli olla osaline aurainstruktorite programmist<br \/>- R\u00e4\u00e4gin ka tutvustavalt kuidas protsess k\u00e4ib, n\u00e4idates slaide ja tutvustan ka detailsemalt kristalliseerumise protsessi.<br \/>- R\u00e4\u00e4gin ka uue ajastu kuldenergiatest ning selle uue tasandi katsumustest.Jagan ka oma lugusid kuidas 4 elementi selles protsessis t\u00e4itsid \u00fclit\u00e4htsat rolli ja kuidas ma hakkasin neid k\u00f5iki integreerima ise elementidega suheldes.<br \/>- R\u00e4\u00e4gin ka uue ajastu suhetest uue ajastu energiate kohaselt nii nagu ka teadlikkuse partneritest ja ka kaksikvaimude leidmisest. Mul on \u00fclipalju kogemusi teadlikkuse partneritest selle aja jooksul.<br \/>- Elulised nipid neile, kes on transformeeritud.<br \/>- Suunavad k\u00fcsimused k\u00fcsimustele, neile kes on kohapeal<br \/><strong>K\u00f5igile neile, kes panevad aja kirja Auratransformatsioonile Crystal Ra juurde selle s\u00fcndmuse j\u00e4rel, nemad saavad ka kingituseks tema erilise Auratransformatsiooni j\u00e4rgse praktiliste nippide k\u00e4siraamatu.<\/strong><br \/>S\u00fcndmus on jagatud kaheks osaks - Esimesed kaks tundi k\u00e4ivad kokku ja viimane on eraldi.<br \/><strong>Esimene osa on tutvustus kahes osas:<\/strong><br \/>kl 19 - 20 on osa kus k\u00e4in l\u00e4bi slaidide osad<br \/>20 - 21 r\u00e4\u00e4gin oma protsessist neid l\u00e4bides<br \/>ja<br \/>21 - 22 on vaid transformeeritutele, kus r\u00e4\u00e4gin tasakaalustamisest ning teen ka grupi tasakaalustamise v\u00f5ttes fookusesse nii kristall kui kuldenergiad, kui ka mees ja naisenergiate tasakaalustuse kui ka 4 elemendi tasakaalustuse. Neile, kes siin osalevad, v\u00f5ta kaasa oma v\u00e4ike padi ja pleed!<br \/><strong>Osalus kogu s\u00fcndmuse eest on 30 eurot kohapeal.<\/strong><br \/>Kui soovid osaleda tervel s\u00fcndmusel, siis tehes ettemaksu O\u00fc New Flow arvele EE552200221039028272<br \/>hiljemalt 14ndaks septembriks on sulle osalus 25 eurot kogu s\u00fcndmusele. Peale seda 30 eurot.<br \/>Kui tuled vaid tutvustavale s\u00fcndmusele (19 - 21) on sulle ettemaksu tehes hind 17 eurot kuni 14. septembrini, peale seda on see 20 eurot.<br \/>Kui tuled tasakaalustusele, siis selle hind on 10 eurot kohapeal, ette makstes hiljemalt 14.ndaks septembriks on see 8 eurot.<br \/><strong>V\u00f5imalus osta ka Crystali uus e-raamat:<\/strong><br \/><em><strong>'Uue ajastu aura nipid taskus'<\/strong> <\/em>hinnaga muidu 15 eurot (kohapeal makstes aga 12 eurot ning Crystal saadab selle sulle emailiga meilile)<br \/>Palun kindlasti registreerida ennast ette, et saaksime ruumi ette valmistada vastavalt osalejate arvule: crystalexpansion@gmail.com<br \/>Lisak\u00fcsimusi 55924831<br \/><strong>Sellel s\u00fcndmusel osalejad, saavad Crystali auratasakaalustuse eripakkumise seansi hinna, mis kehtib vaid 2 n\u00e4dala jooksul peale s\u00fcndmuse toimumist (kuni 7 oktoober)\u00a0<\/strong><br \/>S\u00fcndmus toimub Kalev Spa konverentsiruumis (sissep\u00e4\u00e4s teiselt poolt maja, seal kus on Hotelli sissep\u00e4\u00e4s)<br \/>Parkimine Europarklas teisel pool maja v\u00f5i siis vanalinna tsoonis.<br \/>Vaata ka uut videot (inglise keeles), mis tutvustab miks oleks hea teha Auratransformatsiooni<a href=\"httpss:\/\/www.youtube.com\/watch?v=OOcuN4zVA1c\"> siit.\u00a0<\/a><br \/>V\u00f5i loe lisainfot minu <strong>Auratransformatsiooni<\/strong> lingilt <a href=\"https:\/\/crystalralaksmi.com\/eesti\/teenused\/auratransformatsioon\/\">siit:<\/a><\/p>","_et_gb_content_width":"","footnotes":""},"class_list":["post-2932","page","type-page","status-publish","has-post-thumbnail","hentry"],"acf":[],"_links":{"self":[{"href":"https:\/\/crystalralaksmi.com\/eesti\/wp-json\/wp\/v2\/pages\/2932","targetHints":{"allow":["GET"]}}],"collection":[{"href":"https:\/\/crystalralaksmi.com\/eesti\/wp-json\/wp\/v2\/pages"}],"about":[{"href":"https:\/\/crystalralaksmi.com\/eesti\/wp-json\/wp\/v2\/types\/page"}],"author":[{"embeddable":true,"href":"https:\/\/crystalralaksmi.com\/eesti\/wp-json\/wp\/v2\/users\/1"}],"replies":[{"embeddable":true,"href":"https:\/\/crystalralaksmi.com\/eesti\/wp-json\/wp\/v2\/comments?post=2932"}],"version-history":[{"count":2,"href":"https:\/\/crystalralaksmi.com\/eesti\/wp-json\/wp\/v2\/pages\/2932\/revisions"}],"predecessor-version":[{"id":225158,"href":"https:\/\/crystalralaksmi.com\/eesti\/wp-json\/wp\/v2\/pages\/2932\/revisions\/225158"}],"up":[{"embeddable":true,"href":"https:\/\/crystalralaksmi.com\/eesti\/wp-json\/wp\/v2\/pages\/224783"}],"wp:featuredmedia":[{"embeddable":true,"href":"https:\/\/crystalralaksmi.com\/eesti\/wp-json\/wp\/v2\/media\/224834"}],"wp:attachment":[{"href":"https:\/\/crystalralaksmi.com\/eesti\/wp-json\/wp\/v2\/media?parent=2932"}],"curies":[{"name":"wp","href":"https:\/\/api.w.org\/{rel}","templated":true}]}}