{"id":2977,"date":"2015-09-27T10:29:55","date_gmt":"2015-09-27T10:29:55","guid":{"rendered":"http:\/\/crystalralaksmi.com\/eesti\/?page_id=2977"},"modified":"2019-07-30T12:31:00","modified_gmt":"2019-07-30T09:31:00","slug":"oktoobrikuu-saa-sobraks-vee-kursus-tallinnas","status":"publish","type":"page","link":"https:\/\/crystalralaksmi.com\/eesti\/sundmused-maailmas\/oktoobrikuu-saa-sobraks-vee-kursus-tallinnas\/","title":{"rendered":"Oktoobrikuu Saa S\u00f5braks Vee Kursus Tallinnas"},"content":{"rendered":"<p>[et_pb_section fb_built=&#8221;1&#8243; admin_label=&#8221;Section&#8221; _builder_version=&#8221;3.22.3&#8243; saved_tabs=&#8221;all&#8221; global_module=&#8221;225116&#8243;][et_pb_row _builder_version=&#8221;3.25&#8243; background_size=&#8221;initial&#8221; background_position=&#8221;top_left&#8221; background_repeat=&#8221;repeat&#8221;][et_pb_column type=&#8221;4_4&#8243; _builder_version=&#8221;3.25.3&#8243;][et_pb_post_title meta=&#8221;off&#8221; featured_image=&#8221;off&#8221; _builder_version=&#8221;3.25.3&#8243; title_font=&#8221;Poppins|600|||||||&#8221; custom_margin=&#8221;||0px|||&#8221;][\/et_pb_post_title][et_pb_divider color=&#8221;#57ca85&#8243; divider_weight=&#8221;5px&#8221; _builder_version=&#8221;3.25.3&#8243; width=&#8221;14%&#8221;][\/et_pb_divider][\/et_pb_column][\/et_pb_row][\/et_pb_section][et_pb_section fb_built=&#8221;1&#8243; _builder_version=&#8221;3.22&#8243;][et_pb_row _builder_version=&#8221;3.25&#8243; background_size=&#8221;initial&#8221; background_position=&#8221;top_left&#8221; background_repeat=&#8221;repeat&#8221;][et_pb_column type=&#8221;4_4&#8243; _builder_version=&#8221;3.25&#8243; custom_padding=&#8221;|||&#8221; custom_padding__hover=&#8221;|||&#8221;][et_pb_text _builder_version=&#8221;3.0.74&#8243; background_size=&#8221;initial&#8221; background_position=&#8221;top_left&#8221; background_repeat=&#8221;repeat&#8221;]<a href=\"https:\/\/crystalralaksmi.com\/eesti\/wp-content\/uploads\/2015\/09\/kutse-uuele-kursusele.jpg\"><img loading=\"lazy\" decoding=\"async\" class=\"alignleft size-thumbnail wp-image-2973\" src=\"https:\/\/crystalralaksmi.com\/eesti\/wp-content\/uploads\/2015\/09\/kutse-uuele-kursusele-150x150.jpg\" alt=\"kutse uuele kursusele\" width=\"150\" height=\"150\" \/><\/a><strong>Tere armsad merineitsid ja mehed!\u00a0<\/strong><\/p>\n<p style=\"text-align: justify;\">Kuna septembrikuu vee kursus l\u00e4ks suurep\u00e4raselt, siis on v\u00e4ljendatud vajadust uus veegrupi v\u00f5imalus tekitada. Bassein on v\u00e4iksem ja seal on temperatuur + 32 &#8211; +34 kraadi. See loob soodsamad tingimused <strong>Wantraga<\/strong> tegelemiseks. Kogu kursus p\u00f5hineb Crystal Ra poolt v\u00e4lja arendatud <strong>Wantra<\/strong> grupikoolituse detailidest. Selle kohta loe lisa <a href=\"https:\/\/crystalralaksmi.com\/eesti\/teenused\/wantra\/\">siit:<\/a><\/p>\n<p style=\"text-align: justify;\"><strong>Tegu pole vaid f\u00fc\u00fcsilise kursusega ja hirmude lahustamisega ning l\u00f5dvestumisega, vaid holistilise kursusega, mis aktiveerib, puhastab ja tasakaalustab k\u00f5iki osasid osalejates ning uue energia kohaselt \u2013 visates v\u00e4lja selle mis enam ei teeni ja see protsess muudab natuke olemise ka ebamugavaks, sest keha ikkagi hoiab natuke harjumusest sellest kinni. Lahti laskmine toimub ja l\u00fckkeliselt&#8230;<\/strong><\/p>\n<p>Siin on antud info:<\/p>\n<div>Praegu vaatan ja soovin komplekteerida kaks gruppi<\/div>\n<div><\/div>\n<div><b>1. <\/b><strong>Algajad\u00a0<\/strong>(kes pole minuga kunagi enne vees koos olnud) &#8211;<\/div>\n<div>reedeti kell 17 &#8211; 19<\/div>\n<div>2 okt<\/div>\n<div>9 okt<\/div>\n<div>16 okt<\/div>\n<div>\u00a030 okt<\/div>\n<div>v\u00f5imalusel oleks vajalik osaleda k\u00f5ikidel kordadel<\/div>\n<div><\/div>\n<div>2.<strong>\u00a0Edasij\u00f5udnud<\/strong>\u00a0(need kes l\u00e4bisid septembri kursuse 2015)<\/div>\n<div>kell 10 &#8211; 12<\/div>\n<div>3 okt, 10 okt, 31 okt saab olema 2 tundi &#8211; ehk 10 &#8211; 12 ja 12.30 &#8211; 14.30<\/div>\n<div><\/div>\n<div><strong>Kursuse maksumus 120 eurot inimese pealt.<\/strong><b> V\u00f5imalus teha arve, kellele vaja.<\/b><\/div>\n<div><\/div>\n<div>Anna teada kas sulle sinu grupi ajad sobiksid.<\/div>\n<div><\/div>\n<div>Kui ma ei saa m\u00f5lemasse gruppi soovitud arv inimesi v\u00e4hemalt 9, siis panen m\u00f5lemad grupid kokku. Mis ei ole muidugi ideaalne, kuna erinevad tasemed on, aga mis teha. V\u00f5tame viimast vastavatest tingimustest vastavalt.\u00a0 Siis j\u00e4\u00e4ks vaid laup\u00e4evased versioonid Seal vaid 3 laup\u00e4eva ja \u00fchel laup\u00e4eval on kaks sessiooni \u00fcksteise j\u00e4rel.<\/div>\n<div><\/div>\n<div><b>Anna palun teada milline neist sobiks k\u00f5ige paremini hiljemalt <\/b><strong><span style=\"color: #ff0000;\">esmasp\u00e4evaks 28ndaks septembriks,<\/span> <\/strong>siis saan kinnitada ja selgitada v\u00e4lja mis versioon l\u00f5puks j\u00e4\u00e4b;)<\/div>\n<div><\/div>\n<div>Tervitusi ja kallistusi,<\/div>\n<div>Crystal Ra<\/div>\n<div><\/div>\n<div>Lisainfot: Telefon 55924831 ja email crystalexpansion@gmail.com<\/div>\n<div>www.crystalralaksmi.com\/eesti<\/div>\n<p>&nbsp;<br \/>\n[\/et_pb_text][\/et_pb_column][\/et_pb_row][\/et_pb_section]<\/p>\n<span class=\"et_bloom_bottom_trigger\"><\/span>","protected":false},"excerpt":{"rendered":"<p>Tere armsad merineitsid ja mehed!\u00a0 Kuna septembrikuu vee kursus l\u00e4ks suurep\u00e4raselt, siis on v\u00e4ljendatud vajadust uus veegrupi v\u00f5imalus tekitada. Bassein on v\u00e4iksem ja seal on temperatuur + 32 &#8211; +34 [&hellip;]<\/p>\n","protected":false},"author":1,"featured_media":224836,"parent":224783,"menu_order":0,"comment_status":"closed","ping_status":"closed","template":"","meta":{"_acf_changed":false,"_et_pb_use_builder":"on","_et_pb_old_content":"<p><a href=\"https:\/\/crystalralaksmi.com\/eesti\/wp-content\/uploads\/2015\/09\/kutse-uuele-kursusele.jpg\"><img class=\"alignleft size-thumbnail wp-image-2973\" src=\"https:\/\/crystalralaksmi.com\/eesti\/wp-content\/uploads\/2015\/09\/kutse-uuele-kursusele-150x150.jpg\" alt=\"kutse uuele kursusele\" width=\"150\" height=\"150\" \/><\/a><strong>Tere armsad merineitsid ja mehed!\u00a0<\/strong><\/p><p style=\"text-align: justify;\">Kuna septembrikuu vee kursus l\u00e4ks suurep\u00e4raselt, siis on v\u00e4ljendatud vajadust uus veegrupi v\u00f5imalus tekitada. Bassein on v\u00e4iksem ja seal on temperatuur + 32 - +34 kraadi. See loob soodsamad tingimused <strong>Wantraga<\/strong> tegelemiseks. Kogu kursus p\u00f5hineb Crystal Ra poolt v\u00e4lja arendatud <strong>Wantra<\/strong> grupikoolituse detailidest. Selle kohta loe lisa <a href=\"https:\/\/crystalralaksmi.com\/eesti\/teenused\/wantra\/\">siit:<\/a><\/p><p style=\"text-align: justify;\"><strong>Tegu pole vaid f\u00fc\u00fcsilise kursusega ja hirmude lahustamisega ning l\u00f5dvestumisega, vaid holistilise kursusega, mis aktiveerib, puhastab ja tasakaalustab k\u00f5iki osasid osalejates ning uue energia kohaselt \u2013 visates v\u00e4lja selle mis enam ei teeni ja see protsess muudab natuke olemise ka ebamugavaks, sest keha ikkagi hoiab natuke harjumusest sellest kinni. Lahti laskmine toimub ja l\u00fckkeliselt...<\/strong><\/p><p>Siin on antud info:<\/p><div>Praegu vaatan ja soovin komplekteerida kaks gruppi<\/div><div>\u00a0<\/div><div><b>1. <\/b><strong>Algajad\u00a0<\/strong>(kes pole minuga kunagi enne vees koos olnud) -<\/div><div>reedeti kell 17 - 19<\/div><div>2 okt<\/div><div>9 okt<\/div><div>16 okt<\/div><div>\u00a030 okt<\/div><div>v\u00f5imalusel oleks vajalik osaleda k\u00f5ikidel kordadel<\/div><div>\u00a0<\/div><div>2.<strong>\u00a0Edasij\u00f5udnud<\/strong>\u00a0(need kes l\u00e4bisid septembri kursuse 2015)<\/div><div>kell 10 - 12<\/div><div>3 okt, 10 okt, 31 okt saab olema 2 tundi - ehk 10 - 12 ja 12.30 - 14.30<\/div><div>\u00a0<\/div><div><strong>Kursuse maksumus 120 eurot inimese pealt.<\/strong><b> V\u00f5imalus teha arve, kellele vaja.<\/b><\/div><div>\u00a0<\/div><div>Anna teada kas sulle sinu grupi ajad sobiksid.<\/div><div>\u00a0<\/div><div>Kui ma ei saa m\u00f5lemasse gruppi soovitud arv inimesi v\u00e4hemalt 9, siis panen m\u00f5lemad grupid kokku. Mis ei ole muidugi ideaalne, kuna erinevad tasemed on, aga mis teha. V\u00f5tame viimast vastavatest tingimustest vastavalt.\u00a0 Siis j\u00e4\u00e4ks vaid laup\u00e4evased versioonid Seal vaid 3 laup\u00e4eva ja \u00fchel laup\u00e4eval on kaks sessiooni \u00fcksteise j\u00e4rel.<\/div><div>\u00a0<\/div><div><b>Anna palun teada milline neist sobiks k\u00f5ige paremini hiljemalt <\/b><strong><span style=\"color: #ff0000;\">esmasp\u00e4evaks 28ndaks septembriks,<\/span> <\/strong>siis saan kinnitada ja selgitada v\u00e4lja mis versioon l\u00f5puks j\u00e4\u00e4b;)<\/div><div>\u00a0<\/div><div>Tervitusi ja kallistusi,<\/div><div>Crystal Ra<\/div><div>\u00a0<\/div><div>Lisainfot: Telefon 55924831 ja email crystalexpansion@gmail.com<\/div><div>www.crystalralaksmi.com\/eesti<\/div><p>\u00a0<\/p>","_et_gb_content_width":"","footnotes":""},"class_list":["post-2977","page","type-page","status-publish","has-post-thumbnail","hentry"],"acf":[],"_links":{"self":[{"href":"https:\/\/crystalralaksmi.com\/eesti\/wp-json\/wp\/v2\/pages\/2977","targetHints":{"allow":["GET"]}}],"collection":[{"href":"https:\/\/crystalralaksmi.com\/eesti\/wp-json\/wp\/v2\/pages"}],"about":[{"href":"https:\/\/crystalralaksmi.com\/eesti\/wp-json\/wp\/v2\/types\/page"}],"author":[{"embeddable":true,"href":"https:\/\/crystalralaksmi.com\/eesti\/wp-json\/wp\/v2\/users\/1"}],"replies":[{"embeddable":true,"href":"https:\/\/crystalralaksmi.com\/eesti\/wp-json\/wp\/v2\/comments?post=2977"}],"version-history":[{"count":2,"href":"https:\/\/crystalralaksmi.com\/eesti\/wp-json\/wp\/v2\/pages\/2977\/revisions"}],"predecessor-version":[{"id":225223,"href":"https:\/\/crystalralaksmi.com\/eesti\/wp-json\/wp\/v2\/pages\/2977\/revisions\/225223"}],"up":[{"embeddable":true,"href":"https:\/\/crystalralaksmi.com\/eesti\/wp-json\/wp\/v2\/pages\/224783"}],"wp:featuredmedia":[{"embeddable":true,"href":"https:\/\/crystalralaksmi.com\/eesti\/wp-json\/wp\/v2\/media\/224836"}],"wp:attachment":[{"href":"https:\/\/crystalralaksmi.com\/eesti\/wp-json\/wp\/v2\/media?parent=2977"}],"curies":[{"name":"wp","href":"https:\/\/api.w.org\/{rel}","templated":true}]}}