{"id":2982,"date":"2015-09-27T10:43:24","date_gmt":"2015-09-27T10:43:24","guid":{"rendered":"http:\/\/crystalralaksmi.com\/eesti\/?page_id=2982"},"modified":"2019-07-30T13:03:47","modified_gmt":"2019-07-30T10:03:47","slug":"toelise-wantranaise-aratus-uue-ajastu-laines","status":"publish","type":"page","link":"https:\/\/crystalralaksmi.com\/eesti\/sundmused-maailmas\/toelise-wantranaise-aratus-uue-ajastu-laines\/","title":{"rendered":"T\u00f5elise Wantranaise \u00c4ratus Uue Ajastu Laines"},"content":{"rendered":"<p>[et_pb_section fb_built=&#8221;1&#8243; admin_label=&#8221;Section&#8221; _builder_version=&#8221;3.22.3&#8243; saved_tabs=&#8221;all&#8221; global_module=&#8221;225116&#8243;][et_pb_row _builder_version=&#8221;3.25&#8243; background_size=&#8221;initial&#8221; background_position=&#8221;top_left&#8221; background_repeat=&#8221;repeat&#8221;][et_pb_column type=&#8221;4_4&#8243; _builder_version=&#8221;3.25.3&#8243;][et_pb_post_title meta=&#8221;off&#8221; featured_image=&#8221;off&#8221; _builder_version=&#8221;3.25.3&#8243; title_font=&#8221;Poppins|600|||||||&#8221; custom_margin=&#8221;||0px|||&#8221;][\/et_pb_post_title][et_pb_divider color=&#8221;#57ca85&#8243; divider_weight=&#8221;5px&#8221; _builder_version=&#8221;3.25.3&#8243; width=&#8221;14%&#8221;][\/et_pb_divider][\/et_pb_column][\/et_pb_row][\/et_pb_section][et_pb_section fb_built=&#8221;1&#8243; _builder_version=&#8221;3.22&#8243;][et_pb_row _builder_version=&#8221;3.25&#8243; background_size=&#8221;initial&#8221; background_position=&#8221;top_left&#8221; background_repeat=&#8221;repeat&#8221;][et_pb_column type=&#8221;4_4&#8243; _builder_version=&#8221;3.25&#8243; custom_padding=&#8221;|||&#8221; custom_padding__hover=&#8221;|||&#8221;][et_pb_text _builder_version=&#8221;3.0.74&#8243; background_size=&#8221;initial&#8221; background_position=&#8221;top_left&#8221; background_repeat=&#8221;repeat&#8221;]<a href=\"https:\/\/crystalralaksmi.com\/eesti\/wp-content\/uploads\/2015\/09\/qyeensidesmallcrystal.jpg\"><img loading=\"lazy\" decoding=\"async\" class=\"alignleft size-thumbnail wp-image-2942\" src=\"https:\/\/crystalralaksmi.com\/eesti\/wp-content\/uploads\/2015\/09\/qyeensidesmallcrystal-150x150.jpg\" alt=\"qyeensidesmallcrystal\" width=\"150\" height=\"150\" \/><\/a><\/p>\n<p style=\"text-align: center;\"><strong>Wantra maa peal koos Crystal Ra Laksmiga<\/strong><\/p>\n<p style=\"text-align: center;\"><strong>Ainult Naistele!!!<\/strong><\/p>\n<p style=\"text-align: center;\"><strong>Sobib eriti esmakorselt tantraga ja Wantraga tutvujaile ja <\/strong><\/p>\n<p style=\"text-align: center;\"><strong>eriti uue aja t\u00e4iskasvanutele\u00a0<\/strong><\/p>\n<p style=\"text-align: center;\"><strong>\u00a0 \u00a0 \u00a0 \u00a0 \u00a0 \u00a0 \u00a0 \u00a0 \u00a0 \u00a0 \u00a0 \u00a0 \u00a0 \u00a0 \u00a0 \u00a0 \u00a0 \u00a0 \u00a0 \u00a0 \u00a0 \u00a0 \u00a0 \u00a0 \u00a01 november 10 \u2013 22<\/strong><\/p>\n<p>Koht selgumisel, eelregistreerimise esimene voor l\u00f5ppeb 15. oktoobril<br \/>\n<strong>V\u00f5imalikud teemak\u00e4sitlused sellel p\u00e4eval (pannakse kokku kindla osalejate soovide pingerea j\u00e4rgi):<\/strong><br \/>\n&#8211; Tantra l\u00fchike ajalugu<br \/>\n&#8211; Uue ajastu tantra ja selle erip\u00e4ra uue ajastu t\u00e4iskasvanute uuest kehast ja energiastruktuurist l\u00e4htuvalt<br \/>\n&#8211; Wantra tutvustus nii vees (video) kui maa peal (harjutused) Vee osa siin pakkuda ei saa<br \/>\n&#8211; Naiseks olemise v\u00f5ti &#8211; enesearmastus &#8211; selle tervendamine ja taask\u00e4ivitus uuel moel (praktika)<br \/>\n&#8211; Sisemise mehe ja naise kaardistus, tervendamine ja taask\u00e4ivitus (teooria + praktika)<br \/>\n&#8211; Suhe yoniga (teooria + praktika)<br \/>\n&#8211; Naise positiivsed poolused ja kuidas neid kogu aeg tasakaalus hoida (praktika)<br \/>\n&#8211; Mees ja naisenergiate m\u00f5istmine seestpoolt v\u00e4lja (praktika)<br \/>\n&#8211; 4 elementi naise kehas ja elus ning kuidas nad saavad luua k\u00fcllust igal tasandil (praktika)<br \/>\n&#8211; Orgasmiline hingamistehnika ( teooria + praktika)<br \/>\n&#8211; Sisemise kliitori tutvustus (video + v\u00f5imalusel praktika)<br \/>\n&#8211; Teekond orgasmilise meditatsioonini ja mida see minus muutis (kliitori silitamise tehnika tutvustus)<br \/>\n&#8211; Osho rindade meditatsioon (v\u00f5imalik praktika)<br \/>\n&#8211; S\u00f5braks saamine oma kehaga ja hirmudest l\u00e4bik\u00e4imine (praktikad)<br \/>\n&#8211; Julguse osakaal uue ajastu naise elus<br \/>\n&#8211; Uue ajastu suhted ja multisuhted ning kuidas elada ilma armukadeduseta<br \/>\n&#8211; Liigeste ja sidekoe l\u00f5dvestamine ja mis seal peidus on (praktikad)<br \/>\n&#8211; Teadlik hingamine, liikumine ja h\u00e4\u00e4l kui peamised tantranaise t\u00f6\u00f6riistad (v\u00f5imalikud praktikad)<br \/>\n&#8211; 3 mina teadlik kasutamine igap\u00e4evaselt, et luua rohkem harmooniat (teooria + praktika)<br \/>\n&#8211; 5 armastuse keele praktiseerimine (teooria + praktika)<br \/>\n&#8211; 4 V s\u00fcsteemi kasutamine teadliku ja harmoonilise suhtlemise loomiseks (teooria + praktika)<br \/>\n&#8211; S\u00fcgav ja \u00e4ratav \u00fcle keha tantramassaaz (alasti kui on julgeid naisi)<br \/>\n<strong><a href=\"https:\/\/crystalralaksmi.com\/eesti\/wp-content\/uploads\/2014\/06\/2orchids1.jpg\"><img loading=\"lazy\" decoding=\"async\" class=\"alignleft size-thumbnail wp-image-1702\" src=\"https:\/\/crystalralaksmi.com\/eesti\/wp-content\/uploads\/2014\/06\/2orchids1-150x150.jpg\" alt=\"2orchids\" width=\"150\" height=\"150\" \/><\/a>Mida sa sellelt s\u00fcndmuselt saad?<\/strong><br \/>\n&#8211; S\u00fcgavust, kohalolu ja hirmudest l\u00e4bi liikumise<br \/>\n&#8211; Oma kehaga uutmoodi tutvumise v\u00f5imaluse<br \/>\n&#8211; Oma kehasse t\u00f5elise maandumise<br \/>\n&#8211; Enesearmastuse t\u00f5usu ja enesearmastuse t\u00f6\u00f6riistad koju kaasa<br \/>\n&#8211; S\u00fcgavalt s\u00e4riseva ja ilusama keha<br \/>\n&#8211; Naisenergiasse maandumise ja shakti kvaliteetide tajumise<br \/>\n&#8211; Oma yoni ja s\u00fcdame \u00fchendamise jpm<br \/>\nCrystal Ra Laksmi aitas maale tuua tantrameistri Lokiano 2009 aasta kevadel. Nad olid \u00fched esimestest,\u00a0kes avalikult julgesid v\u00e4lja kuulutada tantrakursused alastusega. Hiljem lisandusid ka Niten ja Santoshi.<\/p>\n<p style=\"text-align: justify;\"><strong><a href=\"https:\/\/crystalralaksmi.com\/eesti\/wp-content\/uploads\/2015\/09\/tantraqueen.jpg\"><img loading=\"lazy\" decoding=\"async\" class=\"alignleft size-thumbnail wp-image-2974\" src=\"https:\/\/crystalralaksmi.com\/eesti\/wp-content\/uploads\/2015\/09\/tantraqueen-150x150.jpg\" alt=\"tantraqueen\" width=\"150\" height=\"150\" \/><\/a>Crystal Ra<\/strong> on seej\u00e4rel j\u00e4tkanud tantra teekonda uurides nii ennast kui ka elu l\u00e4bi oma maailmar\u00e4nnakute kui\u00a0ka sukeldumiste endasse. Crystal Ra on v\u00e4lja arendamas ka uut tantraliiki \u2013 Wantra \u2013 mis on tantra\u00a0vees, aga ka maa peal. Crystal Ra tantras\u00fcndmuste iseloomustamiseks v\u00f5iks kasutada s\u00f5nu \u2013 s\u00fcgavus, l\u00e4hedus, kohalolu,\u00a0armastus, teadlikkus ning \u00e4\u00e4rmiselt k\u00f5rge selgeltn\u00e4gemise v\u00f5ime ja\u00a0tundlikkus iga osaleja protsesside kohta. See loob ruumile \u00f5hustiku, kus k\u00f5ik saavad ennast tunda erilise ja\u00a0t\u00e4helepanu kiirtega paitatud. Crystal Ra kursused on ka v\u00e4ga interaktiivsed ja l\u00f5busad. Crystal Ra on\u00a0\u00f5ppinud \u00e4\u00e4rmiselt h\u00e4sti ruumi hoidma ning ka olema vaatleja \u2013 kaks olulist kvaliteeti tantras\u00fcndmust\u00a0korraldamisel. Crystal Ral on ka v\u00e4ga hea taju kuidas luua kogu s\u00fcndmuse jaoks ruum, mille iga detail aitab sellele kaasa \u2013 olgu siis muusika, dekoratsioonid v\u00f5i v\u00e4rvid v\u00f5i tekstiilide materjalid.<\/p>\n<p style=\"text-align: justify;\"><strong>Iga osaleja, kes ennast registreerib, saab v\u00f5imaluse h\u00e4\u00e4letada erinevate teemade poolt, mis on praegu v\u00e4lja pakutud. Need teemad, mis saavad k\u00f5ige enam h\u00e4\u00e4li, loovadki p\u00e4evase programmi.<\/strong><\/p>\n<p><strong>Osalustasu on 100 eurot kuni 15. oktoobrini eelregistreerimisega ja tasu laekumisega hiljemalt 20ndaks oktoobriks, peale seda 120 eurot. Hind ei sisalda l\u00f5unapausi. K\u00fcsi lisa makse kohta!<\/strong><br \/>\n<strong>Antud s\u00fcndmus toimub ainult v\u00e4hemalt 10 osaleja t\u00e4itumisel. Lisainfot ja registreerimine crystalexpansion@gmail.com, v\u00f5i 55924831<\/strong><br \/>\nSee s\u00fcndmus on eriti sobiv neile, kes soovivad teha m\u00f5nusat s\u00fcgavamat tutvust tantraga ja Wantraga turvalises naiste seltskonnas ja eriti neile, kes pole kunagi kogenud tantrat v\u00f5i neil on h\u00e4gune arusaam, mida see endast kujutab.<br \/>\n[\/et_pb_text][\/et_pb_column][\/et_pb_row][\/et_pb_section]<\/p>\n<span class=\"et_bloom_bottom_trigger\"><\/span>","protected":false},"excerpt":{"rendered":"<p>Wantra maa peal koos Crystal Ra Laksmiga Ainult Naistele!!! Sobib eriti esmakorselt tantraga ja Wantraga tutvujaile ja eriti uue aja t\u00e4iskasvanutele\u00a0 \u00a0 \u00a0 \u00a0 \u00a0 \u00a0 \u00a0 \u00a0 \u00a0 \u00a0 [&hellip;]<\/p>\n","protected":false},"author":1,"featured_media":224837,"parent":224783,"menu_order":0,"comment_status":"closed","ping_status":"closed","template":"","meta":{"_acf_changed":false,"_et_pb_use_builder":"on","_et_pb_old_content":"<p><a href=\"https:\/\/crystalralaksmi.com\/eesti\/wp-content\/uploads\/2015\/09\/qyeensidesmallcrystal.jpg\"><img class=\"alignleft size-thumbnail wp-image-2942\" src=\"https:\/\/crystalralaksmi.com\/eesti\/wp-content\/uploads\/2015\/09\/qyeensidesmallcrystal-150x150.jpg\" alt=\"qyeensidesmallcrystal\" width=\"150\" height=\"150\" \/><\/a><\/p><p style=\"text-align: center;\"><strong>Wantra maa peal koos Crystal Ra Laksmiga<\/strong><\/p><p style=\"text-align: center;\"><strong>Ainult Naistele!!!<\/strong><\/p><p style=\"text-align: center;\"><strong>Sobib eriti esmakorselt tantraga ja Wantraga tutvujaile ja <\/strong><\/p><p style=\"text-align: center;\"><strong>eriti uue aja t\u00e4iskasvanutele\u00a0<\/strong><\/p><p style=\"text-align: center;\"><strong>\u00a0 \u00a0 \u00a0 \u00a0 \u00a0 \u00a0 \u00a0 \u00a0 \u00a0 \u00a0 \u00a0 \u00a0 \u00a0 \u00a0 \u00a0 \u00a0 \u00a0 \u00a0 \u00a0 \u00a0 \u00a0 \u00a0 \u00a0 \u00a0 \u00a01 november 10 \u2013 22<\/strong><\/p><p>Koht selgumisel, eelregistreerimise esimene voor l\u00f5ppeb 15. oktoobril<br \/><strong>V\u00f5imalikud teemak\u00e4sitlused sellel p\u00e4eval (pannakse kokku kindla osalejate soovide pingerea j\u00e4rgi):<\/strong><br \/>- Tantra l\u00fchike ajalugu<br \/>- Uue ajastu tantra ja selle erip\u00e4ra uue ajastu t\u00e4iskasvanute uuest kehast ja energiastruktuurist l\u00e4htuvalt<br \/>- Wantra tutvustus nii vees (video) kui maa peal (harjutused) Vee osa siin pakkuda ei saa<br \/>- Naiseks olemise v\u00f5ti - enesearmastus - selle tervendamine ja taask\u00e4ivitus uuel moel (praktika)<br \/>- Sisemise mehe ja naise kaardistus, tervendamine ja taask\u00e4ivitus (teooria + praktika)<br \/>- Suhe yoniga (teooria + praktika)<br \/>- Naise positiivsed poolused ja kuidas neid kogu aeg tasakaalus hoida (praktika)<br \/>- Mees ja naisenergiate m\u00f5istmine seestpoolt v\u00e4lja (praktika)<br \/>- 4 elementi naise kehas ja elus ning kuidas nad saavad luua k\u00fcllust igal tasandil (praktika)<br \/>- Orgasmiline hingamistehnika ( teooria + praktika)<br \/>- Sisemise kliitori tutvustus (video + v\u00f5imalusel praktika)<br \/>- Teekond orgasmilise meditatsioonini ja mida see minus muutis (kliitori silitamise tehnika tutvustus)<br \/>- Osho rindade meditatsioon (v\u00f5imalik praktika)<br \/>- S\u00f5braks saamine oma kehaga ja hirmudest l\u00e4bik\u00e4imine (praktikad)<br \/>- Julguse osakaal uue ajastu naise elus<br \/>- Uue ajastu suhted ja multisuhted ning kuidas elada ilma armukadeduseta<br \/>- Liigeste ja sidekoe l\u00f5dvestamine ja mis seal peidus on (praktikad)<br \/>- Teadlik hingamine, liikumine ja h\u00e4\u00e4l kui peamised tantranaise t\u00f6\u00f6riistad (v\u00f5imalikud praktikad)<br \/>- 3 mina teadlik kasutamine igap\u00e4evaselt, et luua rohkem harmooniat (teooria + praktika)<br \/>- 5 armastuse keele praktiseerimine (teooria + praktika)<br \/>- 4 V s\u00fcsteemi kasutamine teadliku ja harmoonilise suhtlemise loomiseks (teooria + praktika)<br \/>- S\u00fcgav ja \u00e4ratav \u00fcle keha tantramassaaz (alasti kui on julgeid naisi)<br \/><strong><a href=\"https:\/\/crystalralaksmi.com\/eesti\/wp-content\/uploads\/2014\/06\/2orchids1.jpg\"><img class=\"alignleft size-thumbnail wp-image-1702\" src=\"https:\/\/crystalralaksmi.com\/eesti\/wp-content\/uploads\/2014\/06\/2orchids1-150x150.jpg\" alt=\"2orchids\" width=\"150\" height=\"150\" \/><\/a>Mida sa sellelt s\u00fcndmuselt saad?<\/strong><br \/>- S\u00fcgavust, kohalolu ja hirmudest l\u00e4bi liikumise<br \/>- Oma kehaga uutmoodi tutvumise v\u00f5imaluse<br \/>- Oma kehasse t\u00f5elise maandumise<br \/>- Enesearmastuse t\u00f5usu ja enesearmastuse t\u00f6\u00f6riistad koju kaasa<br \/>- S\u00fcgavalt s\u00e4riseva ja ilusama keha<br \/>- Naisenergiasse maandumise ja shakti kvaliteetide tajumise<br \/>- Oma yoni ja s\u00fcdame \u00fchendamise jpm<br \/>Crystal Ra Laksmi aitas maale tuua tantrameistri Lokiano 2009 aasta kevadel. Nad olid \u00fched esimestest,\u00a0kes avalikult julgesid v\u00e4lja kuulutada tantrakursused alastusega. Hiljem lisandusid ka Niten ja Santoshi.<\/p><p style=\"text-align: justify;\"><strong><a href=\"https:\/\/crystalralaksmi.com\/eesti\/wp-content\/uploads\/2015\/09\/tantraqueen.jpg\"><img class=\"alignleft size-thumbnail wp-image-2974\" src=\"https:\/\/crystalralaksmi.com\/eesti\/wp-content\/uploads\/2015\/09\/tantraqueen-150x150.jpg\" alt=\"tantraqueen\" width=\"150\" height=\"150\" \/><\/a>Crystal Ra<\/strong> on seej\u00e4rel j\u00e4tkanud tantra teekonda uurides nii ennast kui ka elu l\u00e4bi oma maailmar\u00e4nnakute kui\u00a0ka sukeldumiste endasse. Crystal Ra on v\u00e4lja arendamas ka uut tantraliiki \u2013 Wantra \u2013 mis on tantra\u00a0vees, aga ka maa peal. Crystal Ra tantras\u00fcndmuste iseloomustamiseks v\u00f5iks kasutada s\u00f5nu \u2013 s\u00fcgavus, l\u00e4hedus, kohalolu,\u00a0armastus, teadlikkus ning \u00e4\u00e4rmiselt k\u00f5rge selgeltn\u00e4gemise v\u00f5ime ja\u00a0tundlikkus iga osaleja protsesside kohta. See loob ruumile \u00f5hustiku, kus k\u00f5ik saavad ennast tunda erilise ja\u00a0t\u00e4helepanu kiirtega paitatud. Crystal Ra kursused on ka v\u00e4ga interaktiivsed ja l\u00f5busad. Crystal Ra on\u00a0\u00f5ppinud \u00e4\u00e4rmiselt h\u00e4sti ruumi hoidma ning ka olema vaatleja \u2013 kaks olulist kvaliteeti tantras\u00fcndmust\u00a0korraldamisel. Crystal Ral on ka v\u00e4ga hea taju kuidas luua kogu s\u00fcndmuse jaoks ruum, mille iga detail aitab sellele kaasa \u2013 olgu siis muusika, dekoratsioonid v\u00f5i v\u00e4rvid v\u00f5i tekstiilide materjalid.<\/p><p style=\"text-align: justify;\"><strong>Iga osaleja, kes ennast registreerib, saab v\u00f5imaluse h\u00e4\u00e4letada erinevate teemade poolt, mis on praegu v\u00e4lja pakutud. Need teemad, mis saavad k\u00f5ige enam h\u00e4\u00e4li, loovadki p\u00e4evase programmi.<\/strong><\/p><p><strong>Osalustasu on 100 eurot kuni 15. oktoobrini eelregistreerimisega ja tasu laekumisega hiljemalt 20ndaks oktoobriks, peale seda 120 eurot. Hind ei sisalda l\u00f5unapausi. K\u00fcsi lisa makse kohta!<\/strong><br \/><strong>Antud s\u00fcndmus toimub ainult v\u00e4hemalt 10 osaleja t\u00e4itumisel. Lisainfot ja registreerimine crystalexpansion@gmail.com, v\u00f5i 55924831<\/strong><br \/>See s\u00fcndmus on eriti sobiv neile, kes soovivad teha m\u00f5nusat s\u00fcgavamat tutvust tantraga ja Wantraga turvalises naiste seltskonnas ja eriti neile, kes pole kunagi kogenud tantrat v\u00f5i neil on h\u00e4gune arusaam, mida see endast kujutab.<\/p>","_et_gb_content_width":"","footnotes":""},"class_list":["post-2982","page","type-page","status-publish","has-post-thumbnail","hentry"],"acf":[],"_links":{"self":[{"href":"https:\/\/crystalralaksmi.com\/eesti\/wp-json\/wp\/v2\/pages\/2982","targetHints":{"allow":["GET"]}}],"collection":[{"href":"https:\/\/crystalralaksmi.com\/eesti\/wp-json\/wp\/v2\/pages"}],"about":[{"href":"https:\/\/crystalralaksmi.com\/eesti\/wp-json\/wp\/v2\/types\/page"}],"author":[{"embeddable":true,"href":"https:\/\/crystalralaksmi.com\/eesti\/wp-json\/wp\/v2\/users\/1"}],"replies":[{"embeddable":true,"href":"https:\/\/crystalralaksmi.com\/eesti\/wp-json\/wp\/v2\/comments?post=2982"}],"version-history":[{"count":2,"href":"https:\/\/crystalralaksmi.com\/eesti\/wp-json\/wp\/v2\/pages\/2982\/revisions"}],"predecessor-version":[{"id":225242,"href":"https:\/\/crystalralaksmi.com\/eesti\/wp-json\/wp\/v2\/pages\/2982\/revisions\/225242"}],"up":[{"embeddable":true,"href":"https:\/\/crystalralaksmi.com\/eesti\/wp-json\/wp\/v2\/pages\/224783"}],"wp:featuredmedia":[{"embeddable":true,"href":"https:\/\/crystalralaksmi.com\/eesti\/wp-json\/wp\/v2\/media\/224837"}],"wp:attachment":[{"href":"https:\/\/crystalralaksmi.com\/eesti\/wp-json\/wp\/v2\/media?parent=2982"}],"curies":[{"name":"wp","href":"https:\/\/api.w.org\/{rel}","templated":true}]}}