{"id":2992,"date":"2015-10-01T21:45:49","date_gmt":"2015-10-01T21:45:49","guid":{"rendered":"http:\/\/crystalralaksmi.com\/eesti\/?page_id=2992"},"modified":"2019-07-30T12:29:55","modified_gmt":"2019-07-30T09:29:55","slug":"kulluse-taaskaivitus-rakveres-labi-vee-elemendi-aktiveerimise","status":"publish","type":"page","link":"https:\/\/crystalralaksmi.com\/eesti\/sundmused-maailmas\/kulluse-taaskaivitus-rakveres-labi-vee-elemendi-aktiveerimise\/","title":{"rendered":"K\u00fclluse taask\u00e4ivitus Rakveres L\u00e4bi Vee Elemendi aktiveerimise"},"content":{"rendered":"<p>[et_pb_section fb_built=&#8221;1&#8243; admin_label=&#8221;Section&#8221; _builder_version=&#8221;3.22.3&#8243; saved_tabs=&#8221;all&#8221; global_module=&#8221;225116&#8243;][et_pb_row _builder_version=&#8221;3.25&#8243; background_size=&#8221;initial&#8221; background_position=&#8221;top_left&#8221; background_repeat=&#8221;repeat&#8221;][et_pb_column type=&#8221;4_4&#8243; _builder_version=&#8221;3.25.3&#8243;][et_pb_post_title meta=&#8221;off&#8221; featured_image=&#8221;off&#8221; _builder_version=&#8221;3.25.3&#8243; title_font=&#8221;Poppins|600|||||||&#8221; custom_margin=&#8221;||0px|||&#8221;][\/et_pb_post_title][et_pb_divider color=&#8221;#57ca85&#8243; divider_weight=&#8221;5px&#8221; _builder_version=&#8221;3.25.3&#8243; width=&#8221;14%&#8221;][\/et_pb_divider][\/et_pb_column][\/et_pb_row][\/et_pb_section][et_pb_section fb_built=&#8221;1&#8243; _builder_version=&#8221;3.22&#8243;][et_pb_row _builder_version=&#8221;3.25&#8243; background_size=&#8221;initial&#8221; background_position=&#8221;top_left&#8221; background_repeat=&#8221;repeat&#8221;][et_pb_column type=&#8221;4_4&#8243; _builder_version=&#8221;3.25&#8243; custom_padding=&#8221;|||&#8221; custom_padding__hover=&#8221;|||&#8221;][et_pb_text _builder_version=&#8221;3.0.74&#8243; background_size=&#8221;initial&#8221; background_position=&#8221;top_left&#8221; background_repeat=&#8221;repeat&#8221;]<\/p>\n<p style=\"text-align: justify;\"><a href=\"https:\/\/crystalralaksmi.com\/eesti\/wp-content\/uploads\/2015\/07\/3Viljandiseismine.jpg\"><img loading=\"lazy\" decoding=\"async\" class=\"alignleft size-thumbnail wp-image-2763\" src=\"https:\/\/crystalralaksmi.com\/eesti\/wp-content\/uploads\/2015\/07\/3Viljandiseismine-150x150.jpg\" alt=\"3Viljandiseismine\" width=\"150\" height=\"150\" \/><\/a><strong>Rakvere, 11, oktoober kell 11 &#8211; 14<\/strong><\/p>\n<p style=\"text-align: justify;\"><strong>Koht: Rahulolu Pesa, Pikk 7<\/strong><\/p>\n<p style=\"text-align: justify;\"><strong>S\u00fcndmus toimub ainult siis kui registreerub v\u00e4hemalt 10 osalejat hiljemalt 9ndaks oktoobriks kell 12.<\/strong><\/p>\n<p style=\"text-align: justify;\">Viimased 3 kuud t\u00f6\u00f6tamist Eestis on n\u00e4idanud, et eestlastele on vaja vee elemendi puhastust, aktiveerimist ja teadlikkust ning voolamist, et k\u00e4ivitada oma t\u00f5eline k\u00fclluse paradiis nii enda sees kui ka v\u00e4ljas.<\/p>\n<p style=\"text-align: justify;\">K\u00fcllus ei seisne ainult rahas. See on see, kui sa keerad parklasse ja sulle avaneb koht k\u00f5ige paremas nurgas, see kui sind lastakse j\u00e4rjekorras ette, see kui kallid ja l\u00e4hedased hoolivad sinust ja veedavad sinuga aega, see kui sa oled toetatud ja teed seda milleks oled siia planeedile tulnud.<\/p>\n<p style=\"text-align: justify;\">Tegelik p\u00f5hjus k\u00fclluse puudumisel on aga iga isiku iseenda sisemise k\u00fclluse aktiveerimise koodi k\u00e4ivitamine l\u00e4bi erinevate tehnikate ja vastuv\u00f5tlikkuse t\u00f5stmise ja muude nippide.<\/p>\n<p style=\"text-align: justify;\"><strong>Mida oodata s\u00fcndmuselt?\u00a0<\/strong><\/p>\n<p style=\"text-align: justify;\">_ Kuidas leida kontakt oma vee elemendiga maa peal ja kuidas selle teadlikkus saab aktiveerida, sellest r\u00e4\u00e4gib Crystal ka sellel s\u00fcndmuse ajal n\u00e4idates videosid, jagades lugusid ning juhendades osalejaid tegema ka interaktiivseid harjutusi.<\/p>\n<p style=\"text-align: justify;\">&#8211; Crystal soovib, et see s\u00fcndmus aktiveeriks sinu enda k\u00fclluse jumalanna ja jumala ning selle loomiseks \u00fchendub ta k\u00f5igepealt grupi energiatega ja kohalolijatega ning vastavalt sellele s\u00fcnnib k\u00fclluse kokteil, mida osalejad on valmis ise kokku miksima ja \u00e4ra seedima;)<\/p>\n<p style=\"text-align: justify;\">&#8211; V\u00e4ga paljud asjad ei toimi enam nii nagu vanasti. Isegi tavalised eesm\u00e4rgi p\u00fcstitused ei kanna enam vilja. Selle koolituse ajal r\u00e4\u00e4gingi miks see nii on ja millest see p\u00f5hjustatud on minu enda kogemuste varal.<\/p>\n<p style=\"text-align: justify;\">&#8211; Mis on uue ajastu energia ja kuidas see toimib ning kuidas seda targalt enda huvides \u00e4ra kasutada ja enda jaoks t\u00f6\u00f6le panna?<\/p>\n<p style=\"text-align: justify;\">&#8211; Uue ajastus meie elumissioon ja mis see t\u00e4hendab?<\/p>\n<p style=\"text-align: justify;\">&#8211; Mis rolli m\u00e4ngivad unistused sinu k\u00fclluse loomes?<\/p>\n<p style=\"text-align: justify;\">&#8211; Mis lugu on praeguses energias sihtm\u00e4rkide ja eesm\u00e4rkidega?<\/p>\n<p style=\"text-align: justify;\">&#8211; Minu isiklikud kogemused viimase 3 aasta maailmar\u00e4nnakutelt. Kuidas nutikalt toime tulla igas olukorras ja luua k\u00fcllust isegi v\u00f5imatutes olukordades?<\/p>\n<p style=\"text-align: justify;\">&#8211; Mis on uue ajastu k\u00fclluse valem?<\/p>\n<p style=\"text-align: justify;\">&#8211; Lugu sellest kuidas 5 eurone online toode v\u00f5ib tuua suuri tulemusi.<\/p>\n<p style=\"text-align: justify;\">&#8211; Mida praegusel ajal k\u00fclluse loomisel v\u00e4ltida tuleks?<\/p>\n<p style=\"text-align: justify;\">&#8211; Mida t\u00e4hendab segmentk\u00fcllus ja mida holistiline k\u00fcllus?<\/p>\n<p style=\"text-align: justify;\">&#8211; K\u00fcllus ja vaimumaailm?<\/p>\n<p style=\"text-align: justify;\">&#8211; K\u00fcllus ja vaim?<\/p>\n<p style=\"text-align: justify;\">&#8211; K\u00fcllus ja 4 elementi<\/p>\n<p style=\"text-align: justify;\">&#8211; Minu online programm KIS, mis aktiveerib su k\u00fclluse programmi t\u00e4ielikult igal tasandil (seksuaalsus, suhted, tervis, karj\u00e4\u00e4r, missioon, k\u00fcllus) ja l\u00fchike \u00fclevaade kuidas k\u00fclluse teemat h\u00e4kkida saab. M\u00f5nede osalejate kogemuste jagamine (esimene 12 kuu lend l\u00f5petas juulis 2015).<\/p>\n<p style=\"text-align: justify;\">&#8211; Kuidas sinu vaimu k\u00fcsimused v\u00f5ivad sulle uksi avada?<\/p>\n<p style=\"text-align: justify;\">&#8211; Uue ajastu k\u00fclluse meditatsioon \u2013 rahamagnet number 4<\/p>\n<p style=\"text-align: justify;\">&#8211; Aeg vastata osalejate k\u00fcsimustele<\/p>\n<p style=\"text-align: justify;\"><a href=\"https:\/\/crystalralaksmi.com\/eesti\/wp-content\/uploads\/2015\/09\/crystalqueenlaughter.jpg\"><img loading=\"lazy\" decoding=\"async\" class=\"alignleft size-thumbnail wp-image-2892\" src=\"https:\/\/crystalralaksmi.com\/eesti\/wp-content\/uploads\/2015\/09\/crystalqueenlaughter-150x150.jpg\" alt=\"crystalqueenlaughter\" width=\"150\" height=\"150\" \/><\/a><strong>Crystal Ra<\/strong> on eestlanna, kes praeguseks elanud poole oma t\u00e4iskasvanueast v\u00e4lismaal. Tal on tagataskus kaks k\u00f5rgharidust maailma eri \u00fclikoolidest, ta on valmis teinud kaks dokumentaalfilmi ja juhtinud oma v\u00e4ikefirmat New Flow juba 8 aastat ja viimased aastad asukohavabalt Mehhikost, eelnevalt juhtides seiklusgruppe Hawaiil. K\u00f5ige selle vahele oli tipitud palju seiklusi terves maailmas ja enda avastamisi nii k\u00f5rgustest kui ka kuristikest ja f\u00f6\u00f6niksina tuhast t\u00f5usmisi.<\/p>\n<p style=\"text-align: justify;\">See \u00f5htu ei saa olema vaid kogemuste jagamine teoorias, vaid nagu Crystalile tavap\u00e4raselt kohane, jagab ta ka kogemusterikkaid harjutusi ning annab kaasa ka mitmeid nippe, mida kodus edasi praktiseerida. Crystal teeb ka selle s\u00fcndmusega kristall ja kuldenergiate \u00fclekande otse Mehhikost. Iga osaleja, kes j\u00e4tab Crystalile oma emaili, saab osaluskingituse peale s\u00fcndmust oma emailile!<\/p>\n<p style=\"text-align: justify;\">Kui sa arvad, et see s\u00fcndmus ei andnud piisavalt t\u00f5uget ja tulemusi, siis osale Crystali teistel s\u00fcndmustel veel oktoobrikuu jooksul enamasti Tallinnas! Mida rohkem, seda uhkem!<\/p>\n<p style=\"text-align: justify;\">Lisainfot www.crystalralaksmi.com\/eesti<\/p>\n<p style=\"text-align: justify;\">Registreeru oma osalus emailiga crystalexpansion@gmail.com hiljemalt 9ndaks oktoobriks kell 12. S\u00fcndmus toimub ainult 10 osaleja registreerimisel<\/p>\n<p style=\"text-align: justify;\">Sinu varajane registreerimine aitab ruumi ette valmistada ja\u00a0sind vastu v\u00f5tta k\u00f5ige imelisemal moel!<\/p>\n<p style=\"text-align: justify;\"><strong>10ndal oktoobril v\u00f5tab Crystal Ra osalejatega emaili teel \u00fchendust. Siis kui grupp on kindel, saad siis maksta ettemaksuga osaluse 18 eurot. Kohapeal on osalusmakse 20 eurot.<\/strong><\/p>\n<p style=\"text-align: justify;\">Osalustasu kanna: O\u00fc New Flow arvele Swedpangas EE552200221039028272 selgitusse &#8216;K\u00fclluse Taask\u00e4ivitus&#8217; Rakveres (mitte enne 10ndat oktoobrit)<\/p>\n<p style=\"text-align: justify;\">Samal p\u00e4eval kella 15st kuni 19ni v\u00f5tab Crystal Ra vastu ka erakliente Rakveres.<\/p>\n<p style=\"text-align: justify;\">* Esmakordne eraseanss &#8211; 1 tund &#8211; v\u00f5imalikud teemad &#8211; energiate \u00fclevaade ja puhastus, 4 elemendi puhastus ja tasakaalustus, nais- ja meesenergiate tasakaalustus, energeetiliste blokkide lahustamine, oma energiate tagasit\u00f5mbamine, elu \u00fclesande pildid, suhte teemad, tervis, k\u00fcllus, vaimolendite puhastus, sisendite ja eriprogrammide puhastus kehast ja kihtidest jne.<\/p>\n<p style=\"text-align: justify;\">Eraseansi eripakkumise hind Rakveres &#8211; 40 eurot (tavap\u00e4rase 55 euro asemel)<\/p>\n<p style=\"text-align: justify;\">* Transformeeritutele aura tasakaalustus &#8211; 1,5 tundi &#8211; 70 eurot (tavahind 100 eurot)<\/p>\n<p style=\"text-align: justify;\">* Auratransformatsioon &#8211; 2 tundi &#8211; tavahind 250 eurot<\/p>\n<p style=\"text-align: justify;\">Oled s\u00fcdamest oodatud! Kohtumiseni!<\/p>\n<p>[\/et_pb_text][\/et_pb_column][\/et_pb_row][\/et_pb_section]<\/p>\n<span class=\"et_bloom_bottom_trigger\"><\/span>","protected":false},"excerpt":{"rendered":"<p>Rakvere, 11, oktoober kell 11 &#8211; 14 Koht: Rahulolu Pesa, Pikk 7 S\u00fcndmus toimub ainult siis kui registreerub v\u00e4hemalt 10 osalejat hiljemalt 9ndaks oktoobriks kell 12. Viimased 3 kuud t\u00f6\u00f6tamist [&hellip;]<\/p>\n","protected":false},"author":1,"featured_media":224839,"parent":224783,"menu_order":0,"comment_status":"closed","ping_status":"closed","template":"","meta":{"_acf_changed":false,"_et_pb_use_builder":"on","_et_pb_old_content":"<p style=\"text-align: justify;\"><a href=\"https:\/\/crystalralaksmi.com\/eesti\/wp-content\/uploads\/2015\/07\/3Viljandiseismine.jpg\"><img class=\"alignleft size-thumbnail wp-image-2763\" src=\"https:\/\/crystalralaksmi.com\/eesti\/wp-content\/uploads\/2015\/07\/3Viljandiseismine-150x150.jpg\" alt=\"3Viljandiseismine\" width=\"150\" height=\"150\" \/><\/a><strong>Rakvere, 11, oktoober kell 11 - 14<\/strong><\/p><p style=\"text-align: justify;\"><strong>Koht: Rahulolu Pesa, Pikk 7<\/strong><\/p><p style=\"text-align: justify;\"><strong>S\u00fcndmus toimub ainult siis kui registreerub v\u00e4hemalt 10 osalejat hiljemalt 9ndaks oktoobriks kell 12.<\/strong><\/p><p style=\"text-align: justify;\">Viimased 3 kuud t\u00f6\u00f6tamist Eestis on n\u00e4idanud, et eestlastele on vaja vee elemendi puhastust, aktiveerimist ja teadlikkust ning voolamist, et k\u00e4ivitada oma t\u00f5eline k\u00fclluse paradiis nii enda sees kui ka v\u00e4ljas.<\/p><p style=\"text-align: justify;\">K\u00fcllus ei seisne ainult rahas. See on see, kui sa keerad parklasse ja sulle avaneb koht k\u00f5ige paremas nurgas, see kui sind lastakse j\u00e4rjekorras ette, see kui kallid ja l\u00e4hedased hoolivad sinust ja veedavad sinuga aega, see kui sa oled toetatud ja teed seda milleks oled siia planeedile tulnud.<\/p><p style=\"text-align: justify;\">Tegelik p\u00f5hjus k\u00fclluse puudumisel on aga iga isiku iseenda sisemise k\u00fclluse aktiveerimise koodi k\u00e4ivitamine l\u00e4bi erinevate tehnikate ja vastuv\u00f5tlikkuse t\u00f5stmise ja muude nippide.<\/p><p style=\"text-align: justify;\"><strong>Mida oodata s\u00fcndmuselt?\u00a0<\/strong><\/p><p style=\"text-align: justify;\">_ Kuidas leida kontakt oma vee elemendiga maa peal ja kuidas selle teadlikkus saab aktiveerida, sellest r\u00e4\u00e4gib Crystal ka sellel s\u00fcndmuse ajal n\u00e4idates videosid, jagades lugusid ning juhendades osalejaid tegema ka interaktiivseid harjutusi.<\/p><p style=\"text-align: justify;\">- Crystal soovib, et see s\u00fcndmus aktiveeriks sinu enda k\u00fclluse jumalanna ja jumala ning selle loomiseks \u00fchendub ta k\u00f5igepealt grupi energiatega ja kohalolijatega ning vastavalt sellele s\u00fcnnib k\u00fclluse kokteil, mida osalejad on valmis ise kokku miksima ja \u00e4ra seedima;)<\/p><p style=\"text-align: justify;\">- V\u00e4ga paljud asjad ei toimi enam nii nagu vanasti. Isegi tavalised eesm\u00e4rgi p\u00fcstitused ei kanna enam vilja. Selle koolituse ajal r\u00e4\u00e4gingi miks see nii on ja millest see p\u00f5hjustatud on minu enda kogemuste varal.<\/p><p style=\"text-align: justify;\">- Mis on uue ajastu energia ja kuidas see toimib ning kuidas seda targalt enda huvides \u00e4ra kasutada ja enda jaoks t\u00f6\u00f6le panna?<\/p><p style=\"text-align: justify;\">- Uue ajastus meie elumissioon ja mis see t\u00e4hendab?<\/p><p style=\"text-align: justify;\">- Mis rolli m\u00e4ngivad unistused sinu k\u00fclluse loomes?<\/p><p style=\"text-align: justify;\">- Mis lugu on praeguses energias sihtm\u00e4rkide ja eesm\u00e4rkidega?<\/p><p style=\"text-align: justify;\">- Minu isiklikud kogemused viimase 3 aasta maailmar\u00e4nnakutelt. Kuidas nutikalt toime tulla igas olukorras ja luua k\u00fcllust isegi v\u00f5imatutes olukordades?<\/p><p style=\"text-align: justify;\">- Mis on uue ajastu k\u00fclluse valem?<\/p><p style=\"text-align: justify;\">- Lugu sellest kuidas 5 eurone online toode v\u00f5ib tuua suuri tulemusi.<\/p><p style=\"text-align: justify;\">- Mida praegusel ajal k\u00fclluse loomisel v\u00e4ltida tuleks?<\/p><p style=\"text-align: justify;\">- Mida t\u00e4hendab segmentk\u00fcllus ja mida holistiline k\u00fcllus?<\/p><p style=\"text-align: justify;\">- K\u00fcllus ja vaimumaailm?<\/p><p style=\"text-align: justify;\">- K\u00fcllus ja vaim?<\/p><p style=\"text-align: justify;\">- K\u00fcllus ja 4 elementi<\/p><p style=\"text-align: justify;\">- Minu online programm KIS, mis aktiveerib su k\u00fclluse programmi t\u00e4ielikult igal tasandil (seksuaalsus, suhted, tervis, karj\u00e4\u00e4r, missioon, k\u00fcllus) ja l\u00fchike \u00fclevaade kuidas k\u00fclluse teemat h\u00e4kkida saab. M\u00f5nede osalejate kogemuste jagamine (esimene 12 kuu lend l\u00f5petas juulis 2015).<\/p><p style=\"text-align: justify;\">- Kuidas sinu vaimu k\u00fcsimused v\u00f5ivad sulle uksi avada?<\/p><p style=\"text-align: justify;\">- Uue ajastu k\u00fclluse meditatsioon \u2013 rahamagnet number 4<\/p><p style=\"text-align: justify;\">- Aeg vastata osalejate k\u00fcsimustele<\/p><p style=\"text-align: justify;\"><a href=\"https:\/\/crystalralaksmi.com\/eesti\/wp-content\/uploads\/2015\/09\/crystalqueenlaughter.jpg\"><img class=\"alignleft size-thumbnail wp-image-2892\" src=\"https:\/\/crystalralaksmi.com\/eesti\/wp-content\/uploads\/2015\/09\/crystalqueenlaughter-150x150.jpg\" alt=\"crystalqueenlaughter\" width=\"150\" height=\"150\" \/><\/a><strong>Crystal Ra<\/strong> on eestlanna, kes praeguseks elanud poole oma t\u00e4iskasvanueast v\u00e4lismaal. Tal on tagataskus kaks k\u00f5rgharidust maailma eri \u00fclikoolidest, ta on valmis teinud kaks dokumentaalfilmi ja juhtinud oma v\u00e4ikefirmat New Flow juba 8 aastat ja viimased aastad asukohavabalt Mehhikost, eelnevalt juhtides seiklusgruppe Hawaiil. K\u00f5ige selle vahele oli tipitud palju seiklusi terves maailmas ja enda avastamisi nii k\u00f5rgustest kui ka kuristikest ja f\u00f6\u00f6niksina tuhast t\u00f5usmisi.<\/p><p style=\"text-align: justify;\">See \u00f5htu ei saa olema vaid kogemuste jagamine teoorias, vaid nagu Crystalile tavap\u00e4raselt kohane, jagab ta ka kogemusterikkaid harjutusi ning annab kaasa ka mitmeid nippe, mida kodus edasi praktiseerida. Crystal teeb ka selle s\u00fcndmusega kristall ja kuldenergiate \u00fclekande otse Mehhikost. Iga osaleja, kes j\u00e4tab Crystalile oma emaili, saab osaluskingituse peale s\u00fcndmust oma emailile!<\/p><p style=\"text-align: justify;\">Kui sa arvad, et see s\u00fcndmus ei andnud piisavalt t\u00f5uget ja tulemusi, siis osale Crystali teistel s\u00fcndmustel veel oktoobrikuu jooksul enamasti Tallinnas! Mida rohkem, seda uhkem!<\/p><p style=\"text-align: justify;\">Lisainfot www.crystalralaksmi.com\/eesti<\/p><p style=\"text-align: justify;\">Registreeru oma osalus emailiga crystalexpansion@gmail.com hiljemalt 9ndaks oktoobriks kell 12. S\u00fcndmus toimub ainult 10 osaleja registreerimisel<\/p><p style=\"text-align: justify;\">Sinu varajane registreerimine aitab ruumi ette valmistada ja\u00a0sind vastu v\u00f5tta k\u00f5ige imelisemal moel!<\/p><p style=\"text-align: justify;\"><strong>10ndal oktoobril v\u00f5tab Crystal Ra osalejatega emaili teel \u00fchendust. Siis kui grupp on kindel, saad siis maksta ettemaksuga osaluse 18 eurot. Kohapeal on osalusmakse 20 eurot.<\/strong><\/p><p style=\"text-align: justify;\">Osalustasu kanna: O\u00fc New Flow arvele Swedpangas EE552200221039028272 selgitusse 'K\u00fclluse Taask\u00e4ivitus' Rakveres (mitte enne 10ndat oktoobrit)<\/p><p style=\"text-align: justify;\">Samal p\u00e4eval kella 15st kuni 19ni v\u00f5tab Crystal Ra vastu ka erakliente Rakveres.<\/p><p style=\"text-align: justify;\">* Esmakordne eraseanss - 1 tund - v\u00f5imalikud teemad - energiate \u00fclevaade ja puhastus, 4 elemendi puhastus ja tasakaalustus, nais- ja meesenergiate tasakaalustus, energeetiliste blokkide lahustamine, oma energiate tagasit\u00f5mbamine, elu \u00fclesande pildid, suhte teemad, tervis, k\u00fcllus, vaimolendite puhastus, sisendite ja eriprogrammide puhastus kehast ja kihtidest jne.<\/p><p style=\"text-align: justify;\">Eraseansi eripakkumise hind Rakveres - 40 eurot (tavap\u00e4rase 55 euro asemel)<\/p><p style=\"text-align: justify;\">* Transformeeritutele aura tasakaalustus - 1,5 tundi - 70 eurot (tavahind 100 eurot)<\/p><p style=\"text-align: justify;\">* Auratransformatsioon - 2 tundi - tavahind 250 eurot<\/p><p style=\"text-align: justify;\">Oled s\u00fcdamest oodatud! Kohtumiseni!<\/p>","_et_gb_content_width":"","footnotes":""},"class_list":["post-2992","page","type-page","status-publish","has-post-thumbnail","hentry"],"acf":[],"_links":{"self":[{"href":"https:\/\/crystalralaksmi.com\/eesti\/wp-json\/wp\/v2\/pages\/2992","targetHints":{"allow":["GET"]}}],"collection":[{"href":"https:\/\/crystalralaksmi.com\/eesti\/wp-json\/wp\/v2\/pages"}],"about":[{"href":"https:\/\/crystalralaksmi.com\/eesti\/wp-json\/wp\/v2\/types\/page"}],"author":[{"embeddable":true,"href":"https:\/\/crystalralaksmi.com\/eesti\/wp-json\/wp\/v2\/users\/1"}],"replies":[{"embeddable":true,"href":"https:\/\/crystalralaksmi.com\/eesti\/wp-json\/wp\/v2\/comments?post=2992"}],"version-history":[{"count":2,"href":"https:\/\/crystalralaksmi.com\/eesti\/wp-json\/wp\/v2\/pages\/2992\/revisions"}],"predecessor-version":[{"id":225214,"href":"https:\/\/crystalralaksmi.com\/eesti\/wp-json\/wp\/v2\/pages\/2992\/revisions\/225214"}],"up":[{"embeddable":true,"href":"https:\/\/crystalralaksmi.com\/eesti\/wp-json\/wp\/v2\/pages\/224783"}],"wp:featuredmedia":[{"embeddable":true,"href":"https:\/\/crystalralaksmi.com\/eesti\/wp-json\/wp\/v2\/media\/224839"}],"wp:attachment":[{"href":"https:\/\/crystalralaksmi.com\/eesti\/wp-json\/wp\/v2\/media?parent=2992"}],"curies":[{"name":"wp","href":"https:\/\/api.w.org\/{rel}","templated":true}]}}