{"id":3009,"date":"2015-10-04T10:48:08","date_gmt":"2015-10-04T10:48:08","guid":{"rendered":"http:\/\/crystalralaksmi.com\/eesti\/?page_id=3009"},"modified":"2019-07-30T13:18:16","modified_gmt":"2019-07-30T10:18:16","slug":"skype-sessioon","status":"publish","type":"page","link":"https:\/\/crystalralaksmi.com\/eesti\/teenused\/skype-sessioon\/","title":{"rendered":"Online sessioonid"},"content":{"rendered":"<p>[et_pb_section fb_built=&#8221;1&#8243; admin_label=&#8221;Section&#8221; _builder_version=&#8221;3.22.3&#8243; saved_tabs=&#8221;all&#8221; global_module=&#8221;225116&#8243;][et_pb_row _builder_version=&#8221;3.25&#8243; background_size=&#8221;initial&#8221; background_position=&#8221;top_left&#8221; background_repeat=&#8221;repeat&#8221;][et_pb_column type=&#8221;4_4&#8243; _builder_version=&#8221;3.25.3&#8243;][et_pb_post_title meta=&#8221;off&#8221; featured_image=&#8221;off&#8221; _builder_version=&#8221;3.25.3&#8243; title_font=&#8221;Poppins|600|||||||&#8221; custom_margin=&#8221;||0px|||&#8221;][\/et_pb_post_title][et_pb_divider color=&#8221;#57ca85&#8243; divider_weight=&#8221;5px&#8221; _builder_version=&#8221;3.25.3&#8243; width=&#8221;14%&#8221;][\/et_pb_divider][\/et_pb_column][\/et_pb_row][\/et_pb_section][et_pb_section fb_built=&#8221;1&#8243; _builder_version=&#8221;3.22&#8243;][et_pb_row _builder_version=&#8221;3.25&#8243; background_size=&#8221;initial&#8221; background_position=&#8221;top_left&#8221; background_repeat=&#8221;repeat&#8221;][et_pb_column type=&#8221;4_4&#8243; _builder_version=&#8221;3.25&#8243; custom_padding=&#8221;|||&#8221; custom_padding__hover=&#8221;|||&#8221;][et_pb_text _builder_version=&#8221;3.0.74&#8243; background_size=&#8221;initial&#8221; background_position=&#8221;top_left&#8221; background_repeat=&#8221;repeat&#8221;]<\/p>\n<p style=\"text-align: justify;\"><strong>Kuna Crystal Ra reisib palju, siis \u00fcks v\u00f5imalustest temaga seanssi teha on skype sessioon v\u00f5i online seanss kasutades erinevaid vahendeid selleks. Sellel ei ole piiranguid, kui siis vaid ajavahe v\u00e4lja arvestamine kui ta on Eestist \u00e4ra.\u00a0<\/strong><\/p>\n<p style=\"text-align: justify;\">Online sessioonina v\u00f5ib teha nii esmakordselt sessiooni kui ka aura tasakaalustust kui ka muid temaatilisi seansse &#8211; nagu suhe iseendaga, teistega, seksuaalsuse teema, lisaks siis ka veel tervis, elu missioon ja k\u00fcllus kui mainida vaid v\u00e4heseid. Crystal Ra on viimastel aastatel aidanud ka paljude inimeste \u00e4risid muundada l\u00e4bi energeetiliste puhastuste kinnisvara projektidel v\u00f5i siis ka olles konsultandiks uute inimeste v\u00e4rbamisel uude firmasse. Crystal Ral on v\u00e4ga tugev l\u00e4bin\u00e4gemisv\u00f5ime ning kaugseanss on selleks \u00fcks v\u00f5imalus, kui ei ole v\u00f5imalik liikuda f\u00fc\u00fcsiliselt sinna, kus ta parajasti asub.<\/p>\n<p style=\"text-align: justify;\">Kui sul oleks soovi selle seansi tellimiseks, siis telli endale aeg <a href=\"https:\/\/crystalralaksmi.com\/eesti\/kontakt\/\">siit:\u00a0<\/a><\/p>\n<p style=\"text-align: justify;\">Tingimuste selle teenuse kasutamiseks leiad <a href=\"https:\/\/crystalralaksmi.com\/eesti\/teenused\/teenuste-tingimused\/\">siit:\u00a0<\/a><\/p>\n<p>[\/et_pb_text][\/et_pb_column][\/et_pb_row][\/et_pb_section]<\/p>\n<span class=\"et_bloom_bottom_trigger\"><\/span>","protected":false},"excerpt":{"rendered":"<p>Kuna Crystal Ra reisib palju, siis \u00fcks v\u00f5imalustest temaga seanssi teha on skype sessioon v\u00f5i online seanss kasutades erinevaid vahendeid selleks. Sellel ei ole piiranguid, kui siis vaid ajavahe v\u00e4lja [&hellip;]<\/p>\n","protected":false},"author":1,"featured_media":0,"parent":215,"menu_order":0,"comment_status":"closed","ping_status":"closed","template":"","meta":{"_acf_changed":false,"_et_pb_use_builder":"on","_et_pb_old_content":"<p style=\"text-align: justify;\"><strong>Kuna Crystal Ra reisib palju, siis \u00fcks v\u00f5imalustest temaga seanssi teha on skype sessioon v\u00f5i online seanss kasutades erinevaid vahendeid selleks. Sellel ei ole piiranguid, kui siis vaid ajavahe v\u00e4lja arvestamine kui ta on Eestist \u00e4ra.\u00a0<\/strong><\/p><p style=\"text-align: justify;\">Online sessioonina v\u00f5ib teha nii esmakordselt sessiooni kui ka aura tasakaalustust kui ka muid temaatilisi seansse - nagu suhe iseendaga, teistega, seksuaalsuse teema, lisaks siis ka veel tervis, elu missioon ja k\u00fcllus kui mainida vaid v\u00e4heseid. Crystal Ra on viimastel aastatel aidanud ka paljude inimeste \u00e4risid muundada l\u00e4bi energeetiliste puhastuste kinnisvara projektidel v\u00f5i siis ka olles konsultandiks uute inimeste v\u00e4rbamisel uude firmasse. Crystal Ral on v\u00e4ga tugev l\u00e4bin\u00e4gemisv\u00f5ime ning kaugseanss on selleks \u00fcks v\u00f5imalus, kui ei ole v\u00f5imalik liikuda f\u00fc\u00fcsiliselt sinna, kus ta parajasti asub.<\/p><p style=\"text-align: justify;\">Kui sul oleks soovi selle seansi tellimiseks, siis telli endale aeg <a href=\"https:\/\/crystalralaksmi.com\/eesti\/kontakt\/\">siit:\u00a0<\/a><\/p><p style=\"text-align: justify;\">Tingimuste selle teenuse kasutamiseks leiad <a href=\"https:\/\/crystalralaksmi.com\/eesti\/teenused\/teenuste-tingimused\/\">siit:\u00a0<\/a><\/p>","_et_gb_content_width":"","footnotes":""},"class_list":["post-3009","page","type-page","status-publish","hentry"],"acf":[],"_links":{"self":[{"href":"https:\/\/crystalralaksmi.com\/eesti\/wp-json\/wp\/v2\/pages\/3009","targetHints":{"allow":["GET"]}}],"collection":[{"href":"https:\/\/crystalralaksmi.com\/eesti\/wp-json\/wp\/v2\/pages"}],"about":[{"href":"https:\/\/crystalralaksmi.com\/eesti\/wp-json\/wp\/v2\/types\/page"}],"author":[{"embeddable":true,"href":"https:\/\/crystalralaksmi.com\/eesti\/wp-json\/wp\/v2\/users\/1"}],"replies":[{"embeddable":true,"href":"https:\/\/crystalralaksmi.com\/eesti\/wp-json\/wp\/v2\/comments?post=3009"}],"version-history":[{"count":2,"href":"https:\/\/crystalralaksmi.com\/eesti\/wp-json\/wp\/v2\/pages\/3009\/revisions"}],"predecessor-version":[{"id":225294,"href":"https:\/\/crystalralaksmi.com\/eesti\/wp-json\/wp\/v2\/pages\/3009\/revisions\/225294"}],"up":[{"embeddable":true,"href":"https:\/\/crystalralaksmi.com\/eesti\/wp-json\/wp\/v2\/pages\/215"}],"wp:attachment":[{"href":"https:\/\/crystalralaksmi.com\/eesti\/wp-json\/wp\/v2\/media?parent=3009"}],"curies":[{"name":"wp","href":"https:\/\/api.w.org\/{rel}","templated":true}]}}