{"id":3012,"date":"2015-10-04T10:58:09","date_gmt":"2015-10-04T10:58:09","guid":{"rendered":"http:\/\/crystalralaksmi.com\/eesti\/?page_id=3012"},"modified":"2019-07-30T13:18:03","modified_gmt":"2019-07-30T10:18:03","slug":"majade-ja-kinnisvarade-puhastus-ja-aktiveerimine","status":"publish","type":"page","link":"https:\/\/crystalralaksmi.com\/eesti\/teenused\/majade-ja-kinnisvarade-puhastus-ja-aktiveerimine\/","title":{"rendered":"Majade ja kinnisvarade puhastus ja aktiveerimine"},"content":{"rendered":"<p>[et_pb_section fb_built=&#8221;1&#8243; admin_label=&#8221;Section&#8221; _builder_version=&#8221;3.22.3&#8243; saved_tabs=&#8221;all&#8221; global_module=&#8221;225116&#8243;][et_pb_row _builder_version=&#8221;3.25&#8243; background_size=&#8221;initial&#8221; background_position=&#8221;top_left&#8221; background_repeat=&#8221;repeat&#8221;][et_pb_column type=&#8221;4_4&#8243; _builder_version=&#8221;3.25.3&#8243;][et_pb_post_title meta=&#8221;off&#8221; featured_image=&#8221;off&#8221; _builder_version=&#8221;3.25.3&#8243; title_font=&#8221;Poppins|600|||||||&#8221; custom_margin=&#8221;||0px|||&#8221;][\/et_pb_post_title][et_pb_divider color=&#8221;#57ca85&#8243; divider_weight=&#8221;5px&#8221; _builder_version=&#8221;3.25.3&#8243; width=&#8221;14%&#8221;][\/et_pb_divider][\/et_pb_column][\/et_pb_row][\/et_pb_section][et_pb_section fb_built=&#8221;1&#8243; _builder_version=&#8221;3.22&#8243;][et_pb_row _builder_version=&#8221;3.25&#8243; background_size=&#8221;initial&#8221; background_position=&#8221;top_left&#8221; background_repeat=&#8221;repeat&#8221;][et_pb_column type=&#8221;4_4&#8243; _builder_version=&#8221;3.25&#8243; custom_padding=&#8221;|||&#8221; custom_padding__hover=&#8221;|||&#8221;][et_pb_text _builder_version=&#8221;3.0.74&#8243; background_size=&#8221;initial&#8221; background_position=&#8221;top_left&#8221; background_repeat=&#8221;repeat&#8221;]<\/p>\n<p style=\"text-align: justify;\"><a href=\"https:\/\/crystalralaksmi.com\/eesti\/wp-content\/uploads\/2019\/01\/cosy-lanai.jpg\"><img loading=\"lazy\" decoding=\"async\" class=\"alignleft size-medium wp-image-5285\" src=\"https:\/\/crystalralaksmi.com\/eesti\/wp-content\/uploads\/2019\/01\/cosy-lanai-300x200.jpg\" alt=\"\" width=\"300\" height=\"200\" \/><\/a>Viimaste aastate jooksul on Crystal Ra t\u00f6\u00f6tanud v\u00e4ga paljude privaatklientidega aidates neil puhastada ja muundada kinnistute ja majade ning ka \u00e4ride energiaid.<\/p>\n<p style=\"text-align: justify;\">Ta on rahvusvahelisel tasandil t\u00f6\u00f6tades aidanud puhastada ka p\u00e4ris keerulisi kinnistuid, kus on toimunud v\u00e4ga dramaatilisi s\u00fcndmuseid. Peale neid puhastusi on tulnud palju uut voolamist ja kulgemist, ning ka k\u00fcllust igal tasandil.<\/p>\n<p style=\"text-align: justify;\">Ideaalvariandis tuleb Crystal Ra kohale sinu koju, kontorisse v\u00f5i kinnistule. Kuna Crystal Ra loeb enerigaid, tuleb kohe selle koha infov\u00e4ljast info mis on seal lahti ja mis toimub ning mis oleks vaja muuta ning seej\u00e4rel saab selle k\u00f5ik \u00fcmber muundada. Viimati aitab ka paljusid inimesi, kes sooviksid m\u00fc\u00fca oma vara v\u00f5i kohti.<\/p>\n<p style=\"text-align: justify;\">Kui ei ole v\u00f5imalik f\u00fc\u00fcsiliselt kohale minna, on v\u00f5imalik teha skype seanss kaamera olemasolul, kus klient n\u00e4itab ruumi ja Crystal Ra loeb seda kaudselt.<\/p>\n<p style=\"text-align: justify;\">Ideaalvariandis oleks soovitav, et Crystal Ra tuleb ise f\u00fc\u00fcsiliselt kohale. Crystal Ra annab juhiseid, mida ka edaspidi teha, et asi liikumas hoida ja panna oma eesm\u00e4rki t\u00e4itma.<\/p>\n<p style=\"text-align: justify;\">Selle teenuse hind on kokkuleppel, sest oleneb kui kaugel midagi asub ja kui palju see aega v\u00f5tab. Crystal Ra juhiste j\u00e4rgmine peale tema t\u00f6\u00f6d on \u00fclioluline, muidu asjad ei toimi. Suuresti aitab ka kaasa kui see inimene teeb endaga v\u00e4ga suurt t\u00f6\u00f6d, sest iga inimene on iga koha peremees v\u00f5i perenaine. Eriti aitab kaasa kui inimene liigub ka ise uutesse energiatesse mis hakkab seej\u00e4rel automaatselt muundama k\u00f5iki energiaid tema \u00fcmber. Meie kohad, korterid, kontorid on meie endi pikendus. V\u00e4line ja sisemine on omavahel \u00fchenduses. Kui \u00fcks ei toimi, tuleb vaadata sissepoole.<\/p>\n<p>[\/et_pb_text][\/et_pb_column][\/et_pb_row][\/et_pb_section]<\/p>\n<span class=\"et_bloom_bottom_trigger\"><\/span>","protected":false},"excerpt":{"rendered":"<p>Viimaste aastate jooksul on Crystal Ra t\u00f6\u00f6tanud v\u00e4ga paljude privaatklientidega aidates neil puhastada ja muundada kinnistute ja majade ning ka \u00e4ride energiaid. Ta on rahvusvahelisel tasandil t\u00f6\u00f6tades aidanud puhastada ka [&hellip;]<\/p>\n","protected":false},"author":1,"featured_media":224841,"parent":215,"menu_order":0,"comment_status":"closed","ping_status":"closed","template":"","meta":{"_acf_changed":false,"_et_pb_use_builder":"on","_et_pb_old_content":"<p style=\"text-align: justify;\"><a href=\"https:\/\/crystalralaksmi.com\/eesti\/wp-content\/uploads\/2019\/01\/cosy-lanai.jpg\"><img class=\"alignleft size-medium wp-image-5285\" src=\"https:\/\/crystalralaksmi.com\/eesti\/wp-content\/uploads\/2019\/01\/cosy-lanai-300x200.jpg\" alt=\"\" width=\"300\" height=\"200\" \/><\/a>Viimaste aastate jooksul on Crystal Ra t\u00f6\u00f6tanud v\u00e4ga paljude privaatklientidega aidates neil puhastada ja muundada kinnistute ja majade ning ka \u00e4ride energiaid.<\/p><p style=\"text-align: justify;\">Ta on rahvusvahelisel tasandil t\u00f6\u00f6tades aidanud puhastada ka p\u00e4ris keerulisi kinnistuid, kus on toimunud v\u00e4ga dramaatilisi s\u00fcndmuseid. Peale neid puhastusi on tulnud palju uut voolamist ja kulgemist, ning ka k\u00fcllust igal tasandil.<\/p><p style=\"text-align: justify;\">Ideaalvariandis tuleb Crystal Ra kohale sinu koju, kontorisse v\u00f5i kinnistule. Kuna Crystal Ra loeb enerigaid, tuleb kohe selle koha infov\u00e4ljast info mis on seal lahti ja mis toimub ning mis oleks vaja muuta ning seej\u00e4rel saab selle k\u00f5ik \u00fcmber muundada. Viimati aitab ka paljusid inimesi, kes sooviksid m\u00fc\u00fca oma vara v\u00f5i kohti.<\/p><p style=\"text-align: justify;\">Kui ei ole v\u00f5imalik f\u00fc\u00fcsiliselt kohale minna, on v\u00f5imalik teha skype seanss kaamera olemasolul, kus klient n\u00e4itab ruumi ja Crystal Ra loeb seda kaudselt.<\/p><p style=\"text-align: justify;\">Ideaalvariandis oleks soovitav, et Crystal Ra tuleb ise f\u00fc\u00fcsiliselt kohale. Crystal Ra annab juhiseid, mida ka edaspidi teha, et asi liikumas hoida ja panna oma eesm\u00e4rki t\u00e4itma.<\/p><p style=\"text-align: justify;\">Selle teenuse hind on kokkuleppel, sest oleneb kui kaugel midagi asub ja kui palju see aega v\u00f5tab. Crystal Ra juhiste j\u00e4rgmine peale tema t\u00f6\u00f6d on \u00fclioluline, muidu asjad ei toimi. Suuresti aitab ka kaasa kui see inimene teeb endaga v\u00e4ga suurt t\u00f6\u00f6d, sest iga inimene on iga koha peremees v\u00f5i perenaine. Eriti aitab kaasa kui inimene liigub ka ise uutesse energiatesse mis hakkab seej\u00e4rel automaatselt muundama k\u00f5iki energiaid tema \u00fcmber. Meie kohad, korterid, kontorid on meie endi pikendus. V\u00e4line ja sisemine on omavahel \u00fchenduses. Kui \u00fcks ei toimi, tuleb vaadata sissepoole.<\/p>","_et_gb_content_width":"","footnotes":""},"class_list":["post-3012","page","type-page","status-publish","has-post-thumbnail","hentry"],"acf":[],"_links":{"self":[{"href":"https:\/\/crystalralaksmi.com\/eesti\/wp-json\/wp\/v2\/pages\/3012","targetHints":{"allow":["GET"]}}],"collection":[{"href":"https:\/\/crystalralaksmi.com\/eesti\/wp-json\/wp\/v2\/pages"}],"about":[{"href":"https:\/\/crystalralaksmi.com\/eesti\/wp-json\/wp\/v2\/types\/page"}],"author":[{"embeddable":true,"href":"https:\/\/crystalralaksmi.com\/eesti\/wp-json\/wp\/v2\/users\/1"}],"replies":[{"embeddable":true,"href":"https:\/\/crystalralaksmi.com\/eesti\/wp-json\/wp\/v2\/comments?post=3012"}],"version-history":[{"count":2,"href":"https:\/\/crystalralaksmi.com\/eesti\/wp-json\/wp\/v2\/pages\/3012\/revisions"}],"predecessor-version":[{"id":225292,"href":"https:\/\/crystalralaksmi.com\/eesti\/wp-json\/wp\/v2\/pages\/3012\/revisions\/225292"}],"up":[{"embeddable":true,"href":"https:\/\/crystalralaksmi.com\/eesti\/wp-json\/wp\/v2\/pages\/215"}],"wp:featuredmedia":[{"embeddable":true,"href":"https:\/\/crystalralaksmi.com\/eesti\/wp-json\/wp\/v2\/media\/224841"}],"wp:attachment":[{"href":"https:\/\/crystalralaksmi.com\/eesti\/wp-json\/wp\/v2\/media?parent=3012"}],"curies":[{"name":"wp","href":"https:\/\/api.w.org\/{rel}","templated":true}]}}