{"id":3219,"date":"2016-01-03T21:20:57","date_gmt":"2016-01-03T21:20:57","guid":{"rendered":"http:\/\/crystalralaksmi.com\/eesti\/?page_id=3219"},"modified":"2019-07-30T12:24:50","modified_gmt":"2019-07-30T09:24:50","slug":"crystali-2016-aasta-kalender","status":"publish","type":"page","link":"https:\/\/crystalralaksmi.com\/eesti\/sundmused-maailmas\/crystali-2016-aasta-kalender\/","title":{"rendered":"Crystali 2016. aasta kalender"},"content":{"rendered":"<p>[et_pb_section fb_built=&#8221;1&#8243; admin_label=&#8221;Section&#8221; _builder_version=&#8221;3.22.3&#8243; saved_tabs=&#8221;all&#8221; global_module=&#8221;225116&#8243;][et_pb_row _builder_version=&#8221;3.25&#8243; background_size=&#8221;initial&#8221; background_position=&#8221;top_left&#8221; background_repeat=&#8221;repeat&#8221;][et_pb_column type=&#8221;4_4&#8243; _builder_version=&#8221;3.25.3&#8243;][et_pb_post_title meta=&#8221;off&#8221; featured_image=&#8221;off&#8221; _builder_version=&#8221;3.25.3&#8243; title_font=&#8221;Poppins|600|||||||&#8221; custom_margin=&#8221;||0px|||&#8221;][\/et_pb_post_title][et_pb_divider color=&#8221;#57ca85&#8243; divider_weight=&#8221;5px&#8221; _builder_version=&#8221;3.25.3&#8243; width=&#8221;14%&#8221;][\/et_pb_divider][\/et_pb_column][\/et_pb_row][\/et_pb_section][et_pb_section fb_built=&#8221;1&#8243; _builder_version=&#8221;3.22&#8243;][et_pb_row _builder_version=&#8221;3.25&#8243; background_size=&#8221;initial&#8221; background_position=&#8221;top_left&#8221; background_repeat=&#8221;repeat&#8221;][et_pb_column type=&#8221;4_4&#8243; _builder_version=&#8221;3.25&#8243; custom_padding=&#8221;|||&#8221; custom_padding__hover=&#8221;|||&#8221;][et_pb_text _builder_version=&#8221;3.0.74&#8243; background_size=&#8221;initial&#8221; background_position=&#8221;top_left&#8221; background_repeat=&#8221;repeat&#8221;]<strong><a href=\"https:\/\/crystalralaksmi.com\/eesti\/wp-content\/uploads\/2015\/02\/2wantraPEoceanview.jpg\"><img loading=\"lazy\" decoding=\"async\" class=\"alignleft size-thumbnail wp-image-2244\" src=\"https:\/\/crystalralaksmi.com\/eesti\/wp-content\/uploads\/2015\/02\/2wantraPEoceanview-150x150.jpg\" alt=\"2wantraPEoceanview\" width=\"150\" height=\"150\" \/><\/a>Crystal Ra kalender 2016<\/strong><br \/>\nSiin on plaanitav \u00fclevaade minu selle aasta s\u00fcndmustest ja geograafilisest liikumisest:<br \/>\n<strong>1. jaanuar kuni 31. mai t\u00f6\u00f6tamine Wantra kursuste ja privaatsete klientidega ja uue \u00e4ri aluse loomisega Mehhikos Puerto Vallarta piirkonnas<\/strong><br \/>\n<strong>1 .jaanuar kuni 31. mai t\u00f6\u00f6tamine<\/strong> KIS online grupi klientidega ja oma blogi kirjutamisega ning raamatuprojektidega<br \/>\n<a href=\"https:\/\/crystalralaksmi.com\/eesti\/wp-content\/uploads\/2013\/08\/picasa-mexico-palm-trees.jpg\"><img loading=\"lazy\" decoding=\"async\" class=\"alignleft size-thumbnail wp-image-511\" src=\"https:\/\/crystalralaksmi.com\/eesti\/wp-content\/uploads\/2013\/08\/picasa-mexico-palm-trees-150x150.jpg\" alt=\"picasa mexico palm trees\" width=\"150\" height=\"150\" \/><\/a><strong>Maikuus<\/strong> v\u00f5imalik seikluskoolitus Mehhikos<br \/>\n<strong>Juunikuu seiklused, individuaalsed t\u00f6\u00f6d ja t\u00f6\u00f6toad USAs\u00a0<\/strong><br \/>\n<strong>Juulis 2016<\/strong> saabumine Eestisse<br \/>\n<strong>5. juulil avapauk Eesti s\u00fcndmustele Tallinnas<\/strong> \u2013 Tere tulemast Eesti!<br \/>\n<strong>6. \u2013 10. juuli. High on Life tantrafestivalil osalus<\/strong><br \/>\n<a href=\"https:\/\/crystalralaksmi.com\/eesti\/wp-content\/uploads\/2015\/08\/Mwantrahandsup.jpg\"><img loading=\"lazy\" decoding=\"async\" class=\"alignleft size-thumbnail wp-image-2801\" src=\"https:\/\/crystalralaksmi.com\/eesti\/wp-content\/uploads\/2015\/08\/Mwantrahandsup-150x150.jpg\" alt=\"=Mwantrahandsup\" width=\"150\" height=\"150\" \/><\/a><strong>12 juuli kuni 23 juuli<\/strong> eraseansid Eestis nii maas kui vee peal (aura tasakaalustused, Auratransformatsioonid TM, kehaseansid, Wantra vee seansid jpm)<br \/>\n<strong>24 \u2013 26 juuli Wantranaise \u00e4ratus vol 2 Matsalus koos Wantraga vees<\/strong><br \/>\n<strong>27 \u2013 28 august Maandumine Endasse<\/strong> <strong>vol 1 koost\u00f6\u00f6s Kaidi Kirsiga. <a href=\"https:\/\/crystalralaksmi.com\/eesti\/sundmused-maailmas\/maandumine-endasse-vol-1-laager-matsalus\/\">Vaata lisainfot siit<\/a><\/strong><br \/>\n<strong>Septembrikuu kaks algajate Wantra kursust Tallinnas,<\/strong> \u00fcks eraldi vaid neile kes ei oska ujuda ja kardavad vett ja teistele, kes soovivad rohkem l\u00f5dvestuda ja rohkem kehaga kontakti ja veega s\u00f5braks saada lisaks ka \u00fcks edasij\u00f5udnute Wantra kursus Tallinnas. Teistes linnades ka v\u00f5imalik, kui on abistav organisaator ja vajalik privaatne soe bassein.<br \/>\n<a href=\"https:\/\/crystalralaksmi.com\/eesti\/wp-content\/uploads\/2015\/03\/1wantrababybebe4.jpg\"><img loading=\"lazy\" decoding=\"async\" class=\"alignleft size-thumbnail wp-image-2361\" src=\"https:\/\/crystalralaksmi.com\/eesti\/wp-content\/uploads\/2015\/03\/1wantrababybebe4-150x150.jpg\" alt=\"1wantrababybebe4\" width=\"150\" height=\"150\" \/><\/a><strong>Terve Septembrikuu jooksul eraseansid nii maa peal kui vees\u00a0<\/strong><br \/>\n<strong>Wantranaise \u00e4ratus vol 3 (kinnitamisel)<\/strong><br \/>\n<strong>7 \u2013 9 oktoober Maandumine Endasse vol 2 koost\u00f6\u00f6s Kaidi Kirsiga\u00a0<\/strong><br \/>\n10 oktoober Head Aega Eesti<br \/>\n<strong>Oktoobris seiklused ja koolitused USAs \u2013 New York ja California<\/strong><br \/>\n<a href=\"https:\/\/crystalralaksmi.com\/eesti\/wp-content\/uploads\/2013\/07\/cropped-picasa-hawaii-jump-plain.jpg\"><img loading=\"lazy\" decoding=\"async\" class=\"alignleft size-thumbnail wp-image-48\" src=\"https:\/\/crystalralaksmi.com\/eesti\/wp-content\/uploads\/2013\/07\/cropped-picasa-hawaii-jump-plain-150x150.jpg\" alt=\"cropped-picasa-hawaii-jump-plain.jpg\" width=\"150\" height=\"150\" \/><\/a><strong>1. November \u2013 20 Detsember Hawaii, Big Island seiklusgrupid ja muud projektid<\/strong><br \/>\n<a href=\"https:\/\/crystalralaksmi.com\/eesti\/tootedpakkumised\/hawaiiseikluskoolitused2016talv\/\"><strong>10. \u2013 19. November seiklusgrupp Hawaiil, Big Islandil\u00a0<\/strong><\/a><br \/>\n<strong>Jaanuar 2017 tagasi Mehhikos<\/strong><br \/>\nTerve aasta jooksul v\u00f5imalikud lisakursused ja s\u00fcndmused, mis jooksvalt lisanduvad. T\u00e4psem info saab \u00fchendatud siinsete pealkirjadega jooksvalt.<\/p>\n<p style=\"text-align: justify;\"><a href=\"https:\/\/crystalralaksmi.com\/eesti\/wp-content\/uploads\/2016\/01\/crystalmermaidsmallwhite.jpg\"><img loading=\"lazy\" decoding=\"async\" class=\"alignleft size-thumbnail wp-image-3210\" src=\"https:\/\/crystalralaksmi.com\/eesti\/wp-content\/uploads\/2016\/01\/crystalmermaidsmallwhite-150x150.jpg\" alt=\"crystalmermaidsmallwhite\" width=\"150\" height=\"150\" \/><\/a>Olen k\u00f5igile, kes minu toimetamistega ennast kursis hoiavad regulaarselt v\u00e4ga t\u00e4nulik. Kui teie hulgas on keegi, kes sooviks abistada s\u00fcndmuste loomisega oma l\u00e4hedastele v\u00f5i t\u00f6\u00f6kaaslastele v\u00f5i grupile inimestele sinu kodukohas kas Eestis v\u00f5i mujal maailmas, v\u00f5tke kindlasti julgelt \u00fchendust!<\/p>\n<p>[\/et_pb_text][\/et_pb_column][\/et_pb_row][\/et_pb_section]<\/p>\n<span class=\"et_bloom_bottom_trigger\"><\/span>","protected":false},"excerpt":{"rendered":"<p>Crystal Ra kalender 2016 Siin on plaanitav \u00fclevaade minu selle aasta s\u00fcndmustest ja geograafilisest liikumisest: 1. jaanuar kuni 31. mai t\u00f6\u00f6tamine Wantra kursuste ja privaatsete klientidega ja uue \u00e4ri aluse [&hellip;]<\/p>\n","protected":false},"author":1,"featured_media":224842,"parent":224783,"menu_order":0,"comment_status":"closed","ping_status":"closed","template":"","meta":{"_acf_changed":false,"_et_pb_use_builder":"on","_et_pb_old_content":"<p><strong><a href=\"https:\/\/crystalralaksmi.com\/eesti\/wp-content\/uploads\/2015\/02\/2wantraPEoceanview.jpg\"><img class=\"alignleft size-thumbnail wp-image-2244\" src=\"https:\/\/crystalralaksmi.com\/eesti\/wp-content\/uploads\/2015\/02\/2wantraPEoceanview-150x150.jpg\" alt=\"2wantraPEoceanview\" width=\"150\" height=\"150\" \/><\/a>Crystal Ra kalender 2016<\/strong><br \/>Siin on plaanitav \u00fclevaade minu selle aasta s\u00fcndmustest ja geograafilisest liikumisest:<br \/><strong>1. jaanuar kuni 31. mai t\u00f6\u00f6tamine Wantra kursuste ja privaatsete klientidega ja uue \u00e4ri aluse loomisega Mehhikos Puerto Vallarta piirkonnas<\/strong><br \/><strong>1 .jaanuar kuni 31. mai t\u00f6\u00f6tamine<\/strong> KIS online grupi klientidega ja oma blogi kirjutamisega ning raamatuprojektidega<br \/><a href=\"https:\/\/crystalralaksmi.com\/eesti\/wp-content\/uploads\/2013\/08\/picasa-mexico-palm-trees.jpg\"><img class=\"alignleft size-thumbnail wp-image-511\" src=\"https:\/\/crystalralaksmi.com\/eesti\/wp-content\/uploads\/2013\/08\/picasa-mexico-palm-trees-150x150.jpg\" alt=\"picasa mexico palm trees\" width=\"150\" height=\"150\" \/><\/a><strong>Maikuus<\/strong> v\u00f5imalik seikluskoolitus Mehhikos<br \/><strong>Juunikuu seiklused, individuaalsed t\u00f6\u00f6d ja t\u00f6\u00f6toad USAs\u00a0<\/strong><br \/><strong>Juulis 2016<\/strong> saabumine Eestisse<br \/><strong>5. juulil avapauk Eesti s\u00fcndmustele Tallinnas<\/strong> \u2013 Tere tulemast Eesti!<br \/><strong>6. \u2013 10. juuli. High on Life tantrafestivalil osalus<\/strong><br \/><a href=\"https:\/\/crystalralaksmi.com\/eesti\/wp-content\/uploads\/2015\/08\/Mwantrahandsup.jpg\"><img class=\"alignleft size-thumbnail wp-image-2801\" src=\"https:\/\/crystalralaksmi.com\/eesti\/wp-content\/uploads\/2015\/08\/Mwantrahandsup-150x150.jpg\" alt=\"=Mwantrahandsup\" width=\"150\" height=\"150\" \/><\/a><strong>12 juuli kuni 23 juuli<\/strong> eraseansid Eestis nii maas kui vee peal (aura tasakaalustused, Auratransformatsioonid TM, kehaseansid, Wantra vee seansid jpm)<br \/><strong>24 \u2013 26 juuli Wantranaise \u00e4ratus vol 2 Matsalus koos Wantraga vees<\/strong><br \/><strong>27 \u2013 28 august Maandumine Endasse<\/strong> <strong>vol 1 koost\u00f6\u00f6s Kaidi Kirsiga. <a href=\"https:\/\/crystalralaksmi.com\/eesti\/sundmused-maailmas\/maandumine-endasse-vol-1-laager-matsalus\/\">Vaata lisainfot siit<\/a><\/strong><br \/><strong>Septembrikuu kaks algajate Wantra kursust Tallinnas,<\/strong> \u00fcks eraldi vaid neile kes ei oska ujuda ja kardavad vett ja teistele, kes soovivad rohkem l\u00f5dvestuda ja rohkem kehaga kontakti ja veega s\u00f5braks saada lisaks ka \u00fcks edasij\u00f5udnute Wantra kursus Tallinnas. Teistes linnades ka v\u00f5imalik, kui on abistav organisaator ja vajalik privaatne soe bassein.<br \/><a href=\"https:\/\/crystalralaksmi.com\/eesti\/wp-content\/uploads\/2015\/03\/1wantrababybebe4.jpg\"><img class=\"alignleft size-thumbnail wp-image-2361\" src=\"https:\/\/crystalralaksmi.com\/eesti\/wp-content\/uploads\/2015\/03\/1wantrababybebe4-150x150.jpg\" alt=\"1wantrababybebe4\" width=\"150\" height=\"150\" \/><\/a><strong>Terve Septembrikuu jooksul eraseansid nii maa peal kui vees\u00a0<\/strong><br \/><strong>Wantranaise \u00e4ratus vol 3 (kinnitamisel)<\/strong><br \/><strong>7 \u2013 9 oktoober Maandumine Endasse vol 2 koost\u00f6\u00f6s Kaidi Kirsiga\u00a0<\/strong><br \/>10 oktoober Head Aega Eesti<br \/><strong>Oktoobris seiklused ja koolitused USAs \u2013 New York ja California<\/strong><br \/><a href=\"https:\/\/crystalralaksmi.com\/eesti\/wp-content\/uploads\/2013\/07\/cropped-picasa-hawaii-jump-plain.jpg\"><img class=\"alignleft size-thumbnail wp-image-48\" src=\"https:\/\/crystalralaksmi.com\/eesti\/wp-content\/uploads\/2013\/07\/cropped-picasa-hawaii-jump-plain-150x150.jpg\" alt=\"cropped-picasa-hawaii-jump-plain.jpg\" width=\"150\" height=\"150\" \/><\/a><strong>1. November \u2013 20 Detsember Hawaii, Big Island seiklusgrupid ja muud projektid<\/strong><br \/><a href=\"https:\/\/crystalralaksmi.com\/eesti\/tootedpakkumised\/hawaiiseikluskoolitused2016talv\/\"><strong>10. \u2013 19. November seiklusgrupp Hawaiil, Big Islandil\u00a0<\/strong><\/a><br \/><strong>Jaanuar 2017 tagasi Mehhikos<\/strong><br \/>Terve aasta jooksul v\u00f5imalikud lisakursused ja s\u00fcndmused, mis jooksvalt lisanduvad. T\u00e4psem info saab \u00fchendatud siinsete pealkirjadega jooksvalt.<\/p><p style=\"text-align: justify;\"><a href=\"https:\/\/crystalralaksmi.com\/eesti\/wp-content\/uploads\/2016\/01\/crystalmermaidsmallwhite.jpg\"><img class=\"alignleft size-thumbnail wp-image-3210\" src=\"https:\/\/crystalralaksmi.com\/eesti\/wp-content\/uploads\/2016\/01\/crystalmermaidsmallwhite-150x150.jpg\" alt=\"crystalmermaidsmallwhite\" width=\"150\" height=\"150\" \/><\/a>Olen k\u00f5igile, kes minu toimetamistega ennast kursis hoiavad regulaarselt v\u00e4ga t\u00e4nulik. Kui teie hulgas on keegi, kes sooviks abistada s\u00fcndmuste loomisega oma l\u00e4hedastele v\u00f5i t\u00f6\u00f6kaaslastele v\u00f5i grupile inimestele sinu kodukohas kas Eestis v\u00f5i mujal maailmas, v\u00f5tke kindlasti julgelt \u00fchendust!<\/p>","_et_gb_content_width":"","footnotes":""},"class_list":["post-3219","page","type-page","status-publish","has-post-thumbnail","hentry"],"acf":[],"_links":{"self":[{"href":"https:\/\/crystalralaksmi.com\/eesti\/wp-json\/wp\/v2\/pages\/3219","targetHints":{"allow":["GET"]}}],"collection":[{"href":"https:\/\/crystalralaksmi.com\/eesti\/wp-json\/wp\/v2\/pages"}],"about":[{"href":"https:\/\/crystalralaksmi.com\/eesti\/wp-json\/wp\/v2\/types\/page"}],"author":[{"embeddable":true,"href":"https:\/\/crystalralaksmi.com\/eesti\/wp-json\/wp\/v2\/users\/1"}],"replies":[{"embeddable":true,"href":"https:\/\/crystalralaksmi.com\/eesti\/wp-json\/wp\/v2\/comments?post=3219"}],"version-history":[{"count":2,"href":"https:\/\/crystalralaksmi.com\/eesti\/wp-json\/wp\/v2\/pages\/3219\/revisions"}],"predecessor-version":[{"id":225186,"href":"https:\/\/crystalralaksmi.com\/eesti\/wp-json\/wp\/v2\/pages\/3219\/revisions\/225186"}],"up":[{"embeddable":true,"href":"https:\/\/crystalralaksmi.com\/eesti\/wp-json\/wp\/v2\/pages\/224783"}],"wp:featuredmedia":[{"embeddable":true,"href":"https:\/\/crystalralaksmi.com\/eesti\/wp-json\/wp\/v2\/media\/224842"}],"wp:attachment":[{"href":"https:\/\/crystalralaksmi.com\/eesti\/wp-json\/wp\/v2\/media?parent=3219"}],"curies":[{"name":"wp","href":"https:\/\/api.w.org\/{rel}","templated":true}]}}