{"id":3333,"date":"2016-02-04T01:19:25","date_gmt":"2016-02-04T01:19:25","guid":{"rendered":"http:\/\/crystalralaksmi.com\/eesti\/?page_id=3333"},"modified":"2016-02-04T01:19:25","modified_gmt":"2016-02-04T01:19:25","slug":"marju-rahamagneti-toote-kogemus","status":"publish","type":"page","link":"https:\/\/crystalralaksmi.com\/eesti\/marju-rahamagneti-toote-kogemus\/","title":{"rendered":"Marju rahamagneti toote kogemus"},"content":{"rendered":"<p style=\"text-align: justify;\">Tere, Crystal!<\/p>\n<p style=\"text-align: justify;\">T\u00e4nud eelmise rahamagneti number kaks eest!<\/p>\n<p style=\"text-align: justify;\">Olen uurinud ja kasutanud erinevaid vaimseid praktikaid k\u00fclluse suurendamiseks ja iseenda avardamiseks ning seet\u00f5ttu oli p\u00f5nev kuulata, mida Sina selleks v\u00e4lja oled t\u00f6\u00f6tanud. Kui magneti sain, ei olnud mul erilisi probleeme sissetulekuga ja see oli pigem huvist ajendatud ost. Tegin meditatsiooni m\u00f5nda aega, aga siis ununes see mitmeks kuuks.<\/p>\n<p style=\"text-align: justify;\">N\u00fc\u00fcd hiljuti tekkis mul olukord, kus t\u00f6\u00f6andja ei pidanud kinni lepingust ja teavitas mind, et saab mulle kompensatsiooni maksta alles veebruari l\u00f5pus. Aasta alguses sellist uudist kuulda pole just meeldiv, eriti kui finantsplaanid tehtud. Leppisin olukorraga, tundes ise, kuidas sisemuses pinge tekkis.<\/p>\n<p style=\"text-align: justify;\">Paar p\u00e4eva tagasi meenus mulle rahamagnet ja otsustasin proovida, et ehk midagigi suudan oma energiaga \u00e4ra teha. Ja see toimis! Lisaks sellele, et olen t\u00e4naseks saanud mitu t\u00f6\u00f6pakkumist (olen ka vabakutseline), tervitas mind t\u00e4na hommikul pangaarvel t\u00f6\u00f6andja poolt v\u00f5lgu j\u00e4\u00e4dud summa. Imeline! Pean k\u00fcll tunnistama, et rakendasin meditatsiooni tehes ka kvanth\u00e4\u00e4lestust, mis v\u00f5is anda t\u00e4iendavat kiirendust \ud83d\ude42<\/p>\n<p style=\"text-align: justify;\">Igal juhul on vahva, et meil on \u00e4rksaid \u00e4rivaistuga eestlasi, nagu Sina, kes oma turundus- ja tootearendusoskustega suudab mitte millestki luua endale k\u00fcllusliku vabaduse \ud83d\ude42 Mul on seda esimest, aga \u00e4rivaistust j\u00e4\u00e4b veel pisut puudu. Sestap m\u00f5tlesin, et kui juba alustasin, siis katsetan ka rahamagnet 3-ga. Mine tea, mis p\u00f5nevaid ideid ja v\u00f5imalusi siis veel avaneda v\u00f5ib.<\/p>\n<p style=\"text-align: justify;\">Edu,\u00a0Marju<\/p>\n<span class=\"et_bloom_bottom_trigger\"><\/span>","protected":false},"excerpt":{"rendered":"<p>Tere, Crystal! T\u00e4nud eelmise rahamagneti number kaks eest! Olen uurinud ja kasutanud erinevaid vaimseid praktikaid k\u00fclluse suurendamiseks ja iseenda avardamiseks ning seet\u00f5ttu oli p\u00f5nev kuulata, mida Sina selleks v\u00e4lja oled [&hellip;]<\/p>\n","protected":false},"author":1,"featured_media":0,"parent":0,"menu_order":0,"comment_status":"open","ping_status":"open","template":"","meta":{"_acf_changed":false,"_et_pb_use_builder":"","_et_pb_old_content":"","_et_gb_content_width":"","footnotes":""},"class_list":["post-3333","page","type-page","status-publish","hentry"],"acf":[],"_links":{"self":[{"href":"https:\/\/crystalralaksmi.com\/eesti\/wp-json\/wp\/v2\/pages\/3333","targetHints":{"allow":["GET"]}}],"collection":[{"href":"https:\/\/crystalralaksmi.com\/eesti\/wp-json\/wp\/v2\/pages"}],"about":[{"href":"https:\/\/crystalralaksmi.com\/eesti\/wp-json\/wp\/v2\/types\/page"}],"author":[{"embeddable":true,"href":"https:\/\/crystalralaksmi.com\/eesti\/wp-json\/wp\/v2\/users\/1"}],"replies":[{"embeddable":true,"href":"https:\/\/crystalralaksmi.com\/eesti\/wp-json\/wp\/v2\/comments?post=3333"}],"version-history":[{"count":0,"href":"https:\/\/crystalralaksmi.com\/eesti\/wp-json\/wp\/v2\/pages\/3333\/revisions"}],"wp:attachment":[{"href":"https:\/\/crystalralaksmi.com\/eesti\/wp-json\/wp\/v2\/media?parent=3333"}],"curies":[{"name":"wp","href":"https:\/\/api.w.org\/{rel}","templated":true}]}}