{"id":3622,"date":"2016-05-22T19:25:44","date_gmt":"2016-05-22T19:25:44","guid":{"rendered":"http:\/\/crystalralaksmi.com\/eesti\/?page_id=3622"},"modified":"2016-05-22T19:25:44","modified_gmt":"2016-05-22T19:25:44","slug":"eraseansid-crystal-raga-sel-suvel-eestis","status":"publish","type":"page","link":"https:\/\/crystalralaksmi.com\/eesti\/tootedpakkumised\/eraseansid-crystal-raga-sel-suvel-eestis\/","title":{"rendered":"Eraseansid Crystal Raga sel suvel Eestis"},"content":{"rendered":"<p style=\"text-align: justify;\"><a href=\"https:\/\/crystalralaksmi.com\/eesti\/wp-content\/uploads\/2016\/04\/glowcrsytal7daysdetox.jpg\"><img loading=\"lazy\" decoding=\"async\" class=\"alignleft size-medium wp-image-3618\" alt=\"OLYMPUS DIGITAL CAMERA\" src=\"https:\/\/crystalralaksmi.com\/eesti\/wp-content\/uploads\/2016\/04\/glowcrsytal7daysdetox-300x225.jpg\" width=\"300\" height=\"225\" \/><\/a><strong>Alates 1. juulist kuni 1. oktoobrini v\u00f5tan ma vastu erakliente \u00fcle terve Eesti. Minu baas saab olema Tallinnas v\u00f5i selle l\u00e4hedal. Vasutv\u00f5tud toimuvad enamasti Tallinnas, kui ei ole plaanitud teisi s\u00fcndmuseid teistes linnades. Sel juhul toimuvad era-konsultatsioonid seal enne v\u00f5i p\u00e4rast s\u00fcndmust. Seansid algavad 55 eurost ja teisi hindasid vaata <a href=\"https:\/\/crystalralaksmi.com\/eesti\/kullus\/\">siit:<\/a>\u00a0<!--more--><\/strong><\/p>\n<p><strong>Peamised seansid mida pakun:\u00a0<\/strong><br \/>\n<strong>Esimene konsultatsioon,<\/strong> et kaardistada mida vajaksid ja mida mina pakkuda saaksin: loe lisa<a href=\"https:\/\/crystalralaksmi.com\/eesti\/teenused\/esmakordne-konsultatsioon\/\"> siit:<\/a><br \/>\n<strong>Auratransformatsioonile eelnev konsultatsioon:<\/strong> Kui sa veel kahtled kas see on midagi sulle, on see seanss hea eelt\u00f6\u00f6. M\u00f5nikord annab see v\u00e4ga tugeva energeetilise selguse ja aitab ka tegutseda transformatsiooni suunas, sealhulgas ka k\u00e4ivitada k\u00fclluse kanalid, et luua vahendid edaspidiseks.<br \/>\n<strong>Auratransformatsioon:<\/strong> Selle kohta loe lisa <a href=\"https:\/\/crystalralaksmi.com\/eesti\/teenused\/auratransformatsioon\/\">siit:\u00a0<\/a><br \/>\n<strong>Aura tasakaalustus peale transformatsiooni:<\/strong> Loe lisa<a href=\"https:\/\/crystalralaksmi.com\/eesti\/teenused\/aura-tasakaalustus-peale-auratransformatsiooni\/\"> siit:\u00a0<\/a><\/p>\n<p style=\"text-align: justify;\"><strong><a href=\"https:\/\/crystalralaksmi.com\/eesti\/wp-content\/uploads\/2016\/05\/4-seasonswantraalicia.jpg\"><img loading=\"lazy\" decoding=\"async\" class=\"alignleft size-medium wp-image-3623\" alt=\"OLYMPUS DIGITAL CAMERA\" src=\"https:\/\/crystalralaksmi.com\/eesti\/wp-content\/uploads\/2016\/05\/4-seasonswantraalicia-300x225.jpg\" width=\"300\" height=\"225\" \/><\/a>Wantra veeseansid &#8211; Wantra on &#8216;vee&#8217; ja &#8216;tantra&#8217; abielu. Seansid toimuvad eelistatult kehasoojas vees.<\/strong><\/p>\n<p>Loe lisa <a href=\"https:\/\/crystalralaksmi.com\/eesti\/teenused\/wantra\/\">siit:<\/a><br \/>\na) Nii aktiivne, kui ka passiivne vee seanss<br \/>\nb) Paaridele<br \/>\nc) Gruppidele<br \/>\nd) Vanuritele<br \/>\ne) Vee hirmuga inimestele<br \/>\nLisaseansside v\u00f5imalusest loe <a href=\"https:\/\/crystalralaksmi.com\/eesti\/teenused\/\">siit:<\/a><br \/>\n<strong>Kui sul on grupp huvitatud inimesi, kes sooviksid mind kutsuma loengut pidama, siis ka see on v\u00f5imalik! Anna huvist teada!<\/strong><br \/>\nPane oma aeg erakonsultatsioonile kirja aegsasti (eriti kui tegu on Wantraga).<br \/>\nLisainfot ja kontakt: crystalralaksmi @ gmail.com, 55924831 (alates 1.juulist 2016).<\/p>\n<span class=\"et_bloom_bottom_trigger\"><\/span>","protected":false},"excerpt":{"rendered":"<p>Alates 1. juulist kuni 1. oktoobrini v\u00f5tan ma vastu erakliente \u00fcle terve Eesti. Minu baas saab olema Tallinnas v\u00f5i selle l\u00e4hedal. Vasutv\u00f5tud toimuvad enamasti Tallinnas, kui ei ole plaanitud teisi [&hellip;]<\/p>\n","protected":false},"author":1,"featured_media":224846,"parent":224785,"menu_order":0,"comment_status":"open","ping_status":"open","template":"","meta":{"_acf_changed":false,"_et_pb_use_builder":"","_et_pb_old_content":"","_et_gb_content_width":"","footnotes":""},"class_list":["post-3622","page","type-page","status-publish","has-post-thumbnail","hentry"],"acf":[],"_links":{"self":[{"href":"https:\/\/crystalralaksmi.com\/eesti\/wp-json\/wp\/v2\/pages\/3622","targetHints":{"allow":["GET"]}}],"collection":[{"href":"https:\/\/crystalralaksmi.com\/eesti\/wp-json\/wp\/v2\/pages"}],"about":[{"href":"https:\/\/crystalralaksmi.com\/eesti\/wp-json\/wp\/v2\/types\/page"}],"author":[{"embeddable":true,"href":"https:\/\/crystalralaksmi.com\/eesti\/wp-json\/wp\/v2\/users\/1"}],"replies":[{"embeddable":true,"href":"https:\/\/crystalralaksmi.com\/eesti\/wp-json\/wp\/v2\/comments?post=3622"}],"version-history":[{"count":0,"href":"https:\/\/crystalralaksmi.com\/eesti\/wp-json\/wp\/v2\/pages\/3622\/revisions"}],"up":[{"embeddable":true,"href":"https:\/\/crystalralaksmi.com\/eesti\/wp-json\/wp\/v2\/pages\/224785"}],"wp:featuredmedia":[{"embeddable":true,"href":"https:\/\/crystalralaksmi.com\/eesti\/wp-json\/wp\/v2\/media\/224846"}],"wp:attachment":[{"href":"https:\/\/crystalralaksmi.com\/eesti\/wp-json\/wp\/v2\/media?parent=3622"}],"curies":[{"name":"wp","href":"https:\/\/api.w.org\/{rel}","templated":true}]}}