{"id":3777,"date":"2016-07-09T21:32:58","date_gmt":"2016-07-09T21:32:58","guid":{"rendered":"http:\/\/crystalralaksmi.com\/eesti\/?page_id=3777"},"modified":"2016-07-09T21:32:58","modified_gmt":"2016-07-09T21:32:58","slug":"ulle-kogemus-tartu-kulluse-sundmuselt","status":"publish","type":"page","link":"https:\/\/crystalralaksmi.com\/eesti\/ulle-kogemus-tartu-kulluse-sundmuselt\/","title":{"rendered":"\u00dclle kogemus Tartu k\u00fclluse s\u00fcndmuselt"},"content":{"rendered":"<p><em><a href=\"https:\/\/crystalralaksmi.com\/eesti\/wp-content\/uploads\/2016\/07\/+tartudance.jpg\"><img loading=\"lazy\" decoding=\"async\" class=\"alignleft size-medium wp-image-3778\" alt=\"OLYMPUS DIGITAL CAMERA\" src=\"https:\/\/crystalralaksmi.com\/eesti\/wp-content\/uploads\/2016\/07\/+tartudance-300x200.jpg\" width=\"300\" height=\"200\" \/><\/a>Tere Crystal!<\/em><\/p>\n<div><em>Tore oli s\u00fcndmusest osa saada! Eelmisel aastal lasin selle v\u00f5imaluse m\u00f6\u00f6da. \ud83d\ude41<\/em><\/div>\n<div><em>Vastu v\u00f5ttis mind meeldiv muusika. See oli rahustav ja l\u00f5dvestav.<\/em><\/div>\n<div><em>Sina toimetasid meeldivalt rahulikult.<\/em><\/div>\n<div><em>Valisin koha. Olen alati \u00e4revil, kui olen \u00fcksi ja v\u00f5\u00f5ras keskkonnas.<\/em><\/div>\n<div><em>S\u00fcndmuse algades vaatasin, et olin \u00fcmbritsetud meestest. Ometi oli ju palju naisi kohal.\u00a0 <\/em><\/div>\n<div><\/div>\n<div><em>Sattusin istuma nii, et ma Sind \u00a0ei n\u00e4inud. N\u00e4gin ainult paremat k\u00e4tt.\u00a0<\/em><\/div>\n<div><em>Seda oli huvitav j\u00e4lgida. Ja ma hakkasin teadlikult vaatama, mida k\u00e4si v\u00e4ljendab. P\u00fc\u00fcdsin tunnetada. Pean end selles v\u00e4ga kehvaks. M\u00f5tlesin, et ma ei pea ju Crystalit tervikuna n\u00e4gema. Minu vaatenurk oli selline ja olgu siis.<\/em><\/div>\n<div><em>\u00a0<\/em><\/div>\n<div><em>K\u00e4si, mida n\u00e4gin oli voolav, sujuvalt ja pehmelt liikuv.\u00a0 Ma pole kindel, kas k\u00f5ike m\u00e4letan, millest Sa r\u00e4\u00e4kisid.\u00a0<\/em><\/div>\n<div><em>K\u00e4si oli v\u00e4ike,sile ja v\u00e4ga pehme. Oleksin tahtnud katsuda lausa! \u00a0 \ud83d\ude42<\/em><\/div>\n<div><em>Randmeliigutus oli v\u00e4ga sujuv ja pehme. Oligi selline tunne, et see k\u00e4si toimetab soojas vees. Peopesa oli saali poole. Ma pole j\u00e4lle kindel, kas ma k\u00e4eselga \u00fcldse n\u00e4gingi.<\/em><\/div>\n<div><em>\u00a0<\/em><\/div>\n<div><em>Harjutus sisemise naise ja mehega oli huvitav. Minuga \u00fches pingireas istus noorem \u00a0mees ja mees kollases, kes oli vanem. Ma arvan.\u00a0Paarilist otsides oli mees kollases v\u00e4ga krapsakas ja soovis mind paariliseks. Noorem-kes tahtis suvisesse veelaagrisse &#8220;meesvaatlejaks&#8221; tulla \u00a0\ud83d\ude42 &#8211; \u00fctles, et no tema oleks ka tahtnud mu paariline olla.\u00a0 Olin siis &#8220;kollase mehe&#8221; paariline.\u00a0<\/em><\/div>\n<div><em>Imelik. See mees oli nii enesekindel, aga harjutust tehes vajus mulle t\u00e4iega selga, kuigi pidime seljad lihtsalt kokku panema. Pidin oma j\u00f5u kokku v\u00f5tma, et teda p\u00fcsti hoida. Harjutus ei seisnenud ju selles! Tahtsin talle \u00f6elda, aga ei julgenud.\u00a0 Ja igatahes harjutuse l\u00f5ppedes \u00fctlesin talle, et ta oma koorma \u00f5lgadelt maha viskaks. See oli nii raske. Mina ei tahtnud tema koormat kanda. V\u00f5i oli see minu koorem? V\u00e4ga segane v\u00e4rk . Ma ei saanud vist pihta.<\/em><\/div>\n<div><em>\u00a0<\/em><\/div>\n<div><em>Kui pidime \u00fcksteist juhtima, siis ma eriti teda ei usaldanud. Tundus, et ta t\u00f5mbas mu liiga kiiresti tundmatusse. Mis on tegelikult ju \u00a0ka hea&#8230;<\/em><\/div>\n<div><em>Kui mina teda juhtima pidin, siis see mul eriti ei \u00f5nnestunud. Tundsin, et vean ta liialt ohtlikult teiste inimeste ja toolide vastu. Juba j\u00f5udsin end ka s\u00fc\u00fcdistada sel ajal. Aga siiski v\u00e4ga virgutav oli sellline harjutus. K\u00fcllap oli see millekski hea.<\/em><\/div>\n<div><em>\u00a0<\/em><\/div>\n<div><em>Mina aga natuke kahetsesin, et selle noorema mehega seda harjutust teha ei saanud. Mulle meeldis tema l\u00f5hn.\u00a0 Ja ta oli mulle l\u00e4hedal. <strong>Ja \u00a0ikka ma teen seda, mida keegi teine tahab, mitte seda, mida ma ise oleksin tahtnud.<\/strong> St. l\u00e4ksin selle &#8220;kollase mehega&#8221;, sest m\u00f5tle kui tore, mind valiti nii kiirelt. \u00a0K\u00fcllap see pidi nii olema, ega see noorem mees minu vastu ju huvi ei tundnud. V\u00f5imalik, et see oli \u00a0mu soovunelm ainult. \ud83d\ude42<\/em><\/div>\n<div><em>\u00a0<\/em><\/div>\n<div><em>Tore oli kohata inimest, kes on nii inspireeriv!\u00a0 Ei, tegelikult ma ju valetan endale ja Sulle, sest \u00a0kui inspiratsiooni oleksin saanud, oleksin ka ammu tegutsenud juba?&#8230; \u00a0Sest kui loen postitusi ja n\u00f5ustun, aga midagi ei tee, siis&#8230;<\/em><\/div>\n<div><em>Et see k\u00f5ik juhtub kellegi teisega ja minuga ei saa ju juhtuda.\u00a0<\/em><\/div>\n<div><em>\u00d5nneks ma tunnen ka P\u00e4rnu veehirmu seljatanud Tiinat, kes on mind ka aidanud ja vahel jalaga tagumikku andnud. \u00a0\ud83d\ude42 Ja v\u00e4ikse imed on hakanud juhtuma ja loodan, et juhtuvad ka edasi. Et ma nende tulemisele teed kinni \u00a0ei paneks. \u00a0<\/em><\/div>\n<div><em>\u00a0<\/em><\/div>\n<div><em>T\u00e4nan Sind veelkord, et tulid Tartusse! \u00a0\ud83d\ude42<\/em><\/div>\n<div><em>\u00a0<\/em><\/div>\n<div><em>Palusid tagasisidet,aga kindlasti mitte nii pikka heietust! \u00a0\ud83d\ude42<\/em><\/div>\n<div><em>\u00a0<\/em><\/div>\n<div><em>J\u00e4tkuvat voolamist!<\/em><\/div>\n<div><em>\u00a0<\/em><\/div>\n<div><em>Tervitab \u00dclle Tartust<\/em><\/div>\n<span class=\"et_bloom_bottom_trigger\"><\/span>","protected":false},"excerpt":{"rendered":"<p>Tere Crystal! Tore oli s\u00fcndmusest osa saada! Eelmisel aastal lasin selle v\u00f5imaluse m\u00f6\u00f6da. \ud83d\ude41 Vastu v\u00f5ttis mind meeldiv muusika. See oli rahustav ja l\u00f5dvestav. Sina toimetasid meeldivalt rahulikult. Valisin koha. [&hellip;]<\/p>\n","protected":false},"author":1,"featured_media":224849,"parent":0,"menu_order":0,"comment_status":"open","ping_status":"open","template":"","meta":{"_acf_changed":false,"_et_pb_use_builder":"","_et_pb_old_content":"","_et_gb_content_width":"","footnotes":""},"class_list":["post-3777","page","type-page","status-publish","has-post-thumbnail","hentry"],"acf":[],"_links":{"self":[{"href":"https:\/\/crystalralaksmi.com\/eesti\/wp-json\/wp\/v2\/pages\/3777","targetHints":{"allow":["GET"]}}],"collection":[{"href":"https:\/\/crystalralaksmi.com\/eesti\/wp-json\/wp\/v2\/pages"}],"about":[{"href":"https:\/\/crystalralaksmi.com\/eesti\/wp-json\/wp\/v2\/types\/page"}],"author":[{"embeddable":true,"href":"https:\/\/crystalralaksmi.com\/eesti\/wp-json\/wp\/v2\/users\/1"}],"replies":[{"embeddable":true,"href":"https:\/\/crystalralaksmi.com\/eesti\/wp-json\/wp\/v2\/comments?post=3777"}],"version-history":[{"count":0,"href":"https:\/\/crystalralaksmi.com\/eesti\/wp-json\/wp\/v2\/pages\/3777\/revisions"}],"wp:featuredmedia":[{"embeddable":true,"href":"https:\/\/crystalralaksmi.com\/eesti\/wp-json\/wp\/v2\/media\/224849"}],"wp:attachment":[{"href":"https:\/\/crystalralaksmi.com\/eesti\/wp-json\/wp\/v2\/media?parent=3777"}],"curies":[{"name":"wp","href":"https:\/\/api.w.org\/{rel}","templated":true}]}}