{"id":3909,"date":"2016-10-25T21:13:15","date_gmt":"2016-10-25T21:13:15","guid":{"rendered":"http:\/\/crystalralaksmi.com\/eesti\/?page_id=3909"},"modified":"2016-10-25T21:13:15","modified_gmt":"2016-10-25T21:13:15","slug":"kiirtee-iseendasse-online-koolituse-pakkumine","status":"publish","type":"page","link":"https:\/\/crystalralaksmi.com\/eesti\/tootedpakkumised\/kiirtee-iseendasse-online-koolituse-pakkumine\/","title":{"rendered":"Kiirtee Iseendasse online koolituse v\u00e4rskeim pakkumine"},"content":{"rendered":"<div id=\"attachment_3887\" style=\"width: 160px\" class=\"wp-caption alignleft\"><a href=\"https:\/\/crystalralaksmi.com\/eesti\/wp-content\/uploads\/2016\/08\/kuusalukylluseratas.jpg\"><img loading=\"lazy\" decoding=\"async\" aria-describedby=\"caption-attachment-3887\" class=\"size-thumbnail wp-image-3887\" alt=\"OLYMPUS DIGITAL CAMERA\" src=\"https:\/\/crystalralaksmi.com\/eesti\/wp-content\/uploads\/2016\/08\/kuusalukylluseratas-150x150.jpg\" width=\"150\" height=\"150\" \/><\/a><p id=\"caption-attachment-3887\" class=\"wp-caption-text\">Suvi 2016, K\u00fclluse Ratta \u00dchep\u00e4evase kursuse osalejad<\/p><\/div>\n<p style=\"text-align: justify;\"><strong>Selle kursuse meeldetuletuseks number \u00fcks on ka see, et oleme siia maailma tulnud oma talente ja oskusi t\u00e4iel m\u00e4\u00e4ral \u00e4ra kasutama ja enda jaoks t\u00f6\u00f6le panema, mis seej\u00e4rel loob meile ka automaatset k\u00fcllust igas vormis, kui oleme seda teinud l\u00e4bi enesearmastuse ja v\u00e4\u00e4rtustamise platvormi. <\/strong><\/p>\n<p style=\"text-align: justify;\"><strong>Ja nagu nimigi \u00fctleb &#8211; Kiirtee Iseendasse see ka on, kuna aitab v\u00f5tta elus otseteed iseenda s\u00fcdame ja talentide allikateni.<\/strong><\/p>\n<p style=\"text-align: justify;\"><strong><\/strong><strong>Kursust v\u00f5ib ka v\u00f5rrelda peenarde rohimisega, kus mina olen nagu v\u00e4ike brigadir, kes pakub soovitusi kuidas teatud umbrohu liike v\u00e4lja juurida. Ma ei tee seda osalejate eest \u00e4ra, sest igal\u00fchel lasub vastutus iseenda praht \u00e4ra koristada.\u00a0<\/strong><\/p>\n<p style=\"text-align: justify;\">Kogu kursuse materjal on kokku pandud minu enda kogemustest l\u00e4htudes ja 16. aasta t\u00f6\u00f6le inimestega nii gruppides kui individuaalselt ja rahvusvaheliselt. Oma tagasisidedes jagan otseseid elulisi juhtumisi oma praegusest p\u00f5nevast ja seiklusrohkest elust l\u00e4bi selle kandes edasi ka selle maa energiad, mis omamoodi toetavad transformatsiooniprotsessi v\u00f5imsust ja s\u00fcgavust. T\u00e4iendan ennast pidevalt ja tegelen praegu ka v\u00e4ga intensiivselt iseenda tervendamisega l\u00e4bi erinevate meetodite, tehnikate ja gruppide.<strong>\u00a0<\/strong><\/p>\n<p style=\"text-align: justify;\">N\u00fc\u00fcd on osade osalejate ringkondades tekkinud uus elevus, kuna inimesed muutuvad, nende eludes on juhtunud imed ja muudatused ning uuritakse millest see p\u00f5hjustatud on. Eks elus m\u00e4ngivad k\u00f5ik detailid kokku, aga\u00a0<strong>Kiirtee Iseendasse<\/strong>\u00a0on\u00a0 kindlasti olnud \u00fcks v\u00f5imsamaid aktivaatoreid sellel teel.<\/p>\n<p style=\"text-align: justify;\">Pakun n\u00fc\u00fcd inimestele erinevaid v\u00f5imalusi liitumiseks. Kuna on selgelt n\u00e4ha, et materjalid toimivad v\u00e4ga v\u00f5imsalt ja annavad neile, kes praktiseerivad ka koheseid tulemusi, siis kursuse hinnaskaala muutub ja osaliselt ka kursuse struktuur.<\/p>\n<p style=\"text-align: justify;\"><strong>Siin on kirjeldatud mitmeid v\u00f5imalusi kuidas selle materjaliga t\u00f6\u00f6tada. Vali endale sobiv viis ning alustamegi koost\u00f6\u00f6d!<\/strong><\/p>\n<p style=\"text-align: justify;\">1.\u00a0<strong>Kiirtee Iseendasse 6. Kuu Online kursus Crystali juhendusega<\/strong><\/p>\n<p style=\"text-align: justify;\"><strong>Sisaldab kaks korda kuus kodut\u00f6\u00f6de esitamist kirjalikult ning Crystali kirjalikke tagasisidemeid.<\/strong>\u00a0FB suletud grupp osalejatele.<\/p>\n<p style=\"text-align: justify;\">Hind:\u00a0<strong>Maksa iga kuu 100 eurot v\u00f5i kogu kuue kuu pakett korraga 550 euroga.<\/strong><\/p>\n<p style=\"text-align: justify;\">2.\u00a0<strong>Kiirtee Iseendasse 6. Kuu Materjal ilma Crystali juhendamiseta ja iseseisvaks t\u00f6\u00f6ks.<\/strong><\/p>\n<p style=\"text-align: justify;\">Hind:\u00a0<strong>Maksa \u00fchekordne makse 450 eurot.<\/strong><\/p>\n<p style=\"text-align: justify;\">* Lisa sellele paketile veel kuus tunnist skype k\u00f5ne \u00a06&#215;70 = 420 eurot<\/p>\n<p style=\"text-align: justify;\">*\u00a0<strong>T\u00e4iesti individuaalne l\u00e4bit\u00f6\u00f6tamine t\u00f6\u00f6tab tegelikult v\u00e4ga v\u00e4heste jaoks, sest enamus inimestel pole distsipliini ja kui ei saa millestki aru, ei ole kelleltki k\u00fcsida.<\/strong> Seet\u00f5ttu on kord kuus skype k\u00f5ne lisaks sellele paketile \u00fcks imeline v\u00f5imalus saada selgitusi ja v\u00f5imalusel ka jagada kogemusi v\u00f5i k\u00fcsida k\u00fcsimusi selgusetute materjali osade kohta.<\/p>\n<p style=\"text-align: justify;\"><a href=\"https:\/\/crystalralaksmi.com\/eesti\/wp-content\/uploads\/2016\/10\/gardenofeden.jpg\"><img loading=\"lazy\" decoding=\"async\" class=\"alignleft size-thumbnail wp-image-3913\" alt=\"OLYMPUS DIGITAL CAMERA\" src=\"https:\/\/crystalralaksmi.com\/eesti\/wp-content\/uploads\/2016\/10\/gardenofeden-150x150.jpg\" width=\"150\" height=\"150\" \/><\/a>3.\u00a0<strong>Kiirtee Iseendasse 12. kuu Online kursus Crystali juhendamisega.<\/strong><\/p>\n<p style=\"text-align: justify;\"><strong>Sisaldab kaks korda kuus kodut\u00f6\u00f6de esitamist kirjalikult \u00a0esimese kuue kuu jooksul ning kord kuus kodut\u00f6\u00f6 esitamist 6. &#8211; 12. kuu ning Crystali kirjalikke tagasisidemeid.<\/strong>\u00a0FB suletud grupp osalejatele.<\/p>\n<p style=\"text-align: justify;\">Hind:<strong>\u00a0Maksa iga kuu 90 eurot v\u00f5i kogu aasta makse 960 eurot korraga!<\/strong><\/p>\n<p style=\"text-align: justify;\">4. <strong>VIP Kiirtee Iseendasse 6. Kuu kursus Crystali <strong>personaalsema<\/strong>\u00a0juhendamisega<\/strong><\/p>\n<p style=\"text-align: justify;\">Sisaldab kodut\u00f6\u00f6de esitamist kuus korra ja \u00fchte 1 tunnist skype k\u00f5ne Crystaliga kuus<\/p>\n<p style=\"text-align: justify;\">Hind:<strong> Maksa 200 euri iga kuu v\u00f5i siis 1050 eurot \u00fchekordse maksena<\/strong><\/p>\n<p style=\"text-align: justify;\">5. <strong>VIP Kiirtee Iseendasse 12. Kuu kursus Crystali personaalsema juhendamisega<\/strong><\/p>\n<p style=\"text-align: justify;\">Sisaldab kodut\u00f6\u00f6de esitamist korra kuus ja \u00fchte 1 tunnist skype k\u00f5ne Crystaliga kuus.<\/p>\n<p style=\"text-align: justify;\">Hind: <strong>Maksa 190 eurot iga kuu v\u00f5i siis 2130\u00a0<strong>\u00a0\u00fchekordse maksena.<\/strong><\/strong><\/p>\n<p style=\"text-align: justify;\">&#8212;-<\/p>\n<p style=\"text-align: justify;\"><strong>Kui su huvi on t\u00f5sine, siis v\u00f5ta koheselt \u00fchendust Crystaliga, kes seej\u00e4rel selgitab sinu huvi motiive ja koost\u00f6\u00f6 sobivust ning tutvustab \u00a0ka koost\u00f6\u00f6lepingut. K\u00f5ik osalejad allkirjastavad koost\u00f6\u00f6lepingu, millest taganeda pole v\u00f5imalik ja kursuse osalustasu on tagastamatu.<\/strong><\/p>\n<p style=\"text-align: justify;\">Kuni\u00a0<strong>1. m\u00e4rtsini 2017<\/strong>\u00a0v\u00f5tab Crystal Ra vastu veel 6 osalejat. <strong>1. juulist 2017<\/strong>\u00a0alustab uus grupp. V\u00f5imalusel uute gruppide alustamisega kaks korda aastas &#8211; aasta alguses ja keskel.<\/p>\n<p style=\"text-align: justify;\">Iga osalejaga tegeleb Crystal Ra individuaalselt. Grupina adresseerin seda seet\u00f5ttu, et see on nagu kursus, mis algab \u00fchel ajal, kus iga osaleja on siis vastutav oma kodut\u00f6\u00f6de eest.<\/p>\n<p style=\"text-align: justify;\"><strong>1. jaanuarist 2018 muutuvad kursuse hinnad ja v\u00f5imalusel ka \u00fclesehitus<\/strong>, samuti toimub v\u00f5imalusel ingliskeelse kursuse lanseerimine globaalsele tasandile (kui mitte varem).<\/p>\n<p style=\"text-align: justify;\">Grupid on v\u00e4iksed ja personaalsed, ning enamasti t\u00f6\u00f6tatakse individuaalsete koduste \u00fclesannetega, aga olemas on ka eraldi tehtud FB grupp, kust saab ka muud inspiratsiooni.<\/p>\n<p style=\"text-align: justify;\"><a href=\"https:\/\/crystalralaksmi.com\/eesti\/wp-content\/uploads\/2016\/10\/stretchpoint-001.jpg\"><img loading=\"lazy\" decoding=\"async\" class=\"alignleft size-thumbnail wp-image-3922\" alt=\"OLYMPUS DIGITAL CAMERA\" src=\"https:\/\/crystalralaksmi.com\/eesti\/wp-content\/uploads\/2016\/10\/stretchpoint-001-150x150.jpg\" width=\"150\" height=\"150\" \/><\/a><strong>Crystal Ra soovib vaid osalejaid, kes on tema suhtes eelarvamusteta ja avatud ning entusiastlikud programmi suhtes. See loob palju kergema pinnase tulemuste loomisel ja kursuse edukaks l\u00e4bimiseks.\u00a0Milline imeline kingitus endale v\u00f5i l\u00e4hedastele kes on selleks valmis!<\/strong><\/p>\n<p style=\"text-align: justify;\"><strong>See KIS 12. kuu koolitus on ka aluseks Wantra \u00d5petajate Koolituse Esimese Taseme l\u00e4bimiseks, mille esimene etapp toimub 2018 jaanuaris Mehhikos v\u00f5i hiljem. Suvekoolituse minimaalne osalejate arv on 10 inimest.<br \/>\n<\/strong><\/p>\n<p style=\"text-align: justify;\"><strong>* 12. Kuu Kursuse l\u00e4bimine on miinimum tingimus kui soovite tulevikus teha l\u00e4bi Crystali Wantra \u00d5petajate koolituse<\/strong>\u00a0(loeb ka siis kui oled soetanud terve 6 kuu materjali, kui oled selle l\u00e4bi teinud v\u00e4hemalt korra kuus skype k\u00f5nedega Crystaliga juhul kui ostsid individuaalsed materjalid ilma kirjaliku juhendamiseta).<\/p>\n<p style=\"text-align: justify;\"><strong>* Kui l\u00f5petate 12. Kuu kursuse edukalt ja eeskujulikult (oled kodut\u00f6\u00f6d \u00e4ra saatnud iga kord \u00f5igeks ajaks) saate K\u00fclluse Ratta minikoolituste \u00f5petaja litsentsi<\/strong>\u00a0ning samuti t\u00e4idate eeltingimuse Wantra \u00d5petajate Koolituse tasemete l\u00e4bimiseks.<\/p>\n<p style=\"text-align: justify;\"><a href=\"https:\/\/crystalralaksmi.com\/eesti\/wp-content\/uploads\/2017\/02\/whitecrystalframedcolored.jpg\"><img loading=\"lazy\" decoding=\"async\" class=\"alignleft size-thumbnail wp-image-4032\" alt=\"OLYMPUS DIGITAL CAMERA\" src=\"https:\/\/crystalralaksmi.com\/eesti\/wp-content\/uploads\/2017\/02\/whitecrystalframedcolored-150x150.jpg\" width=\"150\" height=\"150\" \/><\/a>K\u00fcsi lisainfot Crystal Ra k\u00e4est isiklikult crystalexpansion @ gmail.com<\/p>\n<p style=\"text-align: justify;\"><strong>Kasuta v\u00f5imalust ja liitu juba t\u00e4na!<\/strong><\/p>\n<p style=\"text-align: justify;\"><strong>\u00a0<\/strong><\/p>\n<span class=\"et_bloom_bottom_trigger\"><\/span>","protected":false},"excerpt":{"rendered":"<p>Selle kursuse meeldetuletuseks number \u00fcks on ka see, et oleme siia maailma tulnud oma talente ja oskusi t\u00e4iel m\u00e4\u00e4ral \u00e4ra kasutama ja enda jaoks t\u00f6\u00f6le panema, mis seej\u00e4rel loob meile [&hellip;]<\/p>\n","protected":false},"author":1,"featured_media":224853,"parent":224785,"menu_order":0,"comment_status":"open","ping_status":"open","template":"","meta":{"_acf_changed":false,"_et_pb_use_builder":"","_et_pb_old_content":"","_et_gb_content_width":"","footnotes":""},"class_list":["post-3909","page","type-page","status-publish","has-post-thumbnail","hentry"],"acf":[],"_links":{"self":[{"href":"https:\/\/crystalralaksmi.com\/eesti\/wp-json\/wp\/v2\/pages\/3909","targetHints":{"allow":["GET"]}}],"collection":[{"href":"https:\/\/crystalralaksmi.com\/eesti\/wp-json\/wp\/v2\/pages"}],"about":[{"href":"https:\/\/crystalralaksmi.com\/eesti\/wp-json\/wp\/v2\/types\/page"}],"author":[{"embeddable":true,"href":"https:\/\/crystalralaksmi.com\/eesti\/wp-json\/wp\/v2\/users\/1"}],"replies":[{"embeddable":true,"href":"https:\/\/crystalralaksmi.com\/eesti\/wp-json\/wp\/v2\/comments?post=3909"}],"version-history":[{"count":0,"href":"https:\/\/crystalralaksmi.com\/eesti\/wp-json\/wp\/v2\/pages\/3909\/revisions"}],"up":[{"embeddable":true,"href":"https:\/\/crystalralaksmi.com\/eesti\/wp-json\/wp\/v2\/pages\/224785"}],"wp:featuredmedia":[{"embeddable":true,"href":"https:\/\/crystalralaksmi.com\/eesti\/wp-json\/wp\/v2\/media\/224853"}],"wp:attachment":[{"href":"https:\/\/crystalralaksmi.com\/eesti\/wp-json\/wp\/v2\/media?parent=3909"}],"curies":[{"name":"wp","href":"https:\/\/api.w.org\/{rel}","templated":true}]}}