{"id":4048,"date":"2017-02-20T04:38:28","date_gmt":"2017-02-20T04:38:28","guid":{"rendered":"http:\/\/crystalralaksmi.com\/eesti\/?page_id=4048"},"modified":"2019-07-30T13:27:50","modified_gmt":"2019-07-30T10:27:50","slug":"puudutusteraapia-ehk-maandusmeditatsioon-mm","status":"publish","type":"page","link":"https:\/\/crystalralaksmi.com\/eesti\/teenused\/puudutusteraapia-ehk-maandusmeditatsioon-mm\/","title":{"rendered":"Puudutusteraapia ehk Maandusmeditatsioon (MM)"},"content":{"rendered":"<p>[et_pb_section fb_built=&#8221;1&#8243; admin_label=&#8221;Section&#8221; _builder_version=&#8221;3.22.3&#8243; saved_tabs=&#8221;all&#8221; global_module=&#8221;225116&#8243;][et_pb_row _builder_version=&#8221;3.25&#8243; background_size=&#8221;initial&#8221; background_position=&#8221;top_left&#8221; background_repeat=&#8221;repeat&#8221;][et_pb_column type=&#8221;4_4&#8243; _builder_version=&#8221;3.25.3&#8243;][et_pb_post_title meta=&#8221;off&#8221; featured_image=&#8221;off&#8221; _builder_version=&#8221;3.25.3&#8243; title_font=&#8221;Poppins|600|||||||&#8221; custom_margin=&#8221;||0px|||&#8221;][\/et_pb_post_title][et_pb_divider color=&#8221;#57ca85&#8243; divider_weight=&#8221;5px&#8221; _builder_version=&#8221;3.25.3&#8243; width=&#8221;14%&#8221;][\/et_pb_divider][\/et_pb_column][\/et_pb_row][\/et_pb_section][et_pb_section fb_built=&#8221;1&#8243; _builder_version=&#8221;3.22&#8243;][et_pb_row _builder_version=&#8221;3.25&#8243; background_size=&#8221;initial&#8221; background_position=&#8221;top_left&#8221; background_repeat=&#8221;repeat&#8221;][et_pb_column type=&#8221;4_4&#8243; _builder_version=&#8221;3.25&#8243; custom_padding=&#8221;|||&#8221; custom_padding__hover=&#8221;|||&#8221;][et_pb_text _builder_version=&#8221;3.0.74&#8243; background_size=&#8221;initial&#8221; background_position=&#8221;top_left&#8221; background_repeat=&#8221;repeat&#8221;]<\/p>\n<p style=\"text-align: justify;\"><a href=\"https:\/\/crystalralaksmi.com\/eesti\/wp-content\/uploads\/2017\/02\/P7260060.jpg\"><img loading=\"lazy\" decoding=\"async\" class=\"size-thumbnail wp-image-4049 alignleft\" src=\"https:\/\/crystalralaksmi.com\/eesti\/wp-content\/uploads\/2017\/02\/P7260060-150x150.jpg\" alt=\"OLYMPUS DIGITAL CAMERA\" width=\"150\" height=\"150\" \/><\/a>Seda seanssi teeme sageli peale tugevat ja v\u00e4gevat Wantra seanssi gruppidega, aga v\u00f5ib ka teha individuaalselt. See seanss sobib k\u00f5igile, kes soovivad rahuneda, l\u00f5dvestuda ja s\u00fcgavalt oma kehaga j\u00e4llegi \u00fchenduda.<\/p>\n<p style=\"text-align: justify;\">Selle ajal seansi saaja lamab k\u00f5igepealt k\u00f5huli maas ja seansi andja liigub k\u00e4si erinevate kohtade peale pannes \u00fcle terve keha v\u00e4ga \u00f5rnalt ja teadlikult puudutades. Iga keha saab ka aktiveerimis ja puhastuskoodid, mida siis keha selle energiaga toimetama hakkab. Peale kogu tagumise kehaosa l\u00e4bik\u00e4imist keerab saaja ennast selili ja sama toimub ka keha eestpoolt.<\/p>\n<p style=\"text-align: justify;\">Selle seansi avastas Crystal Ra aastal 2007, aga t\u00fckk aega ei tegelenud sellega \u00fcldse, kuni tuli juhatus seda natuke muuta. Kui muudatused said sisse viidud ja koosk\u00f5lastatud uue ajastu energiatega selgus ka, et see seanss aitab neil, kes on transformeeritud ja l\u00e4binud Auratransformatsiooni &#8211; oma keha l\u00f5dvestada ja rahustada ja l\u00e4bi selle avada rohkem ruumi oma kehale, et vaimenergia saaks siseneda kohtadesse, mis muidu olid lukus. Seega aitab see kaasa ka kristalliseerumise protsessile ja pehmendab ka puhastusprotsessi, mis tavaliselt peale transformatsiooni toimub keha, vaimu ja meele tasanditel v\u00e4ga intensiivselt. Eriti v\u00f5imas on see protsess kui seda viib l\u00e4bi sertifitseeritud Auratransformaator.<\/p>\n<p style=\"text-align: justify;\">Keha, mis v\u00f5tab seda seanssi vastu &#8211; l\u00f5dvestub koheselt. Kui oleme l\u00f5dvestunud, siis meie keha muutub koheselt ka rohkem aluselisemaks. Kui keha on aluseline, siis koheselt t\u00f5ukab see rohkem t\u00f6\u00f6sse ka meie immuunsuss\u00fcsteemi ja ma ei j\u00e4\u00e4 nii kergesti haigeks. Peale selle vabastab see mitmeid hormoone ja keemilisi komponente kehas, mis tekivad inimpuudutusest ja enamus inimestel, kelledel pole t\u00e4nap\u00e4eval partnereid, neil on tegelikult ka puudutuste vaegus. Kui siia veel lisada s\u00fcgav ja teadlik hingamine, siis hakkame lahti koorima ka emotsioonaalseid stressiallikaid ja ka f\u00fc\u00fcsilisi valupunkte. See on nagu vanaema l\u00f5ngakera ja sageli vaid \u00fchest seansist ei piisa, et kogu kera lahti harutada.<\/p>\n<p style=\"text-align: justify;\"><strong>Peale seda seanssi tunnevad m\u00f5lemad &#8211; nii saaja kui andja v\u00e4ga erksate ja puhanutena. Selle seansi puhul liiguvad m\u00f5lemad energiad &#8211; nii saaja kui vastuv\u00f5tja omad. Seet\u00f5ttu on see v\u00e4ga v\u00f5imas uue ajastu tervendustehnika, mis mitte ainult ei tervenda, vaid ka l\u00f5dvestab, rahustab ja aktiveerib. See nagu seaks paika selle k\u00f5ik, mis on paigast \u00e4ra l\u00e4inud. Nii \u00fctelda keha sisemine koristus l\u00e4bi puudutuse.\u00a0<\/strong><\/p>\n<p style=\"text-align: justify;\">Seansse peab tegema vaid f\u00fc\u00fcsilise kohaloluga, ehk siis see, kes seanssi annab peab olema f\u00fc\u00fcsiliselt kohal, et oma vastuv\u00f5tjat puudutada. Seda seanssi ei soovita teha kaugseansina, kuna v\u00e4gi on 100% kordselt suurem kui on olemas f\u00fc\u00fcsiline puudutus.<\/p>\n<p style=\"text-align: justify;\"><strong>Seansi kestvus on tavaliselt 1 tund. Vajadusel v\u00f5ib seansi pikkust pikendada. V\u00e4ga soovitav teha koheselt peale Wantra seanssi. See on sel juhul nagu Wantra seansi kinnistus ja aitab integreerida kogu muudatuste osad nii nagu ka maandada ilma gravitatsioonita h\u00f5ljumise olemise Wantra seansi ajal.\u00a0<\/strong><\/p>\n<p style=\"text-align: justify;\"><strong>Osad vastuv\u00f5tjad on \u00fctelnud, et kogemus sarnaneb taevas olemisega. Maapealne taevas. Seda ju ometi v\u00f5ib endale lubada!<\/strong><\/p>\n<p style=\"text-align: justify;\">K\u00fcsi lisainfot millal seansse Crystaliga l\u00e4bi viia v\u00f5i kes on tema ametlike koolituste l\u00e4binud \u00f5pilased.<\/p>\n<p style=\"text-align: justify;\"><a href=\"https:\/\/crystalralaksmi.com\/eesti\/wp-content\/uploads\/2017\/02\/P7260062.jpg\"><img loading=\"lazy\" decoding=\"async\" class=\"size-thumbnail wp-image-4050\" src=\"https:\/\/crystalralaksmi.com\/eesti\/wp-content\/uploads\/2017\/02\/P7260062-150x150.jpg\" alt=\"OLYMPUS DIGITAL CAMERA\" width=\"150\" height=\"150\" \/><\/a><\/p>\n<p>[\/et_pb_text][\/et_pb_column][\/et_pb_row][\/et_pb_section]<\/p>\n<span class=\"et_bloom_bottom_trigger\"><\/span>","protected":false},"excerpt":{"rendered":"<p>Seda seanssi teeme sageli peale tugevat ja v\u00e4gevat Wantra seanssi gruppidega, aga v\u00f5ib ka teha individuaalselt. See seanss sobib k\u00f5igile, kes soovivad rahuneda, l\u00f5dvestuda ja s\u00fcgavalt oma kehaga j\u00e4llegi \u00fchenduda. [&hellip;]<\/p>\n","protected":false},"author":1,"featured_media":224854,"parent":215,"menu_order":0,"comment_status":"closed","ping_status":"closed","template":"","meta":{"_acf_changed":false,"_et_pb_use_builder":"on","_et_pb_old_content":"<p style=\"text-align: justify;\"><a href=\"https:\/\/crystalralaksmi.com\/eesti\/wp-content\/uploads\/2017\/02\/P7260060.jpg\"><img class=\"size-thumbnail wp-image-4049 alignleft\" src=\"https:\/\/crystalralaksmi.com\/eesti\/wp-content\/uploads\/2017\/02\/P7260060-150x150.jpg\" alt=\"OLYMPUS DIGITAL CAMERA\" width=\"150\" height=\"150\" \/><\/a>Seda seanssi teeme sageli peale tugevat ja v\u00e4gevat Wantra seanssi gruppidega, aga v\u00f5ib ka teha individuaalselt. See seanss sobib k\u00f5igile, kes soovivad rahuneda, l\u00f5dvestuda ja s\u00fcgavalt oma kehaga j\u00e4llegi \u00fchenduda.<\/p><p style=\"text-align: justify;\">Selle ajal seansi saaja lamab k\u00f5igepealt k\u00f5huli maas ja seansi andja liigub k\u00e4si erinevate kohtade peale pannes \u00fcle terve keha v\u00e4ga \u00f5rnalt ja teadlikult puudutades. Iga keha saab ka aktiveerimis ja puhastuskoodid, mida siis keha selle energiaga toimetama hakkab. Peale kogu tagumise kehaosa l\u00e4bik\u00e4imist keerab saaja ennast selili ja sama toimub ka keha eestpoolt.<\/p><p style=\"text-align: justify;\">Selle seansi avastas Crystal Ra aastal 2007, aga t\u00fckk aega ei tegelenud sellega \u00fcldse, kuni tuli juhatus seda natuke muuta. Kui muudatused said sisse viidud ja koosk\u00f5lastatud uue ajastu energiatega selgus ka, et see seanss aitab neil, kes on transformeeritud ja l\u00e4binud Auratransformatsiooni - oma keha l\u00f5dvestada ja rahustada ja l\u00e4bi selle avada rohkem ruumi oma kehale, et vaimenergia saaks siseneda kohtadesse, mis muidu olid lukus. Seega aitab see kaasa ka kristalliseerumise protsessile ja pehmendab ka puhastusprotsessi, mis tavaliselt peale transformatsiooni toimub keha, vaimu ja meele tasanditel v\u00e4ga intensiivselt. Eriti v\u00f5imas on see protsess kui seda viib l\u00e4bi sertifitseeritud Auratransformaator.<\/p><p style=\"text-align: justify;\">Keha, mis v\u00f5tab seda seanssi vastu - l\u00f5dvestub koheselt. Kui oleme l\u00f5dvestunud, siis meie keha muutub koheselt ka rohkem aluselisemaks. Kui keha on aluseline, siis koheselt t\u00f5ukab see rohkem t\u00f6\u00f6sse ka meie immuunsuss\u00fcsteemi ja ma ei j\u00e4\u00e4 nii kergesti haigeks. Peale selle vabastab see mitmeid hormoone ja keemilisi komponente kehas, mis tekivad inimpuudutusest ja enamus inimestel, kelledel pole t\u00e4nap\u00e4eval partnereid, neil on tegelikult ka puudutuste vaegus. Kui siia veel lisada s\u00fcgav ja teadlik hingamine, siis hakkame lahti koorima ka emotsioonaalseid stressiallikaid ja ka f\u00fc\u00fcsilisi valupunkte. See on nagu vanaema l\u00f5ngakera ja sageli vaid \u00fchest seansist ei piisa, et kogu kera lahti harutada.<\/p><p style=\"text-align: justify;\"><strong>Peale seda seanssi tunnevad m\u00f5lemad - nii saaja kui andja v\u00e4ga erksate ja puhanutena. Selle seansi puhul liiguvad m\u00f5lemad energiad - nii saaja kui vastuv\u00f5tja omad. Seet\u00f5ttu on see v\u00e4ga v\u00f5imas uue ajastu tervendustehnika, mis mitte ainult ei tervenda, vaid ka l\u00f5dvestab, rahustab ja aktiveerib. See nagu seaks paika selle k\u00f5ik, mis on paigast \u00e4ra l\u00e4inud. Nii \u00fctelda keha sisemine koristus l\u00e4bi puudutuse.\u00a0<\/strong><\/p><p style=\"text-align: justify;\">Seansse peab tegema vaid f\u00fc\u00fcsilise kohaloluga, ehk siis see, kes seanssi annab peab olema f\u00fc\u00fcsiliselt kohal, et oma vastuv\u00f5tjat puudutada. Seda seanssi ei soovita teha kaugseansina, kuna v\u00e4gi on 100% kordselt suurem kui on olemas f\u00fc\u00fcsiline puudutus.<\/p><p style=\"text-align: justify;\"><strong>Seansi kestvus on tavaliselt 1 tund. Vajadusel v\u00f5ib seansi pikkust pikendada. V\u00e4ga soovitav teha koheselt peale Wantra seanssi. See on sel juhul nagu Wantra seansi kinnistus ja aitab integreerida kogu muudatuste osad nii nagu ka maandada ilma gravitatsioonita h\u00f5ljumise olemise Wantra seansi ajal.\u00a0<\/strong><\/p><p style=\"text-align: justify;\"><strong>Osad vastuv\u00f5tjad on \u00fctelnud, et kogemus sarnaneb taevas olemisega. Maapealne taevas. Seda ju ometi v\u00f5ib endale lubada!<\/strong><\/p><p style=\"text-align: justify;\">K\u00fcsi lisainfot millal seansse Crystaliga l\u00e4bi viia v\u00f5i kes on tema ametlike koolituste l\u00e4binud \u00f5pilased.<\/p><p style=\"text-align: justify;\"><a href=\"https:\/\/crystalralaksmi.com\/eesti\/wp-content\/uploads\/2017\/02\/P7260062.jpg\"><img class=\"size-thumbnail wp-image-4050\" src=\"https:\/\/crystalralaksmi.com\/eesti\/wp-content\/uploads\/2017\/02\/P7260062-150x150.jpg\" alt=\"OLYMPUS DIGITAL CAMERA\" width=\"150\" height=\"150\" \/><\/a><\/p>","_et_gb_content_width":"","footnotes":""},"class_list":["post-4048","page","type-page","status-publish","has-post-thumbnail","hentry"],"acf":[],"_links":{"self":[{"href":"https:\/\/crystalralaksmi.com\/eesti\/wp-json\/wp\/v2\/pages\/4048","targetHints":{"allow":["GET"]}}],"collection":[{"href":"https:\/\/crystalralaksmi.com\/eesti\/wp-json\/wp\/v2\/pages"}],"about":[{"href":"https:\/\/crystalralaksmi.com\/eesti\/wp-json\/wp\/v2\/types\/page"}],"author":[{"embeddable":true,"href":"https:\/\/crystalralaksmi.com\/eesti\/wp-json\/wp\/v2\/users\/1"}],"replies":[{"embeddable":true,"href":"https:\/\/crystalralaksmi.com\/eesti\/wp-json\/wp\/v2\/comments?post=4048"}],"version-history":[{"count":2,"href":"https:\/\/crystalralaksmi.com\/eesti\/wp-json\/wp\/v2\/pages\/4048\/revisions"}],"predecessor-version":[{"id":225299,"href":"https:\/\/crystalralaksmi.com\/eesti\/wp-json\/wp\/v2\/pages\/4048\/revisions\/225299"}],"up":[{"embeddable":true,"href":"https:\/\/crystalralaksmi.com\/eesti\/wp-json\/wp\/v2\/pages\/215"}],"wp:featuredmedia":[{"embeddable":true,"href":"https:\/\/crystalralaksmi.com\/eesti\/wp-json\/wp\/v2\/media\/224854"}],"wp:attachment":[{"href":"https:\/\/crystalralaksmi.com\/eesti\/wp-json\/wp\/v2\/media?parent=4048"}],"curies":[{"name":"wp","href":"https:\/\/api.w.org\/{rel}","templated":true}]}}