{"id":4234,"date":"2017-05-26T03:17:37","date_gmt":"2017-05-26T03:17:37","guid":{"rendered":"http:\/\/crystalralaksmi.com\/eesti\/?page_id=4234"},"modified":"2019-07-30T12:29:38","modified_gmt":"2019-07-30T09:29:38","slug":"hirmudest-vabastamise-kursus-tallinnas","status":"publish","type":"page","link":"https:\/\/crystalralaksmi.com\/eesti\/sundmused-maailmas\/hirmudest-vabastamise-kursus-tallinnas\/","title":{"rendered":"Hirmudest Vabastamise Kursus Tallinnas"},"content":{"rendered":"<p>[et_pb_section fb_built=&#8221;1&#8243; admin_label=&#8221;Section&#8221; _builder_version=&#8221;3.22.3&#8243; saved_tabs=&#8221;all&#8221; global_module=&#8221;225116&#8243;][et_pb_row _builder_version=&#8221;3.25&#8243; background_size=&#8221;initial&#8221; background_position=&#8221;top_left&#8221; background_repeat=&#8221;repeat&#8221;][et_pb_column type=&#8221;4_4&#8243; _builder_version=&#8221;3.25.3&#8243;][et_pb_post_title meta=&#8221;off&#8221; featured_image=&#8221;off&#8221; _builder_version=&#8221;3.25.3&#8243; title_font=&#8221;Poppins|600|||||||&#8221; custom_margin=&#8221;||0px|||&#8221;][\/et_pb_post_title][et_pb_divider color=&#8221;#57ca85&#8243; divider_weight=&#8221;5px&#8221; _builder_version=&#8221;3.25.3&#8243; width=&#8221;14%&#8221;][\/et_pb_divider][\/et_pb_column][\/et_pb_row][\/et_pb_section][et_pb_section fb_built=&#8221;1&#8243; _builder_version=&#8221;3.22&#8243;][et_pb_row _builder_version=&#8221;3.25&#8243; background_size=&#8221;initial&#8221; background_position=&#8221;top_left&#8221; background_repeat=&#8221;repeat&#8221;][et_pb_column type=&#8221;4_4&#8243; _builder_version=&#8221;3.25&#8243; custom_padding=&#8221;|||&#8221; custom_padding__hover=&#8221;|||&#8221;][et_pb_text _builder_version=&#8221;3.0.74&#8243; background_size=&#8221;initial&#8221; background_position=&#8221;top_left&#8221; background_repeat=&#8221;repeat&#8221;]<strong><a href=\"https:\/\/crystalralaksmi.com\/eesti\/wp-content\/uploads\/2017\/05\/swirling.jpg\"><img loading=\"lazy\" decoding=\"async\" class=\"alignleft size-medium wp-image-4235\" src=\"https:\/\/crystalralaksmi.com\/eesti\/wp-content\/uploads\/2017\/05\/swirling-300x199.jpg\" alt=\"swirling\" width=\"300\" height=\"199\" \/><\/a>S\u00fcndmus toimub Tallinnas 5ndal juunil, esmasp\u00e4eval kell 18 &#8211; 21, <a href=\"https:\/\/www.pelgulinn56.ee\/\">Pelgulinna rahvamajas, Telliskivi 56<\/a><\/strong><br \/>\n<strong>Erakorraline v\u00f5imalus mind ka f\u00fc\u00fcsiliselt n\u00e4ha ja kogeda omas elemendis selle aasta juunis Eestis! Siin on koolitus just sulle, kes sa soovid oma hirmusid vabastada ja minuga v\u00e4ga lahe v\u00e4ike seiklus l\u00e4bi teha.\u00a0<\/strong><!--more--><br \/>\nAlustasin praeguseks 5. erineva online kursusega ja selle jooksul olen aru saanud kui suur teema on eestlaste jaoks HIRMUD.<br \/>\nSellel kursusel kuuled:<br \/>\n&#8211;<strong> Mis on hirmud?<\/strong><br \/>\n<strong>&#8211; Kus on hirmude juured?<\/strong><br \/>\n<strong>&#8211; Millega on hirmud seotud?<\/strong><br \/>\n<strong>&#8211; Kuidas on 4 elementi hirmudega seotud?<\/strong><br \/>\n<strong>&#8211; Hirmu seos ajuga ja alateadvusega?<\/strong><br \/>\n<strong>&#8211; K\u00f5ige olulisema hirmu vabastamise tulemused?<\/strong><br \/>\n<strong>&#8211; Kuidas on seotud hirm ja k\u00fcllus ning armastus?<\/strong><br \/>\n<strong>&#8211; Hirmud uues ajas?<\/strong><br \/>\n<strong>&#8211; Kuidas seljatada hakkamasaamise hirm?<\/strong><br \/>\n<strong>&#8211; Hirmude seos sisemise perekonnaga<\/strong><br \/>\n<strong>&#8211; Hirmude vabastamine l\u00e4bi erinevate tehnikate<\/strong><br \/>\n<strong>&#8211; Julguse aktiveerimine<\/strong><br \/>\n<strong>&#8211; Mida teeb julgus sinu keha, vaimu ja meelega?<\/strong><br \/>\n<strong>&#8211; Mida teeb julgus su k\u00fcllusega?<\/strong><br \/>\n<strong>&#8211; Praktilised individuaalsed, paaris- ja grupiharjutused<\/strong><br \/>\n<strong>&#8211; Hirm ja f\u00fc\u00fcsiline keha<\/strong><br \/>\n<strong>&#8211; L\u00f5pus hirmust vabastamise grupi meditatsioon<\/strong><br \/>\n<strong>&#8211; K\u00fcsimuste ja vastuste voor<\/strong><br \/>\nEndalegi teadmata olen nende teemadega nii ise rinda pistnud kui ka oma klientide l\u00e4bi toimetanud. Oma viimase 16 aasta jooksul olen elanud v\u00e4gagi \u00e4\u00e4re peal. Seal \u00e4\u00e4re peal \u00f5pib nii m\u00f5ndagi. Ka seda, et vahest kui kukud &#8211; sa tegelikult ei kuku, vaid lendad. Vahe on just perspektiivis;)<br \/>\nSee saab olema v\u00e4ga interaktiivne, mahlakas ja p\u00f5nev kursus. See on esmane selline kursus Eestis ja maailmas Crystal Raga.<br \/>\n<strong><a href=\"https:\/\/crystalralaksmi.com\/eesti\/wp-content\/uploads\/2015\/07\/heartkiss.jpg\"><img loading=\"lazy\" decoding=\"async\" class=\"alignleft size-medium wp-image-4232\" src=\"https:\/\/crystalralaksmi.com\/eesti\/wp-content\/uploads\/2015\/07\/heartkiss-300x200.jpg\" alt=\"OLYMPUS DIGITAL CAMERA\" width=\"300\" height=\"200\" \/><\/a>Kui soovid kindlustada endale kohta, maksa kursuse eelpileti tasu 20 eurot \u00fclekandega O\u00fc New Flowle &#8211; O\u00fc New Flow tavalised arved EE552200221039028272 m\u00e4rkides \u00e4ra kursuslase nime ja ka kursuse nime.<\/strong><br \/>\n<strong>Kohapeal makstes on antud koolituse tasu 25 eurot kui veel kohti j\u00e4tkub.<\/strong><br \/>\nEelregistreemiseks saada ka oma maksekoopia crystalexpansion@gmail.com<wbr \/>\u00a0aadressile.<br \/>\nImelise kohtumiseni,<br \/>\nCrystal Ra<br \/>\n[\/et_pb_text][\/et_pb_column][\/et_pb_row][\/et_pb_section]<\/p>\n<span class=\"et_bloom_bottom_trigger\"><\/span>","protected":false},"excerpt":{"rendered":"<p>S\u00fcndmus toimub Tallinnas 5ndal juunil, esmasp\u00e4eval kell 18 &#8211; 21, Pelgulinna rahvamajas, Telliskivi 56 Erakorraline v\u00f5imalus mind ka f\u00fc\u00fcsiliselt n\u00e4ha ja kogeda omas elemendis selle aasta juunis Eestis! Siin on [&hellip;]<\/p>\n","protected":false},"author":1,"featured_media":224856,"parent":224783,"menu_order":0,"comment_status":"closed","ping_status":"closed","template":"","meta":{"_acf_changed":false,"_et_pb_use_builder":"on","_et_pb_old_content":"<p><strong><a href=\"https:\/\/crystalralaksmi.com\/eesti\/wp-content\/uploads\/2017\/05\/swirling.jpg\"><img class=\"alignleft size-medium wp-image-4235\" src=\"https:\/\/crystalralaksmi.com\/eesti\/wp-content\/uploads\/2017\/05\/swirling-300x199.jpg\" alt=\"swirling\" width=\"300\" height=\"199\" \/><\/a>S\u00fcndmus toimub Tallinnas 5ndal juunil, esmasp\u00e4eval kell 18 - 21, <a href=\"https:\/\/www.pelgulinn56.ee\/\">Pelgulinna rahvamajas, Telliskivi 56<\/a><\/strong><br \/><strong>Erakorraline v\u00f5imalus mind ka f\u00fc\u00fcsiliselt n\u00e4ha ja kogeda omas elemendis selle aasta juunis Eestis! Siin on koolitus just sulle, kes sa soovid oma hirmusid vabastada ja minuga v\u00e4ga lahe v\u00e4ike seiklus l\u00e4bi teha.\u00a0<\/strong><!--more--><br \/>Alustasin praeguseks 5. erineva online kursusega ja selle jooksul olen aru saanud kui suur teema on eestlaste jaoks HIRMUD.<br \/>Sellel kursusel kuuled:<br \/>-<strong> Mis on hirmud?<\/strong><br \/><strong>- Kus on hirmude juured?<\/strong><br \/><strong>- Millega on hirmud seotud?<\/strong><br \/><strong>- Kuidas on 4 elementi hirmudega seotud?<\/strong><br \/><strong>- Hirmu seos ajuga ja alateadvusega?<\/strong><br \/><strong>- K\u00f5ige olulisema hirmu vabastamise tulemused?<\/strong><br \/><strong>- Kuidas on seotud hirm ja k\u00fcllus ning armastus?<\/strong><br \/><strong>- Hirmud uues ajas?<\/strong><br \/><strong>- Kuidas seljatada hakkamasaamise hirm?<\/strong><br \/><strong>- Hirmude seos sisemise perekonnaga<\/strong><br \/><strong>- Hirmude vabastamine l\u00e4bi erinevate tehnikate<\/strong><br \/><strong>- Julguse aktiveerimine<\/strong><br \/><strong>- Mida teeb julgus sinu keha, vaimu ja meelega?<\/strong><br \/><strong>- Mida teeb julgus su k\u00fcllusega?<\/strong><br \/><strong>- Praktilised individuaalsed, paaris- ja grupiharjutused<\/strong><br \/><strong>- Hirm ja f\u00fc\u00fcsiline keha<\/strong><br \/><strong>- L\u00f5pus hirmust vabastamise grupi meditatsioon<\/strong><br \/><strong>- K\u00fcsimuste ja vastuste voor<\/strong><br \/>Endalegi teadmata olen nende teemadega nii ise rinda pistnud kui ka oma klientide l\u00e4bi toimetanud. Oma viimase 16 aasta jooksul olen elanud v\u00e4gagi \u00e4\u00e4re peal. Seal \u00e4\u00e4re peal \u00f5pib nii m\u00f5ndagi. Ka seda, et vahest kui kukud - sa tegelikult ei kuku, vaid lendad. Vahe on just perspektiivis;)<br \/>See saab olema v\u00e4ga interaktiivne, mahlakas ja p\u00f5nev kursus. See on esmane selline kursus Eestis ja maailmas Crystal Raga.<br \/><strong><a href=\"https:\/\/crystalralaksmi.com\/eesti\/wp-content\/uploads\/2015\/07\/heartkiss.jpg\"><img class=\"alignleft size-medium wp-image-4232\" src=\"https:\/\/crystalralaksmi.com\/eesti\/wp-content\/uploads\/2015\/07\/heartkiss-300x200.jpg\" alt=\"OLYMPUS DIGITAL CAMERA\" width=\"300\" height=\"200\" \/><\/a>Kui soovid kindlustada endale kohta, maksa kursuse eelpileti tasu 20 eurot \u00fclekandega O\u00fc New Flowle - O\u00fc New Flow tavalised arved EE552200221039028272 m\u00e4rkides \u00e4ra kursuslase nime ja ka kursuse nime.<\/strong><br \/><strong>Kohapeal makstes on antud koolituse tasu 25 eurot kui veel kohti j\u00e4tkub.<\/strong><br \/>Eelregistreemiseks saada ka oma maksekoopia crystalexpansion@gmail.com<wbr \/>\u00a0aadressile.<br \/>Imelise kohtumiseni,<br \/>Crystal Ra<\/p>","_et_gb_content_width":"","footnotes":""},"class_list":["post-4234","page","type-page","status-publish","has-post-thumbnail","hentry"],"acf":[],"_links":{"self":[{"href":"https:\/\/crystalralaksmi.com\/eesti\/wp-json\/wp\/v2\/pages\/4234","targetHints":{"allow":["GET"]}}],"collection":[{"href":"https:\/\/crystalralaksmi.com\/eesti\/wp-json\/wp\/v2\/pages"}],"about":[{"href":"https:\/\/crystalralaksmi.com\/eesti\/wp-json\/wp\/v2\/types\/page"}],"author":[{"embeddable":true,"href":"https:\/\/crystalralaksmi.com\/eesti\/wp-json\/wp\/v2\/users\/1"}],"replies":[{"embeddable":true,"href":"https:\/\/crystalralaksmi.com\/eesti\/wp-json\/wp\/v2\/comments?post=4234"}],"version-history":[{"count":2,"href":"https:\/\/crystalralaksmi.com\/eesti\/wp-json\/wp\/v2\/pages\/4234\/revisions"}],"predecessor-version":[{"id":225211,"href":"https:\/\/crystalralaksmi.com\/eesti\/wp-json\/wp\/v2\/pages\/4234\/revisions\/225211"}],"up":[{"embeddable":true,"href":"https:\/\/crystalralaksmi.com\/eesti\/wp-json\/wp\/v2\/pages\/224783"}],"wp:featuredmedia":[{"embeddable":true,"href":"https:\/\/crystalralaksmi.com\/eesti\/wp-json\/wp\/v2\/media\/224856"}],"wp:attachment":[{"href":"https:\/\/crystalralaksmi.com\/eesti\/wp-json\/wp\/v2\/media?parent=4234"}],"curies":[{"name":"wp","href":"https:\/\/api.w.org\/{rel}","templated":true}]}}