{"id":4238,"date":"2017-05-26T03:45:24","date_gmt":"2017-05-26T03:45:24","guid":{"rendered":"http:\/\/crystalralaksmi.com\/eesti\/?page_id=4238"},"modified":"2019-07-30T12:25:10","modified_gmt":"2019-07-30T09:25:10","slug":"crystali-kalender-eestis-1-20-juuni-2017","status":"publish","type":"page","link":"https:\/\/crystalralaksmi.com\/eesti\/sundmused-maailmas\/crystali-kalender-eestis-1-20-juuni-2017\/","title":{"rendered":"Crystali Koolitused ja Seansid Eestis 1.- 20. juuni 2017"},"content":{"rendered":"<p>[et_pb_section fb_built=&#8221;1&#8243; admin_label=&#8221;Section&#8221; _builder_version=&#8221;3.22.3&#8243; saved_tabs=&#8221;all&#8221; global_module=&#8221;225116&#8243;][et_pb_row _builder_version=&#8221;3.25&#8243; background_size=&#8221;initial&#8221; background_position=&#8221;top_left&#8221; background_repeat=&#8221;repeat&#8221;][et_pb_column type=&#8221;4_4&#8243; _builder_version=&#8221;3.25.3&#8243;][et_pb_post_title meta=&#8221;off&#8221; featured_image=&#8221;off&#8221; _builder_version=&#8221;3.25.3&#8243; title_font=&#8221;Poppins|600|||||||&#8221; custom_margin=&#8221;||0px|||&#8221;][\/et_pb_post_title][et_pb_divider color=&#8221;#57ca85&#8243; divider_weight=&#8221;5px&#8221; _builder_version=&#8221;3.25.3&#8243; width=&#8221;14%&#8221;][\/et_pb_divider][\/et_pb_column][\/et_pb_row][\/et_pb_section][et_pb_section fb_built=&#8221;1&#8243; _builder_version=&#8221;3.22&#8243;][et_pb_row _builder_version=&#8221;3.25&#8243; background_size=&#8221;initial&#8221; background_position=&#8221;top_left&#8221; background_repeat=&#8221;repeat&#8221;][et_pb_column type=&#8221;4_4&#8243; _builder_version=&#8221;3.25&#8243; custom_padding=&#8221;|||&#8221; custom_padding__hover=&#8221;|||&#8221;][et_pb_text _builder_version=&#8221;3.0.74&#8243; background_size=&#8221;initial&#8221; background_position=&#8221;top_left&#8221; background_repeat=&#8221;repeat&#8221;]<strong>S\u00fcndmused\u00a0<\/strong><\/p>\n<p style=\"text-align: justify;\"><strong>Kui sa mind veel isiklikumalt ei tunne ja loed nende s\u00fcndmuste tekste esmakordselt v\u00f5ib tekkida alguses m\u00f5te, et no see on ei tea mis &#8216;uina muina j\u00e4lle&#8217;, et mis m\u00f5tet on sinna minna? <\/strong><\/p>\n<p style=\"text-align: justify;\"><strong>Minu kursused on aga kokku pandud v\u00e4ga paljuski minu isiklikele kogemustele p\u00f5hinedes ja need s\u00fcndmused on sageli ka elumuutvad, kui on huvi ja julgust s\u00fcgavamalt endasse sukelduda. Ma tegelen palju n\u00e4htamatu maailmaga ja kuna teen seda teadlikult, siis loovad need tehnikad ka v\u00e4lises maailmas tulemusi &#8211; nagu n\u00e4iteks K\u00fcllusliku Unistuste Elu elamise minu tingimustel koos oma unistuste mehe ja kuninga Michaeliga \u00fcks paljudest osadest. Seega ma elan seda, mida ma jutlustan. &lt;3 Kui see v\u00f5iks olla p\u00f5nev ja oled valmis midagi teistsugust proovima, siis tule kohale! Luban, et sa ei kahetse!<\/strong><\/p>\n<p><strong>5. juunil kell 18 &#8211; 21 <a href=\"https:\/\/crystalralaksmi.com\/eesti\/sundmused-maailmas\/hirmudest-vabastamise-kursus-tallinnas\/\">Hirmude vabastamise kursus Tallinnas<\/a><\/strong><a href=\"https:\/\/crystalralaksmi.com\/eesti\/sundmused-maailmas\/hirmudest-vabastamise-kursus-tallinnas\/\">,<\/a> Pelgulinna rahvamajas, Telliskivi 56<br \/>\n<a href=\" httpss:\/\/www.facebook.com\/events\/501164436941438\/?acontext=%7B%22ref%22%3A%2223%22%2C%22action_history%22%3A%22null%22%7D\"><strong>Siin on FB s\u00fcndmus:\u00a0<\/strong><\/a><br \/>\n<strong>8. juunil kell 18 &#8211; 21 Hirmude vabastamise kursus Rakveres<\/strong>, Rahulolu pesas, Pikk 7<br \/>\n<strong><a href=\"httpss:\/\/www.facebook.com\/events\/1446980458670776\/?acontext=%7B%22ref%22%3A%2223%22%2C%22action_history%22%3A%22null%22%7D\">Siin on FB s\u00fcndmus:\u00a0<\/a><\/strong><br \/>\n<strong>10. juuni kell 10 &#8211; 17 <a href=\"https:\/\/crystalralaksmi.com\/eesti\/sundmused-maailmas\/uhepaevane-wantrakursus-matsalus-algallikal-10-juunil\/\">Wantra \u00fchep\u00e4evane Grupi kursus Algallikal Matsalus<\/a><\/strong> (kinnitamisel)\u00a0kl <strong>18 &#8211; 21<\/strong> Wantra lisa eraseansid Algallikal (kinnitamisel)<br \/>\n<strong><a href=\"httpss:\/\/www.facebook.com\/events\/1446980458670776\/?acontext=%7B%22ref%22%3A%2223%22%2C%22action_history%22%3A%22null%22%7D\">Siin on FB s\u00fcndmus:\u00a0<\/a><\/strong><br \/>\n<strong>13. juuni kell 18 &#8211; 20 Kohtumine Tartus<\/strong><br \/>\n<strong><a href=\"httpss:\/\/www.facebook.com\/events\/1915003155410188\/?acontext=%7B%22ref%22%3A%2223%22%2C%22action_history%22%3A%22null%22%7D\">Siin on FB S\u00fcndmus:\u00a0<\/a><\/strong><br \/>\n<strong>18. juunil kell 10 &#8211; 17 <a href=\"https:\/\/crystalralaksmi.com\/eesti\/sundmused-maailmas\/hirmude-vabastamisest-kuninglikule-kulluse-troonile\/\">Hirmudest Vabastamise Kursus + K\u00fclluse Kuninga ja Kuninganna aktiveerimine<\/a><\/strong> (detailid t\u00e4psustamisel) Tartus (vajalik miinimum 10 osalejat)<br \/>\n<a href=\"httpss:\/\/www.facebook.com\/events\/1885932058312047\/?context=create&amp;previousaction=create&amp;sid_create=439743006&amp;action_history=[%7B%22surface%22%3A%22create_dialog%22%2C%22mechanism%22%3A%22user_create_dialog%22%2C%22extra_data%22%3A[]%7D]&amp;has_source=1\"><strong>Siin on FB S\u00fcndmus:\u00a0<\/strong><\/a><br \/>\n<strong><a href=\"https:\/\/crystalralaksmi.com\/eesti\/wp-content\/uploads\/2015\/08\/summerKISgroup.jpg\"><img loading=\"lazy\" decoding=\"async\" class=\"alignleft size-medium wp-image-2799\" src=\"https:\/\/crystalralaksmi.com\/eesti\/wp-content\/uploads\/2015\/08\/summerKISgroup-300x200.jpg\" alt=\"=summerKISgroup\" width=\"300\" height=\"200\" \/><\/a>Eraseansid \u00a0Tallinnas<\/strong><br \/>\n2. juuni &#8211; t\u00e4is bookitud<br \/>\n5. juuni &#8211; t\u00e4is bookitud<br \/>\n6. juuni &#8211; \u00a0t\u00e4is bookitud<br \/>\n7. juuni &#8211; t\u00e4is bookitud<br \/>\n9. juuni &#8211; t\u00e4is bookitud<br \/>\n12. juuni &#8211; t\u00e4is bookitud<br \/>\n14. juuni &#8211; vaba aeg pakkuda 12 &#8211; 14, \u00fclej\u00e4\u00e4nud t\u00e4is bookitud<br \/>\n15. juuni &#8211; pakkuda 9 &#8211; 12.30 \u00fclej\u00e4\u00e4nud ajad t\u00e4is bookitud<br \/>\n16. juuni &#8211; pool p\u00e4eva t\u00e4is bookitud, teine osa isiklik aeg<br \/>\n19. juuni &#8211; v\u00f5imalusel 11 &#8211; 13 viimane vaba aeg, \u00fclej\u00e4\u00e4nud isiklik aeg<br \/>\n<strong>Eraseansid Rakveres\u00a0<\/strong><br \/>\n8. juunil k\u00f5ik eraseansi ajad v\u00e4lja m\u00fc\u00fcdud!<br \/>\n<strong>Eraseansid Tartus<\/strong><br \/>\n13. juuni &#8211; pakkuda on veel 11.30 &#8211; 13.30, teised ajad v\u00e4lja m\u00fc\u00fcdud<br \/>\n17. juuni &#8211; 9 &#8211; 11 Tartus<br \/>\n<strong><a href=\"https:\/\/crystalralaksmi.com\/eesti\/wp-content\/uploads\/2013\/08\/hawaiiwantra.jpg\"><img loading=\"lazy\" decoding=\"async\" class=\"alignleft size-medium wp-image-3466\" src=\"https:\/\/crystalralaksmi.com\/eesti\/wp-content\/uploads\/2013\/08\/hawaiiwantra-300x225.jpg\" alt=\"hawaiiwantra\" width=\"300\" height=\"225\" \/><\/a>Wantraseansid Tallinnas<\/strong> 2, 5, 6, 7, 12, 14, 15 ja 16 juuni. Telliti kokku 16 Wantra seanssi ja praeguseks on k\u00f5ik privaatseansid <strong>v\u00e4lja m\u00fc\u00fcdud.<\/strong> Kui sul on huvi, anna teada, panen sind ootenimekirja, juhul kui peaks ootamatult vabanema koht.<br \/>\n<strong>LISAV\u00d5IMALUSED<\/strong><br \/>\nKui on piisavalt huvi on v\u00f5imalus teha<strong> 10. juunil \u00fchep\u00e4evane Wantra \u00a0veekursus Algallikal<\/strong> Matsalus. Selleks peaks registreeruma v\u00e4hemalt 10 inimest. \u00a0V\u00f5imalusel lisan sinna l\u00f5ppu ka Wantra eraseansid 3-le inimesele.<br \/>\n<strong>18. juunil on kavas teha p\u00e4evane koolitus Tartus &#8211; kell 10 &#8211; 17,<\/strong> samuti v\u00e4hemalt 10 inimese osalusel (teemaks hirmude eemaldamine ja k\u00fclluse kuninganna aktiveerimine). Detailid t\u00e4psustamisel<br \/>\n***<br \/>\n<strong>J\u00e4rgmine kord tulen Eestisse 2018 aasta suvel. Kasuta erakordset v\u00f5imalust saada minuga eraseanss, eelkonsultatsioon Auratransformatsioonile v\u00f5i siis teha \u00e4ra Auratransformatsioon, tellida puudutusteraapiat, v\u00f5i siis vaimude puhastuse seanss v\u00f5i isegi \u00e4ri mentorluse seanss v\u00f5i siis Wantra seanss kui selleks on veel v\u00f5imalusi.\u00a0<\/strong><br \/>\nAnna mulle oma huvist teada siin: crystalexpansion@gmail.com<br \/>\nImeliste kohtumisteni,<br \/>\nCrystal Ra<br \/>\n<a href=\"https:\/\/crystalralaksmi.com\/eesti\/wp-content\/uploads\/2017\/05\/drop-water.jpg\"><img loading=\"lazy\" decoding=\"async\" class=\"size-medium wp-image-4213 aligncenter\" src=\"https:\/\/crystalralaksmi.com\/eesti\/wp-content\/uploads\/2017\/05\/drop-water-300x207.jpg\" alt=\"drop water\" width=\"300\" height=\"207\" \/><\/a><br \/>\n[\/et_pb_text][\/et_pb_column][\/et_pb_row][\/et_pb_section]<\/p>\n<span class=\"et_bloom_bottom_trigger\"><\/span>","protected":false},"excerpt":{"rendered":"<p>S\u00fcndmused\u00a0 Kui sa mind veel isiklikumalt ei tunne ja loed nende s\u00fcndmuste tekste esmakordselt v\u00f5ib tekkida alguses m\u00f5te, et no see on ei tea mis &#8216;uina muina j\u00e4lle&#8217;, et mis [&hellip;]<\/p>\n","protected":false},"author":1,"featured_media":224857,"parent":224783,"menu_order":0,"comment_status":"closed","ping_status":"closed","template":"","meta":{"_acf_changed":false,"_et_pb_use_builder":"on","_et_pb_old_content":"<p><strong>S\u00fcndmused\u00a0<\/strong><\/p><p style=\"text-align: justify;\"><strong>Kui sa mind veel isiklikumalt ei tunne ja loed nende s\u00fcndmuste tekste esmakordselt v\u00f5ib tekkida alguses m\u00f5te, et no see on ei tea mis 'uina muina j\u00e4lle', et mis m\u00f5tet on sinna minna? <\/strong><\/p><p style=\"text-align: justify;\"><strong>Minu kursused on aga kokku pandud v\u00e4ga paljuski minu isiklikele kogemustele p\u00f5hinedes ja need s\u00fcndmused on sageli ka elumuutvad, kui on huvi ja julgust s\u00fcgavamalt endasse sukelduda. Ma tegelen palju n\u00e4htamatu maailmaga ja kuna teen seda teadlikult, siis loovad need tehnikad ka v\u00e4lises maailmas tulemusi - nagu n\u00e4iteks K\u00fcllusliku Unistuste Elu elamise minu tingimustel koos oma unistuste mehe ja kuninga Michaeliga \u00fcks paljudest osadest. Seega ma elan seda, mida ma jutlustan. <3 Kui see v\u00f5iks olla p\u00f5nev ja oled valmis midagi teistsugust proovima, siis tule kohale! Luban, et sa ei kahetse!<\/strong><\/p><p><strong>5. juunil kell 18 - 21 <a href=\"https:\/\/crystalralaksmi.com\/eesti\/sundmused-maailmas\/hirmudest-vabastamise-kursus-tallinnas\/\">Hirmude vabastamise kursus Tallinnas<\/a><\/strong><a href=\"https:\/\/crystalralaksmi.com\/eesti\/sundmused-maailmas\/hirmudest-vabastamise-kursus-tallinnas\/\">,<\/a> Pelgulinna rahvamajas, Telliskivi 56<br \/><a href=\" httpss:\/\/www.facebook.com\/events\/501164436941438\/?acontext=%7B%22ref%22%3A%2223%22%2C%22action_history%22%3A%22null%22%7D\"><strong>Siin on FB s\u00fcndmus:\u00a0<\/strong><\/a><br \/><strong>8. juunil kell 18 - 21 Hirmude vabastamise kursus Rakveres<\/strong>, Rahulolu pesas, Pikk 7<br \/><strong><a href=\"httpss:\/\/www.facebook.com\/events\/1446980458670776\/?acontext=%7B%22ref%22%3A%2223%22%2C%22action_history%22%3A%22null%22%7D\">Siin on FB s\u00fcndmus:\u00a0<\/a><\/strong><br \/><strong>10. juuni kell 10 - 17 <a href=\"https:\/\/crystalralaksmi.com\/eesti\/sundmused-maailmas\/uhepaevane-wantrakursus-matsalus-algallikal-10-juunil\/\">Wantra \u00fchep\u00e4evane Grupi kursus Algallikal Matsalus<\/a><\/strong> (kinnitamisel)\u00a0kl <strong>18 - 21<\/strong> Wantra lisa eraseansid Algallikal (kinnitamisel)<br \/><strong><a href=\"httpss:\/\/www.facebook.com\/events\/1446980458670776\/?acontext=%7B%22ref%22%3A%2223%22%2C%22action_history%22%3A%22null%22%7D\">Siin on FB s\u00fcndmus:\u00a0<\/a><\/strong><br \/><strong>13. juuni kell 18 - 20 Kohtumine Tartus<\/strong><br \/><strong><a href=\"httpss:\/\/www.facebook.com\/events\/1915003155410188\/?acontext=%7B%22ref%22%3A%2223%22%2C%22action_history%22%3A%22null%22%7D\">Siin on FB S\u00fcndmus:\u00a0<\/a><\/strong><br \/><strong>18. juunil kell 10 - 17 <a href=\"https:\/\/crystalralaksmi.com\/eesti\/sundmused-maailmas\/hirmude-vabastamisest-kuninglikule-kulluse-troonile\/\">Hirmudest Vabastamise Kursus + K\u00fclluse Kuninga ja Kuninganna aktiveerimine<\/a><\/strong> (detailid t\u00e4psustamisel) Tartus (vajalik miinimum 10 osalejat)<br \/><a href=\"httpss:\/\/www.facebook.com\/events\/1885932058312047\/?context=create&previousaction=create&sid_create=439743006&action_history=[%7B%22surface%22%3A%22create_dialog%22%2C%22mechanism%22%3A%22user_create_dialog%22%2C%22extra_data%22%3A[]%7D]&has_source=1\"><strong>Siin on FB S\u00fcndmus:\u00a0<\/strong><\/a><br \/><strong><a href=\"https:\/\/crystalralaksmi.com\/eesti\/wp-content\/uploads\/2015\/08\/summerKISgroup.jpg\"><img class=\"alignleft size-medium wp-image-2799\" src=\"https:\/\/crystalralaksmi.com\/eesti\/wp-content\/uploads\/2015\/08\/summerKISgroup-300x200.jpg\" alt=\"=summerKISgroup\" width=\"300\" height=\"200\" \/><\/a>Eraseansid \u00a0Tallinnas<\/strong><br \/>2. juuni - t\u00e4is bookitud<br \/>5. juuni - t\u00e4is bookitud<br \/>6. juuni - \u00a0t\u00e4is bookitud<br \/>7. juuni - t\u00e4is bookitud<br \/>9. juuni - t\u00e4is bookitud<br \/>12. juuni - t\u00e4is bookitud<br \/>14. juuni - vaba aeg pakkuda 12 - 14, \u00fclej\u00e4\u00e4nud t\u00e4is bookitud<br \/>15. juuni - pakkuda 9 - 12.30 \u00fclej\u00e4\u00e4nud ajad t\u00e4is bookitud<br \/>16. juuni - pool p\u00e4eva t\u00e4is bookitud, teine osa isiklik aeg<br \/>19. juuni - v\u00f5imalusel 11 - 13 viimane vaba aeg, \u00fclej\u00e4\u00e4nud isiklik aeg<br \/><strong>Eraseansid Rakveres\u00a0<\/strong><br \/>8. juunil k\u00f5ik eraseansi ajad v\u00e4lja m\u00fc\u00fcdud!<br \/><strong>Eraseansid Tartus<\/strong><br \/>13. juuni - pakkuda on veel 11.30 - 13.30, teised ajad v\u00e4lja m\u00fc\u00fcdud<br \/>17. juuni - 9 - 11 Tartus<br \/><strong><a href=\"https:\/\/crystalralaksmi.com\/eesti\/wp-content\/uploads\/2013\/08\/hawaiiwantra.jpg\"><img class=\"alignleft size-medium wp-image-3466\" src=\"https:\/\/crystalralaksmi.com\/eesti\/wp-content\/uploads\/2013\/08\/hawaiiwantra-300x225.jpg\" alt=\"hawaiiwantra\" width=\"300\" height=\"225\" \/><\/a>Wantraseansid Tallinnas<\/strong> 2, 5, 6, 7, 12, 14, 15 ja 16 juuni. Telliti kokku 16 Wantra seanssi ja praeguseks on k\u00f5ik privaatseansid <strong>v\u00e4lja m\u00fc\u00fcdud.<\/strong> Kui sul on huvi, anna teada, panen sind ootenimekirja, juhul kui peaks ootamatult vabanema koht.<br \/><strong>LISAV\u00d5IMALUSED<\/strong><br \/>Kui on piisavalt huvi on v\u00f5imalus teha<strong> 10. juunil \u00fchep\u00e4evane Wantra \u00a0veekursus Algallikal<\/strong> Matsalus. Selleks peaks registreeruma v\u00e4hemalt 10 inimest. \u00a0V\u00f5imalusel lisan sinna l\u00f5ppu ka Wantra eraseansid 3-le inimesele.<br \/><strong>18. juunil on kavas teha p\u00e4evane koolitus Tartus - kell 10 - 17,<\/strong> samuti v\u00e4hemalt 10 inimese osalusel (teemaks hirmude eemaldamine ja k\u00fclluse kuninganna aktiveerimine). Detailid t\u00e4psustamisel<br \/>***<br \/><strong>J\u00e4rgmine kord tulen Eestisse 2018 aasta suvel. Kasuta erakordset v\u00f5imalust saada minuga eraseanss, eelkonsultatsioon Auratransformatsioonile v\u00f5i siis teha \u00e4ra Auratransformatsioon, tellida puudutusteraapiat, v\u00f5i siis vaimude puhastuse seanss v\u00f5i isegi \u00e4ri mentorluse seanss v\u00f5i siis Wantra seanss kui selleks on veel v\u00f5imalusi.\u00a0<\/strong><br \/>Anna mulle oma huvist teada siin: crystalexpansion@gmail.com<br \/>Imeliste kohtumisteni,<br \/>Crystal Ra<br \/><a href=\"https:\/\/crystalralaksmi.com\/eesti\/wp-content\/uploads\/2017\/05\/drop-water.jpg\"><img class=\"size-medium wp-image-4213 aligncenter\" src=\"https:\/\/crystalralaksmi.com\/eesti\/wp-content\/uploads\/2017\/05\/drop-water-300x207.jpg\" alt=\"drop water\" width=\"300\" height=\"207\" \/><\/a><br \/>\u00a0<\/p>","_et_gb_content_width":"","footnotes":""},"class_list":["post-4238","page","type-page","status-publish","has-post-thumbnail","hentry"],"acf":[],"_links":{"self":[{"href":"https:\/\/crystalralaksmi.com\/eesti\/wp-json\/wp\/v2\/pages\/4238","targetHints":{"allow":["GET"]}}],"collection":[{"href":"https:\/\/crystalralaksmi.com\/eesti\/wp-json\/wp\/v2\/pages"}],"about":[{"href":"https:\/\/crystalralaksmi.com\/eesti\/wp-json\/wp\/v2\/types\/page"}],"author":[{"embeddable":true,"href":"https:\/\/crystalralaksmi.com\/eesti\/wp-json\/wp\/v2\/users\/1"}],"replies":[{"embeddable":true,"href":"https:\/\/crystalralaksmi.com\/eesti\/wp-json\/wp\/v2\/comments?post=4238"}],"version-history":[{"count":2,"href":"https:\/\/crystalralaksmi.com\/eesti\/wp-json\/wp\/v2\/pages\/4238\/revisions"}],"predecessor-version":[{"id":225188,"href":"https:\/\/crystalralaksmi.com\/eesti\/wp-json\/wp\/v2\/pages\/4238\/revisions\/225188"}],"up":[{"embeddable":true,"href":"https:\/\/crystalralaksmi.com\/eesti\/wp-json\/wp\/v2\/pages\/224783"}],"wp:featuredmedia":[{"embeddable":true,"href":"https:\/\/crystalralaksmi.com\/eesti\/wp-json\/wp\/v2\/media\/224857"}],"wp:attachment":[{"href":"https:\/\/crystalralaksmi.com\/eesti\/wp-json\/wp\/v2\/media?parent=4238"}],"curies":[{"name":"wp","href":"https:\/\/api.w.org\/{rel}","templated":true}]}}