{"id":4244,"date":"2017-05-26T05:32:02","date_gmt":"2017-05-26T05:32:02","guid":{"rendered":"http:\/\/crystalralaksmi.com\/eesti\/?page_id=4244"},"modified":"2019-07-30T13:04:06","modified_gmt":"2019-07-30T10:04:06","slug":"uhepaevane-wantrakursus-matsalus-algallikal-10-juunil","status":"publish","type":"page","link":"https:\/\/crystalralaksmi.com\/eesti\/sundmused-maailmas\/uhepaevane-wantrakursus-matsalus-algallikal-10-juunil\/","title":{"rendered":"\u00dchep\u00e4evane Wantrakursus Matsalus Algallikal &#8211; 10. juunil"},"content":{"rendered":"<p>[et_pb_section fb_built=&#8221;1&#8243; admin_label=&#8221;Section&#8221; _builder_version=&#8221;3.22.3&#8243; saved_tabs=&#8221;all&#8221; global_module=&#8221;225116&#8243;][et_pb_row _builder_version=&#8221;3.25&#8243; background_size=&#8221;initial&#8221; background_position=&#8221;top_left&#8221; background_repeat=&#8221;repeat&#8221;][et_pb_column type=&#8221;4_4&#8243; _builder_version=&#8221;3.25.3&#8243;][et_pb_post_title meta=&#8221;off&#8221; featured_image=&#8221;off&#8221; _builder_version=&#8221;3.25.3&#8243; title_font=&#8221;Poppins|600|||||||&#8221; custom_margin=&#8221;||0px|||&#8221;][\/et_pb_post_title][et_pb_divider color=&#8221;#57ca85&#8243; divider_weight=&#8221;5px&#8221; _builder_version=&#8221;3.25.3&#8243; width=&#8221;14%&#8221;][\/et_pb_divider][\/et_pb_column][\/et_pb_row][\/et_pb_section][et_pb_section fb_built=&#8221;1&#8243; _builder_version=&#8221;3.22&#8243;][et_pb_row _builder_version=&#8221;3.25&#8243; background_size=&#8221;initial&#8221; background_position=&#8221;top_left&#8221; background_repeat=&#8221;repeat&#8221;][et_pb_column type=&#8221;4_4&#8243; _builder_version=&#8221;3.25&#8243; custom_padding=&#8221;|||&#8221; custom_padding__hover=&#8221;|||&#8221;][et_pb_text _builder_version=&#8221;3.0.74&#8243; background_size=&#8221;initial&#8221; background_position=&#8221;top_left&#8221; background_repeat=&#8221;repeat&#8221;]<\/p>\n<p style=\"text-align: center;\"><a href=\"https:\/\/crystalralaksmi.com\/eesti\/wp-content\/uploads\/2016\/06\/berenice-wantra-001.jpg\"><img loading=\"lazy\" decoding=\"async\" class=\"alignleft size-medium wp-image-3701\" src=\"https:\/\/crystalralaksmi.com\/eesti\/wp-content\/uploads\/2016\/06\/berenice-wantra-001-300x293.jpg\" alt=\"berenice wantra-001\" width=\"300\" height=\"293\" \/><\/a><strong>See on sinu v\u00f5imalus saada \u00fchendust iseenda algallikaga nii vaimus, kehas kui ka meeles l\u00e4bi Wantra taevalikkuse. Pakun erilise v\u00f5imaluse k\u00f5igile neile, kes j\u00e4id esimestest Wantra rongi v\u00f5imalustest ilma. Kui sa oled iseenda jaoks t\u00e4htis, siis v\u00f5ta endale see aeg ja sukeldu Wantrasse, iseendasse ja elu uude voolamisse!<\/strong><\/p>\n<p><!--more--><\/p>\n<p style=\"text-align: justify;\">Erakordne v\u00f5imalus kohtuda Wantra looja ja rahvusvahelise instruktori<strong> Crystal Ra Laksmiga<\/strong>, kes jagab sinuga Wantra loomislugu kui ka seda, mida Wantra on tema elus muutnud ja aidanud tal luua oma unistuste elu. Selle kursuse ajal meil kahjuks pole v\u00e4ga palju aega olla selles ilusas Matsalu looduses, mis meid \u00fcmbritseb, aga kui sul on soovi, v\u00f5id kaaluda j\u00e4\u00e4da sinna \u00f6\u00f6seks (lisatasu eest) ja nautida oma \u00a0isiklikku p\u00e4ikeseloojangut mere \u00e4\u00e4res ja jalutada matkarajal.<\/p>\n<p><a href=\"https:\/\/crystalralaksmi.com\/eesti\/wp-content\/uploads\/2016\/05\/budhamatsalu.jpg\"><img loading=\"lazy\" decoding=\"async\" class=\"alignleft size-medium wp-image-3655\" src=\"https:\/\/crystalralaksmi.com\/eesti\/wp-content\/uploads\/2016\/05\/budhamatsalu-300x200.jpg\" alt=\"budhamatsalu\" width=\"300\" height=\"200\" \/><\/a>Antud kohas oleme teinud k\u00f5ik Eesti suuremad Wantralaagrid minevikus, seega see on ainus koht Eestis kus see energia on nii integreerunud ja koost\u00f6\u00f6valmis.<br \/>\n<strong>P\u00e4eva kava\u00a0<\/strong><br \/>\nProovi j\u00f5uda kohale t\u00e4pselt (Tallinnast s\u00f5iduaeg ca 2,5 tundi). Sest t\u00e4pselt kell 10 alustame!<br \/>\n10 &#8211; 12 Eelsoojendus ja Wantra tutvustus maa peal. Teeme ka l\u00e4bi liigeste l\u00f5dvestumise harjutuse maa peal, et saaksid p\u00e4rast seda kogeda vees ja tunnetada erinevust maa ja vee elemendi v\u00f5ludest ja eelistest.<br \/>\n12 &#8211; 13 L\u00f5unas\u00f6\u00f6k<br \/>\n13 &#8211; 14 Wantra maa peal venitused ja m\u00e4ngud ning seletan lahti vee elemendi t\u00e4htuse ja seose ka sinu elu k\u00fclluse tasanditest ja naiselikkuse seostest.<br \/>\n14 &#8211; 16 Wantra vees &#8211; Wantra aktiveeriv grupirituaal, Wantra liigeste l\u00f5dvestumine grupis, Wantra individuaalsed harjutused ja paarisharjutused<br \/>\n16 \u00a0&#8211; 17 Wantra l\u00f5petamine maa peal veest v\u00e4ljas v\u00e4ikese maandusega.<br \/>\n17. 30 Head aega ja grupi l\u00f5petamine.<br \/>\n<strong>Grupi toimumiseks peab registreeruma miinimum 10 inimest, et see s\u00fcndmus oleks ka \u00f6konoomselt j\u00e4tkusuutlik. Ideaalne number on 12 inimest, sest siis saame v\u00e4ga h\u00e4sti teha ka liigeste harjutusi nii maa peal kui ka vees!<\/strong><br \/>\n<a href=\"https:\/\/crystalralaksmi.com\/eesti\/wp-content\/uploads\/2017\/05\/wantraeraseansid.jpg\"><img loading=\"lazy\" decoding=\"async\" class=\"alignleft size-medium wp-image-4245\" src=\"https:\/\/crystalralaksmi.com\/eesti\/wp-content\/uploads\/2017\/05\/wantraeraseansid-300x172.jpg\" alt=\"wantraeraseansid\" width=\"300\" height=\"172\" \/><\/a>Kui soovid Wantra eraseansse, siis Crystal Ra pakub m\u00f5ned eraseansid lisaks ja selle maksumus Wantra p\u00e4evasel koolitusel osalejale on vaid\u00a0<strong>45 eurot lisaks<\/strong>, kuid kui tullakse koolituse v\u00e4liselt, siis see maksab <strong>85 eurot<\/strong> seanss. Ajad mis on pakkuda:\u00a018 &#8211; 19,\u00a019 &#8211; 20,\u00a020 &#8211; 21,\u00a021 &#8211; 22<br \/>\n<strong>Kui sa teed l\u00e4bi selle koolituse, siis saad koguda lisapunkte oma Wantra Veejuhtide koolituse varasalve, mille saab liita sinu teiste punktidega (nagu online koolitused ja muud grupikoolitused). V\u00f5imalusel algab Wantra Veejuhtide koolitus kui mitte 2018 suvel, siis 2019 suvel kindlasti.\u00a0<\/strong><br \/>\nKogu koolituse maksumus igale osalejale (ilma Wantra eraseanssideta) on <strong>111 eurot.<\/strong> Lisa sellele oma transpordi kulud (ainuke v\u00f5imalus tulla autoga) nii nagu ka toit (10 eurot l\u00f5una inimese pealt) ja lisaks ka majutus kui sa seda tellid (15 eurot \u00f6\u00f6) ja lisa ka Wantra eraseanss kui sul peaks see soov olema (45 eurot).<br \/>\nKui grupp soovib sauna minna peale pikka p\u00e4eva, on ka seda v\u00f5imalus tellida lisamakse eest. Kui soovite ka hommikus\u00f6\u00f6ki siis see on 4 eurot lisaks.\u00a0\u00a0\u00d5htus\u00f6\u00f6ki pakutakse ka kui soov on (erihinna eest).<br \/>\n<strong>Wantra on maagiline veetehnika, mis v\u00f5ib mitte ainult muuta kogu su keha, meelt ja vaimu, vaid kogu su keha. Selle m\u00f5ju on s\u00fcgav ja pikaajaline.\u00a0<\/strong><br \/>\n<a href=\"https:\/\/crystalralaksmi.com\/eesti\/wp-content\/uploads\/2015\/10\/signerelax.jpg\"><img loading=\"lazy\" decoding=\"async\" class=\"alignleft size-medium wp-image-3050\" src=\"https:\/\/crystalralaksmi.com\/eesti\/wp-content\/uploads\/2015\/10\/signerelax-300x200.jpg\" alt=\"signerelax\" width=\"300\" height=\"200\" \/><\/a><strong>Siin on m\u00f5ningad eelised mida Wantra v\u00f5ib teha:\u00a0<\/strong><br \/>\n&#8211; Rahustab su aju ja aeglustab su m\u00f5tteid<br \/>\n&#8211; L\u00f5dvestab muskleid ja lahustab pingeid sidekoes<br \/>\n&#8211; Rahustab n\u00e4rvis\u00fcsteemi<br \/>\n&#8211; Aitab lahti logida \u00a0rutiinist ja muredest<br \/>\n&#8211; Aitab f\u00fc\u00fcsiliste ja emotsionaalsete traumade tervendamisega<br \/>\n&#8211; Tasakaalustab mehelikkuse ja naisellikuse<br \/>\n&#8211; Pehmendab elus voolamist<br \/>\n&#8211; Tervendab minevikku<br \/>\n&#8211; Aktiveerib ainevahetust<br \/>\n&#8211; Parandab seedimist<br \/>\n&#8211; L\u00f5dvestab pingeid liigestes<br \/>\n&#8211; Aktiveerib su sisemise intuitsiooni<br \/>\n&#8211; Aitab lahustada vee hirmu ja saada veega s\u00f5braks<br \/>\n&#8211; Teadlikkuse kasv oma mittetoimivatest mustritest ja nende lahustamine<br \/>\n&#8211; Turvalisuse tunde kasv elu suhtes<br \/>\n&#8211; Usalduse tunde kasv elu suhtes<br \/>\n&#8211; S\u00fcgavl\u00f5dvestus raku tasandil<br \/>\n&#8211; Loob ellu rohkem s\u00fcnkroonsust<br \/>\n&#8211; Aitab lahustada teisi hirme jpm<br \/>\n<a href=\"https:\/\/crystalralaksmi.com\/eesti\/wp-content\/uploads\/2013\/08\/plumeriaplain-copy.jpg\"><img loading=\"lazy\" decoding=\"async\" class=\"alignleft wp-image-4127\" src=\"https:\/\/crystalralaksmi.com\/eesti\/wp-content\/uploads\/2013\/08\/plumeriaplain-copy-300x226.jpg\" alt=\"plumeriaplain copy\" width=\"180\" height=\"136\" \/><\/a><\/p>\n<blockquote>\n<p style=\"text-align: center;\"><strong>Wantra on huvitav. See on nagu shokoloaadikook. Seni kuni sa pole seda saanud, ei tea sa kui hea see on ja kui palju sa seda vajad. Kui sa oled korra Wantrat kogenud, saab sinust \u00fcsna t\u00f5en\u00e4oliselt Wantra s\u00f5ltlane. See on hea s\u00f5ltuvus, sest loob su olemusse rohkem teadlikkust ja harmooniat igal tasandil!<\/strong><\/p>\n<\/blockquote>\n<p>Kui sa m\u00f5tled ka kunagi tulla minuga Hawaiile, siis on selle koolituse l\u00e4bimine v\u00e4ga soovituslik.<br \/>\n<strong>Hoiatan, et peale seda kursust v\u00f5id olla v\u00e4ga s\u00fcgavalt l\u00f5\u00f5gastunud ja v\u00e4sinud ja soovitan kel v\u00e4hegi v\u00f5imalik on j\u00e4\u00e4da ka Matsallu \u00f6\u00f6bima, et rahulikult lasta k\u00f5igel integreeruda.\u00a0<\/strong><br \/>\nK\u00fcsi lisainfot koolituse kohta crystalexpansion@gmail.com aadressilt v\u00f5i helista 55924831 (l\u00fclitub sisse 1. juunist).<strong> Kui hiljemalt 1. juuniks on registreerunud miinimumina 10 osalejat, siis antud koolitus toimub. Kui v\u00e4hem siis kahjuks mitte. \u00a0J\u00e4rgmised sarnased koolitused toimuvad 2018 suvel. <\/strong><br \/>\n<strong>Kui 1. juuniks on registreerunud v\u00e4hemalt 10 p\u00fchendunud osalejat, on tore kui k\u00f5ik huvilised maksavad ettemaksu, et oma kohta kursusele hoida. Kanne tuleks teha O\u00fc New Flow arvele \u00a0hiljemalt 8ndaks juuniks\u00a0EE552200221039028272.<\/strong><br \/>\n<strong>Vaata ka Terve Tervise saadet koos minu ja Kairega<\/strong><a href=\"httpss:\/\/www.youtube.com\/watch?v=mSiEZ9AIuTY\"> siit.\u00a0<\/a><br \/>\nSuur t\u00e4nu ja imelist voolamist k\u00f5igile!<br \/>\nCrystal Ra<br \/>\n<a href=\"https:\/\/crystalralaksmi.com\/eesti\/wp-content\/uploads\/2013\/08\/mermaid.jpg\"><img loading=\"lazy\" decoding=\"async\" class=\"size-medium wp-image-4135 aligncenter\" src=\"https:\/\/crystalralaksmi.com\/eesti\/wp-content\/uploads\/2013\/08\/mermaid-226x300.jpg\" alt=\"mermaid\" width=\"226\" height=\"300\" \/><\/a><\/p>\n<p align=\"JUSTIFY\"><strong>\u00a0<span style=\"color: #280099;\"><a href=\"https:\/\/crystalralaksmi.com\/eesti\/teenused\/wantra\/\">Loe taustalugu Wantra kohta siit:<\/a><\/span><\/strong><\/p>\n<p align=\"JUSTIFY\"><strong><a href=\"https:\/\/crystalralaksmi.com\/eesti\/teenused\/basseini-kasutamise-kokkulepped\/\"><span style=\"color: #280099;\">Basseini kasutamise kokkulepped: <\/span><\/a><\/strong><\/p>\n<p align=\"JUSTIFY\"><span style=\"color: #280099;\">PS! Loe kokkulepped l\u00e4bi ja kindlasti hoolitse selle eest, et kella ei ole k\u00e4e peal, nii nagu ka ehteid.<\/span><\/p>\n<p align=\"JUSTIFY\"><strong><span style=\"color: #280099;\"><a href=\"https:\/\/crystalralaksmi.com\/eesti\/teenused\/teenuste-tingimused\/\">Minu teenuste tingimused:<\/a><\/span><\/strong><\/p>\n<p>&nbsp;<br \/>\n[\/et_pb_text][\/et_pb_column][\/et_pb_row][\/et_pb_section]<\/p>\n<span class=\"et_bloom_bottom_trigger\"><\/span>","protected":false},"excerpt":{"rendered":"<p>See on sinu v\u00f5imalus saada \u00fchendust iseenda algallikaga nii vaimus, kehas kui ka meeles l\u00e4bi Wantra taevalikkuse. Pakun erilise v\u00f5imaluse k\u00f5igile neile, kes j\u00e4id esimestest Wantra rongi v\u00f5imalustest ilma. Kui [&hellip;]<\/p>\n","protected":false},"author":1,"featured_media":224858,"parent":224783,"menu_order":0,"comment_status":"closed","ping_status":"closed","template":"","meta":{"_acf_changed":false,"_et_pb_use_builder":"on","_et_pb_old_content":"<p style=\"text-align: center;\"><a href=\"https:\/\/crystalralaksmi.com\/eesti\/wp-content\/uploads\/2016\/06\/berenice-wantra-001.jpg\"><img class=\"alignleft size-medium wp-image-3701\" src=\"https:\/\/crystalralaksmi.com\/eesti\/wp-content\/uploads\/2016\/06\/berenice-wantra-001-300x293.jpg\" alt=\"berenice wantra-001\" width=\"300\" height=\"293\" \/><\/a><strong>See on sinu v\u00f5imalus saada \u00fchendust iseenda algallikaga nii vaimus, kehas kui ka meeles l\u00e4bi Wantra taevalikkuse. Pakun erilise v\u00f5imaluse k\u00f5igile neile, kes j\u00e4id esimestest Wantra rongi v\u00f5imalustest ilma. Kui sa oled iseenda jaoks t\u00e4htis, siis v\u00f5ta endale see aeg ja sukeldu Wantrasse, iseendasse ja elu uude voolamisse!<\/strong><\/p><p><!--more--><\/p><p style=\"text-align: justify;\">Erakordne v\u00f5imalus kohtuda Wantra looja ja rahvusvahelise instruktori<strong> Crystal Ra Laksmiga<\/strong>, kes jagab sinuga Wantra loomislugu kui ka seda, mida Wantra on tema elus muutnud ja aidanud tal luua oma unistuste elu. Selle kursuse ajal meil kahjuks pole v\u00e4ga palju aega olla selles ilusas Matsalu looduses, mis meid \u00fcmbritseb, aga kui sul on soovi, v\u00f5id kaaluda j\u00e4\u00e4da sinna \u00f6\u00f6seks (lisatasu eest) ja nautida oma \u00a0isiklikku p\u00e4ikeseloojangut mere \u00e4\u00e4res ja jalutada matkarajal.<\/p><p><a href=\"https:\/\/crystalralaksmi.com\/eesti\/wp-content\/uploads\/2016\/05\/budhamatsalu.jpg\"><img class=\"alignleft size-medium wp-image-3655\" src=\"https:\/\/crystalralaksmi.com\/eesti\/wp-content\/uploads\/2016\/05\/budhamatsalu-300x200.jpg\" alt=\"budhamatsalu\" width=\"300\" height=\"200\" \/><\/a>Antud kohas oleme teinud k\u00f5ik Eesti suuremad Wantralaagrid minevikus, seega see on ainus koht Eestis kus see energia on nii integreerunud ja koost\u00f6\u00f6valmis.<br \/><strong>P\u00e4eva kava\u00a0<\/strong><br \/>Proovi j\u00f5uda kohale t\u00e4pselt (Tallinnast s\u00f5iduaeg ca 2,5 tundi). Sest t\u00e4pselt kell 10 alustame!<br \/>10 - 12 Eelsoojendus ja Wantra tutvustus maa peal. Teeme ka l\u00e4bi liigeste l\u00f5dvestumise harjutuse maa peal, et saaksid p\u00e4rast seda kogeda vees ja tunnetada erinevust maa ja vee elemendi v\u00f5ludest ja eelistest.<br \/>12 - 13 L\u00f5unas\u00f6\u00f6k<br \/>13 - 14 Wantra maa peal venitused ja m\u00e4ngud ning seletan lahti vee elemendi t\u00e4htuse ja seose ka sinu elu k\u00fclluse tasanditest ja naiselikkuse seostest.<br \/>14 - 16 Wantra vees - Wantra aktiveeriv grupirituaal, Wantra liigeste l\u00f5dvestumine grupis, Wantra individuaalsed harjutused ja paarisharjutused<br \/>16 \u00a0- 17 Wantra l\u00f5petamine maa peal veest v\u00e4ljas v\u00e4ikese maandusega.<br \/>17. 30 Head aega ja grupi l\u00f5petamine.<br \/><strong>Grupi toimumiseks peab registreeruma miinimum 10 inimest, et see s\u00fcndmus oleks ka \u00f6konoomselt j\u00e4tkusuutlik. Ideaalne number on 12 inimest, sest siis saame v\u00e4ga h\u00e4sti teha ka liigeste harjutusi nii maa peal kui ka vees!<\/strong><br \/><a href=\"https:\/\/crystalralaksmi.com\/eesti\/wp-content\/uploads\/2017\/05\/wantraeraseansid.jpg\"><img class=\"alignleft size-medium wp-image-4245\" src=\"https:\/\/crystalralaksmi.com\/eesti\/wp-content\/uploads\/2017\/05\/wantraeraseansid-300x172.jpg\" alt=\"wantraeraseansid\" width=\"300\" height=\"172\" \/><\/a>Kui soovid Wantra eraseansse, siis Crystal Ra pakub m\u00f5ned eraseansid lisaks ja selle maksumus Wantra p\u00e4evasel koolitusel osalejale on vaid\u00a0<strong>45 eurot lisaks<\/strong>, kuid kui tullakse koolituse v\u00e4liselt, siis see maksab <strong>85 eurot<\/strong> seanss. Ajad mis on pakkuda:\u00a018 - 19,\u00a019 - 20,\u00a020 - 21,\u00a021 - 22<br \/><strong>Kui sa teed l\u00e4bi selle koolituse, siis saad koguda lisapunkte oma Wantra Veejuhtide koolituse varasalve, mille saab liita sinu teiste punktidega (nagu online koolitused ja muud grupikoolitused). V\u00f5imalusel algab Wantra Veejuhtide koolitus kui mitte 2018 suvel, siis 2019 suvel kindlasti.\u00a0<\/strong><br \/>Kogu koolituse maksumus igale osalejale (ilma Wantra eraseanssideta) on <strong>111 eurot.<\/strong> Lisa sellele oma transpordi kulud (ainuke v\u00f5imalus tulla autoga) nii nagu ka toit (10 eurot l\u00f5una inimese pealt) ja lisaks ka majutus kui sa seda tellid (15 eurot \u00f6\u00f6) ja lisa ka Wantra eraseanss kui sul peaks see soov olema (45 eurot).<br \/>Kui grupp soovib sauna minna peale pikka p\u00e4eva, on ka seda v\u00f5imalus tellida lisamakse eest. Kui soovite ka hommikus\u00f6\u00f6ki siis see on 4 eurot lisaks.\u00a0\u00a0\u00d5htus\u00f6\u00f6ki pakutakse ka kui soov on (erihinna eest).<br \/><strong>Wantra on maagiline veetehnika, mis v\u00f5ib mitte ainult muuta kogu su keha, meelt ja vaimu, vaid kogu su keha. Selle m\u00f5ju on s\u00fcgav ja pikaajaline.\u00a0<\/strong><br \/><a href=\"https:\/\/crystalralaksmi.com\/eesti\/wp-content\/uploads\/2015\/10\/signerelax.jpg\"><img class=\"alignleft size-medium wp-image-3050\" src=\"https:\/\/crystalralaksmi.com\/eesti\/wp-content\/uploads\/2015\/10\/signerelax-300x200.jpg\" alt=\"signerelax\" width=\"300\" height=\"200\" \/><\/a><strong>Siin on m\u00f5ningad eelised mida Wantra v\u00f5ib teha:\u00a0<\/strong><br \/>- Rahustab su aju ja aeglustab su m\u00f5tteid<br \/>- L\u00f5dvestab muskleid ja lahustab pingeid sidekoes<br \/>- Rahustab n\u00e4rvis\u00fcsteemi<br \/>- Aitab lahti logida \u00a0rutiinist ja muredest<br \/>- Aitab f\u00fc\u00fcsiliste ja emotsionaalsete traumade tervendamisega<br \/>- Tasakaalustab mehelikkuse ja naisellikuse<br \/>- Pehmendab elus voolamist<br \/>- Tervendab minevikku<br \/>- Aktiveerib ainevahetust<br \/>- Parandab seedimist<br \/>- L\u00f5dvestab pingeid liigestes<br \/>- Aktiveerib su sisemise intuitsiooni<br \/>- Aitab lahustada vee hirmu ja saada veega s\u00f5braks<br \/>- Teadlikkuse kasv oma mittetoimivatest mustritest ja nende lahustamine<br \/>- Turvalisuse tunde kasv elu suhtes<br \/>- Usalduse tunde kasv elu suhtes<br \/>- S\u00fcgavl\u00f5dvestus raku tasandil<br \/>- Loob ellu rohkem s\u00fcnkroonsust<br \/>- Aitab lahustada teisi hirme jpm<br \/><a href=\"https:\/\/crystalralaksmi.com\/eesti\/wp-content\/uploads\/2013\/08\/plumeriaplain-copy.jpg\"><img class=\"alignleft wp-image-4127\" src=\"https:\/\/crystalralaksmi.com\/eesti\/wp-content\/uploads\/2013\/08\/plumeriaplain-copy-300x226.jpg\" alt=\"plumeriaplain copy\" width=\"180\" height=\"136\" \/><\/a><\/p><blockquote><p style=\"text-align: center;\"><strong>Wantra on huvitav. See on nagu shokoloaadikook. Seni kuni sa pole seda saanud, ei tea sa kui hea see on ja kui palju sa seda vajad. Kui sa oled korra Wantrat kogenud, saab sinust \u00fcsna t\u00f5en\u00e4oliselt Wantra s\u00f5ltlane. See on hea s\u00f5ltuvus, sest loob su olemusse rohkem teadlikkust ja harmooniat igal tasandil!<\/strong><\/p><\/blockquote><p>Kui sa m\u00f5tled ka kunagi tulla minuga Hawaiile, siis on selle koolituse l\u00e4bimine v\u00e4ga soovituslik.<br \/><strong>Hoiatan, et peale seda kursust v\u00f5id olla v\u00e4ga s\u00fcgavalt l\u00f5\u00f5gastunud ja v\u00e4sinud ja soovitan kel v\u00e4hegi v\u00f5imalik on j\u00e4\u00e4da ka Matsallu \u00f6\u00f6bima, et rahulikult lasta k\u00f5igel integreeruda.\u00a0<\/strong><br \/>K\u00fcsi lisainfot koolituse kohta crystalexpansion@gmail.com aadressilt v\u00f5i helista 55924831 (l\u00fclitub sisse 1. juunist).<strong> Kui hiljemalt 1. juuniks on registreerunud miinimumina 10 osalejat, siis antud koolitus toimub. Kui v\u00e4hem siis kahjuks mitte. \u00a0J\u00e4rgmised sarnased koolitused toimuvad 2018 suvel. <\/strong><br \/><strong>Kui 1. juuniks on registreerunud v\u00e4hemalt 10 p\u00fchendunud osalejat, on tore kui k\u00f5ik huvilised maksavad ettemaksu, et oma kohta kursusele hoida. Kanne tuleks teha O\u00fc New Flow arvele \u00a0hiljemalt 8ndaks juuniks\u00a0EE552200221039028272.<\/strong><br \/><strong>Vaata ka Terve Tervise saadet koos minu ja Kairega<\/strong><a href=\"httpss:\/\/www.youtube.com\/watch?v=mSiEZ9AIuTY\"> siit.\u00a0<\/a><br \/>Suur t\u00e4nu ja imelist voolamist k\u00f5igile!<br \/>Crystal Ra<br \/><a href=\"https:\/\/crystalralaksmi.com\/eesti\/wp-content\/uploads\/2013\/08\/mermaid.jpg\"><img class=\"size-medium wp-image-4135 aligncenter\" src=\"https:\/\/crystalralaksmi.com\/eesti\/wp-content\/uploads\/2013\/08\/mermaid-226x300.jpg\" alt=\"mermaid\" width=\"226\" height=\"300\" \/><\/a><br \/>\u00a0<\/p><p align=\"JUSTIFY\"><strong>\u00a0<span style=\"color: #280099;\"><a href=\"https:\/\/crystalralaksmi.com\/eesti\/teenused\/wantra\/\">Loe taustalugu Wantra kohta siit:<\/a><\/span><\/strong><\/p><p align=\"JUSTIFY\"><strong><a href=\"https:\/\/crystalralaksmi.com\/eesti\/teenused\/basseini-kasutamise-kokkulepped\/\"><span style=\"color: #280099;\">Basseini kasutamise kokkulepped: <\/span><\/a><\/strong><\/p><p align=\"JUSTIFY\"><span style=\"color: #280099;\">PS! Loe kokkulepped l\u00e4bi ja kindlasti hoolitse selle eest, et kella ei ole k\u00e4e peal, nii nagu ka ehteid.<\/span><\/p><p align=\"JUSTIFY\"><strong><span style=\"color: #280099;\"><a href=\"https:\/\/crystalralaksmi.com\/eesti\/teenused\/teenuste-tingimused\/\">Minu teenuste tingimused:<\/a><\/span><\/strong><\/p><p>\u00a0<br \/>\u00a0<\/p>","_et_gb_content_width":"","footnotes":""},"class_list":["post-4244","page","type-page","status-publish","has-post-thumbnail","hentry"],"acf":[],"_links":{"self":[{"href":"https:\/\/crystalralaksmi.com\/eesti\/wp-json\/wp\/v2\/pages\/4244","targetHints":{"allow":["GET"]}}],"collection":[{"href":"https:\/\/crystalralaksmi.com\/eesti\/wp-json\/wp\/v2\/pages"}],"about":[{"href":"https:\/\/crystalralaksmi.com\/eesti\/wp-json\/wp\/v2\/types\/page"}],"author":[{"embeddable":true,"href":"https:\/\/crystalralaksmi.com\/eesti\/wp-json\/wp\/v2\/users\/1"}],"replies":[{"embeddable":true,"href":"https:\/\/crystalralaksmi.com\/eesti\/wp-json\/wp\/v2\/comments?post=4244"}],"version-history":[{"count":2,"href":"https:\/\/crystalralaksmi.com\/eesti\/wp-json\/wp\/v2\/pages\/4244\/revisions"}],"predecessor-version":[{"id":225245,"href":"https:\/\/crystalralaksmi.com\/eesti\/wp-json\/wp\/v2\/pages\/4244\/revisions\/225245"}],"up":[{"embeddable":true,"href":"https:\/\/crystalralaksmi.com\/eesti\/wp-json\/wp\/v2\/pages\/224783"}],"wp:featuredmedia":[{"embeddable":true,"href":"https:\/\/crystalralaksmi.com\/eesti\/wp-json\/wp\/v2\/media\/224858"}],"wp:attachment":[{"href":"https:\/\/crystalralaksmi.com\/eesti\/wp-json\/wp\/v2\/media?parent=4244"}],"curies":[{"name":"wp","href":"https:\/\/api.w.org\/{rel}","templated":true}]}}