{"id":4253,"date":"2017-05-26T16:59:55","date_gmt":"2017-05-26T16:59:55","guid":{"rendered":"http:\/\/crystalralaksmi.com\/eesti\/?page_id=4253"},"modified":"2019-07-30T12:29:19","modified_gmt":"2019-07-30T09:29:19","slug":"hirmude-vabastamisest-kuninglikule-kulluse-troonile","status":"publish","type":"page","link":"https:\/\/crystalralaksmi.com\/eesti\/sundmused-maailmas\/hirmude-vabastamisest-kuninglikule-kulluse-troonile\/","title":{"rendered":"Hirmude Vabastamisest Kuninglikule K\u00fclluse Troonile &#8211; \u00fchep\u00e4evane kursus Tartus"},"content":{"rendered":"<p>[et_pb_section fb_built=&#8221;1&#8243; admin_label=&#8221;Section&#8221; _builder_version=&#8221;3.22.3&#8243; saved_tabs=&#8221;all&#8221; global_module=&#8221;225116&#8243;][et_pb_row _builder_version=&#8221;3.25&#8243; background_size=&#8221;initial&#8221; background_position=&#8221;top_left&#8221; background_repeat=&#8221;repeat&#8221;][et_pb_column type=&#8221;4_4&#8243; _builder_version=&#8221;3.25.3&#8243;][et_pb_post_title meta=&#8221;off&#8221; featured_image=&#8221;off&#8221; _builder_version=&#8221;3.25.3&#8243; title_font=&#8221;Poppins|600|||||||&#8221; custom_margin=&#8221;||0px|||&#8221;][\/et_pb_post_title][et_pb_divider color=&#8221;#57ca85&#8243; divider_weight=&#8221;5px&#8221; _builder_version=&#8221;3.25.3&#8243; width=&#8221;14%&#8221;][\/et_pb_divider][\/et_pb_column][\/et_pb_row][\/et_pb_section][et_pb_section fb_built=&#8221;1&#8243; _builder_version=&#8221;3.22&#8243;][et_pb_row _builder_version=&#8221;3.25&#8243; background_size=&#8221;initial&#8221; background_position=&#8221;top_left&#8221; background_repeat=&#8221;repeat&#8221;][et_pb_column type=&#8221;4_4&#8243; _builder_version=&#8221;3.25&#8243; custom_padding=&#8221;|||&#8221; custom_padding__hover=&#8221;|||&#8221;][et_pb_text _builder_version=&#8221;3.0.74&#8243; background_size=&#8221;initial&#8221; background_position=&#8221;top_left&#8221; background_repeat=&#8221;repeat&#8221;]<\/p>\n<p style=\"text-align: justify;\"><a href=\"https:\/\/crystalralaksmi.com\/eesti\/wp-content\/uploads\/2017\/05\/freedom-stretch.jpg\"><img loading=\"lazy\" decoding=\"async\" class=\"alignleft size-medium wp-image-4255\" src=\"https:\/\/crystalralaksmi.com\/eesti\/wp-content\/uploads\/2017\/05\/freedom-stretch-300x200.jpg\" alt=\"freedom stretch\" width=\"300\" height=\"200\" \/><\/a>Viimaste kuude jooksul olen tegelenud p\u00e4ris paljude inimestega digitaalses virtuaalmaailmas ja oma t\u00e4helepanekutest paningi kokku selle koolituse teema, kuna see tundub olema v\u00e4ga aktuaalne.<strong>\u00a0<\/strong><\/p>\n<p style=\"text-align: justify;\"><strong>Koolitus toimub 18ndal juunil Tartu Joogakeskuses Kastani tn 38.<!--more--><\/strong><\/p>\n<p style=\"text-align: justify;\">Mul on imeliselt hea meel olla taas kord Eestimaal ja tulla ka mitmeid kordi Tartusse 13ndal \u00a0juunil ja 18. juunil). Tartu vaimuga suheldes tuli selline \u00a0koolituse vajaduse info nagu siit lugeda saad. Nagu uue ajastu loojale kohane &#8211; mina kuuletusin ja panin k\u00f5ik konteinerisse kokku, et oleks v\u00f5imalik t\u00e4ielikult jagada seda, mida universum on minuga v\u00e4ga k\u00fclluslikult loonud ja jaganud viimase 8 kuu jooksul.<\/p>\n<p style=\"text-align: justify;\"><strong>Mis on selle koolituse peamine essents? Selleks on kuidas ennast t\u00e4ielikult sisse l\u00fclitada ja seda igal tasandil! Enamus inimesi on siinses kehas ja kehastuses kohal vaid veerandikuna v\u00f5i poolenisti. Kas ja kuidas saame oma elus toimetada, et ennast t\u00e4ielikult sisse l\u00fclitada? Ma toon siin kaks erinevat suuremat v\u00f5tit selleni teel &#8211; hirmudest vabastamise ja seej\u00e4rel kuninganna ja kuninga teadlikkuse aktiveerimine. \ud83d\ude09 Koolitus tuleb mahlaselt interaktiivne ja p\u00f5nev;) Minu ainus p\u00e4evane koolitus sellel moel Eestis seekord ja sel aastal!!<\/strong><\/p>\n<p style=\"text-align: justify;\"><strong>P\u00e4evakava:\u00a0<\/strong><\/p>\n<p style=\"text-align: justify;\"><strong>10 &#8211; 13 Hirmudest Vabastamise Kursus<\/strong><\/p>\n<p style=\"text-align: justify;\"><strong>&#8211; Mis on hirmud?<\/strong><br \/>\n<strong>&#8211; Kus on hirmude juured?<\/strong><br \/>\n<strong>&#8211; Millega on hirmud seotud?<\/strong><br \/>\n<strong>&#8211; Kuidas on 4 elementi hirmudega seotud?<\/strong><br \/>\n<strong>&#8211; Hirmu seos ajuga ja alateadvusega?<\/strong><br \/>\n<strong>&#8211; K\u00f5ige olulisema hirmu vabastamise tulemused?<\/strong><br \/>\n<strong>&#8211; Kuidas on seotud hirm ja k\u00fcllus?<\/strong><br \/>\n<strong>&#8211; Hirmud uues ajas?<\/strong><br \/>\n<strong>&#8211; Kuidas seljatada hakkamasaamise hirm?<\/strong><br \/>\n<strong>&#8211; Hirmude seos sisemise perekonnaga<\/strong><br \/>\n<strong>&#8211; Hirmude vabastamine l\u00e4bi erinevate tehnikate<\/strong><br \/>\n<strong>&#8211; Julguse aktiveerimine<\/strong><br \/>\n<strong>&#8211; Mida teeb julgus sinu keha, vaimu ja meelega?<\/strong><br \/>\n<strong>&#8211; Mida teeb julgus su k\u00fcllusega?<\/strong><br \/>\n<strong>&#8211; Praktilised individuaalsed, paaris- ja grupiharjutused<\/strong><br \/>\n<strong>&#8211; Hirm ja f\u00fc\u00fcsiline keha<\/strong><br \/>\n<strong>&#8211; L\u00f5pus hirmust vabastamise grupi meditatsioon<\/strong><\/p>\n<p style=\"text-align: justify;\">13 &#8211; 14 l\u00f5una (ei ole hinnas) v\u00f5ta kaasa oma l\u00f5una v\u00f5i mine sel ajal v\u00e4lja s\u00f6\u00f6ma<\/p>\n<p style=\"text-align: justify;\"><strong><a href=\"https:\/\/crystalralaksmi.com\/eesti\/wp-content\/uploads\/2017\/05\/treasure-box.jpg\"><img loading=\"lazy\" decoding=\"async\" class=\"alignleft size-medium wp-image-4227\" src=\"https:\/\/crystalralaksmi.com\/eesti\/wp-content\/uploads\/2017\/05\/treasure-box-300x199.jpg\" alt=\"treasure box\" width=\"300\" height=\"199\" \/><\/a>14 &#8211; 17<\/strong> <strong>K\u00fclluse Kuninganna ja Kuninga aktiveerimine, K\u00fclluse blokkide eemaldamine ja oma uue unistuste elu aktiveerimine sinu tingimustel\u00a0<\/strong><\/p>\n<p style=\"text-align: justify;\"><strong>&#8211; Suhte ja k\u00fclluse seos<\/strong><\/p>\n<p style=\"text-align: justify;\"><strong>&#8211; Vaesus versus K\u00fcllus<\/strong><\/p>\n<p style=\"text-align: justify;\"><strong>&#8211; Armastuse ja raha teenimise blokid<\/strong><\/p>\n<p style=\"text-align: justify;\"><strong>&#8211; Sisemise perekonna seos sinu v\u00e4lise maailma ja eduga<\/strong><\/p>\n<p style=\"text-align: justify;\"><strong>&#8211; Sisemise kuninga ja kuningannaga tutvumine<\/strong><\/p>\n<p style=\"text-align: justify;\"><strong>&#8211; K\u00fclluse blokkide kaardistuse test<\/strong><\/p>\n<p style=\"text-align: justify;\"><strong>&#8211; Oma sisemise k\u00fclluse kuningriigi avamine<\/strong><\/p>\n<p style=\"text-align: justify;\"><strong>&#8211; Holistilise k\u00fclluse t\u00e4htsus uue ajastu loomisel<\/strong><\/p>\n<p style=\"text-align: justify;\"><strong>&#8211; Oma unistuste elu aktiveerimine sinu tingimustel<\/strong><\/p>\n<p style=\"text-align: justify;\"><strong>&#8211; Kuninganna ja kuningaks olemise praktilised harjutused nii individuaalselt, paaris kui ka grupis ja ka kodut\u00f6\u00f6d<\/strong><\/p>\n<p style=\"text-align: justify;\"><strong>&#8211; N\u00e4iteid kuidas need praktikad toimivad Crystal Ra ja tema online koolitustel osalevate klientide peal<\/strong><\/p>\n<p style=\"text-align: justify;\"><strong>17 &#8211; 17.30 kokkuv\u00f5te\u00a0<\/strong><\/p>\n<p style=\"text-align: justify;\"><strong>18.00 L\u00f5pukalli<\/strong><\/p>\n<p style=\"text-align: justify;\">***<\/p>\n<div data-block=\"true\" data-editor=\"f42og\" data-offset-key=\"5045d-0-0\">\n<div data-offset-key=\"5045d-0-0\"><strong>Kes olen mina, et neil teemadel r\u00e4\u00e4kida?<\/strong><\/div>\n<\/div>\n<div data-block=\"true\" data-editor=\"f42og\" data-offset-key=\"119dt-0-0\"><\/div>\n<div data-block=\"true\" data-editor=\"f42og\" data-offset-key=\"60vmf-0-0\">\n<div style=\"text-align: justify;\" data-offset-key=\"60vmf-0-0\">Olen maailmar\u00e4ndur ja olen reisinud 30 maale ja elanud v\u00e4ga mitmetes maades p\u00e4ris pikalt, samuti nii koolis k\u00e4inud v\u00e4lismaa \u00fclikoolides kui ka t\u00f6\u00f6tanud v\u00e4ga mitmetes erinevates kultuurides. Olen veetnud pea 15 aastat oma elust v\u00e4lismaal. Ma olen seal rinda pistnud uue kultuuri kohtumise hirmudega, nii nagu ka suuremalt hakkamasaamise hirmudega jne. K\u00f5ige suurema teadlikkuse ja kogemustepagasi hirmude kohta on mulle andnud t\u00f6\u00f6tamine veehirmudega inimestega.\u00a0See kui nad sellest l\u00f5puks l\u00e4bi tulevad ja mis nende elust on saanud on minu jaoks k\u00f5ige inspireerivam kogemus.<\/div>\n<div style=\"text-align: justify;\" data-offset-key=\"60vmf-0-0\"><\/div>\n<div style=\"text-align: justify;\" data-offset-key=\"60vmf-0-0\">Kuninganna ja kuninga teema on mind k\u00f5netanud juba aastaid &#8211; alates sellest hetkest kui hakkasin tegelema oma sisemise perekonna ja sisemise mehega ning kui see t\u00f5i mu ellu mu v\u00e4lise kuninga, sain aru, et see pole ainult m\u00e4ng v\u00e4ljam\u00f5eldud s\u00f5pradega. K\u00fcllus on minu jaoks olnud v\u00e4ga p\u00f5nev teema pisikesest peale. Olen teinud l\u00e4bi v\u00e4ga palju koolitusi sellel teemal nagu ka ise selleteemalisi koolitusi l\u00e4bi viinud. Minu k\u00f5ige suurem kingitus, mida inimestega jagan on see &#8211; leidke mis teile naudingut pakub ja hakake seda tegema nii palju kui v\u00f5imalik;) Ja siis ongi k\u00f5ik korras. V\u00e4iksed lisan\u00fcansid on, aga neist kuuled s\u00fcndmustel;)<\/div>\n<\/div>\n<p style=\"text-align: justify;\">***<\/p>\n<p style=\"text-align: justify;\"><strong>Peale kursust saad ka kaasa v\u00e4ikesed kodut\u00f6\u00f6d, nii et saad teooria rohkem praktikasse panna. Peale seda kursust on sul kindlasti r\u00f5\u00f5msam meel, naeratus n\u00e4ol, energiad aktiveeritud, hirmudest kergem ja k\u00fclluslikult entusiastlik olemine. Sinu teadvus v\u00f5ib selle koolituse ajal avarduda ja vastu v\u00f5tta sinu uue loomise juhtn\u00f6\u00f6re. Ole siis tegus ja pane k\u00f5ik t\u00f6\u00f6riistad peale koolitust t\u00f6\u00f6sse ja kasuta neid iseenda huvides \u00e4ra. Sinu teadvustatuse tasand v\u00f5ib ka t\u00f5usta, kuna kursusel on k\u00f5ik osalejad &#8216;kristallenergia konteineris&#8217; ja vastavalt sinu vastuv\u00f5tu energiate v\u00f5imele saad t\u00e4pselt nii palju kui julged vastu v\u00f5tta!<\/strong><\/p>\n<p style=\"text-align: justify;\"><strong><a href=\"https:\/\/crystalralaksmi.com\/eesti\/wp-content\/uploads\/2017\/05\/kyllusekuninganna.jpg\"><img loading=\"lazy\" decoding=\"async\" class=\"alignleft size-medium wp-image-4220\" src=\"https:\/\/crystalralaksmi.com\/eesti\/wp-content\/uploads\/2017\/05\/kyllusekuninganna-300x199.jpg\" alt=\"kyllusekuninganna\" width=\"300\" height=\"199\" \/><\/a>Kursuse tasu<\/strong><\/p>\n<p style=\"text-align: justify;\"><strong>Maksa oma ettemaksu 25 eurot O\u00fc New Flow arvele, et kinnitada oma koht.\u00a0O\u00fc New Flow arve \u00a0EE552200221039028272. M\u00e4rkida \u00e4ra osaleja nimi ja koolituse nimi. \u00a0Kursuse t\u00e4ismaksumus on 50 eurot ja teise osa v\u00f5id maksta sularahas kohapeal.<\/strong><\/p>\n<p style=\"text-align: justify;\"><strong>Kursuse koht<\/strong><\/p>\n<p style=\"text-align: justify;\"><strong>Koolitus toimub\u00a0<a href=\"https:\/\/tartujoogakeskus.com\">Tartu Joogakeskuse hubastes ruumides<\/a>,\u00a0\u00a0Kastani 38. S\u00fcndmus algab kell 10, keskel on 1 tund l\u00f5unapausi (l\u00f5una ei sisaldu hinnas). S\u00fcndmus l\u00f5ppeb kell 17.30 &#8211; 18.00.<\/strong><\/p>\n<p style=\"text-align: justify;\"><strong>V\u00f5ta kaasa oma veepudel ning samuti oma joogamatt, v\u00e4ike padi ja ka v\u00e4ike pleed. Teeme p\u00e4ris mitmeid meditatsioone, kus on vaja s\u00fcgavat l\u00f5dvestumist. Kui sa ei l\u00e4he l\u00f5unat s\u00f6\u00f6ma v\u00e4lja, v\u00f5ta kaasa oma l\u00f5una ja kui on midagi, mida soovid teistega kursusel jagada \u00fchisele v\u00e4iksele sn\u00e4ki lauale, siis tee ka seda. V\u00f5ta kaasa ka oma\u00a0m\u00e4rkmik ja pastakas.<\/strong><\/p>\n<p style=\"text-align: justify;\"><strong><a href=\"https:\/\/crystalralaksmi.com\/eesti\/wp-content\/uploads\/2017\/05\/kuninganna-ja-hirmu-kursus.jpg\"><img loading=\"lazy\" decoding=\"async\" class=\"alignleft size-medium wp-image-4257\" src=\"https:\/\/crystalralaksmi.com\/eesti\/wp-content\/uploads\/2017\/05\/kuninganna-ja-hirmu-kursus-300x199.jpg\" alt=\"kuninganna ja hirmu kursus\" width=\"300\" height=\"199\" \/><\/a>Registreerumine<\/strong><\/p>\n<p>Lisainfo ja eelregistreerimine kuni <strong>15nda juunini crystalexpansion@gmail.com<wbr \/>\u00a0aadressile v\u00f5i saada s\u00f5num v\u00f5i helista +372 55924831<\/strong><\/p>\n<p style=\"text-align: justify;\"><strong>Kuhu parkida oma auto?<\/strong><\/p>\n<p style=\"text-align: justify;\">Parkida on k\u00f5ige parem Pauluse kiriku k\u00f5rval asuvas tasuta linna parklas\u00a0(2 tundi tasuta parkimist t\u00f6\u00f6p\u00e4evadel kell 8.00-18.00, muul ajal vaba parkimine). Lisaks v\u00f5ib parkida ka vabade kohtade olemasolul Kastani ja Vanemuise t\u00e4naval\u00a0(alates 1. juuni 2016 tasuline ala t\u00f6\u00f6p\u00e4evadel kell 8.00-18.00)\u00a0v\u00f5i pisut kaugemates parklates Filosoofi t\u00e4naval v\u00f5i endise Kauburi kaubamaja k\u00f5rval. Ruumi puudumisel palume mitte parkida Kastani 38 hoovis!<\/p>\n<p style=\"text-align: justify;\"><strong>Millise bussiga saan joogakeskuse juurde?<\/strong><\/p>\n<p style=\"text-align: justify;\">L\u00e4him bussipeatus on Pauluse, sinna s\u00f5idavad bussid nr 1, 3, 5, 7, 11, 18.<\/p>\n<p style=\"text-align: justify;\">Imelise kohtumiseni,<\/p>\n<p style=\"text-align: justify;\">Crystal Ra<\/p>\n<p style=\"text-align: center;\"><a href=\"https:\/\/crystalralaksmi.com\/eesti\/wp-content\/uploads\/2015\/07\/heartkiss.jpg\"><img loading=\"lazy\" decoding=\"async\" class=\"size-medium wp-image-4232 aligncenter\" src=\"https:\/\/crystalralaksmi.com\/eesti\/wp-content\/uploads\/2015\/07\/heartkiss-300x200.jpg\" alt=\"OLYMPUS DIGITAL CAMERA\" width=\"300\" height=\"200\" \/><\/a>Tervitustega Mehhiko l\u00e4\u00e4nekaldalt!<\/p>\n<p>[\/et_pb_text][\/et_pb_column][\/et_pb_row][\/et_pb_section]<\/p>\n<span class=\"et_bloom_bottom_trigger\"><\/span>","protected":false},"excerpt":{"rendered":"<p>Viimaste kuude jooksul olen tegelenud p\u00e4ris paljude inimestega digitaalses virtuaalmaailmas ja oma t\u00e4helepanekutest paningi kokku selle koolituse teema, kuna see tundub olema v\u00e4ga aktuaalne.\u00a0 Koolitus toimub 18ndal juunil Tartu Joogakeskuses [&hellip;]<\/p>\n","protected":false},"author":1,"featured_media":224859,"parent":224783,"menu_order":0,"comment_status":"closed","ping_status":"closed","template":"","meta":{"_acf_changed":false,"_et_pb_use_builder":"on","_et_pb_old_content":"<p style=\"text-align: justify;\"><a href=\"https:\/\/crystalralaksmi.com\/eesti\/wp-content\/uploads\/2017\/05\/freedom-stretch.jpg\"><img class=\"alignleft size-medium wp-image-4255\" src=\"https:\/\/crystalralaksmi.com\/eesti\/wp-content\/uploads\/2017\/05\/freedom-stretch-300x200.jpg\" alt=\"freedom stretch\" width=\"300\" height=\"200\" \/><\/a>Viimaste kuude jooksul olen tegelenud p\u00e4ris paljude inimestega digitaalses virtuaalmaailmas ja oma t\u00e4helepanekutest paningi kokku selle koolituse teema, kuna see tundub olema v\u00e4ga aktuaalne.<strong>\u00a0<\/strong><\/p><p style=\"text-align: justify;\"><strong>Koolitus toimub 18ndal juunil Tartu Joogakeskuses Kastani tn 38.<!--more--><\/strong><\/p><p style=\"text-align: justify;\">Mul on imeliselt hea meel olla taas kord Eestimaal ja tulla ka mitmeid kordi Tartusse 13ndal \u00a0juunil ja 18. juunil). Tartu vaimuga suheldes tuli selline \u00a0koolituse vajaduse info nagu siit lugeda saad. Nagu uue ajastu loojale kohane - mina kuuletusin ja panin k\u00f5ik konteinerisse kokku, et oleks v\u00f5imalik t\u00e4ielikult jagada seda, mida universum on minuga v\u00e4ga k\u00fclluslikult loonud ja jaganud viimase 8 kuu jooksul.<\/p><p style=\"text-align: justify;\"><strong>Mis on selle koolituse peamine essents? Selleks on kuidas ennast t\u00e4ielikult sisse l\u00fclitada ja seda igal tasandil! Enamus inimesi on siinses kehas ja kehastuses kohal vaid veerandikuna v\u00f5i poolenisti. Kas ja kuidas saame oma elus toimetada, et ennast t\u00e4ielikult sisse l\u00fclitada? Ma toon siin kaks erinevat suuremat v\u00f5tit selleni teel - hirmudest vabastamise ja seej\u00e4rel kuninganna ja kuninga teadlikkuse aktiveerimine. ;) Koolitus tuleb mahlaselt interaktiivne ja p\u00f5nev;) Minu ainus p\u00e4evane koolitus sellel moel Eestis seekord ja sel aastal!!<\/strong><\/p><p style=\"text-align: justify;\"><strong>P\u00e4evakava:\u00a0<\/strong><\/p><p style=\"text-align: justify;\"><strong>10 - 13 Hirmudest Vabastamise Kursus<\/strong><\/p><p style=\"text-align: justify;\"><strong>- Mis on hirmud?<\/strong><br \/><strong>- Kus on hirmude juured?<\/strong><br \/><strong>- Millega on hirmud seotud?<\/strong><br \/><strong>- Kuidas on 4 elementi hirmudega seotud?<\/strong><br \/><strong>- Hirmu seos ajuga ja alateadvusega?<\/strong><br \/><strong>- K\u00f5ige olulisema hirmu vabastamise tulemused?<\/strong><br \/><strong>- Kuidas on seotud hirm ja k\u00fcllus?<\/strong><br \/><strong>- Hirmud uues ajas?<\/strong><br \/><strong>- Kuidas seljatada hakkamasaamise hirm?<\/strong><br \/><strong>- Hirmude seos sisemise perekonnaga<\/strong><br \/><strong>- Hirmude vabastamine l\u00e4bi erinevate tehnikate<\/strong><br \/><strong>- Julguse aktiveerimine<\/strong><br \/><strong>- Mida teeb julgus sinu keha, vaimu ja meelega?<\/strong><br \/><strong>- Mida teeb julgus su k\u00fcllusega?<\/strong><br \/><strong>- Praktilised individuaalsed, paaris- ja grupiharjutused<\/strong><br \/><strong>- Hirm ja f\u00fc\u00fcsiline keha<\/strong><br \/><strong>- L\u00f5pus hirmust vabastamise grupi meditatsioon<\/strong><\/p><p style=\"text-align: justify;\">13 - 14 l\u00f5una (ei ole hinnas) v\u00f5ta kaasa oma l\u00f5una v\u00f5i mine sel ajal v\u00e4lja s\u00f6\u00f6ma<\/p><p style=\"text-align: justify;\"><strong><a href=\"https:\/\/crystalralaksmi.com\/eesti\/wp-content\/uploads\/2017\/05\/treasure-box.jpg\"><img class=\"alignleft size-medium wp-image-4227\" src=\"https:\/\/crystalralaksmi.com\/eesti\/wp-content\/uploads\/2017\/05\/treasure-box-300x199.jpg\" alt=\"treasure box\" width=\"300\" height=\"199\" \/><\/a>14 - 17<\/strong> <strong>K\u00fclluse Kuninganna ja Kuninga aktiveerimine, K\u00fclluse blokkide eemaldamine ja oma uue unistuste elu aktiveerimine sinu tingimustel\u00a0<\/strong><\/p><p style=\"text-align: justify;\"><strong>- Suhte ja k\u00fclluse seos<\/strong><\/p><p style=\"text-align: justify;\"><strong>- Vaesus versus K\u00fcllus<\/strong><\/p><p style=\"text-align: justify;\"><strong>- Armastuse ja raha teenimise blokid<\/strong><\/p><p style=\"text-align: justify;\"><strong>- Sisemise perekonna seos sinu v\u00e4lise maailma ja eduga<\/strong><\/p><p style=\"text-align: justify;\"><strong>- Sisemise kuninga ja kuningannaga tutvumine<\/strong><\/p><p style=\"text-align: justify;\"><strong>- K\u00fclluse blokkide kaardistuse test<\/strong><\/p><p style=\"text-align: justify;\"><strong>- Oma sisemise k\u00fclluse kuningriigi avamine<\/strong><\/p><p style=\"text-align: justify;\"><strong>- Holistilise k\u00fclluse t\u00e4htsus uue ajastu loomisel<\/strong><\/p><p style=\"text-align: justify;\"><strong>- Oma unistuste elu aktiveerimine sinu tingimustel<\/strong><\/p><p style=\"text-align: justify;\"><strong>- Kuninganna ja kuningaks olemise praktilised harjutused nii individuaalselt, paaris kui ka grupis ja ka kodut\u00f6\u00f6d<\/strong><\/p><p style=\"text-align: justify;\"><strong>- N\u00e4iteid kuidas need praktikad toimivad Crystal Ra ja tema online koolitustel osalevate klientide peal<\/strong><\/p><p style=\"text-align: justify;\"><strong>17 - 17.30 kokkuv\u00f5te\u00a0<\/strong><\/p><p style=\"text-align: justify;\"><strong>18.00 L\u00f5pukalli<\/strong><\/p><p style=\"text-align: justify;\">***<\/p><div data-block=\"true\" data-editor=\"f42og\" data-offset-key=\"5045d-0-0\"><div data-offset-key=\"5045d-0-0\"><strong>Kes olen mina, et neil teemadel r\u00e4\u00e4kida?<\/strong><\/div><\/div><div data-block=\"true\" data-editor=\"f42og\" data-offset-key=\"119dt-0-0\">\u00a0<\/div><div data-block=\"true\" data-editor=\"f42og\" data-offset-key=\"60vmf-0-0\"><div style=\"text-align: justify;\" data-offset-key=\"60vmf-0-0\">Olen maailmar\u00e4ndur ja olen reisinud 30 maale ja elanud v\u00e4ga mitmetes maades p\u00e4ris pikalt, samuti nii koolis k\u00e4inud v\u00e4lismaa \u00fclikoolides kui ka t\u00f6\u00f6tanud v\u00e4ga mitmetes erinevates kultuurides. Olen veetnud pea 15 aastat oma elust v\u00e4lismaal. Ma olen seal rinda pistnud uue kultuuri kohtumise hirmudega, nii nagu ka suuremalt hakkamasaamise hirmudega jne. K\u00f5ige suurema teadlikkuse ja kogemustepagasi hirmude kohta on mulle andnud t\u00f6\u00f6tamine veehirmudega inimestega.\u00a0See kui nad sellest l\u00f5puks l\u00e4bi tulevad ja mis nende elust on saanud on minu jaoks k\u00f5ige inspireerivam kogemus.<\/div><div style=\"text-align: justify;\" data-offset-key=\"60vmf-0-0\">\u00a0<\/div><div style=\"text-align: justify;\" data-offset-key=\"60vmf-0-0\">Kuninganna ja kuninga teema on mind k\u00f5netanud juba aastaid - alates sellest hetkest kui hakkasin tegelema oma sisemise perekonna ja sisemise mehega ning kui see t\u00f5i mu ellu mu v\u00e4lise kuninga, sain aru, et see pole ainult m\u00e4ng v\u00e4ljam\u00f5eldud s\u00f5pradega. K\u00fcllus on minu jaoks olnud v\u00e4ga p\u00f5nev teema pisikesest peale. Olen teinud l\u00e4bi v\u00e4ga palju koolitusi sellel teemal nagu ka ise selleteemalisi koolitusi l\u00e4bi viinud. Minu k\u00f5ige suurem kingitus, mida inimestega jagan on see - leidke mis teile naudingut pakub ja hakake seda tegema nii palju kui v\u00f5imalik;) Ja siis ongi k\u00f5ik korras. V\u00e4iksed lisan\u00fcansid on, aga neist kuuled s\u00fcndmustel;)<\/div><\/div><p style=\"text-align: justify;\">***<\/p><p style=\"text-align: justify;\"><strong>Peale kursust saad ka kaasa v\u00e4ikesed kodut\u00f6\u00f6d, nii et saad teooria rohkem praktikasse panna. Peale seda kursust on sul kindlasti r\u00f5\u00f5msam meel, naeratus n\u00e4ol, energiad aktiveeritud, hirmudest kergem ja k\u00fclluslikult entusiastlik olemine. Sinu teadvus v\u00f5ib selle koolituse ajal avarduda ja vastu v\u00f5tta sinu uue loomise juhtn\u00f6\u00f6re. Ole siis tegus ja pane k\u00f5ik t\u00f6\u00f6riistad peale koolitust t\u00f6\u00f6sse ja kasuta neid iseenda huvides \u00e4ra. Sinu teadvustatuse tasand v\u00f5ib ka t\u00f5usta, kuna kursusel on k\u00f5ik osalejad 'kristallenergia konteineris' ja vastavalt sinu vastuv\u00f5tu energiate v\u00f5imele saad t\u00e4pselt nii palju kui julged vastu v\u00f5tta!<\/strong><\/p><p style=\"text-align: justify;\"><strong><a href=\"https:\/\/crystalralaksmi.com\/eesti\/wp-content\/uploads\/2017\/05\/kyllusekuninganna.jpg\"><img class=\"alignleft size-medium wp-image-4220\" src=\"https:\/\/crystalralaksmi.com\/eesti\/wp-content\/uploads\/2017\/05\/kyllusekuninganna-300x199.jpg\" alt=\"kyllusekuninganna\" width=\"300\" height=\"199\" \/><\/a>Kursuse tasu<\/strong><\/p><p style=\"text-align: justify;\"><strong>Maksa oma ettemaksu 25 eurot O\u00fc New Flow arvele, et kinnitada oma koht.\u00a0O\u00fc New Flow arve \u00a0EE552200221039028272. M\u00e4rkida \u00e4ra osaleja nimi ja koolituse nimi. \u00a0Kursuse t\u00e4ismaksumus on 50 eurot ja teise osa v\u00f5id maksta sularahas kohapeal.<\/strong><\/p><p style=\"text-align: justify;\"><strong>Kursuse koht<\/strong><\/p><p style=\"text-align: justify;\"><strong>Koolitus toimub\u00a0<a href=\"https:\/\/tartujoogakeskus.com\">Tartu Joogakeskuse hubastes ruumides<\/a>,\u00a0\u00a0Kastani 38. S\u00fcndmus algab kell 10, keskel on 1 tund l\u00f5unapausi (l\u00f5una ei sisaldu hinnas). S\u00fcndmus l\u00f5ppeb kell 17.30 - 18.00.<\/strong><\/p><p style=\"text-align: justify;\"><strong>V\u00f5ta kaasa oma veepudel ning samuti oma joogamatt, v\u00e4ike padi ja ka v\u00e4ike pleed. Teeme p\u00e4ris mitmeid meditatsioone, kus on vaja s\u00fcgavat l\u00f5dvestumist. Kui sa ei l\u00e4he l\u00f5unat s\u00f6\u00f6ma v\u00e4lja, v\u00f5ta kaasa oma l\u00f5una ja kui on midagi, mida soovid teistega kursusel jagada \u00fchisele v\u00e4iksele sn\u00e4ki lauale, siis tee ka seda. V\u00f5ta kaasa ka oma\u00a0m\u00e4rkmik ja pastakas.<\/strong><\/p><p style=\"text-align: justify;\"><strong><a href=\"https:\/\/crystalralaksmi.com\/eesti\/wp-content\/uploads\/2017\/05\/kuninganna-ja-hirmu-kursus.jpg\"><img class=\"alignleft size-medium wp-image-4257\" src=\"https:\/\/crystalralaksmi.com\/eesti\/wp-content\/uploads\/2017\/05\/kuninganna-ja-hirmu-kursus-300x199.jpg\" alt=\"kuninganna ja hirmu kursus\" width=\"300\" height=\"199\" \/><\/a>Registreerumine<\/strong><\/p><p>Lisainfo ja eelregistreerimine kuni <strong>15nda juunini crystalexpansion@gmail.com<wbr \/>\u00a0aadressile v\u00f5i saada s\u00f5num v\u00f5i helista +372 55924831<\/strong><\/p><p style=\"text-align: justify;\"><strong>Kuhu parkida oma auto?<\/strong><\/p><p style=\"text-align: justify;\">Parkida on k\u00f5ige parem Pauluse kiriku k\u00f5rval asuvas tasuta linna parklas\u00a0(2 tundi tasuta parkimist t\u00f6\u00f6p\u00e4evadel kell 8.00-18.00, muul ajal vaba parkimine). Lisaks v\u00f5ib parkida ka vabade kohtade olemasolul Kastani ja Vanemuise t\u00e4naval\u00a0(alates 1. juuni 2016 tasuline ala t\u00f6\u00f6p\u00e4evadel kell 8.00-18.00)\u00a0v\u00f5i pisut kaugemates parklates Filosoofi t\u00e4naval v\u00f5i endise Kauburi kaubamaja k\u00f5rval. Ruumi puudumisel palume mitte parkida Kastani 38 hoovis!<\/p><p style=\"text-align: justify;\"><strong>Millise bussiga saan joogakeskuse juurde?<\/strong><\/p><p style=\"text-align: justify;\">L\u00e4him bussipeatus on Pauluse, sinna s\u00f5idavad bussid nr 1, 3, 5, 7, 11, 18.<\/p><p style=\"text-align: justify;\">Imelise kohtumiseni,<\/p><p style=\"text-align: justify;\">Crystal Ra<\/p><p style=\"text-align: center;\"><a href=\"https:\/\/crystalralaksmi.com\/eesti\/wp-content\/uploads\/2015\/07\/heartkiss.jpg\"><img class=\"size-medium wp-image-4232 aligncenter\" src=\"https:\/\/crystalralaksmi.com\/eesti\/wp-content\/uploads\/2015\/07\/heartkiss-300x200.jpg\" alt=\"OLYMPUS DIGITAL CAMERA\" width=\"300\" height=\"200\" \/><\/a>Tervitustega Mehhiko l\u00e4\u00e4nekaldalt!<\/p>","_et_gb_content_width":"","footnotes":""},"class_list":["post-4253","page","type-page","status-publish","has-post-thumbnail","hentry"],"acf":[],"_links":{"self":[{"href":"https:\/\/crystalralaksmi.com\/eesti\/wp-json\/wp\/v2\/pages\/4253","targetHints":{"allow":["GET"]}}],"collection":[{"href":"https:\/\/crystalralaksmi.com\/eesti\/wp-json\/wp\/v2\/pages"}],"about":[{"href":"https:\/\/crystalralaksmi.com\/eesti\/wp-json\/wp\/v2\/types\/page"}],"author":[{"embeddable":true,"href":"https:\/\/crystalralaksmi.com\/eesti\/wp-json\/wp\/v2\/users\/1"}],"replies":[{"embeddable":true,"href":"https:\/\/crystalralaksmi.com\/eesti\/wp-json\/wp\/v2\/comments?post=4253"}],"version-history":[{"count":2,"href":"https:\/\/crystalralaksmi.com\/eesti\/wp-json\/wp\/v2\/pages\/4253\/revisions"}],"predecessor-version":[{"id":225209,"href":"https:\/\/crystalralaksmi.com\/eesti\/wp-json\/wp\/v2\/pages\/4253\/revisions\/225209"}],"up":[{"embeddable":true,"href":"https:\/\/crystalralaksmi.com\/eesti\/wp-json\/wp\/v2\/pages\/224783"}],"wp:featuredmedia":[{"embeddable":true,"href":"https:\/\/crystalralaksmi.com\/eesti\/wp-json\/wp\/v2\/media\/224859"}],"wp:attachment":[{"href":"https:\/\/crystalralaksmi.com\/eesti\/wp-json\/wp\/v2\/media?parent=4253"}],"curies":[{"name":"wp","href":"https:\/\/api.w.org\/{rel}","templated":true}]}}